{"id":5018,"date":"2025-12-30T10:27:04","date_gmt":"2025-12-30T10:27:04","guid":{"rendered":"https:\/\/mercadohogar.ca\/politica-de-privacidad-registro-de-usuario\/"},"modified":"2026-01-12T18:53:19","modified_gmt":"2026-01-12T18:53:19","slug":"politica-de-privacidad-registro-de-usuario","status":"publish","type":"page","link":"https:\/\/mercadohogar.ca\/es\/politica-de-privacidad-registro-de-usuario\/","title":{"rendered":"Pol\u00edtica de privacidad \u2013 Registro de usuario"},"content":{"rendered":"\n<h2 class=\"wp-block-heading\"><\/h2>\n\n<p>Al registrarte en nuestro sitio web, aceptas que <strong>Mercado Hogar<\/strong> recopile y utilice tu informaci\u00f3n personal de acuerdo con esta Pol\u00edtica de privacidad y las leyes de privacidad canadienses aplicables, incluida la <strong>Ley de Protecci\u00f3n de Informaci\u00f3n Personal y Documentos Electr\u00f3nicos (PIPEDA)<\/strong>.<\/p>\n\n<p><strong>Informaci\u00f3n que recopilamos<\/strong><\/p>\n\n<p>Cuando te registras, podemos recopilar:<\/p>\n\n<ul class=\"wp-block-list\">\n<li>Nombre completo<\/li>\n\n\n\n<li>Direcci\u00f3n de correo electr\u00f3nico<\/li>\n\n\n\n<li>N\u00famero de tel\u00e9fono<\/li>\n\n\n\n<li>Informaci\u00f3n de env\u00edo y\/o facturaci\u00f3n<\/li>\n\n\n\n<li>Cualquier informaci\u00f3n adicional necesaria para proporcionar nuestros servicios<\/li>\n<\/ul>\n\n<p><strong>C\u00f3mo utilizamos tu informaci\u00f3n<\/strong><\/p>\n\n<p>Tu informaci\u00f3n se utiliza exclusivamente para:<\/p>\n\n<ul class=\"wp-block-list\">\n<li>Crear y administrar tu cuenta de usuario<\/li>\n\n\n\n<li>Procesar pedidos y entregas<\/li>\n\n\n\n<li>Comunicarnos contigo con respecto a tu cuenta o pedidos<\/li>\n\n\n\n<li>Cumplir con los requisitos legales, aduaneros o reglamentarios<\/li>\n\n\n\n<li>Mejorar nuestros servicios y la experiencia del usuario<\/li>\n<\/ul>\n\n<p><strong>Protecci\u00f3n de datos<\/strong><\/p>\n\n<p>Aplicamos medidas de seguridad administrativas, t\u00e9cnicas y f\u00edsicas razonables para proteger tu informaci\u00f3n personal contra el acceso no autorizado, la p\u00e9rdida, el uso indebido o la divulgaci\u00f3n.<\/p>\n\n<p><strong>Intercambio de informaci\u00f3n<\/strong><\/p>\n\n<p>No vendemos ni alquilamos tus datos personales.<br\/>La informaci\u00f3n solo se puede compartir con:<\/p>\n\n<ul class=\"wp-block-list\">\n<li>Procesadores de pago<\/li>\n\n\n\n<li>Socios de env\u00edo y log\u00edstica<\/li>\n\n\n\n<li>Autoridades reguladoras cuando lo exija la ley<\/li>\n<\/ul>\n\n<p><strong>Tus derechos<\/strong><\/p>\n\n<p>Tienes derecho a:<\/p>\n\n<ul class=\"wp-block-list\">\n<li>Acceder a tus datos personales<\/li>\n\n\n\n<li>Solicitar correcciones<\/li>\n\n\n\n<li>Solicitar la eliminaci\u00f3n de la cuenta (sujeto a obligaciones legales)<\/li>\n<\/ul>\n\n<p>Cont\u00e1ctanos en:<br\/>\ud83d\udce7 <strong>info@mercadohogar.ca<\/strong><\/p>\n\n<p><strong>Retenci\u00f3n de datos<\/strong><\/p>\n\n<p>La informaci\u00f3n personal se conserva solo el tiempo necesario para cumplir con los fines descritos anteriormente o seg\u00fan lo exija la ley canadiense.<\/p>\n\n<p><\/p>\n","protected":false},"excerpt":{"rendered":"<p>Al registrarte en nuestro sitio web, aceptas que Mercado Hogar recopile y utilice tu informaci\u00f3n personal de acuerdo con esta Pol\u00edtica de privacidad y las leyes de privacidad canadienses aplicables, incluida la Ley de Protecci\u00f3n de Informaci\u00f3n Personal y Documentos Electr\u00f3nicos (PIPEDA). Informaci\u00f3n que recopilamos Cuando te registras, podemos recopilar: C\u00f3mo utilizamos tu informaci\u00f3n Tu informaci\u00f3n se utiliza exclusivamente para: [&hellip;]<\/p>\n","protected":false},"author":1,"featured_media":0,"parent":0,"menu_order":0,"comment_status":"closed","ping_status":"open","template":"","meta":{"_coblocks_attr":"","_coblocks_dimensions":"","_coblocks_responsive_height":"","_coblocks_accordion_ie_support":"","postBodyCss":"","postBodyMargin":[],"postBodyPadding":[],"postBodyBackground":{"backgroundType":"classic","gradient":""},"footnotes":""},"class_list":["post-5018","page","type-page","status-publish","hentry"],"yoast_head":"<!-- This site is optimized with the Yoast SEO plugin v27.5 - https:\/\/yoast.com\/product\/yoast-seo-wordpress\/ -->\n<title>Pol\u00edtica de privacidad \u2013 Registro de usuario - Mercado Hogar<\/title>\n<meta name=\"robots\" content=\"index, follow, max-snippet:-1, max-image-preview:large, max-video-preview:-1\" \/>\n<link rel=\"canonical\" href=\"https:\/\/mercadohogar.ca\/es\/politica-de-privacidad-registro-de-usuario\/\" \/>\n<meta property=\"og:locale\" content=\"es_ES\" \/>\n<meta property=\"og:type\" content=\"article\" \/>\n<meta property=\"og:title\" content=\"Pol\u00edtica de privacidad \u2013 Registro de usuario - Mercado Hogar\" \/>\n<meta property=\"og:description\" content=\"Al registrarte en nuestro sitio web, aceptas que Mercado Hogar recopile y utilice tu informaci\u00f3n personal de acuerdo con esta Pol\u00edtica de privacidad y las leyes de privacidad canadienses aplicables, incluida la Ley de Protecci\u00f3n de Informaci\u00f3n Personal y Documentos Electr\u00f3nicos (PIPEDA). Informaci\u00f3n que recopilamos Cuando te registras, podemos recopilar: C\u00f3mo utilizamos tu informaci\u00f3n Tu informaci\u00f3n se utiliza exclusivamente para: [&hellip;]\" \/>\n<meta property=\"og:url\" content=\"https:\/\/mercadohogar.ca\/es\/politica-de-privacidad-registro-de-usuario\/\" \/>\n<meta property=\"og:site_name\" content=\"Mercado Hogar\" \/>\n<meta property=\"article:modified_time\" content=\"2026-01-12T18:53:19+00:00\" \/>\n<meta name=\"twitter:card\" content=\"summary_large_image\" \/>\n<meta name=\"twitter:label1\" content=\"Tiempo de lectura\" \/>\n\t<meta name=\"twitter:data1\" content=\"1 minuto\" \/>\n<script type=\"application\/ld+json\" class=\"yoast-schema-graph\">{\"@context\":\"https:\\\/\\\/schema.org\",\"@graph\":[{\"@type\":\"WebPage\",\"@id\":\"https:\\\/\\\/mercadohogar.ca\\\/es\\\/politica-de-privacidad-registro-de-usuario\\\/\",\"url\":\"https:\\\/\\\/mercadohogar.ca\\\/es\\\/politica-de-privacidad-registro-de-usuario\\\/\",\"name\":\"Pol\u00edtica de privacidad \u2013 Registro de usuario - Mercado Hogar\",\"isPartOf\":{\"@id\":\"https:\\\/\\\/mercadohogar.ca\\\/es\\\/#website\"},\"datePublished\":\"2025-12-30T10:27:04+00:00\",\"dateModified\":\"2026-01-12T18:53:19+00:00\",\"breadcrumb\":{\"@id\":\"https:\\\/\\\/mercadohogar.ca\\\/es\\\/politica-de-privacidad-registro-de-usuario\\\/#breadcrumb\"},\"inLanguage\":\"es\",\"potentialAction\":[{\"@type\":\"ReadAction\",\"target\":[\"https:\\\/\\\/mercadohogar.ca\\\/es\\\/politica-de-privacidad-registro-de-usuario\\\/\"]}]},{\"@type\":\"BreadcrumbList\",\"@id\":\"https:\\\/\\\/mercadohogar.ca\\\/es\\\/politica-de-privacidad-registro-de-usuario\\\/#breadcrumb\",\"itemListElement\":[{\"@type\":\"ListItem\",\"position\":1,\"name\":\"Home\",\"item\":\"https:\\\/\\\/mercadohogar.ca\\\/es\\\/\"},{\"@type\":\"ListItem\",\"position\":2,\"name\":\"Pol\u00edtica de privacidad \u2013 Registro de usuario\"}]},{\"@type\":\"WebSite\",\"@id\":\"https:\\\/\\\/mercadohogar.ca\\\/es\\\/#website\",\"url\":\"https:\\\/\\\/mercadohogar.ca\\\/es\\\/\",\"name\":\"Mercado Hogar\",\"description\":\"Mercado Hogar\",\"publisher\":{\"@id\":\"https:\\\/\\\/mercadohogar.ca\\\/es\\\/#organization\"},\"potentialAction\":[{\"@type\":\"SearchAction\",\"target\":{\"@type\":\"EntryPoint\",\"urlTemplate\":\"https:\\\/\\\/mercadohogar.ca\\\/es\\\/?s={search_term_string}\"},\"query-input\":{\"@type\":\"PropertyValueSpecification\",\"valueRequired\":true,\"valueName\":\"search_term_string\"}}],\"inLanguage\":\"es\"},{\"@type\":\"Organization\",\"@id\":\"https:\\\/\\\/mercadohogar.ca\\\/es\\\/#organization\",\"name\":\"Mercado Hogar\",\"url\":\"https:\\\/\\\/mercadohogar.ca\\\/es\\\/\",\"logo\":{\"@type\":\"ImageObject\",\"inLanguage\":\"es\",\"@id\":\"https:\\\/\\\/mercadohogar.ca\\\/es\\\/#\\\/schema\\\/logo\\\/image\\\/\",\"url\":\"https:\\\/\\\/mercadohogar.ca\\\/wp-content\\\/uploads\\\/2025\\\/12\\\/MH-LOGO.png\",\"contentUrl\":\"https:\\\/\\\/mercadohogar.ca\\\/wp-content\\\/uploads\\\/2025\\\/12\\\/MH-LOGO.png\",\"width\":1200,\"height\":1200,\"caption\":\"Mercado Hogar\"},\"image\":{\"@id\":\"https:\\\/\\\/mercadohogar.ca\\\/es\\\/#\\\/schema\\\/logo\\\/image\\\/\"}}]}<\/script>\n<!-- \/ Yoast SEO plugin. -->","yoast_head_json":{"title":"Pol\u00edtica de privacidad \u2013 Registro de usuario - Mercado Hogar","robots":{"index":"index","follow":"follow","max-snippet":"max-snippet:-1","max-image-preview":"max-image-preview:large","max-video-preview":"max-video-preview:-1"},"canonical":"https:\/\/mercadohogar.ca\/es\/politica-de-privacidad-registro-de-usuario\/","og_locale":"es_ES","og_type":"article","og_title":"Pol\u00edtica de privacidad \u2013 Registro de usuario - Mercado Hogar","og_description":"Al registrarte en nuestro sitio web, aceptas que Mercado Hogar recopile y utilice tu informaci\u00f3n personal de acuerdo con esta Pol\u00edtica de privacidad y las leyes de privacidad canadienses aplicables, incluida la Ley de Protecci\u00f3n de Informaci\u00f3n Personal y Documentos Electr\u00f3nicos (PIPEDA). Informaci\u00f3n que recopilamos Cuando te registras, podemos recopilar: C\u00f3mo utilizamos tu informaci\u00f3n Tu informaci\u00f3n se utiliza exclusivamente para: [&hellip;]","og_url":"https:\/\/mercadohogar.ca\/es\/politica-de-privacidad-registro-de-usuario\/","og_site_name":"Mercado Hogar","article_modified_time":"2026-01-12T18:53:19+00:00","twitter_card":"summary_large_image","twitter_misc":{"Tiempo de lectura":"1 minuto"},"schema":{"@context":"https:\/\/schema.org","@graph":[{"@type":"WebPage","@id":"https:\/\/mercadohogar.ca\/es\/politica-de-privacidad-registro-de-usuario\/","url":"https:\/\/mercadohogar.ca\/es\/politica-de-privacidad-registro-de-usuario\/","name":"Pol\u00edtica de privacidad \u2013 Registro de usuario - Mercado Hogar","isPartOf":{"@id":"https:\/\/mercadohogar.ca\/es\/#website"},"datePublished":"2025-12-30T10:27:04+00:00","dateModified":"2026-01-12T18:53:19+00:00","breadcrumb":{"@id":"https:\/\/mercadohogar.ca\/es\/politica-de-privacidad-registro-de-usuario\/#breadcrumb"},"inLanguage":"es","potentialAction":[{"@type":"ReadAction","target":["https:\/\/mercadohogar.ca\/es\/politica-de-privacidad-registro-de-usuario\/"]}]},{"@type":"BreadcrumbList","@id":"https:\/\/mercadohogar.ca\/es\/politica-de-privacidad-registro-de-usuario\/#breadcrumb","itemListElement":[{"@type":"ListItem","position":1,"name":"Home","item":"https:\/\/mercadohogar.ca\/es\/"},{"@type":"ListItem","position":2,"name":"Pol\u00edtica de privacidad \u2013 Registro de usuario"}]},{"@type":"WebSite","@id":"https:\/\/mercadohogar.ca\/es\/#website","url":"https:\/\/mercadohogar.ca\/es\/","name":"Mercado Hogar","description":"Mercado Hogar","publisher":{"@id":"https:\/\/mercadohogar.ca\/es\/#organization"},"potentialAction":[{"@type":"SearchAction","target":{"@type":"EntryPoint","urlTemplate":"https:\/\/mercadohogar.ca\/es\/?s={search_term_string}"},"query-input":{"@type":"PropertyValueSpecification","valueRequired":true,"valueName":"search_term_string"}}],"inLanguage":"es"},{"@type":"Organization","@id":"https:\/\/mercadohogar.ca\/es\/#organization","name":"Mercado Hogar","url":"https:\/\/mercadohogar.ca\/es\/","logo":{"@type":"ImageObject","inLanguage":"es","@id":"https:\/\/mercadohogar.ca\/es\/#\/schema\/logo\/image\/","url":"https:\/\/mercadohogar.ca\/wp-content\/uploads\/2025\/12\/MH-LOGO.png","contentUrl":"https:\/\/mercadohogar.ca\/wp-content\/uploads\/2025\/12\/MH-LOGO.png","width":1200,"height":1200,"caption":"Mercado Hogar"},"image":{"@id":"https:\/\/mercadohogar.ca\/es\/#\/schema\/logo\/image\/"}}]}},"jetpack_sharing_enabled":true,"_links":{"self":[{"href":"https:\/\/mercadohogar.ca\/es\/wp-json\/wp\/v2\/pages\/5018","targetHints":{"allow":["GET"]}}],"collection":[{"href":"https:\/\/mercadohogar.ca\/es\/wp-json\/wp\/v2\/pages"}],"about":[{"href":"https:\/\/mercadohogar.ca\/es\/wp-json\/wp\/v2\/types\/page"}],"author":[{"embeddable":true,"href":"https:\/\/mercadohogar.ca\/es\/wp-json\/wp\/v2\/users\/1"}],"replies":[{"embeddable":true,"href":"https:\/\/mercadohogar.ca\/es\/wp-json\/wp\/v2\/comments?post=5018"}],"version-history":[{"count":1,"href":"https:\/\/mercadohogar.ca\/es\/wp-json\/wp\/v2\/pages\/5018\/revisions"}],"predecessor-version":[{"id":5020,"href":"https:\/\/mercadohogar.ca\/es\/wp-json\/wp\/v2\/pages\/5018\/revisions\/5020"}],"wp:attachment":[{"href":"https:\/\/mercadohogar.ca\/es\/wp-json\/wp\/v2\/media?parent=5018"}],"curies":[{"name":"wp","href":"https:\/\/api.w.org\/{rel}","templated":true}]}}