{"id":4382,"date":"2026-01-12T15:30:38","date_gmt":"2026-01-12T15:30:38","guid":{"rendered":"https:\/\/mercadohogar.ca\/?post_type=product&#038;p=4382"},"modified":"2026-01-17T22:07:56","modified_gmt":"2026-01-17T22:07:56","slug":"freidora-de-aire-ninja-pro-4-en-1","status":"publish","type":"product","link":"https:\/\/mercadohogar.ca\/es\/producto\/freidora-de-aire-ninja-pro-4-en-1\/","title":{"rendered":"Freidora de aire Ninja Pro 4 en 1"},"content":{"rendered":"<p>Descubre la freidora de aire Ninja Air Fryer Pro, una forma r\u00e1pida y sencilla de conseguir el crujiente perfecto con hasta 204 \u00b0C de calor. La tecnolog\u00eda Air Crisp envuelve tus alimentos favoritos con aire sobrecalentado para obtener resultados calientes y crujientes. Con una capacidad de 4,7 L, cocina hasta 1,8 kg de patatas fritas con poco o nada de aceite y disfruta de tus comidas favoritas sin remordimientos. Con las funciones Fre\u00edr con aire, Asar, Recalentar y Deshidratar, las opciones son infinitas. Las 4 funciones de cocci\u00f3n te permiten satisfacer cualquier antojo, desde aperitivos crujientes hasta comidas completas. Adem\u00e1s, la limpieza es muy sencilla gracias a la cesta antiadherente y a la placa para fre\u00edr.<\/p>\n","protected":false},"excerpt":{"rendered":"<p>Descubre la freidora de aire Ninja Air Fryer Pro, una forma r\u00e1pida y sencilla de conseguir el crujiente perfecto con hasta 204 \u00b0C de calor. La tecnolog\u00eda Air Crisp envuelve tus alimentos favoritos con aire sobrecalentado para obtener resultados calientes y crujientes. Con una capacidad de 4,7 L, cocina hasta 1,8 kg de patatas fritas con poco o nada de [&hellip;]<\/p>\n","protected":false},"featured_media":2801,"template":"","meta":{"_coblocks_attr":"","_coblocks_dimensions":"","_coblocks_responsive_height":"","_coblocks_accordion_ie_support":"","postBodyCss":"","postBodyMargin":[],"postBodyPadding":[],"postBodyBackground":{"backgroundType":"classic","gradient":""}},"product_brand":[],"product_cat":[898],"product_tag":[],"class_list":{"0":"post-4382","1":"product","2":"type-product","3":"status-publish","4":"has-post-thumbnail","6":"product_cat-appliances","7":"product_shipping_class-aerovaradero-general","9":"first","10":"instock","11":"taxable","12":"shipping-taxable","13":"purchasable","14":"product-type-simple"},"yoast_head":"<!-- This site is optimized with the Yoast SEO plugin v27.5 - https:\/\/yoast.com\/product\/yoast-seo-wordpress\/ -->\n<title>Freidora de aire Ninja Pro 4 en 1 - Mercado Hogar<\/title>\n<meta name=\"robots\" content=\"index, follow, max-snippet:-1, max-image-preview:large, max-video-preview:-1\" \/>\n<link rel=\"canonical\" href=\"https:\/\/mercadohogar.ca\/es\/producto\/freidora-de-aire-ninja-pro-4-en-1\/\" \/>\n<meta property=\"og:locale\" content=\"es_ES\" \/>\n<meta property=\"og:type\" content=\"article\" \/>\n<meta property=\"og:title\" content=\"Freidora de aire Ninja Pro 4 en 1 - Mercado Hogar\" \/>\n<meta property=\"og:description\" content=\"Descubre la freidora de aire Ninja Air Fryer Pro, una forma r\u00e1pida y sencilla de conseguir el crujiente perfecto con hasta 204 \u00b0C de calor. La tecnolog\u00eda Air Crisp envuelve tus alimentos favoritos con aire sobrecalentado para obtener resultados calientes y crujientes. Con una capacidad de 4,7 L, cocina hasta 1,8 kg de patatas fritas con poco o nada de [&hellip;]\" \/>\n<meta property=\"og:url\" content=\"https:\/\/mercadohogar.ca\/es\/producto\/freidora-de-aire-ninja-pro-4-en-1\/\" \/>\n<meta property=\"og:site_name\" content=\"Mercado Hogar\" \/>\n<meta property=\"article:modified_time\" content=\"2026-01-17T22:07:56+00:00\" \/>\n<meta property=\"og:image\" content=\"https:\/\/mercadohogar.ca\/wp-content\/uploads\/2026\/01\/wp-image-7325820850.jpg\" \/>\n\t<meta property=\"og:image:width\" content=\"2342\" \/>\n\t<meta property=\"og:image:height\" content=\"2500\" \/>\n\t<meta property=\"og:image:type\" content=\"image\/jpeg\" \/>\n<meta name=\"twitter:card\" content=\"summary_large_image\" \/>\n<meta name=\"twitter:label1\" content=\"Tiempo de lectura\" \/>\n\t<meta name=\"twitter:data1\" content=\"1 minuto\" \/>\n<script type=\"application\/ld+json\" class=\"yoast-schema-graph\">{\"@context\":\"https:\\\/\\\/schema.org\",\"@graph\":[{\"@type\":\"WebPage\",\"@id\":\"https:\\\/\\\/mercadohogar.ca\\\/es\\\/producto\\\/freidora-de-aire-ninja-pro-4-en-1\\\/\",\"url\":\"https:\\\/\\\/mercadohogar.ca\\\/es\\\/producto\\\/freidora-de-aire-ninja-pro-4-en-1\\\/\",\"name\":\"Freidora de aire Ninja Pro 4 en 1 - Mercado Hogar\",\"isPartOf\":{\"@id\":\"https:\\\/\\\/mercadohogar.ca\\\/es\\\/#website\"},\"primaryImageOfPage\":{\"@id\":\"https:\\\/\\\/mercadohogar.ca\\\/es\\\/producto\\\/freidora-de-aire-ninja-pro-4-en-1\\\/#primaryimage\"},\"image\":{\"@id\":\"https:\\\/\\\/mercadohogar.ca\\\/es\\\/producto\\\/freidora-de-aire-ninja-pro-4-en-1\\\/#primaryimage\"},\"thumbnailUrl\":\"https:\\\/\\\/mercadohogar.ca\\\/wp-content\\\/uploads\\\/2026\\\/01\\\/wp-image-7325820850.jpg\",\"datePublished\":\"2026-01-12T15:30:38+00:00\",\"dateModified\":\"2026-01-17T22:07:56+00:00\",\"breadcrumb\":{\"@id\":\"https:\\\/\\\/mercadohogar.ca\\\/es\\\/producto\\\/freidora-de-aire-ninja-pro-4-en-1\\\/#breadcrumb\"},\"inLanguage\":\"es\",\"potentialAction\":[{\"@type\":\"ReadAction\",\"target\":[\"https:\\\/\\\/mercadohogar.ca\\\/es\\\/producto\\\/freidora-de-aire-ninja-pro-4-en-1\\\/\"]}]},{\"@type\":\"ImageObject\",\"inLanguage\":\"es\",\"@id\":\"https:\\\/\\\/mercadohogar.ca\\\/es\\\/producto\\\/freidora-de-aire-ninja-pro-4-en-1\\\/#primaryimage\",\"url\":\"https:\\\/\\\/mercadohogar.ca\\\/wp-content\\\/uploads\\\/2026\\\/01\\\/wp-image-7325820850.jpg\",\"contentUrl\":\"https:\\\/\\\/mercadohogar.ca\\\/wp-content\\\/uploads\\\/2026\\\/01\\\/wp-image-7325820850.jpg\",\"width\":2342,\"height\":2500},{\"@type\":\"BreadcrumbList\",\"@id\":\"https:\\\/\\\/mercadohogar.ca\\\/es\\\/producto\\\/freidora-de-aire-ninja-pro-4-en-1\\\/#breadcrumb\",\"itemListElement\":[{\"@type\":\"ListItem\",\"position\":1,\"name\":\"Home\",\"item\":\"https:\\\/\\\/mercadohogar.ca\\\/es\\\/\"},{\"@type\":\"ListItem\",\"position\":2,\"name\":\"Tienda\",\"item\":\"https:\\\/\\\/mercadohogar.ca\\\/es\\\/tienda-2\\\/\"},{\"@type\":\"ListItem\",\"position\":3,\"name\":\"Freidora de aire Ninja Pro 4 en 1\"}]},{\"@type\":\"WebSite\",\"@id\":\"https:\\\/\\\/mercadohogar.ca\\\/es\\\/#website\",\"url\":\"https:\\\/\\\/mercadohogar.ca\\\/es\\\/\",\"name\":\"Mercado Hogar\",\"description\":\"Mercado Hogar\",\"publisher\":{\"@id\":\"https:\\\/\\\/mercadohogar.ca\\\/es\\\/#organization\"},\"potentialAction\":[{\"@type\":\"SearchAction\",\"target\":{\"@type\":\"EntryPoint\",\"urlTemplate\":\"https:\\\/\\\/mercadohogar.ca\\\/es\\\/?s={search_term_string}\"},\"query-input\":{\"@type\":\"PropertyValueSpecification\",\"valueRequired\":true,\"valueName\":\"search_term_string\"}}],\"inLanguage\":\"es\"},{\"@type\":\"Organization\",\"@id\":\"https:\\\/\\\/mercadohogar.ca\\\/es\\\/#organization\",\"name\":\"Mercado Hogar\",\"url\":\"https:\\\/\\\/mercadohogar.ca\\\/es\\\/\",\"logo\":{\"@type\":\"ImageObject\",\"inLanguage\":\"es\",\"@id\":\"https:\\\/\\\/mercadohogar.ca\\\/es\\\/#\\\/schema\\\/logo\\\/image\\\/\",\"url\":\"https:\\\/\\\/mercadohogar.ca\\\/wp-content\\\/uploads\\\/2025\\\/12\\\/MH-LOGO.png\",\"contentUrl\":\"https:\\\/\\\/mercadohogar.ca\\\/wp-content\\\/uploads\\\/2025\\\/12\\\/MH-LOGO.png\",\"width\":1200,\"height\":1200,\"caption\":\"Mercado Hogar\"},\"image\":{\"@id\":\"https:\\\/\\\/mercadohogar.ca\\\/es\\\/#\\\/schema\\\/logo\\\/image\\\/\"}}]}<\/script>\n<!-- \/ Yoast SEO plugin. -->","yoast_head_json":{"title":"Freidora de aire Ninja Pro 4 en 1 - Mercado Hogar","robots":{"index":"index","follow":"follow","max-snippet":"max-snippet:-1","max-image-preview":"max-image-preview:large","max-video-preview":"max-video-preview:-1"},"canonical":"https:\/\/mercadohogar.ca\/es\/producto\/freidora-de-aire-ninja-pro-4-en-1\/","og_locale":"es_ES","og_type":"article","og_title":"Freidora de aire Ninja Pro 4 en 1 - Mercado Hogar","og_description":"Descubre la freidora de aire Ninja Air Fryer Pro, una forma r\u00e1pida y sencilla de conseguir el crujiente perfecto con hasta 204 \u00b0C de calor. La tecnolog\u00eda Air Crisp envuelve tus alimentos favoritos con aire sobrecalentado para obtener resultados calientes y crujientes. Con una capacidad de 4,7 L, cocina hasta 1,8 kg de patatas fritas con poco o nada de [&hellip;]","og_url":"https:\/\/mercadohogar.ca\/es\/producto\/freidora-de-aire-ninja-pro-4-en-1\/","og_site_name":"Mercado Hogar","article_modified_time":"2026-01-17T22:07:56+00:00","og_image":[{"width":2342,"height":2500,"url":"https:\/\/mercadohogar.ca\/wp-content\/uploads\/2026\/01\/wp-image-7325820850.jpg","type":"image\/jpeg"}],"twitter_card":"summary_large_image","twitter_misc":{"Tiempo de lectura":"1 minuto"},"schema":{"@context":"https:\/\/schema.org","@graph":[{"@type":"WebPage","@id":"https:\/\/mercadohogar.ca\/es\/producto\/freidora-de-aire-ninja-pro-4-en-1\/","url":"https:\/\/mercadohogar.ca\/es\/producto\/freidora-de-aire-ninja-pro-4-en-1\/","name":"Freidora de aire Ninja Pro 4 en 1 - Mercado Hogar","isPartOf":{"@id":"https:\/\/mercadohogar.ca\/es\/#website"},"primaryImageOfPage":{"@id":"https:\/\/mercadohogar.ca\/es\/producto\/freidora-de-aire-ninja-pro-4-en-1\/#primaryimage"},"image":{"@id":"https:\/\/mercadohogar.ca\/es\/producto\/freidora-de-aire-ninja-pro-4-en-1\/#primaryimage"},"thumbnailUrl":"https:\/\/mercadohogar.ca\/wp-content\/uploads\/2026\/01\/wp-image-7325820850.jpg","datePublished":"2026-01-12T15:30:38+00:00","dateModified":"2026-01-17T22:07:56+00:00","breadcrumb":{"@id":"https:\/\/mercadohogar.ca\/es\/producto\/freidora-de-aire-ninja-pro-4-en-1\/#breadcrumb"},"inLanguage":"es","potentialAction":[{"@type":"ReadAction","target":["https:\/\/mercadohogar.ca\/es\/producto\/freidora-de-aire-ninja-pro-4-en-1\/"]}]},{"@type":"ImageObject","inLanguage":"es","@id":"https:\/\/mercadohogar.ca\/es\/producto\/freidora-de-aire-ninja-pro-4-en-1\/#primaryimage","url":"https:\/\/mercadohogar.ca\/wp-content\/uploads\/2026\/01\/wp-image-7325820850.jpg","contentUrl":"https:\/\/mercadohogar.ca\/wp-content\/uploads\/2026\/01\/wp-image-7325820850.jpg","width":2342,"height":2500},{"@type":"BreadcrumbList","@id":"https:\/\/mercadohogar.ca\/es\/producto\/freidora-de-aire-ninja-pro-4-en-1\/#breadcrumb","itemListElement":[{"@type":"ListItem","position":1,"name":"Home","item":"https:\/\/mercadohogar.ca\/es\/"},{"@type":"ListItem","position":2,"name":"Tienda","item":"https:\/\/mercadohogar.ca\/es\/tienda-2\/"},{"@type":"ListItem","position":3,"name":"Freidora de aire Ninja Pro 4 en 1"}]},{"@type":"WebSite","@id":"https:\/\/mercadohogar.ca\/es\/#website","url":"https:\/\/mercadohogar.ca\/es\/","name":"Mercado Hogar","description":"Mercado Hogar","publisher":{"@id":"https:\/\/mercadohogar.ca\/es\/#organization"},"potentialAction":[{"@type":"SearchAction","target":{"@type":"EntryPoint","urlTemplate":"https:\/\/mercadohogar.ca\/es\/?s={search_term_string}"},"query-input":{"@type":"PropertyValueSpecification","valueRequired":true,"valueName":"search_term_string"}}],"inLanguage":"es"},{"@type":"Organization","@id":"https:\/\/mercadohogar.ca\/es\/#organization","name":"Mercado Hogar","url":"https:\/\/mercadohogar.ca\/es\/","logo":{"@type":"ImageObject","inLanguage":"es","@id":"https:\/\/mercadohogar.ca\/es\/#\/schema\/logo\/image\/","url":"https:\/\/mercadohogar.ca\/wp-content\/uploads\/2025\/12\/MH-LOGO.png","contentUrl":"https:\/\/mercadohogar.ca\/wp-content\/uploads\/2025\/12\/MH-LOGO.png","width":1200,"height":1200,"caption":"Mercado Hogar"},"image":{"@id":"https:\/\/mercadohogar.ca\/es\/#\/schema\/logo\/image\/"}}]}},"jetpack_sharing_enabled":true,"_links":{"self":[{"href":"https:\/\/mercadohogar.ca\/es\/wp-json\/wp\/v2\/product\/4382","targetHints":{"allow":["GET"]}}],"collection":[{"href":"https:\/\/mercadohogar.ca\/es\/wp-json\/wp\/v2\/product"}],"about":[{"href":"https:\/\/mercadohogar.ca\/es\/wp-json\/wp\/v2\/types\/product"}],"version-history":[{"count":1,"href":"https:\/\/mercadohogar.ca\/es\/wp-json\/wp\/v2\/product\/4382\/revisions"}],"predecessor-version":[{"id":4757,"href":"https:\/\/mercadohogar.ca\/es\/wp-json\/wp\/v2\/product\/4382\/revisions\/4757"}],"wp:featuredmedia":[{"embeddable":true,"href":"https:\/\/mercadohogar.ca\/es\/wp-json\/wp\/v2\/media\/2801"}],"wp:attachment":[{"href":"https:\/\/mercadohogar.ca\/es\/wp-json\/wp\/v2\/media?parent=4382"}],"wp:term":[{"taxonomy":"product_brand","embeddable":true,"href":"https:\/\/mercadohogar.ca\/es\/wp-json\/wp\/v2\/product_brand?post=4382"},{"taxonomy":"product_cat","embeddable":true,"href":"https:\/\/mercadohogar.ca\/es\/wp-json\/wp\/v2\/product_cat?post=4382"},{"taxonomy":"product_tag","embeddable":true,"href":"https:\/\/mercadohogar.ca\/es\/wp-json\/wp\/v2\/product_tag?post=4382"}],"curies":[{"name":"wp","href":"https:\/\/api.w.org\/{rel}","templated":true}]}}