{"id":4383,"date":"2026-01-12T15:30:36","date_gmt":"2026-01-12T15:30:36","guid":{"rendered":"https:\/\/mercadohogar.ca\/?post_type=product&#038;p=4383"},"modified":"2026-01-17T22:07:58","modified_gmt":"2026-01-17T22:07:58","slug":"ninja-nj600wmc-batidora-profesional-21-l","status":"publish","type":"product","link":"https:\/\/mercadohogar.ca\/es\/product\/ninja-nj600wmc-batidora-profesional-21-l\/","title":{"rendered":"Ninja NJ600WMC Batidora Profesional, 2,1 L"},"content":{"rendered":"<p>Acerca de este art\u00edculo<\/p>\n<div>900 vatios de potencia de rendimiento profesional<\/div>\n<div>Jarra XL de 2,1 litros con boquilla vertedora<\/div>\n<div>La tecnolog\u00eda de trituraci\u00f3n total tritura hielo, frutas enteras y verduras en segundos<\/div>\n<div>Mezcla de congelados para batidos de fruta cremosos<\/div>\n<div>Sin BPA y apto para lavavajillas<\/div>\n","protected":false},"excerpt":{"rendered":"<p>Acerca de este art\u00edculo 900 vatios de potencia de rendimiento profesional Jarra XL de 2,1 litros con boquilla vertedora La tecnolog\u00eda de trituraci\u00f3n total tritura hielo, frutas enteras y verduras&hellip;<\/p>\n","protected":false},"featured_media":2797,"template":"","meta":[],"product_brand":[],"product_cat":[988],"product_tag":[],"class_list":{"0":"post-4383","1":"product","2":"type-product","3":"status-publish","4":"has-post-thumbnail","6":"product_cat-electrodomesticos","7":"product_shipping_class-aerovaradero-general","9":"first","10":"instock","11":"shipping-taxable","12":"purchasable","13":"product-type-simple"},"_links":{"self":[{"href":"https:\/\/mercadohogar.ca\/es\/wp-json\/wp\/v2\/product\/4383","targetHints":{"allow":["GET"]}}],"collection":[{"href":"https:\/\/mercadohogar.ca\/es\/wp-json\/wp\/v2\/product"}],"about":[{"href":"https:\/\/mercadohogar.ca\/es\/wp-json\/wp\/v2\/types\/product"}],"version-history":[{"count":1,"href":"https:\/\/mercadohogar.ca\/es\/wp-json\/wp\/v2\/product\/4383\/revisions"}],"predecessor-version":[{"id":4755,"href":"https:\/\/mercadohogar.ca\/es\/wp-json\/wp\/v2\/product\/4383\/revisions\/4755"}],"wp:featuredmedia":[{"embeddable":true,"href":"https:\/\/mercadohogar.ca\/es\/wp-json\/wp\/v2\/media\/2797"}],"wp:attachment":[{"href":"https:\/\/mercadohogar.ca\/es\/wp-json\/wp\/v2\/media?parent=4383"}],"wp:term":[{"taxonomy":"product_brand","embeddable":true,"href":"https:\/\/mercadohogar.ca\/es\/wp-json\/wp\/v2\/product_brand?post=4383"},{"taxonomy":"product_cat","embeddable":true,"href":"https:\/\/mercadohogar.ca\/es\/wp-json\/wp\/v2\/product_cat?post=4383"},{"taxonomy":"product_tag","embeddable":true,"href":"https:\/\/mercadohogar.ca\/es\/wp-json\/wp\/v2\/product_tag?post=4383"}],"curies":[{"name":"wp","href":"https:\/\/api.w.org\/{rel}","templated":true}]}}