{"id":4389,"date":"2026-01-07T19:56:05","date_gmt":"2026-01-07T19:56:05","guid":{"rendered":"https:\/\/mercadohogar.ca\/?post_type=product&#038;p=4389"},"modified":"2026-01-17T22:30:21","modified_gmt":"2026-01-17T22:30:21","slug":"eco-worthy-280ah-12v-lifepo4","status":"publish","type":"product","link":"https:\/\/mercadohogar.ca\/es\/producto\/eco-worthy-280ah-12v-lifepo4\/","title":{"rendered":"ECO-WORTHY 280AH 12V LiFePO4"},"content":{"rendered":"<p>Control por Bluetooth: La bater\u00eda ECO-WORTHY 12V 280Ah LiFePO4 viene con un BMS actualizado y Bluetooth 5.0, lo que le permite controlar el voltaje, la corriente y la capacidad en tiempo real a trav\u00e9s de la aplicaci\u00f3n ECO-WORTHY<\/p>\n<p>Protecci\u00f3n contra bajas temperaturas: La bater\u00eda de litio LiFePO4 de 12 V 280 Ah cuenta con protecci\u00f3n integrada contra bajas temperaturas para protegerla contra da\u00f1os en condiciones extremas. La carga se detiene por debajo de -7 \u00b0C (19,4 \u00b0F) y se reanuda por encima de 0 \u00b0C (32 \u00b0F), mientras que la descarga se detiene por debajo de -20 \u00b0C (-4 \u00b0F) para evitar da\u00f1os, lo que garantiza la estabilidad en condiciones adversas<br \/>Accesorio de compresi\u00f3n avanzado: La bater\u00eda ECO-WORTHY 12V 280AH lifepo4 cuenta con un marco de metal de alta resistencia en el interior que proporciona una mayor protecci\u00f3n de la bater\u00eda, estabilidad contra golpes y compresi\u00f3n controlada para evitar la expansi\u00f3n, lo que garantiza una durabilidad a largo plazo<br \/>Celda de grado A: Tiene un BMS de 200 A incorporado para proteger la bater\u00eda contra sobretemperatura, sobredescarga, sobrecarga, sobrecorriente, baja temperatura y cortocircuito. Las celdas dentro de la bater\u00eda est\u00e1n probadas por FCC, UN38.3, UL, IEC y certificadas por CE, RoHS, lo que le brinda el m\u00e1s alto nivel de seguridad<br \/>Expansi\u00f3n de capacidad: La bater\u00eda de litio Bluetooth ECO-WORTHY de 280 Ah tiene 3584 WH de energ\u00eda, que se puede ampliar a 57,34 KWH con 4 en serie y 4 en paralelo, perfecta para sistemas fuera de la red, veh\u00edculos recreativos, motores de pesca por curric\u00e1n, sistemas de respaldo, campamentos, remolques de viaje y m\u00e1s  <\/p>\n","protected":false},"excerpt":{"rendered":"<p>Control por Bluetooth: La bater\u00eda ECO-WORTHY 12V 280Ah LiFePO4 viene con un BMS actualizado y Bluetooth 5.0, lo que le permite controlar el voltaje, la corriente y la capacidad en tiempo real a trav\u00e9s de la aplicaci\u00f3n ECO-WORTHY Protecci\u00f3n contra bajas temperaturas: La bater\u00eda de litio LiFePO4 de 12 V 280 Ah cuenta con protecci\u00f3n integrada contra bajas temperaturas para [&hellip;]<\/p>\n","protected":false},"featured_media":2430,"template":"","meta":{"_coblocks_attr":"","_coblocks_dimensions":"","_coblocks_responsive_height":"","_coblocks_accordion_ie_support":"","postBodyCss":"","postBodyMargin":[],"postBodyPadding":[],"postBodyBackground":{"backgroundType":"classic","gradient":""}},"product_brand":[],"product_cat":[899],"product_tag":[],"class_list":{"0":"post-4389","1":"product","2":"type-product","3":"status-publish","4":"has-post-thumbnail","6":"product_cat-generators-alternative-power-solutions","7":"product_shipping_class-aerovaradero-dg-grande","9":"first","10":"instock","11":"taxable","12":"shipping-taxable","13":"purchasable","14":"product-type-simple"},"yoast_head":"<!-- This site is optimized with the Yoast SEO plugin v27.4 - https:\/\/yoast.com\/product\/yoast-seo-wordpress\/ -->\n<title>ECO-WORTHY 280AH 12V LiFePO4 - Mercado Hogar<\/title>\n<meta name=\"robots\" content=\"index, follow, max-snippet:-1, max-image-preview:large, max-video-preview:-1\" \/>\n<link rel=\"canonical\" href=\"https:\/\/mercadohogar.ca\/es\/producto\/eco-worthy-280ah-12v-lifepo4\/\" \/>\n<meta property=\"og:locale\" content=\"es_ES\" \/>\n<meta property=\"og:type\" content=\"article\" \/>\n<meta property=\"og:title\" content=\"ECO-WORTHY 280AH 12V LiFePO4 - Mercado Hogar\" \/>\n<meta property=\"og:description\" content=\"Control por Bluetooth: La bater\u00eda ECO-WORTHY 12V 280Ah LiFePO4 viene con un BMS actualizado y Bluetooth 5.0, lo que le permite controlar el voltaje, la corriente y la capacidad en tiempo real a trav\u00e9s de la aplicaci\u00f3n ECO-WORTHY Protecci\u00f3n contra bajas temperaturas: La bater\u00eda de litio LiFePO4 de 12 V 280 Ah cuenta con protecci\u00f3n integrada contra bajas temperaturas para [&hellip;]\" \/>\n<meta property=\"og:url\" content=\"https:\/\/mercadohogar.ca\/es\/producto\/eco-worthy-280ah-12v-lifepo4\/\" \/>\n<meta property=\"og:site_name\" content=\"Mercado Hogar\" \/>\n<meta property=\"article:modified_time\" content=\"2026-01-17T22:30:21+00:00\" \/>\n<meta property=\"og:image\" content=\"https:\/\/mercadohogar.ca\/wp-content\/uploads\/2026\/01\/wp-image-7541443940.jpg\" \/>\n\t<meta property=\"og:image:width\" content=\"1500\" \/>\n\t<meta property=\"og:image:height\" content=\"860\" \/>\n\t<meta property=\"og:image:type\" content=\"image\/jpeg\" \/>\n<meta name=\"twitter:card\" content=\"summary_large_image\" \/>\n<meta name=\"twitter:label1\" content=\"Tiempo de lectura\" \/>\n\t<meta name=\"twitter:data1\" content=\"1 minuto\" \/>\n<script type=\"application\/ld+json\" class=\"yoast-schema-graph\">{\"@context\":\"https:\\\/\\\/schema.org\",\"@graph\":[{\"@type\":\"WebPage\",\"@id\":\"https:\\\/\\\/mercadohogar.ca\\\/es\\\/producto\\\/eco-worthy-280ah-12v-lifepo4\\\/\",\"url\":\"https:\\\/\\\/mercadohogar.ca\\\/es\\\/producto\\\/eco-worthy-280ah-12v-lifepo4\\\/\",\"name\":\"ECO-WORTHY 280AH 12V LiFePO4 - Mercado Hogar\",\"isPartOf\":{\"@id\":\"https:\\\/\\\/mercadohogar.ca\\\/es\\\/#website\"},\"primaryImageOfPage\":{\"@id\":\"https:\\\/\\\/mercadohogar.ca\\\/es\\\/producto\\\/eco-worthy-280ah-12v-lifepo4\\\/#primaryimage\"},\"image\":{\"@id\":\"https:\\\/\\\/mercadohogar.ca\\\/es\\\/producto\\\/eco-worthy-280ah-12v-lifepo4\\\/#primaryimage\"},\"thumbnailUrl\":\"https:\\\/\\\/mercadohogar.ca\\\/wp-content\\\/uploads\\\/2026\\\/01\\\/wp-image-7541443940.jpg\",\"datePublished\":\"2026-01-07T19:56:05+00:00\",\"dateModified\":\"2026-01-17T22:30:21+00:00\",\"breadcrumb\":{\"@id\":\"https:\\\/\\\/mercadohogar.ca\\\/es\\\/producto\\\/eco-worthy-280ah-12v-lifepo4\\\/#breadcrumb\"},\"inLanguage\":\"es\",\"potentialAction\":[{\"@type\":\"ReadAction\",\"target\":[\"https:\\\/\\\/mercadohogar.ca\\\/es\\\/producto\\\/eco-worthy-280ah-12v-lifepo4\\\/\"]}]},{\"@type\":\"ImageObject\",\"inLanguage\":\"es\",\"@id\":\"https:\\\/\\\/mercadohogar.ca\\\/es\\\/producto\\\/eco-worthy-280ah-12v-lifepo4\\\/#primaryimage\",\"url\":\"https:\\\/\\\/mercadohogar.ca\\\/wp-content\\\/uploads\\\/2026\\\/01\\\/wp-image-7541443940.jpg\",\"contentUrl\":\"https:\\\/\\\/mercadohogar.ca\\\/wp-content\\\/uploads\\\/2026\\\/01\\\/wp-image-7541443940.jpg\",\"width\":1500,\"height\":860},{\"@type\":\"BreadcrumbList\",\"@id\":\"https:\\\/\\\/mercadohogar.ca\\\/es\\\/producto\\\/eco-worthy-280ah-12v-lifepo4\\\/#breadcrumb\",\"itemListElement\":[{\"@type\":\"ListItem\",\"position\":1,\"name\":\"Home\",\"item\":\"https:\\\/\\\/mercadohogar.ca\\\/es\\\/\"},{\"@type\":\"ListItem\",\"position\":2,\"name\":\"Tienda\",\"item\":\"https:\\\/\\\/mercadohogar.ca\\\/es\\\/tienda-2\\\/\"},{\"@type\":\"ListItem\",\"position\":3,\"name\":\"ECO-WORTHY 280AH 12V LiFePO4\"}]},{\"@type\":\"WebSite\",\"@id\":\"https:\\\/\\\/mercadohogar.ca\\\/es\\\/#website\",\"url\":\"https:\\\/\\\/mercadohogar.ca\\\/es\\\/\",\"name\":\"Mercado Hogar\",\"description\":\"Mercado Hogar\",\"publisher\":{\"@id\":\"https:\\\/\\\/mercadohogar.ca\\\/es\\\/#organization\"},\"potentialAction\":[{\"@type\":\"SearchAction\",\"target\":{\"@type\":\"EntryPoint\",\"urlTemplate\":\"https:\\\/\\\/mercadohogar.ca\\\/es\\\/?s={search_term_string}\"},\"query-input\":{\"@type\":\"PropertyValueSpecification\",\"valueRequired\":true,\"valueName\":\"search_term_string\"}}],\"inLanguage\":\"es\"},{\"@type\":\"Organization\",\"@id\":\"https:\\\/\\\/mercadohogar.ca\\\/es\\\/#organization\",\"name\":\"Mercado Hogar\",\"url\":\"https:\\\/\\\/mercadohogar.ca\\\/es\\\/\",\"logo\":{\"@type\":\"ImageObject\",\"inLanguage\":\"es\",\"@id\":\"https:\\\/\\\/mercadohogar.ca\\\/es\\\/#\\\/schema\\\/logo\\\/image\\\/\",\"url\":\"https:\\\/\\\/mercadohogar.ca\\\/wp-content\\\/uploads\\\/2025\\\/12\\\/MH-LOGO.png\",\"contentUrl\":\"https:\\\/\\\/mercadohogar.ca\\\/wp-content\\\/uploads\\\/2025\\\/12\\\/MH-LOGO.png\",\"width\":1200,\"height\":1200,\"caption\":\"Mercado Hogar\"},\"image\":{\"@id\":\"https:\\\/\\\/mercadohogar.ca\\\/es\\\/#\\\/schema\\\/logo\\\/image\\\/\"}}]}<\/script>\n<!-- \/ Yoast SEO plugin. -->","yoast_head_json":{"title":"ECO-WORTHY 280AH 12V LiFePO4 - Mercado Hogar","robots":{"index":"index","follow":"follow","max-snippet":"max-snippet:-1","max-image-preview":"max-image-preview:large","max-video-preview":"max-video-preview:-1"},"canonical":"https:\/\/mercadohogar.ca\/es\/producto\/eco-worthy-280ah-12v-lifepo4\/","og_locale":"es_ES","og_type":"article","og_title":"ECO-WORTHY 280AH 12V LiFePO4 - Mercado Hogar","og_description":"Control por Bluetooth: La bater\u00eda ECO-WORTHY 12V 280Ah LiFePO4 viene con un BMS actualizado y Bluetooth 5.0, lo que le permite controlar el voltaje, la corriente y la capacidad en tiempo real a trav\u00e9s de la aplicaci\u00f3n ECO-WORTHY Protecci\u00f3n contra bajas temperaturas: La bater\u00eda de litio LiFePO4 de 12 V 280 Ah cuenta con protecci\u00f3n integrada contra bajas temperaturas para [&hellip;]","og_url":"https:\/\/mercadohogar.ca\/es\/producto\/eco-worthy-280ah-12v-lifepo4\/","og_site_name":"Mercado Hogar","article_modified_time":"2026-01-17T22:30:21+00:00","og_image":[{"width":1500,"height":860,"url":"https:\/\/mercadohogar.ca\/wp-content\/uploads\/2026\/01\/wp-image-7541443940.jpg","type":"image\/jpeg"}],"twitter_card":"summary_large_image","twitter_misc":{"Tiempo de lectura":"1 minuto"},"schema":{"@context":"https:\/\/schema.org","@graph":[{"@type":"WebPage","@id":"https:\/\/mercadohogar.ca\/es\/producto\/eco-worthy-280ah-12v-lifepo4\/","url":"https:\/\/mercadohogar.ca\/es\/producto\/eco-worthy-280ah-12v-lifepo4\/","name":"ECO-WORTHY 280AH 12V LiFePO4 - Mercado Hogar","isPartOf":{"@id":"https:\/\/mercadohogar.ca\/es\/#website"},"primaryImageOfPage":{"@id":"https:\/\/mercadohogar.ca\/es\/producto\/eco-worthy-280ah-12v-lifepo4\/#primaryimage"},"image":{"@id":"https:\/\/mercadohogar.ca\/es\/producto\/eco-worthy-280ah-12v-lifepo4\/#primaryimage"},"thumbnailUrl":"https:\/\/mercadohogar.ca\/wp-content\/uploads\/2026\/01\/wp-image-7541443940.jpg","datePublished":"2026-01-07T19:56:05+00:00","dateModified":"2026-01-17T22:30:21+00:00","breadcrumb":{"@id":"https:\/\/mercadohogar.ca\/es\/producto\/eco-worthy-280ah-12v-lifepo4\/#breadcrumb"},"inLanguage":"es","potentialAction":[{"@type":"ReadAction","target":["https:\/\/mercadohogar.ca\/es\/producto\/eco-worthy-280ah-12v-lifepo4\/"]}]},{"@type":"ImageObject","inLanguage":"es","@id":"https:\/\/mercadohogar.ca\/es\/producto\/eco-worthy-280ah-12v-lifepo4\/#primaryimage","url":"https:\/\/mercadohogar.ca\/wp-content\/uploads\/2026\/01\/wp-image-7541443940.jpg","contentUrl":"https:\/\/mercadohogar.ca\/wp-content\/uploads\/2026\/01\/wp-image-7541443940.jpg","width":1500,"height":860},{"@type":"BreadcrumbList","@id":"https:\/\/mercadohogar.ca\/es\/producto\/eco-worthy-280ah-12v-lifepo4\/#breadcrumb","itemListElement":[{"@type":"ListItem","position":1,"name":"Home","item":"https:\/\/mercadohogar.ca\/es\/"},{"@type":"ListItem","position":2,"name":"Tienda","item":"https:\/\/mercadohogar.ca\/es\/tienda-2\/"},{"@type":"ListItem","position":3,"name":"ECO-WORTHY 280AH 12V LiFePO4"}]},{"@type":"WebSite","@id":"https:\/\/mercadohogar.ca\/es\/#website","url":"https:\/\/mercadohogar.ca\/es\/","name":"Mercado Hogar","description":"Mercado Hogar","publisher":{"@id":"https:\/\/mercadohogar.ca\/es\/#organization"},"potentialAction":[{"@type":"SearchAction","target":{"@type":"EntryPoint","urlTemplate":"https:\/\/mercadohogar.ca\/es\/?s={search_term_string}"},"query-input":{"@type":"PropertyValueSpecification","valueRequired":true,"valueName":"search_term_string"}}],"inLanguage":"es"},{"@type":"Organization","@id":"https:\/\/mercadohogar.ca\/es\/#organization","name":"Mercado Hogar","url":"https:\/\/mercadohogar.ca\/es\/","logo":{"@type":"ImageObject","inLanguage":"es","@id":"https:\/\/mercadohogar.ca\/es\/#\/schema\/logo\/image\/","url":"https:\/\/mercadohogar.ca\/wp-content\/uploads\/2025\/12\/MH-LOGO.png","contentUrl":"https:\/\/mercadohogar.ca\/wp-content\/uploads\/2025\/12\/MH-LOGO.png","width":1200,"height":1200,"caption":"Mercado Hogar"},"image":{"@id":"https:\/\/mercadohogar.ca\/es\/#\/schema\/logo\/image\/"}}]}},"jetpack_sharing_enabled":true,"_links":{"self":[{"href":"https:\/\/mercadohogar.ca\/es\/wp-json\/wp\/v2\/product\/4389","targetHints":{"allow":["GET"]}}],"collection":[{"href":"https:\/\/mercadohogar.ca\/es\/wp-json\/wp\/v2\/product"}],"about":[{"href":"https:\/\/mercadohogar.ca\/es\/wp-json\/wp\/v2\/types\/product"}],"version-history":[{"count":1,"href":"https:\/\/mercadohogar.ca\/es\/wp-json\/wp\/v2\/product\/4389\/revisions"}],"predecessor-version":[{"id":4494,"href":"https:\/\/mercadohogar.ca\/es\/wp-json\/wp\/v2\/product\/4389\/revisions\/4494"}],"wp:featuredmedia":[{"embeddable":true,"href":"https:\/\/mercadohogar.ca\/es\/wp-json\/wp\/v2\/media\/2430"}],"wp:attachment":[{"href":"https:\/\/mercadohogar.ca\/es\/wp-json\/wp\/v2\/media?parent=4389"}],"wp:term":[{"taxonomy":"product_brand","embeddable":true,"href":"https:\/\/mercadohogar.ca\/es\/wp-json\/wp\/v2\/product_brand?post=4389"},{"taxonomy":"product_cat","embeddable":true,"href":"https:\/\/mercadohogar.ca\/es\/wp-json\/wp\/v2\/product_cat?post=4389"},{"taxonomy":"product_tag","embeddable":true,"href":"https:\/\/mercadohogar.ca\/es\/wp-json\/wp\/v2\/product_tag?post=4389"}],"curies":[{"name":"wp","href":"https:\/\/api.w.org\/{rel}","templated":true}]}}