{"id":4390,"date":"2026-01-07T19:56:07","date_gmt":"2026-01-07T19:56:07","guid":{"rendered":"https:\/\/mercadohogar.ca\/?post_type=product&#038;p=4390"},"modified":"2026-01-17T22:30:19","modified_gmt":"2026-01-17T22:30:19","slug":"kit-de-inicio-completo-de-panel-solar-eco-worthy-de-200-vatios-y-12-voltios","status":"publish","type":"product","link":"https:\/\/mercadohogar.ca\/es\/producto\/kit-de-inicio-completo-de-panel-solar-eco-worthy-de-200-vatios-y-12-voltios\/","title":{"rendered":"Kit de inicio completo de panel solar ECO-WORTHY de 200 vatios y 12 voltios"},"content":{"rendered":"<ul>\n<li><span><\/span>Completo y cient\u00edfico: Kit solar f\u00e1cil de usar para principiantes, que incluye todos los accesorios necesarios para la conexi\u00f3n. La producci\u00f3n diaria de 800 Wh depende de la disponibilidad de luz solar durante 4 horas. La combinaci\u00f3n cient\u00edfica garantiza el uso suficiente de la energ\u00eda solar y no causa desperdicio. Adecuado para veh\u00edculos recreativos, caravanas, remolques, barcos, caba\u00f1as, etc., en cualquier lugar donde necesite energ\u00eda.   <\/li>\n<li><span class=\"a-list-item\">Combinaci\u00f3n razonable: Con 2 paneles solares de 100 W de alta eficiencia del 21,5 %, que tienen un marco de aluminio resistente a la corrosi\u00f3n para uso en exteriores, lo que permite que los paneles duren d\u00e9cadas y resistan cualquier tipo de clima. Adecuado para casi todos los tipos de veh\u00edculos recreativos. <\/span><\/li>\n<li><span class=\"a-list-item\">Bater\u00edas actualizadas con una vida \u00fatil de m\u00e1s de 10 a\u00f1os: La capacidad de carga completa de las bater\u00edas mejoradas de 50 Ah es de 640 Wh. Ciclos recargables m\u00e1s de 3000 veces, una vida \u00fatil de m\u00e1s de 10 a\u00f1os. Alta eficiencia de carga\/descarga, posible extender la capacidad en conexi\u00f3n paralela, f\u00e1cil de configurar.  <\/span><\/li>\n<li><span class=\"a-list-item\">Gran transmisi\u00f3n de corriente: Con inversor de corriente de onda sinusoidal pura de 600 W, que puede transformar 12 V CC en 120 V CA. Con bater\u00eda de litio de 50 AH y BMS incorporado y fusible del sistema de protecci\u00f3n, puede transmitir corriente de manera eficiente al tiempo que garantiza la seguridad. <\/span><\/li>\n<\/ul>\n","protected":false},"excerpt":{"rendered":"<p>Completo y cient\u00edfico: Kit solar f\u00e1cil de usar para principiantes, que incluye todos los accesorios necesarios para la conexi\u00f3n. La producci\u00f3n diaria de 800 Wh depende de la disponibilidad de luz solar durante 4 horas. La combinaci\u00f3n cient\u00edfica garantiza el uso suficiente de la energ\u00eda solar y no causa desperdicio. Adecuado para veh\u00edculos recreativos, caravanas, remolques, barcos, caba\u00f1as, etc., en [&hellip;]<\/p>\n","protected":false},"featured_media":2426,"template":"","meta":{"_coblocks_attr":"","_coblocks_dimensions":"","_coblocks_responsive_height":"","_coblocks_accordion_ie_support":"","postBodyCss":"","postBodyMargin":[],"postBodyPadding":[],"postBodyBackground":{"backgroundType":"classic","gradient":""}},"product_brand":[],"product_cat":[899],"product_tag":[],"class_list":{"0":"post-4390","1":"product","2":"type-product","3":"status-publish","4":"has-post-thumbnail","6":"product_cat-generators-alternative-power-solutions","7":"product_shipping_class-aerovaradero-dg-grande","9":"first","10":"instock","11":"taxable","12":"shipping-taxable","13":"purchasable","14":"product-type-simple"},"yoast_head":"<!-- This site is optimized with the Yoast SEO plugin v27.4 - https:\/\/yoast.com\/product\/yoast-seo-wordpress\/ -->\n<title>Kit de inicio completo de panel solar ECO-WORTHY de 200 vatios y 12 voltios - Mercado Hogar<\/title>\n<meta name=\"robots\" content=\"index, follow, max-snippet:-1, max-image-preview:large, max-video-preview:-1\" \/>\n<link rel=\"canonical\" href=\"https:\/\/mercadohogar.ca\/es\/producto\/kit-de-inicio-completo-de-panel-solar-eco-worthy-de-200-vatios-y-12-voltios\/\" \/>\n<meta property=\"og:locale\" content=\"es_ES\" \/>\n<meta property=\"og:type\" content=\"article\" \/>\n<meta property=\"og:title\" content=\"Kit de inicio completo de panel solar ECO-WORTHY de 200 vatios y 12 voltios - Mercado Hogar\" \/>\n<meta property=\"og:description\" content=\"Completo y cient\u00edfico: Kit solar f\u00e1cil de usar para principiantes, que incluye todos los accesorios necesarios para la conexi\u00f3n. La producci\u00f3n diaria de 800 Wh depende de la disponibilidad de luz solar durante 4 horas. La combinaci\u00f3n cient\u00edfica garantiza el uso suficiente de la energ\u00eda solar y no causa desperdicio. Adecuado para veh\u00edculos recreativos, caravanas, remolques, barcos, caba\u00f1as, etc., en [&hellip;]\" \/>\n<meta property=\"og:url\" content=\"https:\/\/mercadohogar.ca\/es\/producto\/kit-de-inicio-completo-de-panel-solar-eco-worthy-de-200-vatios-y-12-voltios\/\" \/>\n<meta property=\"og:site_name\" content=\"Mercado Hogar\" \/>\n<meta property=\"article:modified_time\" content=\"2026-01-17T22:30:19+00:00\" \/>\n<meta property=\"og:image\" content=\"https:\/\/mercadohogar.ca\/wp-content\/uploads\/2026\/01\/wp-image-7680741500.jpg\" \/>\n\t<meta property=\"og:image:width\" content=\"1500\" \/>\n\t<meta property=\"og:image:height\" content=\"1476\" \/>\n\t<meta property=\"og:image:type\" content=\"image\/jpeg\" \/>\n<meta name=\"twitter:card\" content=\"summary_large_image\" \/>\n<meta name=\"twitter:label1\" content=\"Tiempo de lectura\" \/>\n\t<meta name=\"twitter:data1\" content=\"1 minuto\" \/>\n<script type=\"application\/ld+json\" class=\"yoast-schema-graph\">{\"@context\":\"https:\\\/\\\/schema.org\",\"@graph\":[{\"@type\":\"WebPage\",\"@id\":\"https:\\\/\\\/mercadohogar.ca\\\/es\\\/producto\\\/kit-de-inicio-completo-de-panel-solar-eco-worthy-de-200-vatios-y-12-voltios\\\/\",\"url\":\"https:\\\/\\\/mercadohogar.ca\\\/es\\\/producto\\\/kit-de-inicio-completo-de-panel-solar-eco-worthy-de-200-vatios-y-12-voltios\\\/\",\"name\":\"Kit de inicio completo de panel solar ECO-WORTHY de 200 vatios y 12 voltios - Mercado Hogar\",\"isPartOf\":{\"@id\":\"https:\\\/\\\/mercadohogar.ca\\\/es\\\/#website\"},\"primaryImageOfPage\":{\"@id\":\"https:\\\/\\\/mercadohogar.ca\\\/es\\\/producto\\\/kit-de-inicio-completo-de-panel-solar-eco-worthy-de-200-vatios-y-12-voltios\\\/#primaryimage\"},\"image\":{\"@id\":\"https:\\\/\\\/mercadohogar.ca\\\/es\\\/producto\\\/kit-de-inicio-completo-de-panel-solar-eco-worthy-de-200-vatios-y-12-voltios\\\/#primaryimage\"},\"thumbnailUrl\":\"https:\\\/\\\/mercadohogar.ca\\\/wp-content\\\/uploads\\\/2026\\\/01\\\/wp-image-7680741500.jpg\",\"datePublished\":\"2026-01-07T19:56:07+00:00\",\"dateModified\":\"2026-01-17T22:30:19+00:00\",\"breadcrumb\":{\"@id\":\"https:\\\/\\\/mercadohogar.ca\\\/es\\\/producto\\\/kit-de-inicio-completo-de-panel-solar-eco-worthy-de-200-vatios-y-12-voltios\\\/#breadcrumb\"},\"inLanguage\":\"es\",\"potentialAction\":[{\"@type\":\"ReadAction\",\"target\":[\"https:\\\/\\\/mercadohogar.ca\\\/es\\\/producto\\\/kit-de-inicio-completo-de-panel-solar-eco-worthy-de-200-vatios-y-12-voltios\\\/\"]}]},{\"@type\":\"ImageObject\",\"inLanguage\":\"es\",\"@id\":\"https:\\\/\\\/mercadohogar.ca\\\/es\\\/producto\\\/kit-de-inicio-completo-de-panel-solar-eco-worthy-de-200-vatios-y-12-voltios\\\/#primaryimage\",\"url\":\"https:\\\/\\\/mercadohogar.ca\\\/wp-content\\\/uploads\\\/2026\\\/01\\\/wp-image-7680741500.jpg\",\"contentUrl\":\"https:\\\/\\\/mercadohogar.ca\\\/wp-content\\\/uploads\\\/2026\\\/01\\\/wp-image-7680741500.jpg\",\"width\":1500,\"height\":1476},{\"@type\":\"BreadcrumbList\",\"@id\":\"https:\\\/\\\/mercadohogar.ca\\\/es\\\/producto\\\/kit-de-inicio-completo-de-panel-solar-eco-worthy-de-200-vatios-y-12-voltios\\\/#breadcrumb\",\"itemListElement\":[{\"@type\":\"ListItem\",\"position\":1,\"name\":\"Home\",\"item\":\"https:\\\/\\\/mercadohogar.ca\\\/es\\\/\"},{\"@type\":\"ListItem\",\"position\":2,\"name\":\"Tienda\",\"item\":\"https:\\\/\\\/mercadohogar.ca\\\/es\\\/tienda-2\\\/\"},{\"@type\":\"ListItem\",\"position\":3,\"name\":\"Kit de inicio completo de panel solar ECO-WORTHY de 200 vatios y 12 voltios\"}]},{\"@type\":\"WebSite\",\"@id\":\"https:\\\/\\\/mercadohogar.ca\\\/es\\\/#website\",\"url\":\"https:\\\/\\\/mercadohogar.ca\\\/es\\\/\",\"name\":\"Mercado Hogar\",\"description\":\"Mercado Hogar\",\"publisher\":{\"@id\":\"https:\\\/\\\/mercadohogar.ca\\\/es\\\/#organization\"},\"potentialAction\":[{\"@type\":\"SearchAction\",\"target\":{\"@type\":\"EntryPoint\",\"urlTemplate\":\"https:\\\/\\\/mercadohogar.ca\\\/es\\\/?s={search_term_string}\"},\"query-input\":{\"@type\":\"PropertyValueSpecification\",\"valueRequired\":true,\"valueName\":\"search_term_string\"}}],\"inLanguage\":\"es\"},{\"@type\":\"Organization\",\"@id\":\"https:\\\/\\\/mercadohogar.ca\\\/es\\\/#organization\",\"name\":\"Mercado Hogar\",\"url\":\"https:\\\/\\\/mercadohogar.ca\\\/es\\\/\",\"logo\":{\"@type\":\"ImageObject\",\"inLanguage\":\"es\",\"@id\":\"https:\\\/\\\/mercadohogar.ca\\\/es\\\/#\\\/schema\\\/logo\\\/image\\\/\",\"url\":\"https:\\\/\\\/mercadohogar.ca\\\/wp-content\\\/uploads\\\/2025\\\/12\\\/MH-LOGO.png\",\"contentUrl\":\"https:\\\/\\\/mercadohogar.ca\\\/wp-content\\\/uploads\\\/2025\\\/12\\\/MH-LOGO.png\",\"width\":1200,\"height\":1200,\"caption\":\"Mercado Hogar\"},\"image\":{\"@id\":\"https:\\\/\\\/mercadohogar.ca\\\/es\\\/#\\\/schema\\\/logo\\\/image\\\/\"}}]}<\/script>\n<!-- \/ Yoast SEO plugin. -->","yoast_head_json":{"title":"Kit de inicio completo de panel solar ECO-WORTHY de 200 vatios y 12 voltios - Mercado Hogar","robots":{"index":"index","follow":"follow","max-snippet":"max-snippet:-1","max-image-preview":"max-image-preview:large","max-video-preview":"max-video-preview:-1"},"canonical":"https:\/\/mercadohogar.ca\/es\/producto\/kit-de-inicio-completo-de-panel-solar-eco-worthy-de-200-vatios-y-12-voltios\/","og_locale":"es_ES","og_type":"article","og_title":"Kit de inicio completo de panel solar ECO-WORTHY de 200 vatios y 12 voltios - Mercado Hogar","og_description":"Completo y cient\u00edfico: Kit solar f\u00e1cil de usar para principiantes, que incluye todos los accesorios necesarios para la conexi\u00f3n. La producci\u00f3n diaria de 800 Wh depende de la disponibilidad de luz solar durante 4 horas. La combinaci\u00f3n cient\u00edfica garantiza el uso suficiente de la energ\u00eda solar y no causa desperdicio. Adecuado para veh\u00edculos recreativos, caravanas, remolques, barcos, caba\u00f1as, etc., en [&hellip;]","og_url":"https:\/\/mercadohogar.ca\/es\/producto\/kit-de-inicio-completo-de-panel-solar-eco-worthy-de-200-vatios-y-12-voltios\/","og_site_name":"Mercado Hogar","article_modified_time":"2026-01-17T22:30:19+00:00","og_image":[{"width":1500,"height":1476,"url":"https:\/\/mercadohogar.ca\/wp-content\/uploads\/2026\/01\/wp-image-7680741500.jpg","type":"image\/jpeg"}],"twitter_card":"summary_large_image","twitter_misc":{"Tiempo de lectura":"1 minuto"},"schema":{"@context":"https:\/\/schema.org","@graph":[{"@type":"WebPage","@id":"https:\/\/mercadohogar.ca\/es\/producto\/kit-de-inicio-completo-de-panel-solar-eco-worthy-de-200-vatios-y-12-voltios\/","url":"https:\/\/mercadohogar.ca\/es\/producto\/kit-de-inicio-completo-de-panel-solar-eco-worthy-de-200-vatios-y-12-voltios\/","name":"Kit de inicio completo de panel solar ECO-WORTHY de 200 vatios y 12 voltios - Mercado Hogar","isPartOf":{"@id":"https:\/\/mercadohogar.ca\/es\/#website"},"primaryImageOfPage":{"@id":"https:\/\/mercadohogar.ca\/es\/producto\/kit-de-inicio-completo-de-panel-solar-eco-worthy-de-200-vatios-y-12-voltios\/#primaryimage"},"image":{"@id":"https:\/\/mercadohogar.ca\/es\/producto\/kit-de-inicio-completo-de-panel-solar-eco-worthy-de-200-vatios-y-12-voltios\/#primaryimage"},"thumbnailUrl":"https:\/\/mercadohogar.ca\/wp-content\/uploads\/2026\/01\/wp-image-7680741500.jpg","datePublished":"2026-01-07T19:56:07+00:00","dateModified":"2026-01-17T22:30:19+00:00","breadcrumb":{"@id":"https:\/\/mercadohogar.ca\/es\/producto\/kit-de-inicio-completo-de-panel-solar-eco-worthy-de-200-vatios-y-12-voltios\/#breadcrumb"},"inLanguage":"es","potentialAction":[{"@type":"ReadAction","target":["https:\/\/mercadohogar.ca\/es\/producto\/kit-de-inicio-completo-de-panel-solar-eco-worthy-de-200-vatios-y-12-voltios\/"]}]},{"@type":"ImageObject","inLanguage":"es","@id":"https:\/\/mercadohogar.ca\/es\/producto\/kit-de-inicio-completo-de-panel-solar-eco-worthy-de-200-vatios-y-12-voltios\/#primaryimage","url":"https:\/\/mercadohogar.ca\/wp-content\/uploads\/2026\/01\/wp-image-7680741500.jpg","contentUrl":"https:\/\/mercadohogar.ca\/wp-content\/uploads\/2026\/01\/wp-image-7680741500.jpg","width":1500,"height":1476},{"@type":"BreadcrumbList","@id":"https:\/\/mercadohogar.ca\/es\/producto\/kit-de-inicio-completo-de-panel-solar-eco-worthy-de-200-vatios-y-12-voltios\/#breadcrumb","itemListElement":[{"@type":"ListItem","position":1,"name":"Home","item":"https:\/\/mercadohogar.ca\/es\/"},{"@type":"ListItem","position":2,"name":"Tienda","item":"https:\/\/mercadohogar.ca\/es\/tienda-2\/"},{"@type":"ListItem","position":3,"name":"Kit de inicio completo de panel solar ECO-WORTHY de 200 vatios y 12 voltios"}]},{"@type":"WebSite","@id":"https:\/\/mercadohogar.ca\/es\/#website","url":"https:\/\/mercadohogar.ca\/es\/","name":"Mercado Hogar","description":"Mercado Hogar","publisher":{"@id":"https:\/\/mercadohogar.ca\/es\/#organization"},"potentialAction":[{"@type":"SearchAction","target":{"@type":"EntryPoint","urlTemplate":"https:\/\/mercadohogar.ca\/es\/?s={search_term_string}"},"query-input":{"@type":"PropertyValueSpecification","valueRequired":true,"valueName":"search_term_string"}}],"inLanguage":"es"},{"@type":"Organization","@id":"https:\/\/mercadohogar.ca\/es\/#organization","name":"Mercado Hogar","url":"https:\/\/mercadohogar.ca\/es\/","logo":{"@type":"ImageObject","inLanguage":"es","@id":"https:\/\/mercadohogar.ca\/es\/#\/schema\/logo\/image\/","url":"https:\/\/mercadohogar.ca\/wp-content\/uploads\/2025\/12\/MH-LOGO.png","contentUrl":"https:\/\/mercadohogar.ca\/wp-content\/uploads\/2025\/12\/MH-LOGO.png","width":1200,"height":1200,"caption":"Mercado Hogar"},"image":{"@id":"https:\/\/mercadohogar.ca\/es\/#\/schema\/logo\/image\/"}}]}},"jetpack_sharing_enabled":true,"_links":{"self":[{"href":"https:\/\/mercadohogar.ca\/es\/wp-json\/wp\/v2\/product\/4390","targetHints":{"allow":["GET"]}}],"collection":[{"href":"https:\/\/mercadohogar.ca\/es\/wp-json\/wp\/v2\/product"}],"about":[{"href":"https:\/\/mercadohogar.ca\/es\/wp-json\/wp\/v2\/types\/product"}],"version-history":[{"count":1,"href":"https:\/\/mercadohogar.ca\/es\/wp-json\/wp\/v2\/product\/4390\/revisions"}],"predecessor-version":[{"id":4496,"href":"https:\/\/mercadohogar.ca\/es\/wp-json\/wp\/v2\/product\/4390\/revisions\/4496"}],"wp:featuredmedia":[{"embeddable":true,"href":"https:\/\/mercadohogar.ca\/es\/wp-json\/wp\/v2\/media\/2426"}],"wp:attachment":[{"href":"https:\/\/mercadohogar.ca\/es\/wp-json\/wp\/v2\/media?parent=4390"}],"wp:term":[{"taxonomy":"product_brand","embeddable":true,"href":"https:\/\/mercadohogar.ca\/es\/wp-json\/wp\/v2\/product_brand?post=4390"},{"taxonomy":"product_cat","embeddable":true,"href":"https:\/\/mercadohogar.ca\/es\/wp-json\/wp\/v2\/product_cat?post=4390"},{"taxonomy":"product_tag","embeddable":true,"href":"https:\/\/mercadohogar.ca\/es\/wp-json\/wp\/v2\/product_tag?post=4390"}],"curies":[{"name":"wp","href":"https:\/\/api.w.org\/{rel}","templated":true}]}}