{"id":4391,"date":"2026-01-12T15:31:53","date_gmt":"2026-01-12T15:31:53","guid":{"rendered":"https:\/\/mercadohogar.ca\/?post_type=product&#038;p=4391"},"modified":"2026-01-17T23:13:55","modified_gmt":"2026-01-17T23:13:55","slug":"andador-rollator-reforzado-con-asiento","status":"publish","type":"product","link":"https:\/\/mercadohogar.ca\/es\/producto\/andador-rollator-reforzado-con-asiento\/","title":{"rendered":"Andador Rollator Reforzado con Asiento"},"content":{"rendered":"<p>Rollator bari\u00e1trico extra ancho de Medline con capacidad de peso de 181 kg. Un rollator le permite caminar con seguridad o sentarse en el asiento acolchado si se cansa. A diferencia de un andador normal, un rollator no implica el levantamiento que requiere un andador normal, lo que hace que caminar sea un proceso m\u00e1s suave. Sin embargo, un rollator requiere que el usuario sea lo suficientemente estable como para no dejar que se le escape, ya que tiene ruedas. Hemos reforzado nuestro rollator b\u00e1sico para adaptarlo a capacidades de peso m\u00e1s elevadas. Nuestro rollator extra ancho de alta resistencia tiene un asiento m\u00e1s ancho y una mayor distancia entre las empu\u00f1aduras para las personas que necesitan, o desean, espacio adicional. NOTA: Este rollator tiene 73,6 cm de ancho y es posible que no quepa por los marcos de las puertas est\u00e1ndar que se encuentran en el hogar. Estructura de aluminio resistente y ligera, pesa 8,6 kg. Ver m\u00e1s grande. M\u00e1s grande que los rollators est\u00e1ndar, con unas medidas de 73,6 cm de ancho x 113 cm de alto x 73,6 cm de profundidad. Ver m\u00e1s grande. Se pliega f\u00e1cilmente para su almacenamiento. Ver m\u00e1s grande. Asiento extra ancho (44,4 cm x 35,5 cm) y mayor distancia entre las empu\u00f1aduras (60 cm). Ver m\u00e1s grande. La cesta puede colocarse debajo del asiento o en la parte delantera (dimensiones de la cesta: 46,9 cm de ancho x 21,5 cm de alto x 14,6 cm de profundidad). Ver m\u00e1s grande. Simplemente abra el asiento para acceder al almacenamiento. Ver m\u00e1s grande. Caracter\u00edsticas: Estructura de aluminio resistente y ligera: pesa 8,6 kg. Dise\u00f1o reforzado para soportar capacidades de peso m\u00e1s elevadas. Mayor distancia entre las empu\u00f1aduras para los usuarios que necesitan espacio adicional. Frenos de estilo bucle que se presionan hacia abajo para bloquear y se tiran hacia arriba para liberar. El respaldo y el asiento acolchados ofrecen a los usuarios la posibilidad de descansar. M\u00e1s grande que los rollators est\u00e1ndar, con unas medidas de 73,6 cm de ancho x 113 cm de alto x 73,6 cm de profundidad (es posible que no quepa por todos los marcos de las puertas). Asiento extra ancho (44,4 cm x 35,5 cm) con bolsillo de velcro debajo. Color burdeos brillante. Soporta hasta 181 kg. Ruedas de 20 cm con horquillas y radios reforzados para mayor resistencia. Se pliega f\u00e1cilmente para su almacenamiento (es posible que no quepa en todos los coches). Las empu\u00f1aduras se ajustan de 80 cm a 95 cm, lo que permite a los usuarios un ajuste m\u00e1s personalizado. Medidas desde el suelo hasta el asiento: 56 cm (no ajustable).       <\/p>\n","protected":false},"excerpt":{"rendered":"<p>Rollator bari\u00e1trico extra ancho de Medline con capacidad de peso de 181 kg. Un rollator le permite caminar con seguridad o sentarse en el asiento acolchado si se cansa. A diferencia de un andador normal, un rollator no implica el levantamiento que requiere un andador normal, lo que hace que caminar sea un proceso m\u00e1s suave. Sin embargo, un rollator [&hellip;]<\/p>\n","protected":false},"featured_media":2596,"template":"","meta":{"_coblocks_attr":"","_coblocks_dimensions":"","_coblocks_responsive_height":"","_coblocks_accordion_ie_support":"","postBodyCss":"","postBodyMargin":[],"postBodyPadding":[],"postBodyBackground":{"backgroundType":"classic","gradient":""}},"product_brand":[],"product_cat":[1049],"product_tag":[],"class_list":{"0":"post-4391","1":"product","2":"type-product","3":"status-publish","4":"has-post-thumbnail","6":"product_cat-wheelchairs-mobility-scooters-and-accessories","7":"product_shipping_class-aerovaradero-general","9":"first","10":"instock","11":"taxable","12":"shipping-taxable","13":"purchasable","14":"product-type-simple"},"yoast_head":"<!-- This site is optimized with the Yoast SEO plugin v27.4 - https:\/\/yoast.com\/product\/yoast-seo-wordpress\/ -->\n<title>Andador Rollator Reforzado con Asiento - Mercado Hogar<\/title>\n<meta name=\"robots\" content=\"index, follow, max-snippet:-1, max-image-preview:large, max-video-preview:-1\" \/>\n<link rel=\"canonical\" href=\"https:\/\/mercadohogar.ca\/es\/producto\/andador-rollator-reforzado-con-asiento\/\" \/>\n<meta property=\"og:locale\" content=\"es_ES\" \/>\n<meta property=\"og:type\" content=\"article\" \/>\n<meta property=\"og:title\" content=\"Andador Rollator Reforzado con Asiento - Mercado Hogar\" \/>\n<meta property=\"og:description\" content=\"Rollator bari\u00e1trico extra ancho de Medline con capacidad de peso de 181 kg. Un rollator le permite caminar con seguridad o sentarse en el asiento acolchado si se cansa. A diferencia de un andador normal, un rollator no implica el levantamiento que requiere un andador normal, lo que hace que caminar sea un proceso m\u00e1s suave. Sin embargo, un rollator [&hellip;]\" \/>\n<meta property=\"og:url\" content=\"https:\/\/mercadohogar.ca\/es\/producto\/andador-rollator-reforzado-con-asiento\/\" \/>\n<meta property=\"og:site_name\" content=\"Mercado Hogar\" \/>\n<meta property=\"article:modified_time\" content=\"2026-01-17T23:13:55+00:00\" \/>\n<meta property=\"og:image\" content=\"https:\/\/mercadohogar.ca\/wp-content\/uploads\/2026\/01\/wp-image-7275917960.jpg\" \/>\n\t<meta property=\"og:image:width\" content=\"1491\" \/>\n\t<meta property=\"og:image:height\" content=\"1500\" \/>\n\t<meta property=\"og:image:type\" content=\"image\/jpeg\" \/>\n<meta name=\"twitter:card\" content=\"summary_large_image\" \/>\n<meta name=\"twitter:label1\" content=\"Tiempo de lectura\" \/>\n\t<meta name=\"twitter:data1\" content=\"2 minutos\" \/>\n<script type=\"application\/ld+json\" class=\"yoast-schema-graph\">{\"@context\":\"https:\\\/\\\/schema.org\",\"@graph\":[{\"@type\":\"WebPage\",\"@id\":\"https:\\\/\\\/mercadohogar.ca\\\/es\\\/producto\\\/andador-rollator-reforzado-con-asiento\\\/\",\"url\":\"https:\\\/\\\/mercadohogar.ca\\\/es\\\/producto\\\/andador-rollator-reforzado-con-asiento\\\/\",\"name\":\"Andador Rollator Reforzado con Asiento - Mercado Hogar\",\"isPartOf\":{\"@id\":\"https:\\\/\\\/mercadohogar.ca\\\/es\\\/#website\"},\"primaryImageOfPage\":{\"@id\":\"https:\\\/\\\/mercadohogar.ca\\\/es\\\/producto\\\/andador-rollator-reforzado-con-asiento\\\/#primaryimage\"},\"image\":{\"@id\":\"https:\\\/\\\/mercadohogar.ca\\\/es\\\/producto\\\/andador-rollator-reforzado-con-asiento\\\/#primaryimage\"},\"thumbnailUrl\":\"https:\\\/\\\/mercadohogar.ca\\\/wp-content\\\/uploads\\\/2026\\\/01\\\/wp-image-7275917960.jpg\",\"datePublished\":\"2026-01-12T15:31:53+00:00\",\"dateModified\":\"2026-01-17T23:13:55+00:00\",\"breadcrumb\":{\"@id\":\"https:\\\/\\\/mercadohogar.ca\\\/es\\\/producto\\\/andador-rollator-reforzado-con-asiento\\\/#breadcrumb\"},\"inLanguage\":\"es\",\"potentialAction\":[{\"@type\":\"ReadAction\",\"target\":[\"https:\\\/\\\/mercadohogar.ca\\\/es\\\/producto\\\/andador-rollator-reforzado-con-asiento\\\/\"]}]},{\"@type\":\"ImageObject\",\"inLanguage\":\"es\",\"@id\":\"https:\\\/\\\/mercadohogar.ca\\\/es\\\/producto\\\/andador-rollator-reforzado-con-asiento\\\/#primaryimage\",\"url\":\"https:\\\/\\\/mercadohogar.ca\\\/wp-content\\\/uploads\\\/2026\\\/01\\\/wp-image-7275917960.jpg\",\"contentUrl\":\"https:\\\/\\\/mercadohogar.ca\\\/wp-content\\\/uploads\\\/2026\\\/01\\\/wp-image-7275917960.jpg\",\"width\":1491,\"height\":1500},{\"@type\":\"BreadcrumbList\",\"@id\":\"https:\\\/\\\/mercadohogar.ca\\\/es\\\/producto\\\/andador-rollator-reforzado-con-asiento\\\/#breadcrumb\",\"itemListElement\":[{\"@type\":\"ListItem\",\"position\":1,\"name\":\"Home\",\"item\":\"https:\\\/\\\/mercadohogar.ca\\\/es\\\/\"},{\"@type\":\"ListItem\",\"position\":2,\"name\":\"Tienda\",\"item\":\"https:\\\/\\\/mercadohogar.ca\\\/es\\\/tienda-2\\\/\"},{\"@type\":\"ListItem\",\"position\":3,\"name\":\"Andador Rollator Reforzado con Asiento\"}]},{\"@type\":\"WebSite\",\"@id\":\"https:\\\/\\\/mercadohogar.ca\\\/es\\\/#website\",\"url\":\"https:\\\/\\\/mercadohogar.ca\\\/es\\\/\",\"name\":\"Mercado Hogar\",\"description\":\"Mercado Hogar\",\"publisher\":{\"@id\":\"https:\\\/\\\/mercadohogar.ca\\\/es\\\/#organization\"},\"potentialAction\":[{\"@type\":\"SearchAction\",\"target\":{\"@type\":\"EntryPoint\",\"urlTemplate\":\"https:\\\/\\\/mercadohogar.ca\\\/es\\\/?s={search_term_string}\"},\"query-input\":{\"@type\":\"PropertyValueSpecification\",\"valueRequired\":true,\"valueName\":\"search_term_string\"}}],\"inLanguage\":\"es\"},{\"@type\":\"Organization\",\"@id\":\"https:\\\/\\\/mercadohogar.ca\\\/es\\\/#organization\",\"name\":\"Mercado Hogar\",\"url\":\"https:\\\/\\\/mercadohogar.ca\\\/es\\\/\",\"logo\":{\"@type\":\"ImageObject\",\"inLanguage\":\"es\",\"@id\":\"https:\\\/\\\/mercadohogar.ca\\\/es\\\/#\\\/schema\\\/logo\\\/image\\\/\",\"url\":\"https:\\\/\\\/mercadohogar.ca\\\/wp-content\\\/uploads\\\/2025\\\/12\\\/MH-LOGO.png\",\"contentUrl\":\"https:\\\/\\\/mercadohogar.ca\\\/wp-content\\\/uploads\\\/2025\\\/12\\\/MH-LOGO.png\",\"width\":1200,\"height\":1200,\"caption\":\"Mercado Hogar\"},\"image\":{\"@id\":\"https:\\\/\\\/mercadohogar.ca\\\/es\\\/#\\\/schema\\\/logo\\\/image\\\/\"}}]}<\/script>\n<!-- \/ Yoast SEO plugin. -->","yoast_head_json":{"title":"Andador Rollator Reforzado con Asiento - Mercado Hogar","robots":{"index":"index","follow":"follow","max-snippet":"max-snippet:-1","max-image-preview":"max-image-preview:large","max-video-preview":"max-video-preview:-1"},"canonical":"https:\/\/mercadohogar.ca\/es\/producto\/andador-rollator-reforzado-con-asiento\/","og_locale":"es_ES","og_type":"article","og_title":"Andador Rollator Reforzado con Asiento - Mercado Hogar","og_description":"Rollator bari\u00e1trico extra ancho de Medline con capacidad de peso de 181 kg. Un rollator le permite caminar con seguridad o sentarse en el asiento acolchado si se cansa. A diferencia de un andador normal, un rollator no implica el levantamiento que requiere un andador normal, lo que hace que caminar sea un proceso m\u00e1s suave. Sin embargo, un rollator [&hellip;]","og_url":"https:\/\/mercadohogar.ca\/es\/producto\/andador-rollator-reforzado-con-asiento\/","og_site_name":"Mercado Hogar","article_modified_time":"2026-01-17T23:13:55+00:00","og_image":[{"width":1491,"height":1500,"url":"https:\/\/mercadohogar.ca\/wp-content\/uploads\/2026\/01\/wp-image-7275917960.jpg","type":"image\/jpeg"}],"twitter_card":"summary_large_image","twitter_misc":{"Tiempo de lectura":"2 minutos"},"schema":{"@context":"https:\/\/schema.org","@graph":[{"@type":"WebPage","@id":"https:\/\/mercadohogar.ca\/es\/producto\/andador-rollator-reforzado-con-asiento\/","url":"https:\/\/mercadohogar.ca\/es\/producto\/andador-rollator-reforzado-con-asiento\/","name":"Andador Rollator Reforzado con Asiento - Mercado Hogar","isPartOf":{"@id":"https:\/\/mercadohogar.ca\/es\/#website"},"primaryImageOfPage":{"@id":"https:\/\/mercadohogar.ca\/es\/producto\/andador-rollator-reforzado-con-asiento\/#primaryimage"},"image":{"@id":"https:\/\/mercadohogar.ca\/es\/producto\/andador-rollator-reforzado-con-asiento\/#primaryimage"},"thumbnailUrl":"https:\/\/mercadohogar.ca\/wp-content\/uploads\/2026\/01\/wp-image-7275917960.jpg","datePublished":"2026-01-12T15:31:53+00:00","dateModified":"2026-01-17T23:13:55+00:00","breadcrumb":{"@id":"https:\/\/mercadohogar.ca\/es\/producto\/andador-rollator-reforzado-con-asiento\/#breadcrumb"},"inLanguage":"es","potentialAction":[{"@type":"ReadAction","target":["https:\/\/mercadohogar.ca\/es\/producto\/andador-rollator-reforzado-con-asiento\/"]}]},{"@type":"ImageObject","inLanguage":"es","@id":"https:\/\/mercadohogar.ca\/es\/producto\/andador-rollator-reforzado-con-asiento\/#primaryimage","url":"https:\/\/mercadohogar.ca\/wp-content\/uploads\/2026\/01\/wp-image-7275917960.jpg","contentUrl":"https:\/\/mercadohogar.ca\/wp-content\/uploads\/2026\/01\/wp-image-7275917960.jpg","width":1491,"height":1500},{"@type":"BreadcrumbList","@id":"https:\/\/mercadohogar.ca\/es\/producto\/andador-rollator-reforzado-con-asiento\/#breadcrumb","itemListElement":[{"@type":"ListItem","position":1,"name":"Home","item":"https:\/\/mercadohogar.ca\/es\/"},{"@type":"ListItem","position":2,"name":"Tienda","item":"https:\/\/mercadohogar.ca\/es\/tienda-2\/"},{"@type":"ListItem","position":3,"name":"Andador Rollator Reforzado con Asiento"}]},{"@type":"WebSite","@id":"https:\/\/mercadohogar.ca\/es\/#website","url":"https:\/\/mercadohogar.ca\/es\/","name":"Mercado Hogar","description":"Mercado Hogar","publisher":{"@id":"https:\/\/mercadohogar.ca\/es\/#organization"},"potentialAction":[{"@type":"SearchAction","target":{"@type":"EntryPoint","urlTemplate":"https:\/\/mercadohogar.ca\/es\/?s={search_term_string}"},"query-input":{"@type":"PropertyValueSpecification","valueRequired":true,"valueName":"search_term_string"}}],"inLanguage":"es"},{"@type":"Organization","@id":"https:\/\/mercadohogar.ca\/es\/#organization","name":"Mercado Hogar","url":"https:\/\/mercadohogar.ca\/es\/","logo":{"@type":"ImageObject","inLanguage":"es","@id":"https:\/\/mercadohogar.ca\/es\/#\/schema\/logo\/image\/","url":"https:\/\/mercadohogar.ca\/wp-content\/uploads\/2025\/12\/MH-LOGO.png","contentUrl":"https:\/\/mercadohogar.ca\/wp-content\/uploads\/2025\/12\/MH-LOGO.png","width":1200,"height":1200,"caption":"Mercado Hogar"},"image":{"@id":"https:\/\/mercadohogar.ca\/es\/#\/schema\/logo\/image\/"}}]}},"jetpack_sharing_enabled":true,"_links":{"self":[{"href":"https:\/\/mercadohogar.ca\/es\/wp-json\/wp\/v2\/product\/4391","targetHints":{"allow":["GET"]}}],"collection":[{"href":"https:\/\/mercadohogar.ca\/es\/wp-json\/wp\/v2\/product"}],"about":[{"href":"https:\/\/mercadohogar.ca\/es\/wp-json\/wp\/v2\/types\/product"}],"version-history":[{"count":1,"href":"https:\/\/mercadohogar.ca\/es\/wp-json\/wp\/v2\/product\/4391\/revisions"}],"predecessor-version":[{"id":4864,"href":"https:\/\/mercadohogar.ca\/es\/wp-json\/wp\/v2\/product\/4391\/revisions\/4864"}],"wp:featuredmedia":[{"embeddable":true,"href":"https:\/\/mercadohogar.ca\/es\/wp-json\/wp\/v2\/media\/2596"}],"wp:attachment":[{"href":"https:\/\/mercadohogar.ca\/es\/wp-json\/wp\/v2\/media?parent=4391"}],"wp:term":[{"taxonomy":"product_brand","embeddable":true,"href":"https:\/\/mercadohogar.ca\/es\/wp-json\/wp\/v2\/product_brand?post=4391"},{"taxonomy":"product_cat","embeddable":true,"href":"https:\/\/mercadohogar.ca\/es\/wp-json\/wp\/v2\/product_cat?post=4391"},{"taxonomy":"product_tag","embeddable":true,"href":"https:\/\/mercadohogar.ca\/es\/wp-json\/wp\/v2\/product_tag?post=4391"}],"curies":[{"name":"wp","href":"https:\/\/api.w.org\/{rel}","templated":true}]}}