{"id":4392,"date":"2026-01-02T01:31:34","date_gmt":"2026-01-02T01:31:34","guid":{"rendered":"https:\/\/mercadohogar.ca\/producto\/recogida-en-taxi-en-el-aeropuerto-de-varadero\/"},"modified":"2026-01-20T15:46:24","modified_gmt":"2026-01-20T15:46:24","slug":"recogida-en-taxi-en-el-aeropuerto-de-varadero","status":"publish","type":"product","link":"https:\/\/mercadohogar.ca\/es\/producto\/recogida-en-taxi-en-el-aeropuerto-de-varadero\/","title":{"rendered":"RECOGIDA EN TAXI EN EL AEROPUERTO DE VARADERO"},"content":{"rendered":"<p><strong>TAXI (RECOGIDA EN EL AEROPUERTO DE VARADERO)<\/strong><\/p>\n<p> Aeropuerto Internacional Juan Gualberto G\u00f3mez Ave. M\u00e1rtires de Barbados Km 5, Carbonera, Matanzas, Cuba <\/p>\n<p>Comienza tu viaje a Varadero sin estr\u00e9s con nuestro fiable servicio de recogida en taxi en el aeropuerto de Varadero. Tanto si viajas por negocios como por placer, nuestro servicio de taxi profesional, puntual y c\u00f3modo te garantiza un traslado sin problemas desde el aeropuerto hasta tu destino. <\/p>\n<p>Con asientos espaciosos y un veh\u00edculo moderno y bien mantenido, puedes relajarte y disfrutar del viaje mientras nosotros nos encargamos de la log\u00edstica. Perfecto para viajeros individuales, parejas o familias, este servicio est\u00e1 dise\u00f1ado para que tu llegada a Varadero sea lo m\u00e1s f\u00e1cil y c\u00f3moda posible. <\/p>\n<p>\u00a1Reserva hoy mismo tu recogida en taxi en el aeropuerto de Varadero en Mercado Hogar y experimenta la facilidad de viajar con nuestro servicio de confianza!<\/p>\n","protected":false},"excerpt":{"rendered":"<p>La cantidad se refiere al n\u00famero de taxis solicitados para el alquiler. Cada taxi puede transportar un m\u00e1ximo de 4 pasajeros, de acuerdo con las normas de seguridad y capacidad. <\/p>\n","protected":false},"featured_media":3054,"template":"","meta":{"_coblocks_attr":"","_coblocks_dimensions":"","_coblocks_responsive_height":"","_coblocks_accordion_ie_support":"","postBodyCss":"","postBodyMargin":[],"postBodyPadding":[],"postBodyBackground":{"backgroundType":"classic","gradient":""}},"product_brand":[],"product_cat":[941],"product_tag":[],"class_list":{"0":"post-4392","1":"product","2":"type-product","3":"status-publish","4":"has-post-thumbnail","6":"product_cat-taxi","8":"first","9":"instock","10":"purchasable","11":"product-type-variable","12":"has-default-attributes"},"yoast_head":"<!-- This site is optimized with the Yoast SEO plugin v27.4 - https:\/\/yoast.com\/product\/yoast-seo-wordpress\/ -->\n<title>RECOGIDA EN TAXI EN EL AEROPUERTO DE VARADERO - Mercado Hogar<\/title>\n<meta name=\"robots\" content=\"index, follow, max-snippet:-1, max-image-preview:large, max-video-preview:-1\" \/>\n<link rel=\"canonical\" href=\"https:\/\/mercadohogar.ca\/es\/producto\/recogida-en-taxi-en-el-aeropuerto-de-varadero\/\" \/>\n<meta property=\"og:locale\" content=\"es_ES\" \/>\n<meta property=\"og:type\" content=\"article\" \/>\n<meta property=\"og:title\" content=\"RECOGIDA EN TAXI EN EL AEROPUERTO DE VARADERO - Mercado Hogar\" \/>\n<meta property=\"og:description\" content=\"La cantidad se refiere al n\u00famero de taxis solicitados para el alquiler. Cada taxi puede transportar un m\u00e1ximo de 4 pasajeros, de acuerdo con las normas de seguridad y capacidad.\" \/>\n<meta property=\"og:url\" content=\"https:\/\/mercadohogar.ca\/es\/producto\/recogida-en-taxi-en-el-aeropuerto-de-varadero\/\" \/>\n<meta property=\"og:site_name\" content=\"Mercado Hogar\" \/>\n<meta property=\"article:modified_time\" content=\"2026-01-20T15:46:24+00:00\" \/>\n<meta property=\"og:image\" content=\"https:\/\/mercadohogar.ca\/wp-content\/uploads\/2026\/01\/wp-image-7732396800-1024x683.png\" \/>\n\t<meta property=\"og:image:width\" content=\"1024\" \/>\n\t<meta property=\"og:image:height\" content=\"683\" \/>\n\t<meta property=\"og:image:type\" content=\"image\/png\" \/>\n<meta name=\"twitter:card\" content=\"summary_large_image\" \/>\n<meta name=\"twitter:label1\" content=\"Tiempo de lectura\" \/>\n\t<meta name=\"twitter:data1\" content=\"1 minuto\" \/>\n<script type=\"application\/ld+json\" class=\"yoast-schema-graph\">{\"@context\":\"https:\\\/\\\/schema.org\",\"@graph\":[{\"@type\":\"WebPage\",\"@id\":\"https:\\\/\\\/mercadohogar.ca\\\/es\\\/producto\\\/recogida-en-taxi-en-el-aeropuerto-de-varadero\\\/\",\"url\":\"https:\\\/\\\/mercadohogar.ca\\\/es\\\/producto\\\/recogida-en-taxi-en-el-aeropuerto-de-varadero\\\/\",\"name\":\"RECOGIDA EN TAXI EN EL AEROPUERTO DE VARADERO - Mercado Hogar\",\"isPartOf\":{\"@id\":\"https:\\\/\\\/mercadohogar.ca\\\/es\\\/#website\"},\"primaryImageOfPage\":{\"@id\":\"https:\\\/\\\/mercadohogar.ca\\\/es\\\/producto\\\/recogida-en-taxi-en-el-aeropuerto-de-varadero\\\/#primaryimage\"},\"image\":{\"@id\":\"https:\\\/\\\/mercadohogar.ca\\\/es\\\/producto\\\/recogida-en-taxi-en-el-aeropuerto-de-varadero\\\/#primaryimage\"},\"thumbnailUrl\":\"https:\\\/\\\/mercadohogar.ca\\\/wp-content\\\/uploads\\\/2026\\\/01\\\/wp-image-7732396800.png\",\"datePublished\":\"2026-01-02T01:31:34+00:00\",\"dateModified\":\"2026-01-20T15:46:24+00:00\",\"breadcrumb\":{\"@id\":\"https:\\\/\\\/mercadohogar.ca\\\/es\\\/producto\\\/recogida-en-taxi-en-el-aeropuerto-de-varadero\\\/#breadcrumb\"},\"inLanguage\":\"es\",\"potentialAction\":[{\"@type\":\"ReadAction\",\"target\":[\"https:\\\/\\\/mercadohogar.ca\\\/es\\\/producto\\\/recogida-en-taxi-en-el-aeropuerto-de-varadero\\\/\"]}]},{\"@type\":\"ImageObject\",\"inLanguage\":\"es\",\"@id\":\"https:\\\/\\\/mercadohogar.ca\\\/es\\\/producto\\\/recogida-en-taxi-en-el-aeropuerto-de-varadero\\\/#primaryimage\",\"url\":\"https:\\\/\\\/mercadohogar.ca\\\/wp-content\\\/uploads\\\/2026\\\/01\\\/wp-image-7732396800.png\",\"contentUrl\":\"https:\\\/\\\/mercadohogar.ca\\\/wp-content\\\/uploads\\\/2026\\\/01\\\/wp-image-7732396800.png\",\"width\":1536,\"height\":1024},{\"@type\":\"BreadcrumbList\",\"@id\":\"https:\\\/\\\/mercadohogar.ca\\\/es\\\/producto\\\/recogida-en-taxi-en-el-aeropuerto-de-varadero\\\/#breadcrumb\",\"itemListElement\":[{\"@type\":\"ListItem\",\"position\":1,\"name\":\"Home\",\"item\":\"https:\\\/\\\/mercadohogar.ca\\\/es\\\/\"},{\"@type\":\"ListItem\",\"position\":2,\"name\":\"Tienda\",\"item\":\"https:\\\/\\\/mercadohogar.ca\\\/es\\\/tienda-2\\\/\"},{\"@type\":\"ListItem\",\"position\":3,\"name\":\"RECOGIDA EN TAXI EN EL AEROPUERTO DE VARADERO\"}]},{\"@type\":\"WebSite\",\"@id\":\"https:\\\/\\\/mercadohogar.ca\\\/es\\\/#website\",\"url\":\"https:\\\/\\\/mercadohogar.ca\\\/es\\\/\",\"name\":\"Mercado Hogar\",\"description\":\"Mercado Hogar\",\"publisher\":{\"@id\":\"https:\\\/\\\/mercadohogar.ca\\\/es\\\/#organization\"},\"potentialAction\":[{\"@type\":\"SearchAction\",\"target\":{\"@type\":\"EntryPoint\",\"urlTemplate\":\"https:\\\/\\\/mercadohogar.ca\\\/es\\\/?s={search_term_string}\"},\"query-input\":{\"@type\":\"PropertyValueSpecification\",\"valueRequired\":true,\"valueName\":\"search_term_string\"}}],\"inLanguage\":\"es\"},{\"@type\":\"Organization\",\"@id\":\"https:\\\/\\\/mercadohogar.ca\\\/es\\\/#organization\",\"name\":\"Mercado Hogar\",\"url\":\"https:\\\/\\\/mercadohogar.ca\\\/es\\\/\",\"logo\":{\"@type\":\"ImageObject\",\"inLanguage\":\"es\",\"@id\":\"https:\\\/\\\/mercadohogar.ca\\\/es\\\/#\\\/schema\\\/logo\\\/image\\\/\",\"url\":\"https:\\\/\\\/mercadohogar.ca\\\/wp-content\\\/uploads\\\/2025\\\/12\\\/MH-LOGO.png\",\"contentUrl\":\"https:\\\/\\\/mercadohogar.ca\\\/wp-content\\\/uploads\\\/2025\\\/12\\\/MH-LOGO.png\",\"width\":1200,\"height\":1200,\"caption\":\"Mercado Hogar\"},\"image\":{\"@id\":\"https:\\\/\\\/mercadohogar.ca\\\/es\\\/#\\\/schema\\\/logo\\\/image\\\/\"}}]}<\/script>\n<!-- \/ Yoast SEO plugin. -->","yoast_head_json":{"title":"RECOGIDA EN TAXI EN EL AEROPUERTO DE VARADERO - Mercado Hogar","robots":{"index":"index","follow":"follow","max-snippet":"max-snippet:-1","max-image-preview":"max-image-preview:large","max-video-preview":"max-video-preview:-1"},"canonical":"https:\/\/mercadohogar.ca\/es\/producto\/recogida-en-taxi-en-el-aeropuerto-de-varadero\/","og_locale":"es_ES","og_type":"article","og_title":"RECOGIDA EN TAXI EN EL AEROPUERTO DE VARADERO - Mercado Hogar","og_description":"La cantidad se refiere al n\u00famero de taxis solicitados para el alquiler. Cada taxi puede transportar un m\u00e1ximo de 4 pasajeros, de acuerdo con las normas de seguridad y capacidad.","og_url":"https:\/\/mercadohogar.ca\/es\/producto\/recogida-en-taxi-en-el-aeropuerto-de-varadero\/","og_site_name":"Mercado Hogar","article_modified_time":"2026-01-20T15:46:24+00:00","og_image":[{"width":1024,"height":683,"url":"https:\/\/mercadohogar.ca\/wp-content\/uploads\/2026\/01\/wp-image-7732396800-1024x683.png","type":"image\/png"}],"twitter_card":"summary_large_image","twitter_misc":{"Tiempo de lectura":"1 minuto"},"schema":{"@context":"https:\/\/schema.org","@graph":[{"@type":"WebPage","@id":"https:\/\/mercadohogar.ca\/es\/producto\/recogida-en-taxi-en-el-aeropuerto-de-varadero\/","url":"https:\/\/mercadohogar.ca\/es\/producto\/recogida-en-taxi-en-el-aeropuerto-de-varadero\/","name":"RECOGIDA EN TAXI EN EL AEROPUERTO DE VARADERO - Mercado Hogar","isPartOf":{"@id":"https:\/\/mercadohogar.ca\/es\/#website"},"primaryImageOfPage":{"@id":"https:\/\/mercadohogar.ca\/es\/producto\/recogida-en-taxi-en-el-aeropuerto-de-varadero\/#primaryimage"},"image":{"@id":"https:\/\/mercadohogar.ca\/es\/producto\/recogida-en-taxi-en-el-aeropuerto-de-varadero\/#primaryimage"},"thumbnailUrl":"https:\/\/mercadohogar.ca\/wp-content\/uploads\/2026\/01\/wp-image-7732396800.png","datePublished":"2026-01-02T01:31:34+00:00","dateModified":"2026-01-20T15:46:24+00:00","breadcrumb":{"@id":"https:\/\/mercadohogar.ca\/es\/producto\/recogida-en-taxi-en-el-aeropuerto-de-varadero\/#breadcrumb"},"inLanguage":"es","potentialAction":[{"@type":"ReadAction","target":["https:\/\/mercadohogar.ca\/es\/producto\/recogida-en-taxi-en-el-aeropuerto-de-varadero\/"]}]},{"@type":"ImageObject","inLanguage":"es","@id":"https:\/\/mercadohogar.ca\/es\/producto\/recogida-en-taxi-en-el-aeropuerto-de-varadero\/#primaryimage","url":"https:\/\/mercadohogar.ca\/wp-content\/uploads\/2026\/01\/wp-image-7732396800.png","contentUrl":"https:\/\/mercadohogar.ca\/wp-content\/uploads\/2026\/01\/wp-image-7732396800.png","width":1536,"height":1024},{"@type":"BreadcrumbList","@id":"https:\/\/mercadohogar.ca\/es\/producto\/recogida-en-taxi-en-el-aeropuerto-de-varadero\/#breadcrumb","itemListElement":[{"@type":"ListItem","position":1,"name":"Home","item":"https:\/\/mercadohogar.ca\/es\/"},{"@type":"ListItem","position":2,"name":"Tienda","item":"https:\/\/mercadohogar.ca\/es\/tienda-2\/"},{"@type":"ListItem","position":3,"name":"RECOGIDA EN TAXI EN EL AEROPUERTO DE VARADERO"}]},{"@type":"WebSite","@id":"https:\/\/mercadohogar.ca\/es\/#website","url":"https:\/\/mercadohogar.ca\/es\/","name":"Mercado Hogar","description":"Mercado Hogar","publisher":{"@id":"https:\/\/mercadohogar.ca\/es\/#organization"},"potentialAction":[{"@type":"SearchAction","target":{"@type":"EntryPoint","urlTemplate":"https:\/\/mercadohogar.ca\/es\/?s={search_term_string}"},"query-input":{"@type":"PropertyValueSpecification","valueRequired":true,"valueName":"search_term_string"}}],"inLanguage":"es"},{"@type":"Organization","@id":"https:\/\/mercadohogar.ca\/es\/#organization","name":"Mercado Hogar","url":"https:\/\/mercadohogar.ca\/es\/","logo":{"@type":"ImageObject","inLanguage":"es","@id":"https:\/\/mercadohogar.ca\/es\/#\/schema\/logo\/image\/","url":"https:\/\/mercadohogar.ca\/wp-content\/uploads\/2025\/12\/MH-LOGO.png","contentUrl":"https:\/\/mercadohogar.ca\/wp-content\/uploads\/2025\/12\/MH-LOGO.png","width":1200,"height":1200,"caption":"Mercado Hogar"},"image":{"@id":"https:\/\/mercadohogar.ca\/es\/#\/schema\/logo\/image\/"}}]}},"jetpack_sharing_enabled":true,"_links":{"self":[{"href":"https:\/\/mercadohogar.ca\/es\/wp-json\/wp\/v2\/product\/4392","targetHints":{"allow":["GET"]}}],"collection":[{"href":"https:\/\/mercadohogar.ca\/es\/wp-json\/wp\/v2\/product"}],"about":[{"href":"https:\/\/mercadohogar.ca\/es\/wp-json\/wp\/v2\/types\/product"}],"version-history":[{"count":1,"href":"https:\/\/mercadohogar.ca\/es\/wp-json\/wp\/v2\/product\/4392\/revisions"}],"predecessor-version":[{"id":5419,"href":"https:\/\/mercadohogar.ca\/es\/wp-json\/wp\/v2\/product\/4392\/revisions\/5419"}],"wp:featuredmedia":[{"embeddable":true,"href":"https:\/\/mercadohogar.ca\/es\/wp-json\/wp\/v2\/media\/3054"}],"wp:attachment":[{"href":"https:\/\/mercadohogar.ca\/es\/wp-json\/wp\/v2\/media?parent=4392"}],"wp:term":[{"taxonomy":"product_brand","embeddable":true,"href":"https:\/\/mercadohogar.ca\/es\/wp-json\/wp\/v2\/product_brand?post=4392"},{"taxonomy":"product_cat","embeddable":true,"href":"https:\/\/mercadohogar.ca\/es\/wp-json\/wp\/v2\/product_cat?post=4392"},{"taxonomy":"product_tag","embeddable":true,"href":"https:\/\/mercadohogar.ca\/es\/wp-json\/wp\/v2\/product_tag?post=4392"}],"curies":[{"name":"wp","href":"https:\/\/api.w.org\/{rel}","templated":true}]}}