{"id":4396,"date":"2026-01-12T15:31:51","date_gmt":"2026-01-12T15:31:51","guid":{"rendered":"https:\/\/mercadohogar.ca\/?post_type=product&#038;p=4396"},"modified":"2026-01-17T23:13:56","modified_gmt":"2026-01-17T23:13:56","slug":"hisense-clase-43-tv-lcd-led-4k-uhd","status":"publish","type":"product","link":"https:\/\/mercadohogar.ca\/es\/product\/hisense-clase-43-tv-lcd-led-4k-uhd\/","title":{"rendered":"Hisense Clase 43 \u2013 TV LCD LED 4K UHD"},"content":{"rendered":"<p>\u00bfQu\u00e9 incluye?<\/p>\n<div>TV<\/div>\n<div>Soporte<\/div>\n<div>Mando a distancia<\/div>\n<div>Cable de alimentaci\u00f3n<\/div>\n<div>QSG (Gu\u00eda de inicio r\u00e1pido)<\/div>\n<div>Manual<\/div>\n<div>2 pilas (AAA)<\/div>\n<div>La pantalla de 43 pulgadas ofrece una calidad de imagen 4K UHD para una claridad asombrosa, con mejora de resoluci\u00f3n 4K disponible para contenido de menor resoluci\u00f3n<\/div>\n<div>La tecnolog\u00eda HDR10 y Dolby Vision mejora el brillo, el color y el contraste para una visualizaci\u00f3n m\u00e1s realista<\/div>\n<div>MR120 y ALLM optimizan la configuraci\u00f3n de tu televisor para permitir respuestas fluidas y sin retrasos, incluso al ver pel\u00edculas llenas de acci\u00f3n o jugar juegos de ritmo r\u00e1pido<\/div>\n<div>La tecnolog\u00eda de retroiluminaci\u00f3n Full Array garantiza un brillo uniforme en toda la pantalla<\/div>\n<div>El sistema operativo Roku TV ofrece funciones intuitivas y un mando a distancia f\u00e1cil de usar para acceder con un solo toque a tus aplicaciones favoritas<\/div>\n<div>Precargado con aplicaciones de Netflix, YouTube, Amazon y Disney+ para tu comodidad (es posible que se requieran suscripciones)<\/div>\n<p>V\u00eddeo <\/p>\n<div>Tama\u00f1o de pantalla: 43 in<\/div>\n<div>Resoluci\u00f3n: 4K Ultra HD<\/div>\n<div>Tecnolog\u00eda de pantalla de TV: LED<\/div>\n<div>Tecnolog\u00eda de retroiluminaci\u00f3n: Atenuaci\u00f3n local de matriz completa<\/div>\n<div>Alto rango din\u00e1mico (HDR): S\u00ed<\/div>\n<div>Frecuencia de actualizaci\u00f3n: 60 Hz<\/div>\n<div>Tecnolog\u00eda de mejora de movimiento: MR 120<\/div>\n<div>Forma del panel: Plano<\/div>\n<div><\/div>\n<div>Audio<\/div>\n<div>Mejora de audio: DTS Virtual:X<\/div>\n<div>Configuraci\u00f3n de altavoces: Inferior<\/div>\n<div>Potencia de salida del altavoz: 7 W x 2<\/div>\n<div><\/div>\n<div>Entradas\/Salidas<\/div>\n<div>Entradas HDMI: 3<\/div>\n<div>Salidas de audio digital \u00f3pticas: 1 \u2013 Trasera<\/div>\n<div>Toma de auriculares: Lateral<\/div>\n<div>Puerto USB multimedia: 1 \u2013 Trasero<\/div>\n<div>Conectividad a Internet: Wi-Fi<\/div>\n<div>Bluetooth: No<\/div>\n<div>Funciona con Apple AirPlay: No<\/div>\n<div>Chromecast integrado: No<\/div>\n<div>Sistema operativo de TV: Roku TV<\/div>\n<div>Aplicaciones precargadas: Netflix; YouTube; Amazon; Disney+<\/div>\n<div>Control de movimiento: No<\/div>\n<div>Control por voz: No<\/div>\n<div>Funciona con el Asistente de Google: S\u00ed<\/div>\n<div>Funciona con Amazon Alexa: S\u00ed<\/div>\n<div>Consumo t\u00edpico: 100 W<\/div>\n<div>Modo de ahorro de energ\u00eda: S\u00ed<\/div>\n<div>Certificaci\u00f3n ENERGY STAR: No<\/div>\n<div><\/div>\n<div>Caracter\u00edsticas f\u00edsicas<\/div>\n<div>Color del gabinete: Negro<\/div>\n<div>Montaje en pared: Opcional<\/div>\n<div>Especificaci\u00f3n de montaje en pared: 200 x 300<\/div>\n<div><\/div>\n<div>Dimensiones con soporte<\/div>\n<div>Ancho con soporte: 96,3 cm<\/div>\n<div>Altura con soporte: 61,4 cm<\/div>\n<div>Profundidad con soporte: 19,6 cm<\/div>\n<div>Ancho con soporte (pulgadas): 37,9 in<\/div>\n<div>Altura con soporte (pulgadas): 24,2 in<\/div>\n<div>Profundidad con soporte (pulgadas): 7,7 in<\/div>\n<div>Peso con soporte: 6,9 kg<\/div>\n<div><\/div>\n<div>Dimensiones sin soporte<\/div>\n<div>Ancho sin soporte: 96,3 cm<\/div>\n<div>Altura sin soporte: 56 cm<\/div>\n<div>Profundidad sin soporte: 7,4 cm<\/div>\n<div>Ancho sin soporte (pulgadas): 37,9 in<\/div>\n<div>Altura sin soporte (pulgadas): 22 in<\/div>\n<div>Profundidad sin soporte (pulgadas): 2,9 in<\/div>\n<div>Peso sin soporte: 6,9 kg<\/div>\n<p><\/p>\n","protected":false},"excerpt":{"rendered":"<p>\u00bfQu\u00e9 incluye? TV Soporte Mando a distancia Cable de alimentaci\u00f3n QSG (Gu\u00eda de inicio r\u00e1pido) Manual 2 pilas (AAA) La pantalla de 43 pulgadas ofrece una calidad de imagen 4K&hellip;<\/p>\n","protected":false},"featured_media":2610,"template":"","meta":[],"product_brand":[],"product_cat":[988],"product_tag":[],"class_list":{"0":"post-4396","1":"product","2":"type-product","3":"status-publish","4":"has-post-thumbnail","6":"product_cat-electrodomesticos","7":"product_shipping_class-aerovaradero-general","9":"first","10":"instock","11":"shipping-taxable","12":"purchasable","13":"product-type-simple"},"_links":{"self":[{"href":"https:\/\/mercadohogar.ca\/es\/wp-json\/wp\/v2\/product\/4396","targetHints":{"allow":["GET"]}}],"collection":[{"href":"https:\/\/mercadohogar.ca\/es\/wp-json\/wp\/v2\/product"}],"about":[{"href":"https:\/\/mercadohogar.ca\/es\/wp-json\/wp\/v2\/types\/product"}],"version-history":[{"count":1,"href":"https:\/\/mercadohogar.ca\/es\/wp-json\/wp\/v2\/product\/4396\/revisions"}],"predecessor-version":[{"id":4862,"href":"https:\/\/mercadohogar.ca\/es\/wp-json\/wp\/v2\/product\/4396\/revisions\/4862"}],"wp:featuredmedia":[{"embeddable":true,"href":"https:\/\/mercadohogar.ca\/es\/wp-json\/wp\/v2\/media\/2610"}],"wp:attachment":[{"href":"https:\/\/mercadohogar.ca\/es\/wp-json\/wp\/v2\/media?parent=4396"}],"wp:term":[{"taxonomy":"product_brand","embeddable":true,"href":"https:\/\/mercadohogar.ca\/es\/wp-json\/wp\/v2\/product_brand?post=4396"},{"taxonomy":"product_cat","embeddable":true,"href":"https:\/\/mercadohogar.ca\/es\/wp-json\/wp\/v2\/product_cat?post=4396"},{"taxonomy":"product_tag","embeddable":true,"href":"https:\/\/mercadohogar.ca\/es\/wp-json\/wp\/v2\/product_tag?post=4396"}],"curies":[{"name":"wp","href":"https:\/\/api.w.org\/{rel}","templated":true}]}}