{"id":4397,"date":"2026-01-12T15:31:49","date_gmt":"2026-01-12T15:31:49","guid":{"rendered":"https:\/\/mercadohogar.ca\/?post_type=product&#038;p=4397"},"modified":"2026-01-17T23:14:00","modified_gmt":"2026-01-17T23:14:00","slug":"hisense-led-hdr-4k-uhd-de-50-pulgadas","status":"publish","type":"product","link":"https:\/\/mercadohogar.ca\/es\/producto\/hisense-led-hdr-4k-uhd-de-50-pulgadas\/","title":{"rendered":"Hisense LED HDR 4K UHD de 50 pulgadas"},"content":{"rendered":"<p>ESCALADOR 4K CON IA: Experimente una calidad 4K sin igual con el innovador escalador 4K con IA de Hisense. A diferencia del escalado tradicional, calcula los colores de los p\u00edxeles vecinos, restaurando los detalles perdidos y reduciendo el ruido de la imagen. Mejore su experiencia visual con una calidad de imagen refinada para todos sus contenidos favoritos.  <\/p>\n<div>COLOR DE PRECISI\u00d3N: Deje que los colores vuelvan a su estado natural. Experimente colores realistas, mejorando los paisajes naturales y manteniendo rostros humanos realistas con un an\u00e1lisis algor\u00edtmico preciso. <\/div>\n<div>DTS: DTS Studio Sound ofrece un conjunto de mejoras de audio premium dise\u00f1ado para crear la experiencia auditiva m\u00e1s inmersiva y realista.<\/div>\n<div>ROKU TV: Disfrute de un entretenimiento perfecto con Roku TV, eliminando la necesidad de cambiar entre aplicaciones y accediendo a una amplia gama de contenido adaptado a sus preferencias, incluidas recomendaciones seleccionadas y una funci\u00f3n de b\u00fasqueda robusta en una vasta biblioteca de m\u00e1s de 150 000 pel\u00edculas y episodios de TV.<\/div>\n<div>GAME MODE PLUS: \u00a1Se buscan jugadores serios! Con una potente combinaci\u00f3n de frecuencia de actualizaci\u00f3n variable de 60 Hz y modo autom\u00e1tico de baja latencia, conquista a cualquier oponente con una jugabilidad fluida y sin interrupciones en la pantalla. \u00a1Sube de nivel y domina el juego!  <\/div>\n","protected":false},"excerpt":{"rendered":"<p>ESCALADOR 4K CON IA: Experimente una calidad 4K sin igual con el innovador escalador 4K con IA de Hisense. A diferencia del escalado tradicional, calcula los colores de los p\u00edxeles vecinos, restaurando los detalles perdidos y reduciendo el ruido de la imagen. Mejore su experiencia visual con una calidad de imagen refinada para todos sus contenidos favoritos. COLOR DE PRECISI\u00d3N: [&hellip;]<\/p>\n","protected":false},"featured_media":2615,"template":"","meta":{"_coblocks_attr":"","_coblocks_dimensions":"","_coblocks_responsive_height":"","_coblocks_accordion_ie_support":"","postBodyCss":"","postBodyMargin":[],"postBodyPadding":[],"postBodyBackground":{"backgroundType":"classic","gradient":""}},"product_brand":[],"product_cat":[898],"product_tag":[],"class_list":{"0":"post-4397","1":"product","2":"type-product","3":"status-publish","4":"has-post-thumbnail","6":"product_cat-appliances","7":"product_shipping_class-aerovaradero-general","9":"first","10":"instock","11":"taxable","12":"shipping-taxable","13":"purchasable","14":"product-type-simple"},"yoast_head":"<!-- This site is optimized with the Yoast SEO plugin v27.4 - https:\/\/yoast.com\/product\/yoast-seo-wordpress\/ -->\n<title>Hisense LED HDR 4K UHD de 50 pulgadas - Mercado Hogar<\/title>\n<meta name=\"robots\" content=\"index, follow, max-snippet:-1, max-image-preview:large, max-video-preview:-1\" \/>\n<link rel=\"canonical\" href=\"https:\/\/mercadohogar.ca\/es\/producto\/hisense-led-hdr-4k-uhd-de-50-pulgadas\/\" \/>\n<meta property=\"og:locale\" content=\"es_ES\" \/>\n<meta property=\"og:type\" content=\"article\" \/>\n<meta property=\"og:title\" content=\"Hisense LED HDR 4K UHD de 50 pulgadas - Mercado Hogar\" \/>\n<meta property=\"og:description\" content=\"ESCALADOR 4K CON IA: Experimente una calidad 4K sin igual con el innovador escalador 4K con IA de Hisense. A diferencia del escalado tradicional, calcula los colores de los p\u00edxeles vecinos, restaurando los detalles perdidos y reduciendo el ruido de la imagen. Mejore su experiencia visual con una calidad de imagen refinada para todos sus contenidos favoritos. COLOR DE PRECISI\u00d3N: [&hellip;]\" \/>\n<meta property=\"og:url\" content=\"https:\/\/mercadohogar.ca\/es\/producto\/hisense-led-hdr-4k-uhd-de-50-pulgadas\/\" \/>\n<meta property=\"og:site_name\" content=\"Mercado Hogar\" \/>\n<meta property=\"article:modified_time\" content=\"2026-01-17T23:14:00+00:00\" \/>\n<meta property=\"og:image\" content=\"https:\/\/mercadohogar.ca\/wp-content\/uploads\/2026\/01\/wp-image-7275868170.jpg\" \/>\n\t<meta property=\"og:image:width\" content=\"1500\" \/>\n\t<meta property=\"og:image:height\" content=\"961\" \/>\n\t<meta property=\"og:image:type\" content=\"image\/jpeg\" \/>\n<meta name=\"twitter:card\" content=\"summary_large_image\" \/>\n<meta name=\"twitter:label1\" content=\"Tiempo de lectura\" \/>\n\t<meta name=\"twitter:data1\" content=\"1 minuto\" \/>\n<script type=\"application\/ld+json\" class=\"yoast-schema-graph\">{\"@context\":\"https:\\\/\\\/schema.org\",\"@graph\":[{\"@type\":\"WebPage\",\"@id\":\"https:\\\/\\\/mercadohogar.ca\\\/es\\\/producto\\\/hisense-led-hdr-4k-uhd-de-50-pulgadas\\\/\",\"url\":\"https:\\\/\\\/mercadohogar.ca\\\/es\\\/producto\\\/hisense-led-hdr-4k-uhd-de-50-pulgadas\\\/\",\"name\":\"Hisense LED HDR 4K UHD de 50 pulgadas - Mercado Hogar\",\"isPartOf\":{\"@id\":\"https:\\\/\\\/mercadohogar.ca\\\/es\\\/#website\"},\"primaryImageOfPage\":{\"@id\":\"https:\\\/\\\/mercadohogar.ca\\\/es\\\/producto\\\/hisense-led-hdr-4k-uhd-de-50-pulgadas\\\/#primaryimage\"},\"image\":{\"@id\":\"https:\\\/\\\/mercadohogar.ca\\\/es\\\/producto\\\/hisense-led-hdr-4k-uhd-de-50-pulgadas\\\/#primaryimage\"},\"thumbnailUrl\":\"https:\\\/\\\/mercadohogar.ca\\\/wp-content\\\/uploads\\\/2026\\\/01\\\/wp-image-7275868170.jpg\",\"datePublished\":\"2026-01-12T15:31:49+00:00\",\"dateModified\":\"2026-01-17T23:14:00+00:00\",\"breadcrumb\":{\"@id\":\"https:\\\/\\\/mercadohogar.ca\\\/es\\\/producto\\\/hisense-led-hdr-4k-uhd-de-50-pulgadas\\\/#breadcrumb\"},\"inLanguage\":\"es\",\"potentialAction\":[{\"@type\":\"ReadAction\",\"target\":[\"https:\\\/\\\/mercadohogar.ca\\\/es\\\/producto\\\/hisense-led-hdr-4k-uhd-de-50-pulgadas\\\/\"]}]},{\"@type\":\"ImageObject\",\"inLanguage\":\"es\",\"@id\":\"https:\\\/\\\/mercadohogar.ca\\\/es\\\/producto\\\/hisense-led-hdr-4k-uhd-de-50-pulgadas\\\/#primaryimage\",\"url\":\"https:\\\/\\\/mercadohogar.ca\\\/wp-content\\\/uploads\\\/2026\\\/01\\\/wp-image-7275868170.jpg\",\"contentUrl\":\"https:\\\/\\\/mercadohogar.ca\\\/wp-content\\\/uploads\\\/2026\\\/01\\\/wp-image-7275868170.jpg\",\"width\":1500,\"height\":961},{\"@type\":\"BreadcrumbList\",\"@id\":\"https:\\\/\\\/mercadohogar.ca\\\/es\\\/producto\\\/hisense-led-hdr-4k-uhd-de-50-pulgadas\\\/#breadcrumb\",\"itemListElement\":[{\"@type\":\"ListItem\",\"position\":1,\"name\":\"Home\",\"item\":\"https:\\\/\\\/mercadohogar.ca\\\/es\\\/\"},{\"@type\":\"ListItem\",\"position\":2,\"name\":\"Tienda\",\"item\":\"https:\\\/\\\/mercadohogar.ca\\\/es\\\/tienda-2\\\/\"},{\"@type\":\"ListItem\",\"position\":3,\"name\":\"Hisense LED HDR 4K UHD de 50 pulgadas\"}]},{\"@type\":\"WebSite\",\"@id\":\"https:\\\/\\\/mercadohogar.ca\\\/es\\\/#website\",\"url\":\"https:\\\/\\\/mercadohogar.ca\\\/es\\\/\",\"name\":\"Mercado Hogar\",\"description\":\"Mercado Hogar\",\"publisher\":{\"@id\":\"https:\\\/\\\/mercadohogar.ca\\\/es\\\/#organization\"},\"potentialAction\":[{\"@type\":\"SearchAction\",\"target\":{\"@type\":\"EntryPoint\",\"urlTemplate\":\"https:\\\/\\\/mercadohogar.ca\\\/es\\\/?s={search_term_string}\"},\"query-input\":{\"@type\":\"PropertyValueSpecification\",\"valueRequired\":true,\"valueName\":\"search_term_string\"}}],\"inLanguage\":\"es\"},{\"@type\":\"Organization\",\"@id\":\"https:\\\/\\\/mercadohogar.ca\\\/es\\\/#organization\",\"name\":\"Mercado Hogar\",\"url\":\"https:\\\/\\\/mercadohogar.ca\\\/es\\\/\",\"logo\":{\"@type\":\"ImageObject\",\"inLanguage\":\"es\",\"@id\":\"https:\\\/\\\/mercadohogar.ca\\\/es\\\/#\\\/schema\\\/logo\\\/image\\\/\",\"url\":\"https:\\\/\\\/mercadohogar.ca\\\/wp-content\\\/uploads\\\/2025\\\/12\\\/MH-LOGO.png\",\"contentUrl\":\"https:\\\/\\\/mercadohogar.ca\\\/wp-content\\\/uploads\\\/2025\\\/12\\\/MH-LOGO.png\",\"width\":1200,\"height\":1200,\"caption\":\"Mercado Hogar\"},\"image\":{\"@id\":\"https:\\\/\\\/mercadohogar.ca\\\/es\\\/#\\\/schema\\\/logo\\\/image\\\/\"}}]}<\/script>\n<!-- \/ Yoast SEO plugin. -->","yoast_head_json":{"title":"Hisense LED HDR 4K UHD de 50 pulgadas - Mercado Hogar","robots":{"index":"index","follow":"follow","max-snippet":"max-snippet:-1","max-image-preview":"max-image-preview:large","max-video-preview":"max-video-preview:-1"},"canonical":"https:\/\/mercadohogar.ca\/es\/producto\/hisense-led-hdr-4k-uhd-de-50-pulgadas\/","og_locale":"es_ES","og_type":"article","og_title":"Hisense LED HDR 4K UHD de 50 pulgadas - Mercado Hogar","og_description":"ESCALADOR 4K CON IA: Experimente una calidad 4K sin igual con el innovador escalador 4K con IA de Hisense. A diferencia del escalado tradicional, calcula los colores de los p\u00edxeles vecinos, restaurando los detalles perdidos y reduciendo el ruido de la imagen. Mejore su experiencia visual con una calidad de imagen refinada para todos sus contenidos favoritos. COLOR DE PRECISI\u00d3N: [&hellip;]","og_url":"https:\/\/mercadohogar.ca\/es\/producto\/hisense-led-hdr-4k-uhd-de-50-pulgadas\/","og_site_name":"Mercado Hogar","article_modified_time":"2026-01-17T23:14:00+00:00","og_image":[{"width":1500,"height":961,"url":"https:\/\/mercadohogar.ca\/wp-content\/uploads\/2026\/01\/wp-image-7275868170.jpg","type":"image\/jpeg"}],"twitter_card":"summary_large_image","twitter_misc":{"Tiempo de lectura":"1 minuto"},"schema":{"@context":"https:\/\/schema.org","@graph":[{"@type":"WebPage","@id":"https:\/\/mercadohogar.ca\/es\/producto\/hisense-led-hdr-4k-uhd-de-50-pulgadas\/","url":"https:\/\/mercadohogar.ca\/es\/producto\/hisense-led-hdr-4k-uhd-de-50-pulgadas\/","name":"Hisense LED HDR 4K UHD de 50 pulgadas - Mercado Hogar","isPartOf":{"@id":"https:\/\/mercadohogar.ca\/es\/#website"},"primaryImageOfPage":{"@id":"https:\/\/mercadohogar.ca\/es\/producto\/hisense-led-hdr-4k-uhd-de-50-pulgadas\/#primaryimage"},"image":{"@id":"https:\/\/mercadohogar.ca\/es\/producto\/hisense-led-hdr-4k-uhd-de-50-pulgadas\/#primaryimage"},"thumbnailUrl":"https:\/\/mercadohogar.ca\/wp-content\/uploads\/2026\/01\/wp-image-7275868170.jpg","datePublished":"2026-01-12T15:31:49+00:00","dateModified":"2026-01-17T23:14:00+00:00","breadcrumb":{"@id":"https:\/\/mercadohogar.ca\/es\/producto\/hisense-led-hdr-4k-uhd-de-50-pulgadas\/#breadcrumb"},"inLanguage":"es","potentialAction":[{"@type":"ReadAction","target":["https:\/\/mercadohogar.ca\/es\/producto\/hisense-led-hdr-4k-uhd-de-50-pulgadas\/"]}]},{"@type":"ImageObject","inLanguage":"es","@id":"https:\/\/mercadohogar.ca\/es\/producto\/hisense-led-hdr-4k-uhd-de-50-pulgadas\/#primaryimage","url":"https:\/\/mercadohogar.ca\/wp-content\/uploads\/2026\/01\/wp-image-7275868170.jpg","contentUrl":"https:\/\/mercadohogar.ca\/wp-content\/uploads\/2026\/01\/wp-image-7275868170.jpg","width":1500,"height":961},{"@type":"BreadcrumbList","@id":"https:\/\/mercadohogar.ca\/es\/producto\/hisense-led-hdr-4k-uhd-de-50-pulgadas\/#breadcrumb","itemListElement":[{"@type":"ListItem","position":1,"name":"Home","item":"https:\/\/mercadohogar.ca\/es\/"},{"@type":"ListItem","position":2,"name":"Tienda","item":"https:\/\/mercadohogar.ca\/es\/tienda-2\/"},{"@type":"ListItem","position":3,"name":"Hisense LED HDR 4K UHD de 50 pulgadas"}]},{"@type":"WebSite","@id":"https:\/\/mercadohogar.ca\/es\/#website","url":"https:\/\/mercadohogar.ca\/es\/","name":"Mercado Hogar","description":"Mercado Hogar","publisher":{"@id":"https:\/\/mercadohogar.ca\/es\/#organization"},"potentialAction":[{"@type":"SearchAction","target":{"@type":"EntryPoint","urlTemplate":"https:\/\/mercadohogar.ca\/es\/?s={search_term_string}"},"query-input":{"@type":"PropertyValueSpecification","valueRequired":true,"valueName":"search_term_string"}}],"inLanguage":"es"},{"@type":"Organization","@id":"https:\/\/mercadohogar.ca\/es\/#organization","name":"Mercado Hogar","url":"https:\/\/mercadohogar.ca\/es\/","logo":{"@type":"ImageObject","inLanguage":"es","@id":"https:\/\/mercadohogar.ca\/es\/#\/schema\/logo\/image\/","url":"https:\/\/mercadohogar.ca\/wp-content\/uploads\/2025\/12\/MH-LOGO.png","contentUrl":"https:\/\/mercadohogar.ca\/wp-content\/uploads\/2025\/12\/MH-LOGO.png","width":1200,"height":1200,"caption":"Mercado Hogar"},"image":{"@id":"https:\/\/mercadohogar.ca\/es\/#\/schema\/logo\/image\/"}}]}},"jetpack_sharing_enabled":true,"_links":{"self":[{"href":"https:\/\/mercadohogar.ca\/es\/wp-json\/wp\/v2\/product\/4397","targetHints":{"allow":["GET"]}}],"collection":[{"href":"https:\/\/mercadohogar.ca\/es\/wp-json\/wp\/v2\/product"}],"about":[{"href":"https:\/\/mercadohogar.ca\/es\/wp-json\/wp\/v2\/types\/product"}],"version-history":[{"count":1,"href":"https:\/\/mercadohogar.ca\/es\/wp-json\/wp\/v2\/product\/4397\/revisions"}],"predecessor-version":[{"id":4858,"href":"https:\/\/mercadohogar.ca\/es\/wp-json\/wp\/v2\/product\/4397\/revisions\/4858"}],"wp:featuredmedia":[{"embeddable":true,"href":"https:\/\/mercadohogar.ca\/es\/wp-json\/wp\/v2\/media\/2615"}],"wp:attachment":[{"href":"https:\/\/mercadohogar.ca\/es\/wp-json\/wp\/v2\/media?parent=4397"}],"wp:term":[{"taxonomy":"product_brand","embeddable":true,"href":"https:\/\/mercadohogar.ca\/es\/wp-json\/wp\/v2\/product_brand?post=4397"},{"taxonomy":"product_cat","embeddable":true,"href":"https:\/\/mercadohogar.ca\/es\/wp-json\/wp\/v2\/product_cat?post=4397"},{"taxonomy":"product_tag","embeddable":true,"href":"https:\/\/mercadohogar.ca\/es\/wp-json\/wp\/v2\/product_tag?post=4397"}],"curies":[{"name":"wp","href":"https:\/\/api.w.org\/{rel}","templated":true}]}}