{"id":4401,"date":"2026-01-12T15:31:47","date_gmt":"2026-01-12T15:31:47","guid":{"rendered":"https:\/\/mercadohogar.ca\/?post_type=product&#038;p=4401"},"modified":"2026-01-17T23:14:02","modified_gmt":"2026-01-17T23:14:02","slug":"bomba-de-piscina-para-superficie-enterrada-alto-caudal","status":"publish","type":"product","link":"https:\/\/mercadohogar.ca\/es\/product\/bomba-de-piscina-para-superficie-enterrada-alto-caudal\/","title":{"rendered":"Bomba de piscina para superficie\/enterrada, alto caudal"},"content":{"rendered":"<p>Potente bomba de piscina de 2 CV con temporizador (115 V): esta bomba de piscina de alto rendimiento de 2 CV funciona a 115 V y ofrece un caudal robusto de 33 750 l\/h. Es ideal tanto para bombas de piscina de superficie como para sistemas de bombas de piscina enterradas, proporcionando una circulaci\u00f3n de agua eficiente y fiable para varios tama\u00f1os de piscina. <\/p>\n<p>Temporizador personalizable con 9 ajustes: el temporizador integrado ofrece 9 ajustes, lo que le permite elegir entre 2 y 24 horas de funcionamiento. Una vez configurada, esta bomba de piscina de superficie se iniciar\u00e1 autom\u00e1ticamente a la misma hora todos los d\u00edas, lo que har\u00e1 que el mantenimiento de la piscina sea m\u00e1s c\u00f3modo y sin preocupaciones. <\/p>\n<p>Adaptable para piscinas enterradas y de superficie: dise\u00f1ada para la versatilidad, esta bomba de piscina funciona a la perfecci\u00f3n con sistemas de bombas de piscina tanto enterradas como de superficie. Tanto si est\u00e1 gestionando una configuraci\u00f3n de bomba de piscina enterrada como una piscina de superficie, esta bomba proporciona un rendimiento fiable. <\/p>\n<p>F\u00e1cil instalaci\u00f3n con adaptadores dobles: la bomba incluye dos adaptadores (di\u00e1metro interno de 1,5 y 2 pulgadas), lo que permite una f\u00e1cil conexi\u00f3n a diferentes sistemas de piscina. Con su cable de alimentaci\u00f3n de 1,8 metros con certificaci\u00f3n UL, esta bomba de piscina de superficie es f\u00e1cil de configurar y est\u00e1 lista para usar con varias configuraciones de piscina. <\/p>\n<p>Duradera y con certificaci\u00f3n de seguridad: con un motor con certificaci\u00f3n ETL, esta bomba de piscina garantiza una durabilidad y seguridad duraderas. Funciona de manera eficiente con un mantenimiento m\u00ednimo, lo que la convierte en una opci\u00f3n fiable tanto para bombas de piscina de superficie como para sistemas enterrados. <\/p>\n","protected":false},"excerpt":{"rendered":"<p>Potente bomba de piscina de 2 CV con temporizador (115 V): esta bomba de piscina de alto rendimiento de 2 CV funciona a 115 V y ofrece un caudal robusto&hellip;<\/p>\n","protected":false},"featured_media":2632,"template":"","meta":[],"product_brand":[],"product_cat":[992],"product_tag":[],"class_list":{"0":"post-4401","1":"product","2":"type-product","3":"status-publish","4":"has-post-thumbnail","6":"product_cat-mejoras-en-el-hogar","7":"product_shipping_class-aerovaradero-general","9":"first","10":"instock","11":"shipping-taxable","12":"purchasable","13":"product-type-simple"},"_links":{"self":[{"href":"https:\/\/mercadohogar.ca\/es\/wp-json\/wp\/v2\/product\/4401","targetHints":{"allow":["GET"]}}],"collection":[{"href":"https:\/\/mercadohogar.ca\/es\/wp-json\/wp\/v2\/product"}],"about":[{"href":"https:\/\/mercadohogar.ca\/es\/wp-json\/wp\/v2\/types\/product"}],"version-history":[{"count":1,"href":"https:\/\/mercadohogar.ca\/es\/wp-json\/wp\/v2\/product\/4401\/revisions"}],"predecessor-version":[{"id":4856,"href":"https:\/\/mercadohogar.ca\/es\/wp-json\/wp\/v2\/product\/4401\/revisions\/4856"}],"wp:featuredmedia":[{"embeddable":true,"href":"https:\/\/mercadohogar.ca\/es\/wp-json\/wp\/v2\/media\/2632"}],"wp:attachment":[{"href":"https:\/\/mercadohogar.ca\/es\/wp-json\/wp\/v2\/media?parent=4401"}],"wp:term":[{"taxonomy":"product_brand","embeddable":true,"href":"https:\/\/mercadohogar.ca\/es\/wp-json\/wp\/v2\/product_brand?post=4401"},{"taxonomy":"product_cat","embeddable":true,"href":"https:\/\/mercadohogar.ca\/es\/wp-json\/wp\/v2\/product_cat?post=4401"},{"taxonomy":"product_tag","embeddable":true,"href":"https:\/\/mercadohogar.ca\/es\/wp-json\/wp\/v2\/product_tag?post=4401"}],"curies":[{"name":"wp","href":"https:\/\/api.w.org\/{rel}","templated":true}]}}