{"id":4402,"date":"2026-01-12T15:31:46","date_gmt":"2026-01-12T15:31:46","guid":{"rendered":"https:\/\/mercadohogar.ca\/?post_type=product&#038;p=4402"},"modified":"2026-01-17T23:14:04","modified_gmt":"2026-01-17T23:14:04","slug":"maquina-de-hielo-de-encimera","status":"publish","type":"product","link":"https:\/\/mercadohogar.ca\/es\/producto\/maquina-de-hielo-de-encimera\/","title":{"rendered":"M\u00e1quina de Hielo de Encimera"},"content":{"rendered":"<p>Fabricaci\u00f3n R\u00e1pida de Hielo en 6 Minutos: La m\u00e1quina de hielo de encimera puede hacer 9 cubitos de hielo tipo bala en solo 6 minutos y hasta 12 kg de cubitos de hielo en 24 horas. Las m\u00e1quinas de hielo port\u00e1tiles pueden hacer r\u00e1pidamente 2 tama\u00f1os de hielos tipo bala que pueden enfriar tus bebidas. Ya sea que est\u00e9s en actividades familiares o en el trabajo, puedes disfrutar de bebidas con hielo en cualquier momento y en cualquier lugar.  <\/p>\n<p>Funci\u00f3n de Autolimpieza: La m\u00e1quina de hielo de encimera tiene una funci\u00f3n de autolimpieza, que se activa f\u00e1cilmente manteniendo pulsado el bot\u00f3n de encendido\/apagado durante 5 segundos.<\/p>\n<p>Funcionamiento Inteligente y Pr\u00e1ctico: La luz indicadora de la m\u00e1quina de hielo port\u00e1til de encimera te recordar\u00e1 cuando la cesta est\u00e9 llena y la luz indicadora se pondr\u00e1 verde cuando se seleccione el modo de hielo peque\u00f1o. Puedes ajustar f\u00e1cilmente el funcionamiento seg\u00fan el estado de la luz indicadora. Tiene una ventana transparente, para que puedas ver el proceso de fabricaci\u00f3n de los cubitos de hielo.  <\/p>\n<p>Port\u00e1til y Compacta: Esta m\u00e1quina de hielo pesa 6,2 kg y est\u00e1 dise\u00f1ada con un asa. El tama\u00f1o de la peque\u00f1a m\u00e1quina de hielo es de 22*29*29,5 cm. Esta m\u00e1quina de hielo es adecuada para actividades al aire libre, como acampadas, fiestas en la terraza.  <\/p>\n","protected":false},"excerpt":{"rendered":"<p>Fabricaci\u00f3n R\u00e1pida de Hielo en 6 Minutos: La m\u00e1quina de hielo de encimera puede hacer 9 cubitos de hielo tipo bala en solo 6 minutos y hasta 12 kg de cubitos de hielo en 24 horas. Las m\u00e1quinas de hielo port\u00e1tiles pueden hacer r\u00e1pidamente 2 tama\u00f1os de hielos tipo bala que pueden enfriar tus bebidas. Ya sea que est\u00e9s en [&hellip;]<\/p>\n","protected":false},"featured_media":2628,"template":"","meta":{"_coblocks_attr":"","_coblocks_dimensions":"","_coblocks_responsive_height":"","_coblocks_accordion_ie_support":"","postBodyCss":"","postBodyMargin":[],"postBodyPadding":[],"postBodyBackground":{"backgroundType":"classic","gradient":""}},"product_brand":[],"product_cat":[898],"product_tag":[],"class_list":{"0":"post-4402","1":"product","2":"type-product","3":"status-publish","4":"has-post-thumbnail","6":"product_cat-appliances","7":"product_shipping_class-aerovaradero-general","9":"first","10":"instock","11":"taxable","12":"shipping-taxable","13":"purchasable","14":"product-type-simple"},"yoast_head":"<!-- This site is optimized with the Yoast SEO plugin v27.4 - https:\/\/yoast.com\/product\/yoast-seo-wordpress\/ -->\n<title>M\u00e1quina de Hielo de Encimera - Mercado Hogar<\/title>\n<meta name=\"robots\" content=\"index, follow, max-snippet:-1, max-image-preview:large, max-video-preview:-1\" \/>\n<link rel=\"canonical\" href=\"https:\/\/mercadohogar.ca\/es\/producto\/maquina-de-hielo-de-encimera\/\" \/>\n<meta property=\"og:locale\" content=\"es_ES\" \/>\n<meta property=\"og:type\" content=\"article\" \/>\n<meta property=\"og:title\" content=\"M\u00e1quina de Hielo de Encimera - Mercado Hogar\" \/>\n<meta property=\"og:description\" content=\"Fabricaci\u00f3n R\u00e1pida de Hielo en 6 Minutos: La m\u00e1quina de hielo de encimera puede hacer 9 cubitos de hielo tipo bala en solo 6 minutos y hasta 12 kg de cubitos de hielo en 24 horas. Las m\u00e1quinas de hielo port\u00e1tiles pueden hacer r\u00e1pidamente 2 tama\u00f1os de hielos tipo bala que pueden enfriar tus bebidas. Ya sea que est\u00e9s en [&hellip;]\" \/>\n<meta property=\"og:url\" content=\"https:\/\/mercadohogar.ca\/es\/producto\/maquina-de-hielo-de-encimera\/\" \/>\n<meta property=\"og:site_name\" content=\"Mercado Hogar\" \/>\n<meta property=\"article:modified_time\" content=\"2026-01-17T23:14:04+00:00\" \/>\n<meta property=\"og:image\" content=\"https:\/\/mercadohogar.ca\/wp-content\/uploads\/2026\/01\/wp-image-7325823610.jpg\" \/>\n\t<meta property=\"og:image:width\" content=\"1410\" \/>\n\t<meta property=\"og:image:height\" content=\"1500\" \/>\n\t<meta property=\"og:image:type\" content=\"image\/jpeg\" \/>\n<meta name=\"twitter:card\" content=\"summary_large_image\" \/>\n<meta name=\"twitter:label1\" content=\"Tiempo de lectura\" \/>\n\t<meta name=\"twitter:data1\" content=\"1 minuto\" \/>\n<script type=\"application\/ld+json\" class=\"yoast-schema-graph\">{\"@context\":\"https:\\\/\\\/schema.org\",\"@graph\":[{\"@type\":\"WebPage\",\"@id\":\"https:\\\/\\\/mercadohogar.ca\\\/es\\\/producto\\\/maquina-de-hielo-de-encimera\\\/\",\"url\":\"https:\\\/\\\/mercadohogar.ca\\\/es\\\/producto\\\/maquina-de-hielo-de-encimera\\\/\",\"name\":\"M\u00e1quina de Hielo de Encimera - Mercado Hogar\",\"isPartOf\":{\"@id\":\"https:\\\/\\\/mercadohogar.ca\\\/es\\\/#website\"},\"primaryImageOfPage\":{\"@id\":\"https:\\\/\\\/mercadohogar.ca\\\/es\\\/producto\\\/maquina-de-hielo-de-encimera\\\/#primaryimage\"},\"image\":{\"@id\":\"https:\\\/\\\/mercadohogar.ca\\\/es\\\/producto\\\/maquina-de-hielo-de-encimera\\\/#primaryimage\"},\"thumbnailUrl\":\"https:\\\/\\\/mercadohogar.ca\\\/wp-content\\\/uploads\\\/2026\\\/01\\\/wp-image-7325823610.jpg\",\"datePublished\":\"2026-01-12T15:31:46+00:00\",\"dateModified\":\"2026-01-17T23:14:04+00:00\",\"breadcrumb\":{\"@id\":\"https:\\\/\\\/mercadohogar.ca\\\/es\\\/producto\\\/maquina-de-hielo-de-encimera\\\/#breadcrumb\"},\"inLanguage\":\"es\",\"potentialAction\":[{\"@type\":\"ReadAction\",\"target\":[\"https:\\\/\\\/mercadohogar.ca\\\/es\\\/producto\\\/maquina-de-hielo-de-encimera\\\/\"]}]},{\"@type\":\"ImageObject\",\"inLanguage\":\"es\",\"@id\":\"https:\\\/\\\/mercadohogar.ca\\\/es\\\/producto\\\/maquina-de-hielo-de-encimera\\\/#primaryimage\",\"url\":\"https:\\\/\\\/mercadohogar.ca\\\/wp-content\\\/uploads\\\/2026\\\/01\\\/wp-image-7325823610.jpg\",\"contentUrl\":\"https:\\\/\\\/mercadohogar.ca\\\/wp-content\\\/uploads\\\/2026\\\/01\\\/wp-image-7325823610.jpg\",\"width\":1410,\"height\":1500},{\"@type\":\"BreadcrumbList\",\"@id\":\"https:\\\/\\\/mercadohogar.ca\\\/es\\\/producto\\\/maquina-de-hielo-de-encimera\\\/#breadcrumb\",\"itemListElement\":[{\"@type\":\"ListItem\",\"position\":1,\"name\":\"Home\",\"item\":\"https:\\\/\\\/mercadohogar.ca\\\/es\\\/\"},{\"@type\":\"ListItem\",\"position\":2,\"name\":\"Tienda\",\"item\":\"https:\\\/\\\/mercadohogar.ca\\\/es\\\/tienda-2\\\/\"},{\"@type\":\"ListItem\",\"position\":3,\"name\":\"M\u00e1quina de Hielo de Encimera\"}]},{\"@type\":\"WebSite\",\"@id\":\"https:\\\/\\\/mercadohogar.ca\\\/es\\\/#website\",\"url\":\"https:\\\/\\\/mercadohogar.ca\\\/es\\\/\",\"name\":\"Mercado Hogar\",\"description\":\"Mercado Hogar\",\"publisher\":{\"@id\":\"https:\\\/\\\/mercadohogar.ca\\\/es\\\/#organization\"},\"potentialAction\":[{\"@type\":\"SearchAction\",\"target\":{\"@type\":\"EntryPoint\",\"urlTemplate\":\"https:\\\/\\\/mercadohogar.ca\\\/es\\\/?s={search_term_string}\"},\"query-input\":{\"@type\":\"PropertyValueSpecification\",\"valueRequired\":true,\"valueName\":\"search_term_string\"}}],\"inLanguage\":\"es\"},{\"@type\":\"Organization\",\"@id\":\"https:\\\/\\\/mercadohogar.ca\\\/es\\\/#organization\",\"name\":\"Mercado Hogar\",\"url\":\"https:\\\/\\\/mercadohogar.ca\\\/es\\\/\",\"logo\":{\"@type\":\"ImageObject\",\"inLanguage\":\"es\",\"@id\":\"https:\\\/\\\/mercadohogar.ca\\\/es\\\/#\\\/schema\\\/logo\\\/image\\\/\",\"url\":\"https:\\\/\\\/mercadohogar.ca\\\/wp-content\\\/uploads\\\/2025\\\/12\\\/MH-LOGO.png\",\"contentUrl\":\"https:\\\/\\\/mercadohogar.ca\\\/wp-content\\\/uploads\\\/2025\\\/12\\\/MH-LOGO.png\",\"width\":1200,\"height\":1200,\"caption\":\"Mercado Hogar\"},\"image\":{\"@id\":\"https:\\\/\\\/mercadohogar.ca\\\/es\\\/#\\\/schema\\\/logo\\\/image\\\/\"}}]}<\/script>\n<!-- \/ Yoast SEO plugin. -->","yoast_head_json":{"title":"M\u00e1quina de Hielo de Encimera - Mercado Hogar","robots":{"index":"index","follow":"follow","max-snippet":"max-snippet:-1","max-image-preview":"max-image-preview:large","max-video-preview":"max-video-preview:-1"},"canonical":"https:\/\/mercadohogar.ca\/es\/producto\/maquina-de-hielo-de-encimera\/","og_locale":"es_ES","og_type":"article","og_title":"M\u00e1quina de Hielo de Encimera - Mercado Hogar","og_description":"Fabricaci\u00f3n R\u00e1pida de Hielo en 6 Minutos: La m\u00e1quina de hielo de encimera puede hacer 9 cubitos de hielo tipo bala en solo 6 minutos y hasta 12 kg de cubitos de hielo en 24 horas. Las m\u00e1quinas de hielo port\u00e1tiles pueden hacer r\u00e1pidamente 2 tama\u00f1os de hielos tipo bala que pueden enfriar tus bebidas. Ya sea que est\u00e9s en [&hellip;]","og_url":"https:\/\/mercadohogar.ca\/es\/producto\/maquina-de-hielo-de-encimera\/","og_site_name":"Mercado Hogar","article_modified_time":"2026-01-17T23:14:04+00:00","og_image":[{"width":1410,"height":1500,"url":"https:\/\/mercadohogar.ca\/wp-content\/uploads\/2026\/01\/wp-image-7325823610.jpg","type":"image\/jpeg"}],"twitter_card":"summary_large_image","twitter_misc":{"Tiempo de lectura":"1 minuto"},"schema":{"@context":"https:\/\/schema.org","@graph":[{"@type":"WebPage","@id":"https:\/\/mercadohogar.ca\/es\/producto\/maquina-de-hielo-de-encimera\/","url":"https:\/\/mercadohogar.ca\/es\/producto\/maquina-de-hielo-de-encimera\/","name":"M\u00e1quina de Hielo de Encimera - Mercado Hogar","isPartOf":{"@id":"https:\/\/mercadohogar.ca\/es\/#website"},"primaryImageOfPage":{"@id":"https:\/\/mercadohogar.ca\/es\/producto\/maquina-de-hielo-de-encimera\/#primaryimage"},"image":{"@id":"https:\/\/mercadohogar.ca\/es\/producto\/maquina-de-hielo-de-encimera\/#primaryimage"},"thumbnailUrl":"https:\/\/mercadohogar.ca\/wp-content\/uploads\/2026\/01\/wp-image-7325823610.jpg","datePublished":"2026-01-12T15:31:46+00:00","dateModified":"2026-01-17T23:14:04+00:00","breadcrumb":{"@id":"https:\/\/mercadohogar.ca\/es\/producto\/maquina-de-hielo-de-encimera\/#breadcrumb"},"inLanguage":"es","potentialAction":[{"@type":"ReadAction","target":["https:\/\/mercadohogar.ca\/es\/producto\/maquina-de-hielo-de-encimera\/"]}]},{"@type":"ImageObject","inLanguage":"es","@id":"https:\/\/mercadohogar.ca\/es\/producto\/maquina-de-hielo-de-encimera\/#primaryimage","url":"https:\/\/mercadohogar.ca\/wp-content\/uploads\/2026\/01\/wp-image-7325823610.jpg","contentUrl":"https:\/\/mercadohogar.ca\/wp-content\/uploads\/2026\/01\/wp-image-7325823610.jpg","width":1410,"height":1500},{"@type":"BreadcrumbList","@id":"https:\/\/mercadohogar.ca\/es\/producto\/maquina-de-hielo-de-encimera\/#breadcrumb","itemListElement":[{"@type":"ListItem","position":1,"name":"Home","item":"https:\/\/mercadohogar.ca\/es\/"},{"@type":"ListItem","position":2,"name":"Tienda","item":"https:\/\/mercadohogar.ca\/es\/tienda-2\/"},{"@type":"ListItem","position":3,"name":"M\u00e1quina de Hielo de Encimera"}]},{"@type":"WebSite","@id":"https:\/\/mercadohogar.ca\/es\/#website","url":"https:\/\/mercadohogar.ca\/es\/","name":"Mercado Hogar","description":"Mercado Hogar","publisher":{"@id":"https:\/\/mercadohogar.ca\/es\/#organization"},"potentialAction":[{"@type":"SearchAction","target":{"@type":"EntryPoint","urlTemplate":"https:\/\/mercadohogar.ca\/es\/?s={search_term_string}"},"query-input":{"@type":"PropertyValueSpecification","valueRequired":true,"valueName":"search_term_string"}}],"inLanguage":"es"},{"@type":"Organization","@id":"https:\/\/mercadohogar.ca\/es\/#organization","name":"Mercado Hogar","url":"https:\/\/mercadohogar.ca\/es\/","logo":{"@type":"ImageObject","inLanguage":"es","@id":"https:\/\/mercadohogar.ca\/es\/#\/schema\/logo\/image\/","url":"https:\/\/mercadohogar.ca\/wp-content\/uploads\/2025\/12\/MH-LOGO.png","contentUrl":"https:\/\/mercadohogar.ca\/wp-content\/uploads\/2025\/12\/MH-LOGO.png","width":1200,"height":1200,"caption":"Mercado Hogar"},"image":{"@id":"https:\/\/mercadohogar.ca\/es\/#\/schema\/logo\/image\/"}}]}},"jetpack_sharing_enabled":true,"_links":{"self":[{"href":"https:\/\/mercadohogar.ca\/es\/wp-json\/wp\/v2\/product\/4402","targetHints":{"allow":["GET"]}}],"collection":[{"href":"https:\/\/mercadohogar.ca\/es\/wp-json\/wp\/v2\/product"}],"about":[{"href":"https:\/\/mercadohogar.ca\/es\/wp-json\/wp\/v2\/types\/product"}],"version-history":[{"count":1,"href":"https:\/\/mercadohogar.ca\/es\/wp-json\/wp\/v2\/product\/4402\/revisions"}],"predecessor-version":[{"id":4854,"href":"https:\/\/mercadohogar.ca\/es\/wp-json\/wp\/v2\/product\/4402\/revisions\/4854"}],"wp:featuredmedia":[{"embeddable":true,"href":"https:\/\/mercadohogar.ca\/es\/wp-json\/wp\/v2\/media\/2628"}],"wp:attachment":[{"href":"https:\/\/mercadohogar.ca\/es\/wp-json\/wp\/v2\/media?parent=4402"}],"wp:term":[{"taxonomy":"product_brand","embeddable":true,"href":"https:\/\/mercadohogar.ca\/es\/wp-json\/wp\/v2\/product_brand?post=4402"},{"taxonomy":"product_cat","embeddable":true,"href":"https:\/\/mercadohogar.ca\/es\/wp-json\/wp\/v2\/product_cat?post=4402"},{"taxonomy":"product_tag","embeddable":true,"href":"https:\/\/mercadohogar.ca\/es\/wp-json\/wp\/v2\/product_tag?post=4402"}],"curies":[{"name":"wp","href":"https:\/\/api.w.org\/{rel}","templated":true}]}}