{"id":4403,"date":"2026-01-07T19:55:40","date_gmt":"2026-01-07T19:55:40","guid":{"rendered":"https:\/\/mercadohogar.ca\/?post_type=product&#038;p=4403"},"modified":"2026-01-17T22:30:46","modified_gmt":"2026-01-17T22:30:46","slug":"bateria-de-litio-lifepo4-humsienk-300ah-12v-con-bluetooth","status":"publish","type":"product","link":"https:\/\/mercadohogar.ca\/es\/producto\/bateria-de-litio-lifepo4-humsienk-300ah-12v-con-bluetooth\/","title":{"rendered":"Bater\u00eda de litio LiFePO4 HumsiENK 300AH 12V con Bluetooth"},"content":{"rendered":"<ul>\n<li><strong><\/strong>Monitorizaci\u00f3n Bluetooth en tiempo real y BMS inteligente: conectividad Bluetooth 5.0: monitoriza el voltaje, la temperatura y el estado de carga en tiempo real a trav\u00e9s de la aplicaci\u00f3n inteligente Humienk (iOS\/Android). Estamos actualizando constantemente la aplicaci\u00f3n Bluetooth para mejorar la experiencia del usuario.<\/li>\n<li>3,84 kWh y vida \u00fatil de 10 a\u00f1os: la bater\u00eda LiFePO4 de 12,8 V 300 Ah tiene una vida \u00fatil de hasta 10 a\u00f1os, que dura 30 veces m\u00e1s que las bater\u00edas de plomo-\u00e1cido tradicionales. Cuando est\u00e1 completamente cargada, una bater\u00eda LiFePO4 puede proporcionar 3,84 kWh de energ\u00eda. Puede alcanzar m\u00e1s de 15 000 ciclos de descarga completos. Al mismo tiempo, la carcasa es resistente a ca\u00eddas e impactos.<\/li>\n<li>M\u00e1s ligera y ahorra espacio: el tama\u00f1o de la bater\u00eda Bluetooth HumsiENK de 12 V 300 Ah es de 52,4 \u00d7 24,51 \u00d7 22 cm (20,63 \u00d7 9,65 \u00d7 8,66 pulgadas). Debido a su alta densidad de energ\u00eda, esta bater\u00eda tiene el doble de capacidad utilizable que las bater\u00edas de plomo-\u00e1cido y es un 40 % m\u00e1s ligera, por lo que puedes transportarla f\u00e1cilmente. Con un peso de solo 59,52 libras (27 kg), conserva una alta potencia al tiempo que ahorra m\u00e1s espacio.<\/li>\n<li>Bater\u00eda de grado A+ y BMS de 100 A mejorado: el sistema de gesti\u00f3n de bater\u00eda (BMS) de alto nivel proporciona protecci\u00f3n contra sobrecarga, sobredescarga, sobrecorriente y cortocircuito para garantizar la seguridad y la estabilidad a largo plazo. El corte por alta temperatura evita la carga por encima de 145 \u00b0F (65 \u00b0C), lo que la hace m\u00e1s segura que las alternativas de plomo-\u00e1cido. Puede adaptarse a una gama m\u00e1s amplia de entornos de temperatura, lo que la convierte en una ventaja para exteriores como bater\u00eda de RV.<\/li>\n<li>Almacenamiento de energ\u00eda escalable de hasta 61,44 kWh: admite la configuraci\u00f3n 4S4P, lo que permite hasta 51,2 V 1200 Ah y un sistema de energ\u00eda masivo de 61,44 kWh. Esta soluci\u00f3n de energ\u00eda escalable de bater\u00eda de iones de litio es perfecta para el almacenamiento solar dom\u00e9stico, marina, respaldo de emergencia, autocaravanas y viajes mar\u00edtimos, aplicaciones fuera de la red, etc., y puede satisfacer f\u00e1cilmente las altas necesidades de energ\u00eda.<\/li>\n<\/ul>\n<div>Protecci\u00f3n de corte por baja temperatura: el BMS integrado corta autom\u00e1ticamente la carga en condiciones de baja temperatura, lo que evita da\u00f1os irreversibles a la bater\u00eda y garantiza la vida \u00fatil en climas extremos. <\/div>\n<div>Amplia aplicaci\u00f3n: ideal para almacenamiento de energ\u00eda dom\u00e9stica, alimentaci\u00f3n de respaldo UPS, RV, autocaravana, carrito de golf, motor de pesca por curric\u00e1n, yate, sistema solar, c\u00e1mara digital\/CCTV, proyecto de bricolaje, etc. Soluci\u00f3n vers\u00e1til para uso tanto profesional como de ocio.<\/div>\n","protected":false},"excerpt":{"rendered":"<p>Monitorizaci\u00f3n Bluetooth en tiempo real y BMS inteligente: conectividad Bluetooth 5.0: monitoriza el voltaje, la temperatura y el estado de carga en tiempo real a trav\u00e9s de la aplicaci\u00f3n inteligente&hellip;<\/p>\n","protected":false},"featured_media":2626,"template":"","meta":[],"product_brand":[],"product_cat":[997],"product_tag":[],"class_list":{"0":"post-4403","1":"product","2":"type-product","3":"status-publish","4":"has-post-thumbnail","6":"product_cat-generadores-y-soluciones-de-energia-alternativa","7":"product_shipping_class-aerovaradero-dg-grande","9":"first","10":"instock","11":"shipping-taxable","12":"purchasable","13":"product-type-simple"},"_links":{"self":[{"href":"https:\/\/mercadohogar.ca\/es\/wp-json\/wp\/v2\/product\/4403","targetHints":{"allow":["GET"]}}],"collection":[{"href":"https:\/\/mercadohogar.ca\/es\/wp-json\/wp\/v2\/product"}],"about":[{"href":"https:\/\/mercadohogar.ca\/es\/wp-json\/wp\/v2\/types\/product"}],"version-history":[{"count":1,"href":"https:\/\/mercadohogar.ca\/es\/wp-json\/wp\/v2\/product\/4403\/revisions"}],"predecessor-version":[{"id":4467,"href":"https:\/\/mercadohogar.ca\/es\/wp-json\/wp\/v2\/product\/4403\/revisions\/4467"}],"wp:featuredmedia":[{"embeddable":true,"href":"https:\/\/mercadohogar.ca\/es\/wp-json\/wp\/v2\/media\/2626"}],"wp:attachment":[{"href":"https:\/\/mercadohogar.ca\/es\/wp-json\/wp\/v2\/media?parent=4403"}],"wp:term":[{"taxonomy":"product_brand","embeddable":true,"href":"https:\/\/mercadohogar.ca\/es\/wp-json\/wp\/v2\/product_brand?post=4403"},{"taxonomy":"product_cat","embeddable":true,"href":"https:\/\/mercadohogar.ca\/es\/wp-json\/wp\/v2\/product_cat?post=4403"},{"taxonomy":"product_tag","embeddable":true,"href":"https:\/\/mercadohogar.ca\/es\/wp-json\/wp\/v2\/product_tag?post=4403"}],"curies":[{"name":"wp","href":"https:\/\/api.w.org\/{rel}","templated":true}]}}