{"id":4404,"date":"2026-01-12T15:31:45","date_gmt":"2026-01-12T15:31:45","guid":{"rendered":"https:\/\/mercadohogar.ca\/?post_type=product&#038;p=4404"},"modified":"2026-01-17T23:14:05","modified_gmt":"2026-01-17T23:14:05","slug":"instant-pot-duo-v5-con-14-programas-inteligentes-57-l","status":"publish","type":"product","link":"https:\/\/mercadohogar.ca\/es\/producto\/instant-pot-duo-v5-con-14-programas-inteligentes-57-l\/","title":{"rendered":"Instant Pot Duo V5 con 14 programas inteligentes, 5,7 l"},"content":{"rendered":"<p>La Instant Pot Duo V5 con 14 programas inteligentes facilita la cocina casera. Tanto si te apetece un guiso contundente el fin de semana como una sopa despu\u00e9s del trabajo, esta olla instant\u00e1nea te lo pone f\u00e1cil. La olla cocina los alimentos a la perfecci\u00f3n, dej\u00e1ndolos jugosos y conservando todo su sabor y nutrientes. Una amplia gama de accesorios te permite cocinar una gran variedad de platos, para que puedas pasar menos tiempo en la cocina y m\u00e1s tiempo en la mesa.   <\/p>\n","protected":false},"excerpt":{"rendered":"<p>La Instant Pot Duo V5 con 14 programas inteligentes facilita la cocina casera. Tanto si te apetece un guiso contundente el fin de semana como una sopa despu\u00e9s del trabajo, esta olla instant\u00e1nea te lo pone f\u00e1cil. La olla cocina los alimentos a la perfecci\u00f3n, dej\u00e1ndolos jugosos y conservando todo su sabor y nutrientes. Una amplia gama de accesorios te [&hellip;]<\/p>\n","protected":false},"featured_media":2644,"template":"","meta":{"_coblocks_attr":"","_coblocks_dimensions":"","_coblocks_responsive_height":"","_coblocks_accordion_ie_support":"","postBodyCss":"","postBodyMargin":[],"postBodyPadding":[],"postBodyBackground":{"backgroundType":"classic","gradient":""}},"product_brand":[],"product_cat":[898],"product_tag":[],"class_list":{"0":"post-4404","1":"product","2":"type-product","3":"status-publish","4":"has-post-thumbnail","6":"product_cat-appliances","7":"product_shipping_class-aerovaradero-general","9":"first","10":"instock","11":"taxable","12":"shipping-taxable","13":"purchasable","14":"product-type-simple"},"yoast_head":"<!-- This site is optimized with the Yoast SEO plugin v27.4 - https:\/\/yoast.com\/product\/yoast-seo-wordpress\/ -->\n<title>Instant Pot Duo V5 con 14 programas inteligentes, 5,7 l - Mercado Hogar<\/title>\n<meta name=\"robots\" content=\"index, follow, max-snippet:-1, max-image-preview:large, max-video-preview:-1\" \/>\n<link rel=\"canonical\" href=\"https:\/\/mercadohogar.ca\/es\/producto\/instant-pot-duo-v5-con-14-programas-inteligentes-57-l\/\" \/>\n<meta property=\"og:locale\" content=\"es_ES\" \/>\n<meta property=\"og:type\" content=\"article\" \/>\n<meta property=\"og:title\" content=\"Instant Pot Duo V5 con 14 programas inteligentes, 5,7 l - Mercado Hogar\" \/>\n<meta property=\"og:description\" content=\"La Instant Pot Duo V5 con 14 programas inteligentes facilita la cocina casera. Tanto si te apetece un guiso contundente el fin de semana como una sopa despu\u00e9s del trabajo, esta olla instant\u00e1nea te lo pone f\u00e1cil. La olla cocina los alimentos a la perfecci\u00f3n, dej\u00e1ndolos jugosos y conservando todo su sabor y nutrientes. Una amplia gama de accesorios te [&hellip;]\" \/>\n<meta property=\"og:url\" content=\"https:\/\/mercadohogar.ca\/es\/producto\/instant-pot-duo-v5-con-14-programas-inteligentes-57-l\/\" \/>\n<meta property=\"og:site_name\" content=\"Mercado Hogar\" \/>\n<meta property=\"article:modified_time\" content=\"2026-01-17T23:14:05+00:00\" \/>\n<meta property=\"og:image\" content=\"https:\/\/mercadohogar.ca\/wp-content\/uploads\/2026\/01\/wp-image-7324521370.jpg\" \/>\n\t<meta property=\"og:image:width\" content=\"2500\" \/>\n\t<meta property=\"og:image:height\" content=\"2500\" \/>\n\t<meta property=\"og:image:type\" content=\"image\/jpeg\" \/>\n<meta name=\"twitter:card\" content=\"summary_large_image\" \/>\n<script type=\"application\/ld+json\" class=\"yoast-schema-graph\">{\"@context\":\"https:\\\/\\\/schema.org\",\"@graph\":[{\"@type\":\"WebPage\",\"@id\":\"https:\\\/\\\/mercadohogar.ca\\\/es\\\/producto\\\/instant-pot-duo-v5-con-14-programas-inteligentes-57-l\\\/\",\"url\":\"https:\\\/\\\/mercadohogar.ca\\\/es\\\/producto\\\/instant-pot-duo-v5-con-14-programas-inteligentes-57-l\\\/\",\"name\":\"Instant Pot Duo V5 con 14 programas inteligentes, 5,7 l - Mercado Hogar\",\"isPartOf\":{\"@id\":\"https:\\\/\\\/mercadohogar.ca\\\/es\\\/#website\"},\"primaryImageOfPage\":{\"@id\":\"https:\\\/\\\/mercadohogar.ca\\\/es\\\/producto\\\/instant-pot-duo-v5-con-14-programas-inteligentes-57-l\\\/#primaryimage\"},\"image\":{\"@id\":\"https:\\\/\\\/mercadohogar.ca\\\/es\\\/producto\\\/instant-pot-duo-v5-con-14-programas-inteligentes-57-l\\\/#primaryimage\"},\"thumbnailUrl\":\"https:\\\/\\\/mercadohogar.ca\\\/wp-content\\\/uploads\\\/2026\\\/01\\\/wp-image-7324521370.jpg\",\"datePublished\":\"2026-01-12T15:31:45+00:00\",\"dateModified\":\"2026-01-17T23:14:05+00:00\",\"breadcrumb\":{\"@id\":\"https:\\\/\\\/mercadohogar.ca\\\/es\\\/producto\\\/instant-pot-duo-v5-con-14-programas-inteligentes-57-l\\\/#breadcrumb\"},\"inLanguage\":\"es\",\"potentialAction\":[{\"@type\":\"ReadAction\",\"target\":[\"https:\\\/\\\/mercadohogar.ca\\\/es\\\/producto\\\/instant-pot-duo-v5-con-14-programas-inteligentes-57-l\\\/\"]}]},{\"@type\":\"ImageObject\",\"inLanguage\":\"es\",\"@id\":\"https:\\\/\\\/mercadohogar.ca\\\/es\\\/producto\\\/instant-pot-duo-v5-con-14-programas-inteligentes-57-l\\\/#primaryimage\",\"url\":\"https:\\\/\\\/mercadohogar.ca\\\/wp-content\\\/uploads\\\/2026\\\/01\\\/wp-image-7324521370.jpg\",\"contentUrl\":\"https:\\\/\\\/mercadohogar.ca\\\/wp-content\\\/uploads\\\/2026\\\/01\\\/wp-image-7324521370.jpg\",\"width\":2500,\"height\":2500},{\"@type\":\"BreadcrumbList\",\"@id\":\"https:\\\/\\\/mercadohogar.ca\\\/es\\\/producto\\\/instant-pot-duo-v5-con-14-programas-inteligentes-57-l\\\/#breadcrumb\",\"itemListElement\":[{\"@type\":\"ListItem\",\"position\":1,\"name\":\"Home\",\"item\":\"https:\\\/\\\/mercadohogar.ca\\\/es\\\/\"},{\"@type\":\"ListItem\",\"position\":2,\"name\":\"Tienda\",\"item\":\"https:\\\/\\\/mercadohogar.ca\\\/es\\\/tienda-2\\\/\"},{\"@type\":\"ListItem\",\"position\":3,\"name\":\"Instant Pot Duo V5 con 14 programas inteligentes, 5,7 l\"}]},{\"@type\":\"WebSite\",\"@id\":\"https:\\\/\\\/mercadohogar.ca\\\/es\\\/#website\",\"url\":\"https:\\\/\\\/mercadohogar.ca\\\/es\\\/\",\"name\":\"Mercado Hogar\",\"description\":\"Mercado Hogar\",\"publisher\":{\"@id\":\"https:\\\/\\\/mercadohogar.ca\\\/es\\\/#organization\"},\"potentialAction\":[{\"@type\":\"SearchAction\",\"target\":{\"@type\":\"EntryPoint\",\"urlTemplate\":\"https:\\\/\\\/mercadohogar.ca\\\/es\\\/?s={search_term_string}\"},\"query-input\":{\"@type\":\"PropertyValueSpecification\",\"valueRequired\":true,\"valueName\":\"search_term_string\"}}],\"inLanguage\":\"es\"},{\"@type\":\"Organization\",\"@id\":\"https:\\\/\\\/mercadohogar.ca\\\/es\\\/#organization\",\"name\":\"Mercado Hogar\",\"url\":\"https:\\\/\\\/mercadohogar.ca\\\/es\\\/\",\"logo\":{\"@type\":\"ImageObject\",\"inLanguage\":\"es\",\"@id\":\"https:\\\/\\\/mercadohogar.ca\\\/es\\\/#\\\/schema\\\/logo\\\/image\\\/\",\"url\":\"https:\\\/\\\/mercadohogar.ca\\\/wp-content\\\/uploads\\\/2025\\\/12\\\/MH-LOGO.png\",\"contentUrl\":\"https:\\\/\\\/mercadohogar.ca\\\/wp-content\\\/uploads\\\/2025\\\/12\\\/MH-LOGO.png\",\"width\":1200,\"height\":1200,\"caption\":\"Mercado Hogar\"},\"image\":{\"@id\":\"https:\\\/\\\/mercadohogar.ca\\\/es\\\/#\\\/schema\\\/logo\\\/image\\\/\"}}]}<\/script>\n<!-- \/ Yoast SEO plugin. -->","yoast_head_json":{"title":"Instant Pot Duo V5 con 14 programas inteligentes, 5,7 l - Mercado Hogar","robots":{"index":"index","follow":"follow","max-snippet":"max-snippet:-1","max-image-preview":"max-image-preview:large","max-video-preview":"max-video-preview:-1"},"canonical":"https:\/\/mercadohogar.ca\/es\/producto\/instant-pot-duo-v5-con-14-programas-inteligentes-57-l\/","og_locale":"es_ES","og_type":"article","og_title":"Instant Pot Duo V5 con 14 programas inteligentes, 5,7 l - Mercado Hogar","og_description":"La Instant Pot Duo V5 con 14 programas inteligentes facilita la cocina casera. Tanto si te apetece un guiso contundente el fin de semana como una sopa despu\u00e9s del trabajo, esta olla instant\u00e1nea te lo pone f\u00e1cil. La olla cocina los alimentos a la perfecci\u00f3n, dej\u00e1ndolos jugosos y conservando todo su sabor y nutrientes. Una amplia gama de accesorios te [&hellip;]","og_url":"https:\/\/mercadohogar.ca\/es\/producto\/instant-pot-duo-v5-con-14-programas-inteligentes-57-l\/","og_site_name":"Mercado Hogar","article_modified_time":"2026-01-17T23:14:05+00:00","og_image":[{"width":2500,"height":2500,"url":"https:\/\/mercadohogar.ca\/wp-content\/uploads\/2026\/01\/wp-image-7324521370.jpg","type":"image\/jpeg"}],"twitter_card":"summary_large_image","schema":{"@context":"https:\/\/schema.org","@graph":[{"@type":"WebPage","@id":"https:\/\/mercadohogar.ca\/es\/producto\/instant-pot-duo-v5-con-14-programas-inteligentes-57-l\/","url":"https:\/\/mercadohogar.ca\/es\/producto\/instant-pot-duo-v5-con-14-programas-inteligentes-57-l\/","name":"Instant Pot Duo V5 con 14 programas inteligentes, 5,7 l - Mercado Hogar","isPartOf":{"@id":"https:\/\/mercadohogar.ca\/es\/#website"},"primaryImageOfPage":{"@id":"https:\/\/mercadohogar.ca\/es\/producto\/instant-pot-duo-v5-con-14-programas-inteligentes-57-l\/#primaryimage"},"image":{"@id":"https:\/\/mercadohogar.ca\/es\/producto\/instant-pot-duo-v5-con-14-programas-inteligentes-57-l\/#primaryimage"},"thumbnailUrl":"https:\/\/mercadohogar.ca\/wp-content\/uploads\/2026\/01\/wp-image-7324521370.jpg","datePublished":"2026-01-12T15:31:45+00:00","dateModified":"2026-01-17T23:14:05+00:00","breadcrumb":{"@id":"https:\/\/mercadohogar.ca\/es\/producto\/instant-pot-duo-v5-con-14-programas-inteligentes-57-l\/#breadcrumb"},"inLanguage":"es","potentialAction":[{"@type":"ReadAction","target":["https:\/\/mercadohogar.ca\/es\/producto\/instant-pot-duo-v5-con-14-programas-inteligentes-57-l\/"]}]},{"@type":"ImageObject","inLanguage":"es","@id":"https:\/\/mercadohogar.ca\/es\/producto\/instant-pot-duo-v5-con-14-programas-inteligentes-57-l\/#primaryimage","url":"https:\/\/mercadohogar.ca\/wp-content\/uploads\/2026\/01\/wp-image-7324521370.jpg","contentUrl":"https:\/\/mercadohogar.ca\/wp-content\/uploads\/2026\/01\/wp-image-7324521370.jpg","width":2500,"height":2500},{"@type":"BreadcrumbList","@id":"https:\/\/mercadohogar.ca\/es\/producto\/instant-pot-duo-v5-con-14-programas-inteligentes-57-l\/#breadcrumb","itemListElement":[{"@type":"ListItem","position":1,"name":"Home","item":"https:\/\/mercadohogar.ca\/es\/"},{"@type":"ListItem","position":2,"name":"Tienda","item":"https:\/\/mercadohogar.ca\/es\/tienda-2\/"},{"@type":"ListItem","position":3,"name":"Instant Pot Duo V5 con 14 programas inteligentes, 5,7 l"}]},{"@type":"WebSite","@id":"https:\/\/mercadohogar.ca\/es\/#website","url":"https:\/\/mercadohogar.ca\/es\/","name":"Mercado Hogar","description":"Mercado Hogar","publisher":{"@id":"https:\/\/mercadohogar.ca\/es\/#organization"},"potentialAction":[{"@type":"SearchAction","target":{"@type":"EntryPoint","urlTemplate":"https:\/\/mercadohogar.ca\/es\/?s={search_term_string}"},"query-input":{"@type":"PropertyValueSpecification","valueRequired":true,"valueName":"search_term_string"}}],"inLanguage":"es"},{"@type":"Organization","@id":"https:\/\/mercadohogar.ca\/es\/#organization","name":"Mercado Hogar","url":"https:\/\/mercadohogar.ca\/es\/","logo":{"@type":"ImageObject","inLanguage":"es","@id":"https:\/\/mercadohogar.ca\/es\/#\/schema\/logo\/image\/","url":"https:\/\/mercadohogar.ca\/wp-content\/uploads\/2025\/12\/MH-LOGO.png","contentUrl":"https:\/\/mercadohogar.ca\/wp-content\/uploads\/2025\/12\/MH-LOGO.png","width":1200,"height":1200,"caption":"Mercado Hogar"},"image":{"@id":"https:\/\/mercadohogar.ca\/es\/#\/schema\/logo\/image\/"}}]}},"jetpack_sharing_enabled":true,"_links":{"self":[{"href":"https:\/\/mercadohogar.ca\/es\/wp-json\/wp\/v2\/product\/4404","targetHints":{"allow":["GET"]}}],"collection":[{"href":"https:\/\/mercadohogar.ca\/es\/wp-json\/wp\/v2\/product"}],"about":[{"href":"https:\/\/mercadohogar.ca\/es\/wp-json\/wp\/v2\/types\/product"}],"version-history":[{"count":1,"href":"https:\/\/mercadohogar.ca\/es\/wp-json\/wp\/v2\/product\/4404\/revisions"}],"predecessor-version":[{"id":4405,"href":"https:\/\/mercadohogar.ca\/es\/wp-json\/wp\/v2\/product\/4404\/revisions\/4405"}],"wp:featuredmedia":[{"embeddable":true,"href":"https:\/\/mercadohogar.ca\/es\/wp-json\/wp\/v2\/media\/2644"}],"wp:attachment":[{"href":"https:\/\/mercadohogar.ca\/es\/wp-json\/wp\/v2\/media?parent=4404"}],"wp:term":[{"taxonomy":"product_brand","embeddable":true,"href":"https:\/\/mercadohogar.ca\/es\/wp-json\/wp\/v2\/product_brand?post=4404"},{"taxonomy":"product_cat","embeddable":true,"href":"https:\/\/mercadohogar.ca\/es\/wp-json\/wp\/v2\/product_cat?post=4404"},{"taxonomy":"product_tag","embeddable":true,"href":"https:\/\/mercadohogar.ca\/es\/wp-json\/wp\/v2\/product_tag?post=4404"}],"curies":[{"name":"wp","href":"https:\/\/api.w.org\/{rel}","templated":true}]}}