{"id":4406,"date":"2026-01-12T15:31:43","date_gmt":"2026-01-12T15:31:43","guid":{"rendered":"https:\/\/mercadohogar.ca\/?post_type=product&#038;p=4406"},"modified":"2026-01-17T23:14:07","modified_gmt":"2026-01-17T23:14:07","slug":"castillo-hinchable-de-obstaculos-con-toboganes-de-carreras-dobles","status":"publish","type":"product","link":"https:\/\/mercadohogar.ca\/es\/producto\/castillo-hinchable-de-obstaculos-con-toboganes-de-carreras-dobles\/","title":{"rendered":"Castillo hinchable de obst\u00e1culos con toboganes de carreras dobles"},"content":{"rendered":"<p>Una variedad de espacios de juego interconectados: 2 t\u00faneles + postes de obst\u00e1culos y trampol\u00edn grande + escalada + 2 toboganes TODO EN UNO. Tama\u00f1o inflado: 4,97 m de largo x 2,13 m de ancho x 2,07 m de alto <\/p>\n<p>Material seguro y a prueba de pinchazos: Oxford 840D resistente + Oxford 420D. Fabricado con material seguro que cumple con el est\u00e1ndar ASTM F963-17.  <\/p>\n<p>Doble costura para las uniones y uso de tejido extra grueso para que el \u00e1rea de salto sea m\u00e1s fuerte y duradera. 6 estacas de seguridad fijan el castillo hinchable y 4 estacas adicionales para el soplador, para que no se vuelque ni se sobrecaliente. NO APTO PARA ALQUILER NI USO COMERCIAL.  <\/p>\n<p>Montaje en 2 minutos: Extienda la tela e \u00ednflela. El potente soplador mantiene la casa hinchable firme y segura. <\/p>\n<p>\u00a1Diversi\u00f3n sin fin, a los ni\u00f1os les encanta! \u2013 Pueden gatear por el t\u00fanel, escalar la pared, saltar en la casa hinchable, esquivar los postes de obst\u00e1culos, bajar por el tobog\u00e1n. Adecuado para que jueguen 4-5 ni\u00f1os juntos. Puede soportar un peso de 158 kg (Sugerencia: el peso de cada ni\u00f1o debe ser inferior a 45 kg). Es un lugar perfecto para que sus hijos quemen toda esa energ\u00eda extra.    <\/p>\n<p>Regalo de cumplea\u00f1os de lujo para ni\u00f1os: Regale a sus hijos un cumplea\u00f1os inolvidable con este enorme y hermoso castillo hinchable. Sus hijos experimentar\u00e1n mucha diversi\u00f3n durante el ejercicio f\u00edsico y la interacci\u00f3n con amigos, y reemplazar\u00e1 el tiempo frente a la pantalla. <\/p>\n","protected":false},"excerpt":{"rendered":"<p>Una variedad de espacios de juego interconectados: 2 t\u00faneles + postes de obst\u00e1culos y trampol\u00edn grande + escalada + 2 toboganes TODO EN UNO. Tama\u00f1o inflado: 4,97 m de largo x 2,13 m de ancho x 2,07 m de alto Material seguro y a prueba de pinchazos: Oxford 840D resistente + Oxford 420D. Fabricado con material seguro que cumple con [&hellip;]<\/p>\n","protected":false},"featured_media":2638,"template":"","meta":{"_coblocks_attr":"","_coblocks_dimensions":"","_coblocks_responsive_height":"","_coblocks_accordion_ie_support":"","postBodyCss":"","postBodyMargin":[],"postBodyPadding":[],"postBodyBackground":{"backgroundType":"classic","gradient":""}},"product_brand":[],"product_cat":[991],"product_tag":[],"class_list":{"0":"post-4406","1":"product","2":"type-product","3":"status-publish","4":"has-post-thumbnail","6":"product_cat-pasatiempo","7":"product_shipping_class-aerovaradero-general","9":"first","10":"instock","11":"taxable","12":"shipping-taxable","13":"purchasable","14":"product-type-simple"},"yoast_head":"<!-- This site is optimized with the Yoast SEO plugin v27.4 - https:\/\/yoast.com\/product\/yoast-seo-wordpress\/ -->\n<title>Castillo hinchable de obst\u00e1culos con toboganes de carreras dobles - Mercado Hogar<\/title>\n<meta name=\"robots\" content=\"index, follow, max-snippet:-1, max-image-preview:large, max-video-preview:-1\" \/>\n<link rel=\"canonical\" href=\"https:\/\/mercadohogar.ca\/es\/producto\/castillo-hinchable-de-obstaculos-con-toboganes-de-carreras-dobles\/\" \/>\n<meta property=\"og:locale\" content=\"es_ES\" \/>\n<meta property=\"og:type\" content=\"article\" \/>\n<meta property=\"og:title\" content=\"Castillo hinchable de obst\u00e1culos con toboganes de carreras dobles - Mercado Hogar\" \/>\n<meta property=\"og:description\" content=\"Una variedad de espacios de juego interconectados: 2 t\u00faneles + postes de obst\u00e1culos y trampol\u00edn grande + escalada + 2 toboganes TODO EN UNO. Tama\u00f1o inflado: 4,97 m de largo x 2,13 m de ancho x 2,07 m de alto Material seguro y a prueba de pinchazos: Oxford 840D resistente + Oxford 420D. Fabricado con material seguro que cumple con [&hellip;]\" \/>\n<meta property=\"og:url\" content=\"https:\/\/mercadohogar.ca\/es\/producto\/castillo-hinchable-de-obstaculos-con-toboganes-de-carreras-dobles\/\" \/>\n<meta property=\"og:site_name\" content=\"Mercado Hogar\" \/>\n<meta property=\"article:modified_time\" content=\"2026-01-17T23:14:07+00:00\" \/>\n<meta property=\"og:image\" content=\"https:\/\/mercadohogar.ca\/wp-content\/uploads\/2026\/01\/wp-image-7380833870.jpg\" \/>\n\t<meta property=\"og:image:width\" content=\"1500\" \/>\n\t<meta property=\"og:image:height\" content=\"925\" \/>\n\t<meta property=\"og:image:type\" content=\"image\/jpeg\" \/>\n<meta name=\"twitter:card\" content=\"summary_large_image\" \/>\n<meta name=\"twitter:label1\" content=\"Tiempo de lectura\" \/>\n\t<meta name=\"twitter:data1\" content=\"1 minuto\" \/>\n<script type=\"application\/ld+json\" class=\"yoast-schema-graph\">{\"@context\":\"https:\\\/\\\/schema.org\",\"@graph\":[{\"@type\":\"WebPage\",\"@id\":\"https:\\\/\\\/mercadohogar.ca\\\/es\\\/producto\\\/castillo-hinchable-de-obstaculos-con-toboganes-de-carreras-dobles\\\/\",\"url\":\"https:\\\/\\\/mercadohogar.ca\\\/es\\\/producto\\\/castillo-hinchable-de-obstaculos-con-toboganes-de-carreras-dobles\\\/\",\"name\":\"Castillo hinchable de obst\u00e1culos con toboganes de carreras dobles - Mercado Hogar\",\"isPartOf\":{\"@id\":\"https:\\\/\\\/mercadohogar.ca\\\/es\\\/#website\"},\"primaryImageOfPage\":{\"@id\":\"https:\\\/\\\/mercadohogar.ca\\\/es\\\/producto\\\/castillo-hinchable-de-obstaculos-con-toboganes-de-carreras-dobles\\\/#primaryimage\"},\"image\":{\"@id\":\"https:\\\/\\\/mercadohogar.ca\\\/es\\\/producto\\\/castillo-hinchable-de-obstaculos-con-toboganes-de-carreras-dobles\\\/#primaryimage\"},\"thumbnailUrl\":\"https:\\\/\\\/mercadohogar.ca\\\/wp-content\\\/uploads\\\/2026\\\/01\\\/wp-image-7380833870.jpg\",\"datePublished\":\"2026-01-12T15:31:43+00:00\",\"dateModified\":\"2026-01-17T23:14:07+00:00\",\"breadcrumb\":{\"@id\":\"https:\\\/\\\/mercadohogar.ca\\\/es\\\/producto\\\/castillo-hinchable-de-obstaculos-con-toboganes-de-carreras-dobles\\\/#breadcrumb\"},\"inLanguage\":\"es\",\"potentialAction\":[{\"@type\":\"ReadAction\",\"target\":[\"https:\\\/\\\/mercadohogar.ca\\\/es\\\/producto\\\/castillo-hinchable-de-obstaculos-con-toboganes-de-carreras-dobles\\\/\"]}]},{\"@type\":\"ImageObject\",\"inLanguage\":\"es\",\"@id\":\"https:\\\/\\\/mercadohogar.ca\\\/es\\\/producto\\\/castillo-hinchable-de-obstaculos-con-toboganes-de-carreras-dobles\\\/#primaryimage\",\"url\":\"https:\\\/\\\/mercadohogar.ca\\\/wp-content\\\/uploads\\\/2026\\\/01\\\/wp-image-7380833870.jpg\",\"contentUrl\":\"https:\\\/\\\/mercadohogar.ca\\\/wp-content\\\/uploads\\\/2026\\\/01\\\/wp-image-7380833870.jpg\",\"width\":1500,\"height\":925},{\"@type\":\"BreadcrumbList\",\"@id\":\"https:\\\/\\\/mercadohogar.ca\\\/es\\\/producto\\\/castillo-hinchable-de-obstaculos-con-toboganes-de-carreras-dobles\\\/#breadcrumb\",\"itemListElement\":[{\"@type\":\"ListItem\",\"position\":1,\"name\":\"Home\",\"item\":\"https:\\\/\\\/mercadohogar.ca\\\/es\\\/\"},{\"@type\":\"ListItem\",\"position\":2,\"name\":\"Tienda\",\"item\":\"https:\\\/\\\/mercadohogar.ca\\\/es\\\/tienda-2\\\/\"},{\"@type\":\"ListItem\",\"position\":3,\"name\":\"Castillo hinchable de obst\u00e1culos con toboganes de carreras dobles\"}]},{\"@type\":\"WebSite\",\"@id\":\"https:\\\/\\\/mercadohogar.ca\\\/es\\\/#website\",\"url\":\"https:\\\/\\\/mercadohogar.ca\\\/es\\\/\",\"name\":\"Mercado Hogar\",\"description\":\"Mercado Hogar\",\"publisher\":{\"@id\":\"https:\\\/\\\/mercadohogar.ca\\\/es\\\/#organization\"},\"potentialAction\":[{\"@type\":\"SearchAction\",\"target\":{\"@type\":\"EntryPoint\",\"urlTemplate\":\"https:\\\/\\\/mercadohogar.ca\\\/es\\\/?s={search_term_string}\"},\"query-input\":{\"@type\":\"PropertyValueSpecification\",\"valueRequired\":true,\"valueName\":\"search_term_string\"}}],\"inLanguage\":\"es\"},{\"@type\":\"Organization\",\"@id\":\"https:\\\/\\\/mercadohogar.ca\\\/es\\\/#organization\",\"name\":\"Mercado Hogar\",\"url\":\"https:\\\/\\\/mercadohogar.ca\\\/es\\\/\",\"logo\":{\"@type\":\"ImageObject\",\"inLanguage\":\"es\",\"@id\":\"https:\\\/\\\/mercadohogar.ca\\\/es\\\/#\\\/schema\\\/logo\\\/image\\\/\",\"url\":\"https:\\\/\\\/mercadohogar.ca\\\/wp-content\\\/uploads\\\/2025\\\/12\\\/MH-LOGO.png\",\"contentUrl\":\"https:\\\/\\\/mercadohogar.ca\\\/wp-content\\\/uploads\\\/2025\\\/12\\\/MH-LOGO.png\",\"width\":1200,\"height\":1200,\"caption\":\"Mercado Hogar\"},\"image\":{\"@id\":\"https:\\\/\\\/mercadohogar.ca\\\/es\\\/#\\\/schema\\\/logo\\\/image\\\/\"}}]}<\/script>\n<!-- \/ Yoast SEO plugin. -->","yoast_head_json":{"title":"Castillo hinchable de obst\u00e1culos con toboganes de carreras dobles - Mercado Hogar","robots":{"index":"index","follow":"follow","max-snippet":"max-snippet:-1","max-image-preview":"max-image-preview:large","max-video-preview":"max-video-preview:-1"},"canonical":"https:\/\/mercadohogar.ca\/es\/producto\/castillo-hinchable-de-obstaculos-con-toboganes-de-carreras-dobles\/","og_locale":"es_ES","og_type":"article","og_title":"Castillo hinchable de obst\u00e1culos con toboganes de carreras dobles - Mercado Hogar","og_description":"Una variedad de espacios de juego interconectados: 2 t\u00faneles + postes de obst\u00e1culos y trampol\u00edn grande + escalada + 2 toboganes TODO EN UNO. Tama\u00f1o inflado: 4,97 m de largo x 2,13 m de ancho x 2,07 m de alto Material seguro y a prueba de pinchazos: Oxford 840D resistente + Oxford 420D. Fabricado con material seguro que cumple con [&hellip;]","og_url":"https:\/\/mercadohogar.ca\/es\/producto\/castillo-hinchable-de-obstaculos-con-toboganes-de-carreras-dobles\/","og_site_name":"Mercado Hogar","article_modified_time":"2026-01-17T23:14:07+00:00","og_image":[{"width":1500,"height":925,"url":"https:\/\/mercadohogar.ca\/wp-content\/uploads\/2026\/01\/wp-image-7380833870.jpg","type":"image\/jpeg"}],"twitter_card":"summary_large_image","twitter_misc":{"Tiempo de lectura":"1 minuto"},"schema":{"@context":"https:\/\/schema.org","@graph":[{"@type":"WebPage","@id":"https:\/\/mercadohogar.ca\/es\/producto\/castillo-hinchable-de-obstaculos-con-toboganes-de-carreras-dobles\/","url":"https:\/\/mercadohogar.ca\/es\/producto\/castillo-hinchable-de-obstaculos-con-toboganes-de-carreras-dobles\/","name":"Castillo hinchable de obst\u00e1culos con toboganes de carreras dobles - Mercado Hogar","isPartOf":{"@id":"https:\/\/mercadohogar.ca\/es\/#website"},"primaryImageOfPage":{"@id":"https:\/\/mercadohogar.ca\/es\/producto\/castillo-hinchable-de-obstaculos-con-toboganes-de-carreras-dobles\/#primaryimage"},"image":{"@id":"https:\/\/mercadohogar.ca\/es\/producto\/castillo-hinchable-de-obstaculos-con-toboganes-de-carreras-dobles\/#primaryimage"},"thumbnailUrl":"https:\/\/mercadohogar.ca\/wp-content\/uploads\/2026\/01\/wp-image-7380833870.jpg","datePublished":"2026-01-12T15:31:43+00:00","dateModified":"2026-01-17T23:14:07+00:00","breadcrumb":{"@id":"https:\/\/mercadohogar.ca\/es\/producto\/castillo-hinchable-de-obstaculos-con-toboganes-de-carreras-dobles\/#breadcrumb"},"inLanguage":"es","potentialAction":[{"@type":"ReadAction","target":["https:\/\/mercadohogar.ca\/es\/producto\/castillo-hinchable-de-obstaculos-con-toboganes-de-carreras-dobles\/"]}]},{"@type":"ImageObject","inLanguage":"es","@id":"https:\/\/mercadohogar.ca\/es\/producto\/castillo-hinchable-de-obstaculos-con-toboganes-de-carreras-dobles\/#primaryimage","url":"https:\/\/mercadohogar.ca\/wp-content\/uploads\/2026\/01\/wp-image-7380833870.jpg","contentUrl":"https:\/\/mercadohogar.ca\/wp-content\/uploads\/2026\/01\/wp-image-7380833870.jpg","width":1500,"height":925},{"@type":"BreadcrumbList","@id":"https:\/\/mercadohogar.ca\/es\/producto\/castillo-hinchable-de-obstaculos-con-toboganes-de-carreras-dobles\/#breadcrumb","itemListElement":[{"@type":"ListItem","position":1,"name":"Home","item":"https:\/\/mercadohogar.ca\/es\/"},{"@type":"ListItem","position":2,"name":"Tienda","item":"https:\/\/mercadohogar.ca\/es\/tienda-2\/"},{"@type":"ListItem","position":3,"name":"Castillo hinchable de obst\u00e1culos con toboganes de carreras dobles"}]},{"@type":"WebSite","@id":"https:\/\/mercadohogar.ca\/es\/#website","url":"https:\/\/mercadohogar.ca\/es\/","name":"Mercado Hogar","description":"Mercado Hogar","publisher":{"@id":"https:\/\/mercadohogar.ca\/es\/#organization"},"potentialAction":[{"@type":"SearchAction","target":{"@type":"EntryPoint","urlTemplate":"https:\/\/mercadohogar.ca\/es\/?s={search_term_string}"},"query-input":{"@type":"PropertyValueSpecification","valueRequired":true,"valueName":"search_term_string"}}],"inLanguage":"es"},{"@type":"Organization","@id":"https:\/\/mercadohogar.ca\/es\/#organization","name":"Mercado Hogar","url":"https:\/\/mercadohogar.ca\/es\/","logo":{"@type":"ImageObject","inLanguage":"es","@id":"https:\/\/mercadohogar.ca\/es\/#\/schema\/logo\/image\/","url":"https:\/\/mercadohogar.ca\/wp-content\/uploads\/2025\/12\/MH-LOGO.png","contentUrl":"https:\/\/mercadohogar.ca\/wp-content\/uploads\/2025\/12\/MH-LOGO.png","width":1200,"height":1200,"caption":"Mercado Hogar"},"image":{"@id":"https:\/\/mercadohogar.ca\/es\/#\/schema\/logo\/image\/"}}]}},"jetpack_sharing_enabled":true,"_links":{"self":[{"href":"https:\/\/mercadohogar.ca\/es\/wp-json\/wp\/v2\/product\/4406","targetHints":{"allow":["GET"]}}],"collection":[{"href":"https:\/\/mercadohogar.ca\/es\/wp-json\/wp\/v2\/product"}],"about":[{"href":"https:\/\/mercadohogar.ca\/es\/wp-json\/wp\/v2\/types\/product"}],"version-history":[{"count":1,"href":"https:\/\/mercadohogar.ca\/es\/wp-json\/wp\/v2\/product\/4406\/revisions"}],"predecessor-version":[{"id":4851,"href":"https:\/\/mercadohogar.ca\/es\/wp-json\/wp\/v2\/product\/4406\/revisions\/4851"}],"wp:featuredmedia":[{"embeddable":true,"href":"https:\/\/mercadohogar.ca\/es\/wp-json\/wp\/v2\/media\/2638"}],"wp:attachment":[{"href":"https:\/\/mercadohogar.ca\/es\/wp-json\/wp\/v2\/media?parent=4406"}],"wp:term":[{"taxonomy":"product_brand","embeddable":true,"href":"https:\/\/mercadohogar.ca\/es\/wp-json\/wp\/v2\/product_brand?post=4406"},{"taxonomy":"product_cat","embeddable":true,"href":"https:\/\/mercadohogar.ca\/es\/wp-json\/wp\/v2\/product_cat?post=4406"},{"taxonomy":"product_tag","embeddable":true,"href":"https:\/\/mercadohogar.ca\/es\/wp-json\/wp\/v2\/product_tag?post=4406"}],"curies":[{"name":"wp","href":"https:\/\/api.w.org\/{rel}","templated":true}]}}