{"id":4407,"date":"2026-01-12T15:31:35","date_gmt":"2026-01-12T15:31:35","guid":{"rendered":"https:\/\/mercadohogar.ca\/?post_type=product&#038;p=4407"},"modified":"2026-01-17T23:14:16","modified_gmt":"2026-01-17T23:14:16","slug":"italica-cyber-200-cc-inyeccion-de-combustible","status":"publish","type":"product","link":"https:\/\/mercadohogar.ca\/es\/producto\/italica-cyber-200-cc-inyeccion-de-combustible\/","title":{"rendered":"Italica cyber 200 cc inyecci\u00f3n de combustible"},"content":{"rendered":"<ul>\n<li><strong>Tipo de motor<\/strong>: Monocil\u00edndrico, 4 tiempos, refrigerado por aire<\/li>\n<li><strong>Cilindrada<\/strong>: 169 cc<\/li>\n<li><strong>Velocidad m\u00e1xima<\/strong>: 65 mph<\/li>\n<li><strong>Potencia m\u00e1xima<\/strong>: 8,3 kW\/7000 r\/min<\/li>\n<li><strong>Par m\u00e1ximo<\/strong>: 12 Nm\/6000 r\/min<\/li>\n<li><strong>Sistema de combustible<\/strong>: EFI<\/li>\n<li><strong>Transmisi\u00f3n<\/strong>: Autom\u00e1tica CVT<\/li>\n<li><strong>Suspensi\u00f3n delantera<\/strong>: Horquilla telesc\u00f3pica hidr\u00e1ulica<\/li>\n<li><strong>Suspensi\u00f3n trasera<\/strong>: Amortiguador de doble resorte<\/li>\n<li><strong>Neum\u00e1ticos delanteros<\/strong>: 100\/80-14<\/li>\n<li><strong>Neum\u00e1ticos traseros<\/strong>: 130\/70-13<\/li>\n<li><strong>Freno delantero<\/strong>: CBS (Delantero\/Disco)<\/li>\n<li><strong>Freno trasero<\/strong>: CBS (Trasero\/Disco)<\/li>\n<li><strong>Juego de llaves<\/strong>: Inteligente sin llave<\/li>\n<li><strong>Veloc\u00edmetro<\/strong>: Digital<\/li>\n<li><strong>Dimensiones generales (L x An x Al)<\/strong>: 76,57 x 30,63 x 48,62 in<\/li>\n<li><strong>Distancia entre ejes<\/strong>: 54,09 in<\/li>\n<li><strong>Altura del asiento<\/strong>: 31,10 in<\/li>\n<li><strong>Distancia al suelo<\/strong>: 4,13 in<\/li>\n<li><strong>Peso en vac\u00edo<\/strong>: 330,69 lbs<\/li>\n<li><strong>Capacidad de combustible<\/strong>: 3,5 galones<\/li>\n<li><strong>Aceite de motor<\/strong>: SAE 10W-30\/15W-40<\/li>\n<\/ul>\n<p><strong>Lugar de recogida en persona en Cuba:<\/strong><br \/> Calle 148 No. 1107, Esquina 11, Cubanac\u00e1n, Playa, La Habana.<br \/> El cliente debe presentarse en la fecha programada o, a m\u00e1s tardar, en un plazo de 72 horas. Pasado este plazo, la entrega estar\u00e1 sujeta a la disponibilidad de aduanas. <\/p>\n<p><strong>Aviso importante:<\/strong><br \/> Solo se permite la importaci\u00f3n de un veh\u00edculo (motocicleta, triciclo o autom\u00f3vil) cada cinco a\u00f1os por destinatario. Mercado Hogar no se hace responsable si el cliente ya ha importado otro veh\u00edculo, ya sea a trav\u00e9s de nuestra empresa o de otra agencia. <\/p>\n<p>Una vez que se haya procesado el pedido, esta condici\u00f3n se considera aceptada y Mercado Hogar queda exento de toda responsabilidad.<\/p>\n","protected":false},"excerpt":{"rendered":"<p>Tipo de motor: Monocil\u00edndrico, 4 tiempos, refrigerado por aire Cilindrada: 169 cc Velocidad m\u00e1xima: 65 mph Potencia m\u00e1xima: 8,3 kW\/7000 r\/min Par m\u00e1ximo: 12 Nm\/6000 r\/min Sistema de combustible: EFI Transmisi\u00f3n: Autom\u00e1tica CVT Suspensi\u00f3n delantera: Horquilla telesc\u00f3pica hidr\u00e1ulica Suspensi\u00f3n trasera: Amortiguador de doble resorte Neum\u00e1ticos delanteros: 100\/80-14 Neum\u00e1ticos traseros: 130\/70-13 Freno delantero: CBS (Delantero\/Disco) Freno trasero: CBS (Trasero\/Disco) Juego de [&hellip;]<\/p>\n","protected":false},"featured_media":2654,"template":"","meta":{"_coblocks_attr":"","_coblocks_dimensions":"","_coblocks_responsive_height":"","_coblocks_accordion_ie_support":"","postBodyCss":"","postBodyMargin":[],"postBodyPadding":[],"postBodyBackground":{"backgroundType":"classic","gradient":""}},"product_brand":[],"product_cat":[990],"product_tag":[],"class_list":{"0":"post-4407","1":"product","2":"type-product","3":"status-publish","4":"has-post-thumbnail","6":"product_cat-motocicletas-electricas-y-de-gasolina-accesorios","7":"product_shipping_class-aerovaradero-general","9":"first","10":"outofstock","11":"taxable","12":"shipping-taxable","13":"purchasable","14":"product-type-variable"},"yoast_head":"<!-- This site is optimized with the Yoast SEO plugin v27.4 - https:\/\/yoast.com\/product\/yoast-seo-wordpress\/ -->\n<title>Italica cyber 200 cc inyecci\u00f3n de combustible - Mercado Hogar<\/title>\n<meta name=\"robots\" content=\"index, follow, max-snippet:-1, max-image-preview:large, max-video-preview:-1\" \/>\n<link rel=\"canonical\" href=\"https:\/\/mercadohogar.ca\/es\/producto\/italica-cyber-200-cc-inyeccion-de-combustible\/\" \/>\n<meta property=\"og:locale\" content=\"es_ES\" \/>\n<meta property=\"og:type\" content=\"article\" \/>\n<meta property=\"og:title\" content=\"Italica cyber 200 cc inyecci\u00f3n de combustible - Mercado Hogar\" \/>\n<meta property=\"og:description\" content=\"Tipo de motor: Monocil\u00edndrico, 4 tiempos, refrigerado por aire Cilindrada: 169 cc Velocidad m\u00e1xima: 65 mph Potencia m\u00e1xima: 8,3 kW\/7000 r\/min Par m\u00e1ximo: 12 Nm\/6000 r\/min Sistema de combustible: EFI Transmisi\u00f3n: Autom\u00e1tica CVT Suspensi\u00f3n delantera: Horquilla telesc\u00f3pica hidr\u00e1ulica Suspensi\u00f3n trasera: Amortiguador de doble resorte Neum\u00e1ticos delanteros: 100\/80-14 Neum\u00e1ticos traseros: 130\/70-13 Freno delantero: CBS (Delantero\/Disco) Freno trasero: CBS (Trasero\/Disco) Juego de [&hellip;]\" \/>\n<meta property=\"og:url\" content=\"https:\/\/mercadohogar.ca\/es\/producto\/italica-cyber-200-cc-inyeccion-de-combustible\/\" \/>\n<meta property=\"og:site_name\" content=\"Mercado Hogar\" \/>\n<meta property=\"article:modified_time\" content=\"2026-01-17T23:14:16+00:00\" \/>\n<meta property=\"og:image\" content=\"https:\/\/mercadohogar.ca\/wp-content\/uploads\/2026\/01\/wp-image-7737839240.webp\" \/>\n\t<meta property=\"og:image:width\" content=\"600\" \/>\n\t<meta property=\"og:image:height\" content=\"460\" \/>\n\t<meta property=\"og:image:type\" content=\"image\/webp\" \/>\n<meta name=\"twitter:card\" content=\"summary_large_image\" \/>\n<meta name=\"twitter:label1\" content=\"Tiempo de lectura\" \/>\n\t<meta name=\"twitter:data1\" content=\"1 minuto\" \/>\n<script type=\"application\/ld+json\" class=\"yoast-schema-graph\">{\"@context\":\"https:\\\/\\\/schema.org\",\"@graph\":[{\"@type\":\"WebPage\",\"@id\":\"https:\\\/\\\/mercadohogar.ca\\\/es\\\/producto\\\/italica-cyber-200-cc-inyeccion-de-combustible\\\/\",\"url\":\"https:\\\/\\\/mercadohogar.ca\\\/es\\\/producto\\\/italica-cyber-200-cc-inyeccion-de-combustible\\\/\",\"name\":\"Italica cyber 200 cc inyecci\u00f3n de combustible - Mercado Hogar\",\"isPartOf\":{\"@id\":\"https:\\\/\\\/mercadohogar.ca\\\/es\\\/#website\"},\"primaryImageOfPage\":{\"@id\":\"https:\\\/\\\/mercadohogar.ca\\\/es\\\/producto\\\/italica-cyber-200-cc-inyeccion-de-combustible\\\/#primaryimage\"},\"image\":{\"@id\":\"https:\\\/\\\/mercadohogar.ca\\\/es\\\/producto\\\/italica-cyber-200-cc-inyeccion-de-combustible\\\/#primaryimage\"},\"thumbnailUrl\":\"https:\\\/\\\/mercadohogar.ca\\\/wp-content\\\/uploads\\\/2026\\\/01\\\/wp-image-7737839240.webp\",\"datePublished\":\"2026-01-12T15:31:35+00:00\",\"dateModified\":\"2026-01-17T23:14:16+00:00\",\"breadcrumb\":{\"@id\":\"https:\\\/\\\/mercadohogar.ca\\\/es\\\/producto\\\/italica-cyber-200-cc-inyeccion-de-combustible\\\/#breadcrumb\"},\"inLanguage\":\"es\",\"potentialAction\":[{\"@type\":\"ReadAction\",\"target\":[\"https:\\\/\\\/mercadohogar.ca\\\/es\\\/producto\\\/italica-cyber-200-cc-inyeccion-de-combustible\\\/\"]}]},{\"@type\":\"ImageObject\",\"inLanguage\":\"es\",\"@id\":\"https:\\\/\\\/mercadohogar.ca\\\/es\\\/producto\\\/italica-cyber-200-cc-inyeccion-de-combustible\\\/#primaryimage\",\"url\":\"https:\\\/\\\/mercadohogar.ca\\\/wp-content\\\/uploads\\\/2026\\\/01\\\/wp-image-7737839240.webp\",\"contentUrl\":\"https:\\\/\\\/mercadohogar.ca\\\/wp-content\\\/uploads\\\/2026\\\/01\\\/wp-image-7737839240.webp\",\"width\":600,\"height\":460},{\"@type\":\"BreadcrumbList\",\"@id\":\"https:\\\/\\\/mercadohogar.ca\\\/es\\\/producto\\\/italica-cyber-200-cc-inyeccion-de-combustible\\\/#breadcrumb\",\"itemListElement\":[{\"@type\":\"ListItem\",\"position\":1,\"name\":\"Home\",\"item\":\"https:\\\/\\\/mercadohogar.ca\\\/es\\\/\"},{\"@type\":\"ListItem\",\"position\":2,\"name\":\"Tienda\",\"item\":\"https:\\\/\\\/mercadohogar.ca\\\/es\\\/tienda-2\\\/\"},{\"@type\":\"ListItem\",\"position\":3,\"name\":\"Italica cyber 200 cc inyecci\u00f3n de combustible\"}]},{\"@type\":\"WebSite\",\"@id\":\"https:\\\/\\\/mercadohogar.ca\\\/es\\\/#website\",\"url\":\"https:\\\/\\\/mercadohogar.ca\\\/es\\\/\",\"name\":\"Mercado Hogar\",\"description\":\"Mercado Hogar\",\"publisher\":{\"@id\":\"https:\\\/\\\/mercadohogar.ca\\\/es\\\/#organization\"},\"potentialAction\":[{\"@type\":\"SearchAction\",\"target\":{\"@type\":\"EntryPoint\",\"urlTemplate\":\"https:\\\/\\\/mercadohogar.ca\\\/es\\\/?s={search_term_string}\"},\"query-input\":{\"@type\":\"PropertyValueSpecification\",\"valueRequired\":true,\"valueName\":\"search_term_string\"}}],\"inLanguage\":\"es\"},{\"@type\":\"Organization\",\"@id\":\"https:\\\/\\\/mercadohogar.ca\\\/es\\\/#organization\",\"name\":\"Mercado Hogar\",\"url\":\"https:\\\/\\\/mercadohogar.ca\\\/es\\\/\",\"logo\":{\"@type\":\"ImageObject\",\"inLanguage\":\"es\",\"@id\":\"https:\\\/\\\/mercadohogar.ca\\\/es\\\/#\\\/schema\\\/logo\\\/image\\\/\",\"url\":\"https:\\\/\\\/mercadohogar.ca\\\/wp-content\\\/uploads\\\/2025\\\/12\\\/MH-LOGO.png\",\"contentUrl\":\"https:\\\/\\\/mercadohogar.ca\\\/wp-content\\\/uploads\\\/2025\\\/12\\\/MH-LOGO.png\",\"width\":1200,\"height\":1200,\"caption\":\"Mercado Hogar\"},\"image\":{\"@id\":\"https:\\\/\\\/mercadohogar.ca\\\/es\\\/#\\\/schema\\\/logo\\\/image\\\/\"}}]}<\/script>\n<!-- \/ Yoast SEO plugin. -->","yoast_head_json":{"title":"Italica cyber 200 cc inyecci\u00f3n de combustible - Mercado Hogar","robots":{"index":"index","follow":"follow","max-snippet":"max-snippet:-1","max-image-preview":"max-image-preview:large","max-video-preview":"max-video-preview:-1"},"canonical":"https:\/\/mercadohogar.ca\/es\/producto\/italica-cyber-200-cc-inyeccion-de-combustible\/","og_locale":"es_ES","og_type":"article","og_title":"Italica cyber 200 cc inyecci\u00f3n de combustible - Mercado Hogar","og_description":"Tipo de motor: Monocil\u00edndrico, 4 tiempos, refrigerado por aire Cilindrada: 169 cc Velocidad m\u00e1xima: 65 mph Potencia m\u00e1xima: 8,3 kW\/7000 r\/min Par m\u00e1ximo: 12 Nm\/6000 r\/min Sistema de combustible: EFI Transmisi\u00f3n: Autom\u00e1tica CVT Suspensi\u00f3n delantera: Horquilla telesc\u00f3pica hidr\u00e1ulica Suspensi\u00f3n trasera: Amortiguador de doble resorte Neum\u00e1ticos delanteros: 100\/80-14 Neum\u00e1ticos traseros: 130\/70-13 Freno delantero: CBS (Delantero\/Disco) Freno trasero: CBS (Trasero\/Disco) Juego de [&hellip;]","og_url":"https:\/\/mercadohogar.ca\/es\/producto\/italica-cyber-200-cc-inyeccion-de-combustible\/","og_site_name":"Mercado Hogar","article_modified_time":"2026-01-17T23:14:16+00:00","og_image":[{"width":600,"height":460,"url":"https:\/\/mercadohogar.ca\/wp-content\/uploads\/2026\/01\/wp-image-7737839240.webp","type":"image\/webp"}],"twitter_card":"summary_large_image","twitter_misc":{"Tiempo de lectura":"1 minuto"},"schema":{"@context":"https:\/\/schema.org","@graph":[{"@type":"WebPage","@id":"https:\/\/mercadohogar.ca\/es\/producto\/italica-cyber-200-cc-inyeccion-de-combustible\/","url":"https:\/\/mercadohogar.ca\/es\/producto\/italica-cyber-200-cc-inyeccion-de-combustible\/","name":"Italica cyber 200 cc inyecci\u00f3n de combustible - Mercado Hogar","isPartOf":{"@id":"https:\/\/mercadohogar.ca\/es\/#website"},"primaryImageOfPage":{"@id":"https:\/\/mercadohogar.ca\/es\/producto\/italica-cyber-200-cc-inyeccion-de-combustible\/#primaryimage"},"image":{"@id":"https:\/\/mercadohogar.ca\/es\/producto\/italica-cyber-200-cc-inyeccion-de-combustible\/#primaryimage"},"thumbnailUrl":"https:\/\/mercadohogar.ca\/wp-content\/uploads\/2026\/01\/wp-image-7737839240.webp","datePublished":"2026-01-12T15:31:35+00:00","dateModified":"2026-01-17T23:14:16+00:00","breadcrumb":{"@id":"https:\/\/mercadohogar.ca\/es\/producto\/italica-cyber-200-cc-inyeccion-de-combustible\/#breadcrumb"},"inLanguage":"es","potentialAction":[{"@type":"ReadAction","target":["https:\/\/mercadohogar.ca\/es\/producto\/italica-cyber-200-cc-inyeccion-de-combustible\/"]}]},{"@type":"ImageObject","inLanguage":"es","@id":"https:\/\/mercadohogar.ca\/es\/producto\/italica-cyber-200-cc-inyeccion-de-combustible\/#primaryimage","url":"https:\/\/mercadohogar.ca\/wp-content\/uploads\/2026\/01\/wp-image-7737839240.webp","contentUrl":"https:\/\/mercadohogar.ca\/wp-content\/uploads\/2026\/01\/wp-image-7737839240.webp","width":600,"height":460},{"@type":"BreadcrumbList","@id":"https:\/\/mercadohogar.ca\/es\/producto\/italica-cyber-200-cc-inyeccion-de-combustible\/#breadcrumb","itemListElement":[{"@type":"ListItem","position":1,"name":"Home","item":"https:\/\/mercadohogar.ca\/es\/"},{"@type":"ListItem","position":2,"name":"Tienda","item":"https:\/\/mercadohogar.ca\/es\/tienda-2\/"},{"@type":"ListItem","position":3,"name":"Italica cyber 200 cc inyecci\u00f3n de combustible"}]},{"@type":"WebSite","@id":"https:\/\/mercadohogar.ca\/es\/#website","url":"https:\/\/mercadohogar.ca\/es\/","name":"Mercado Hogar","description":"Mercado Hogar","publisher":{"@id":"https:\/\/mercadohogar.ca\/es\/#organization"},"potentialAction":[{"@type":"SearchAction","target":{"@type":"EntryPoint","urlTemplate":"https:\/\/mercadohogar.ca\/es\/?s={search_term_string}"},"query-input":{"@type":"PropertyValueSpecification","valueRequired":true,"valueName":"search_term_string"}}],"inLanguage":"es"},{"@type":"Organization","@id":"https:\/\/mercadohogar.ca\/es\/#organization","name":"Mercado Hogar","url":"https:\/\/mercadohogar.ca\/es\/","logo":{"@type":"ImageObject","inLanguage":"es","@id":"https:\/\/mercadohogar.ca\/es\/#\/schema\/logo\/image\/","url":"https:\/\/mercadohogar.ca\/wp-content\/uploads\/2025\/12\/MH-LOGO.png","contentUrl":"https:\/\/mercadohogar.ca\/wp-content\/uploads\/2025\/12\/MH-LOGO.png","width":1200,"height":1200,"caption":"Mercado Hogar"},"image":{"@id":"https:\/\/mercadohogar.ca\/es\/#\/schema\/logo\/image\/"}}]}},"jetpack_sharing_enabled":true,"_links":{"self":[{"href":"https:\/\/mercadohogar.ca\/es\/wp-json\/wp\/v2\/product\/4407","targetHints":{"allow":["GET"]}}],"collection":[{"href":"https:\/\/mercadohogar.ca\/es\/wp-json\/wp\/v2\/product"}],"about":[{"href":"https:\/\/mercadohogar.ca\/es\/wp-json\/wp\/v2\/types\/product"}],"version-history":[{"count":1,"href":"https:\/\/mercadohogar.ca\/es\/wp-json\/wp\/v2\/product\/4407\/revisions"}],"predecessor-version":[{"id":4839,"href":"https:\/\/mercadohogar.ca\/es\/wp-json\/wp\/v2\/product\/4407\/revisions\/4839"}],"wp:featuredmedia":[{"embeddable":true,"href":"https:\/\/mercadohogar.ca\/es\/wp-json\/wp\/v2\/media\/2654"}],"wp:attachment":[{"href":"https:\/\/mercadohogar.ca\/es\/wp-json\/wp\/v2\/media?parent=4407"}],"wp:term":[{"taxonomy":"product_brand","embeddable":true,"href":"https:\/\/mercadohogar.ca\/es\/wp-json\/wp\/v2\/product_brand?post=4407"},{"taxonomy":"product_cat","embeddable":true,"href":"https:\/\/mercadohogar.ca\/es\/wp-json\/wp\/v2\/product_cat?post=4407"},{"taxonomy":"product_tag","embeddable":true,"href":"https:\/\/mercadohogar.ca\/es\/wp-json\/wp\/v2\/product_tag?post=4407"}],"curies":[{"name":"wp","href":"https:\/\/api.w.org\/{rel}","templated":true}]}}