{"id":4408,"date":"2026-01-12T15:31:42","date_gmt":"2026-01-12T15:31:42","guid":{"rendered":"https:\/\/mercadohogar.ca\/?post_type=product&#038;p=4408"},"modified":"2026-01-17T23:14:08","modified_gmt":"2026-01-17T23:14:08","slug":"intex-26721eh-piscina-elevada-prism-premium-clearview-frame-de-427-m-x-107-cm","status":"publish","type":"product","link":"https:\/\/mercadohogar.ca\/es\/producto\/intex-26721eh-piscina-elevada-prism-premium-clearview-frame-de-427-m-x-107-cm\/","title":{"rendered":"INTEX 26721EH Piscina Elevada Prism Premium Clearview Frame de 4,27 m x 107 cm"},"content":{"rendered":"<ul>\n<li>F\u00c1CIL DE MONTAR: Lista para llenarse en solo 45 minutos; exti\u00e9ndala sobre una superficie nivelada con la lona de suelo incluida; mejorada con fuertes tubos de acero con recubrimiento en polvo y nuestro innovador dise\u00f1o de junta en T compuesta que facilita y agiliza el montaje<\/li>\n<li><span class=\"a-list-item\">EL TAMA\u00d1O PERFECTO: Esta piscina redonda mide 4,27 metros de di\u00e1metro con una profundidad de 107 cm; con capacidad para 12.708 litros de agua; esta piscina elevada es perfecta para divertirse en verano mientras escapa del calor<\/span><\/li>\n<li><span class=\"a-list-item\">S\u00daPER RESISTENTE: Fabricada con material de PVC de 3 capas resistente a los pinchazos, esta piscina est\u00e1 construida para resistir el desgaste de la diversi\u00f3n veraniega; en caso de cualquier da\u00f1o, se incluye un parche para arreglos f\u00e1ciles<\/span><\/li>\n<li><span class=\"a-list-item\">RESISTENTE A LA OXIDACI\u00d3N: Nuestra junta en T compuesta crea un sello herm\u00e9tico con la tuber\u00eda, evitando la formaci\u00f3n de \u00f3xido interno; las juntas en T est\u00e1n dise\u00f1adas para una alta resistencia e infundidas con inhibidor de rayos UV para garantizar la resistencia a la intemperie y una larga vida \u00fatil<\/span><\/li>\n<li><span class=\"a-list-item\">FILTRACI\u00d3N KRYSTAL CLEAR: La bomba incluida filtra 3785 l\/h e incorpora la tecnolog\u00eda HydroAeration en la bomba de filtro de cartucho, lo que proporciona una mejor circulaci\u00f3n y filtraci\u00f3n, una mayor claridad del agua y un aumento de los iones negativos<\/span><\/li>\n<\/ul>\n","protected":false},"excerpt":{"rendered":"<p>F\u00c1CIL DE MONTAR: Lista para llenarse en solo 45 minutos; exti\u00e9ndala sobre una superficie nivelada con la lona de suelo incluida; mejorada con fuertes tubos de acero con recubrimiento en polvo y nuestro innovador dise\u00f1o de junta en T compuesta que facilita y agiliza el montaje EL TAMA\u00d1O PERFECTO: Esta piscina redonda mide 4,27 metros de di\u00e1metro con una profundidad [&hellip;]<\/p>\n","protected":false},"featured_media":2648,"template":"","meta":{"_coblocks_attr":"","_coblocks_dimensions":"","_coblocks_responsive_height":"","_coblocks_accordion_ie_support":"","postBodyCss":"","postBodyMargin":[],"postBodyPadding":[],"postBodyBackground":{"backgroundType":"classic","gradient":""}},"product_brand":[],"product_cat":[992,991],"product_tag":[],"class_list":{"0":"post-4408","1":"product","2":"type-product","3":"status-publish","4":"has-post-thumbnail","6":"product_cat-mejoras-en-el-hogar","7":"product_cat-pasatiempo","8":"product_shipping_class-aerovaradero-general","10":"first","11":"instock","12":"taxable","13":"shipping-taxable","14":"purchasable","15":"product-type-simple"},"yoast_head":"<!-- This site is optimized with the Yoast SEO plugin v27.4 - https:\/\/yoast.com\/product\/yoast-seo-wordpress\/ -->\n<title>INTEX 26721EH Piscina Elevada Prism Premium Clearview Frame de 4,27 m x 107 cm - Mercado Hogar<\/title>\n<meta name=\"robots\" content=\"index, follow, max-snippet:-1, max-image-preview:large, max-video-preview:-1\" \/>\n<link rel=\"canonical\" href=\"https:\/\/mercadohogar.ca\/es\/producto\/intex-26721eh-piscina-elevada-prism-premium-clearview-frame-de-427-m-x-107-cm\/\" \/>\n<meta property=\"og:locale\" content=\"es_ES\" \/>\n<meta property=\"og:type\" content=\"article\" \/>\n<meta property=\"og:title\" content=\"INTEX 26721EH Piscina Elevada Prism Premium Clearview Frame de 4,27 m x 107 cm - Mercado Hogar\" \/>\n<meta property=\"og:description\" content=\"F\u00c1CIL DE MONTAR: Lista para llenarse en solo 45 minutos; exti\u00e9ndala sobre una superficie nivelada con la lona de suelo incluida; mejorada con fuertes tubos de acero con recubrimiento en polvo y nuestro innovador dise\u00f1o de junta en T compuesta que facilita y agiliza el montaje EL TAMA\u00d1O PERFECTO: Esta piscina redonda mide 4,27 metros de di\u00e1metro con una profundidad [&hellip;]\" \/>\n<meta property=\"og:url\" content=\"https:\/\/mercadohogar.ca\/es\/producto\/intex-26721eh-piscina-elevada-prism-premium-clearview-frame-de-427-m-x-107-cm\/\" \/>\n<meta property=\"og:site_name\" content=\"Mercado Hogar\" \/>\n<meta property=\"article:modified_time\" content=\"2026-01-17T23:14:08+00:00\" \/>\n<meta property=\"og:image\" content=\"https:\/\/mercadohogar.ca\/wp-content\/uploads\/2026\/01\/wp-image-7764027110.jpg\" \/>\n\t<meta property=\"og:image:width\" content=\"928\" \/>\n\t<meta property=\"og:image:height\" content=\"691\" \/>\n\t<meta property=\"og:image:type\" content=\"image\/jpeg\" \/>\n<meta name=\"twitter:card\" content=\"summary_large_image\" \/>\n<meta name=\"twitter:label1\" content=\"Tiempo de lectura\" \/>\n\t<meta name=\"twitter:data1\" content=\"1 minuto\" \/>\n<script type=\"application\/ld+json\" class=\"yoast-schema-graph\">{\"@context\":\"https:\\\/\\\/schema.org\",\"@graph\":[{\"@type\":\"WebPage\",\"@id\":\"https:\\\/\\\/mercadohogar.ca\\\/es\\\/producto\\\/intex-26721eh-piscina-elevada-prism-premium-clearview-frame-de-427-m-x-107-cm\\\/\",\"url\":\"https:\\\/\\\/mercadohogar.ca\\\/es\\\/producto\\\/intex-26721eh-piscina-elevada-prism-premium-clearview-frame-de-427-m-x-107-cm\\\/\",\"name\":\"INTEX 26721EH Piscina Elevada Prism Premium Clearview Frame de 4,27 m x 107 cm - Mercado Hogar\",\"isPartOf\":{\"@id\":\"https:\\\/\\\/mercadohogar.ca\\\/es\\\/#website\"},\"primaryImageOfPage\":{\"@id\":\"https:\\\/\\\/mercadohogar.ca\\\/es\\\/producto\\\/intex-26721eh-piscina-elevada-prism-premium-clearview-frame-de-427-m-x-107-cm\\\/#primaryimage\"},\"image\":{\"@id\":\"https:\\\/\\\/mercadohogar.ca\\\/es\\\/producto\\\/intex-26721eh-piscina-elevada-prism-premium-clearview-frame-de-427-m-x-107-cm\\\/#primaryimage\"},\"thumbnailUrl\":\"https:\\\/\\\/mercadohogar.ca\\\/wp-content\\\/uploads\\\/2026\\\/01\\\/wp-image-7764027110.jpg\",\"datePublished\":\"2026-01-12T15:31:42+00:00\",\"dateModified\":\"2026-01-17T23:14:08+00:00\",\"breadcrumb\":{\"@id\":\"https:\\\/\\\/mercadohogar.ca\\\/es\\\/producto\\\/intex-26721eh-piscina-elevada-prism-premium-clearview-frame-de-427-m-x-107-cm\\\/#breadcrumb\"},\"inLanguage\":\"es\",\"potentialAction\":[{\"@type\":\"ReadAction\",\"target\":[\"https:\\\/\\\/mercadohogar.ca\\\/es\\\/producto\\\/intex-26721eh-piscina-elevada-prism-premium-clearview-frame-de-427-m-x-107-cm\\\/\"]}]},{\"@type\":\"ImageObject\",\"inLanguage\":\"es\",\"@id\":\"https:\\\/\\\/mercadohogar.ca\\\/es\\\/producto\\\/intex-26721eh-piscina-elevada-prism-premium-clearview-frame-de-427-m-x-107-cm\\\/#primaryimage\",\"url\":\"https:\\\/\\\/mercadohogar.ca\\\/wp-content\\\/uploads\\\/2026\\\/01\\\/wp-image-7764027110.jpg\",\"contentUrl\":\"https:\\\/\\\/mercadohogar.ca\\\/wp-content\\\/uploads\\\/2026\\\/01\\\/wp-image-7764027110.jpg\",\"width\":928,\"height\":691},{\"@type\":\"BreadcrumbList\",\"@id\":\"https:\\\/\\\/mercadohogar.ca\\\/es\\\/producto\\\/intex-26721eh-piscina-elevada-prism-premium-clearview-frame-de-427-m-x-107-cm\\\/#breadcrumb\",\"itemListElement\":[{\"@type\":\"ListItem\",\"position\":1,\"name\":\"Home\",\"item\":\"https:\\\/\\\/mercadohogar.ca\\\/es\\\/\"},{\"@type\":\"ListItem\",\"position\":2,\"name\":\"Tienda\",\"item\":\"https:\\\/\\\/mercadohogar.ca\\\/es\\\/tienda-2\\\/\"},{\"@type\":\"ListItem\",\"position\":3,\"name\":\"INTEX 26721EH Piscina Elevada Prism Premium Clearview Frame de 4,27 m x 107 cm\"}]},{\"@type\":\"WebSite\",\"@id\":\"https:\\\/\\\/mercadohogar.ca\\\/es\\\/#website\",\"url\":\"https:\\\/\\\/mercadohogar.ca\\\/es\\\/\",\"name\":\"Mercado Hogar\",\"description\":\"Mercado Hogar\",\"publisher\":{\"@id\":\"https:\\\/\\\/mercadohogar.ca\\\/es\\\/#organization\"},\"potentialAction\":[{\"@type\":\"SearchAction\",\"target\":{\"@type\":\"EntryPoint\",\"urlTemplate\":\"https:\\\/\\\/mercadohogar.ca\\\/es\\\/?s={search_term_string}\"},\"query-input\":{\"@type\":\"PropertyValueSpecification\",\"valueRequired\":true,\"valueName\":\"search_term_string\"}}],\"inLanguage\":\"es\"},{\"@type\":\"Organization\",\"@id\":\"https:\\\/\\\/mercadohogar.ca\\\/es\\\/#organization\",\"name\":\"Mercado Hogar\",\"url\":\"https:\\\/\\\/mercadohogar.ca\\\/es\\\/\",\"logo\":{\"@type\":\"ImageObject\",\"inLanguage\":\"es\",\"@id\":\"https:\\\/\\\/mercadohogar.ca\\\/es\\\/#\\\/schema\\\/logo\\\/image\\\/\",\"url\":\"https:\\\/\\\/mercadohogar.ca\\\/wp-content\\\/uploads\\\/2025\\\/12\\\/MH-LOGO.png\",\"contentUrl\":\"https:\\\/\\\/mercadohogar.ca\\\/wp-content\\\/uploads\\\/2025\\\/12\\\/MH-LOGO.png\",\"width\":1200,\"height\":1200,\"caption\":\"Mercado Hogar\"},\"image\":{\"@id\":\"https:\\\/\\\/mercadohogar.ca\\\/es\\\/#\\\/schema\\\/logo\\\/image\\\/\"}}]}<\/script>\n<!-- \/ Yoast SEO plugin. -->","yoast_head_json":{"title":"INTEX 26721EH Piscina Elevada Prism Premium Clearview Frame de 4,27 m x 107 cm - Mercado Hogar","robots":{"index":"index","follow":"follow","max-snippet":"max-snippet:-1","max-image-preview":"max-image-preview:large","max-video-preview":"max-video-preview:-1"},"canonical":"https:\/\/mercadohogar.ca\/es\/producto\/intex-26721eh-piscina-elevada-prism-premium-clearview-frame-de-427-m-x-107-cm\/","og_locale":"es_ES","og_type":"article","og_title":"INTEX 26721EH Piscina Elevada Prism Premium Clearview Frame de 4,27 m x 107 cm - Mercado Hogar","og_description":"F\u00c1CIL DE MONTAR: Lista para llenarse en solo 45 minutos; exti\u00e9ndala sobre una superficie nivelada con la lona de suelo incluida; mejorada con fuertes tubos de acero con recubrimiento en polvo y nuestro innovador dise\u00f1o de junta en T compuesta que facilita y agiliza el montaje EL TAMA\u00d1O PERFECTO: Esta piscina redonda mide 4,27 metros de di\u00e1metro con una profundidad [&hellip;]","og_url":"https:\/\/mercadohogar.ca\/es\/producto\/intex-26721eh-piscina-elevada-prism-premium-clearview-frame-de-427-m-x-107-cm\/","og_site_name":"Mercado Hogar","article_modified_time":"2026-01-17T23:14:08+00:00","og_image":[{"width":928,"height":691,"url":"https:\/\/mercadohogar.ca\/wp-content\/uploads\/2026\/01\/wp-image-7764027110.jpg","type":"image\/jpeg"}],"twitter_card":"summary_large_image","twitter_misc":{"Tiempo de lectura":"1 minuto"},"schema":{"@context":"https:\/\/schema.org","@graph":[{"@type":"WebPage","@id":"https:\/\/mercadohogar.ca\/es\/producto\/intex-26721eh-piscina-elevada-prism-premium-clearview-frame-de-427-m-x-107-cm\/","url":"https:\/\/mercadohogar.ca\/es\/producto\/intex-26721eh-piscina-elevada-prism-premium-clearview-frame-de-427-m-x-107-cm\/","name":"INTEX 26721EH Piscina Elevada Prism Premium Clearview Frame de 4,27 m x 107 cm - Mercado Hogar","isPartOf":{"@id":"https:\/\/mercadohogar.ca\/es\/#website"},"primaryImageOfPage":{"@id":"https:\/\/mercadohogar.ca\/es\/producto\/intex-26721eh-piscina-elevada-prism-premium-clearview-frame-de-427-m-x-107-cm\/#primaryimage"},"image":{"@id":"https:\/\/mercadohogar.ca\/es\/producto\/intex-26721eh-piscina-elevada-prism-premium-clearview-frame-de-427-m-x-107-cm\/#primaryimage"},"thumbnailUrl":"https:\/\/mercadohogar.ca\/wp-content\/uploads\/2026\/01\/wp-image-7764027110.jpg","datePublished":"2026-01-12T15:31:42+00:00","dateModified":"2026-01-17T23:14:08+00:00","breadcrumb":{"@id":"https:\/\/mercadohogar.ca\/es\/producto\/intex-26721eh-piscina-elevada-prism-premium-clearview-frame-de-427-m-x-107-cm\/#breadcrumb"},"inLanguage":"es","potentialAction":[{"@type":"ReadAction","target":["https:\/\/mercadohogar.ca\/es\/producto\/intex-26721eh-piscina-elevada-prism-premium-clearview-frame-de-427-m-x-107-cm\/"]}]},{"@type":"ImageObject","inLanguage":"es","@id":"https:\/\/mercadohogar.ca\/es\/producto\/intex-26721eh-piscina-elevada-prism-premium-clearview-frame-de-427-m-x-107-cm\/#primaryimage","url":"https:\/\/mercadohogar.ca\/wp-content\/uploads\/2026\/01\/wp-image-7764027110.jpg","contentUrl":"https:\/\/mercadohogar.ca\/wp-content\/uploads\/2026\/01\/wp-image-7764027110.jpg","width":928,"height":691},{"@type":"BreadcrumbList","@id":"https:\/\/mercadohogar.ca\/es\/producto\/intex-26721eh-piscina-elevada-prism-premium-clearview-frame-de-427-m-x-107-cm\/#breadcrumb","itemListElement":[{"@type":"ListItem","position":1,"name":"Home","item":"https:\/\/mercadohogar.ca\/es\/"},{"@type":"ListItem","position":2,"name":"Tienda","item":"https:\/\/mercadohogar.ca\/es\/tienda-2\/"},{"@type":"ListItem","position":3,"name":"INTEX 26721EH Piscina Elevada Prism Premium Clearview Frame de 4,27 m x 107 cm"}]},{"@type":"WebSite","@id":"https:\/\/mercadohogar.ca\/es\/#website","url":"https:\/\/mercadohogar.ca\/es\/","name":"Mercado Hogar","description":"Mercado Hogar","publisher":{"@id":"https:\/\/mercadohogar.ca\/es\/#organization"},"potentialAction":[{"@type":"SearchAction","target":{"@type":"EntryPoint","urlTemplate":"https:\/\/mercadohogar.ca\/es\/?s={search_term_string}"},"query-input":{"@type":"PropertyValueSpecification","valueRequired":true,"valueName":"search_term_string"}}],"inLanguage":"es"},{"@type":"Organization","@id":"https:\/\/mercadohogar.ca\/es\/#organization","name":"Mercado Hogar","url":"https:\/\/mercadohogar.ca\/es\/","logo":{"@type":"ImageObject","inLanguage":"es","@id":"https:\/\/mercadohogar.ca\/es\/#\/schema\/logo\/image\/","url":"https:\/\/mercadohogar.ca\/wp-content\/uploads\/2025\/12\/MH-LOGO.png","contentUrl":"https:\/\/mercadohogar.ca\/wp-content\/uploads\/2025\/12\/MH-LOGO.png","width":1200,"height":1200,"caption":"Mercado Hogar"},"image":{"@id":"https:\/\/mercadohogar.ca\/es\/#\/schema\/logo\/image\/"}}]}},"jetpack_sharing_enabled":true,"_links":{"self":[{"href":"https:\/\/mercadohogar.ca\/es\/wp-json\/wp\/v2\/product\/4408","targetHints":{"allow":["GET"]}}],"collection":[{"href":"https:\/\/mercadohogar.ca\/es\/wp-json\/wp\/v2\/product"}],"about":[{"href":"https:\/\/mercadohogar.ca\/es\/wp-json\/wp\/v2\/types\/product"}],"version-history":[{"count":1,"href":"https:\/\/mercadohogar.ca\/es\/wp-json\/wp\/v2\/product\/4408\/revisions"}],"predecessor-version":[{"id":4849,"href":"https:\/\/mercadohogar.ca\/es\/wp-json\/wp\/v2\/product\/4408\/revisions\/4849"}],"wp:featuredmedia":[{"embeddable":true,"href":"https:\/\/mercadohogar.ca\/es\/wp-json\/wp\/v2\/media\/2648"}],"wp:attachment":[{"href":"https:\/\/mercadohogar.ca\/es\/wp-json\/wp\/v2\/media?parent=4408"}],"wp:term":[{"taxonomy":"product_brand","embeddable":true,"href":"https:\/\/mercadohogar.ca\/es\/wp-json\/wp\/v2\/product_brand?post=4408"},{"taxonomy":"product_cat","embeddable":true,"href":"https:\/\/mercadohogar.ca\/es\/wp-json\/wp\/v2\/product_cat?post=4408"},{"taxonomy":"product_tag","embeddable":true,"href":"https:\/\/mercadohogar.ca\/es\/wp-json\/wp\/v2\/product_tag?post=4408"}],"curies":[{"name":"wp","href":"https:\/\/api.w.org\/{rel}","templated":true}]}}