{"id":4410,"date":"2026-01-07T19:55:35","date_gmt":"2026-01-07T19:55:35","guid":{"rendered":"https:\/\/mercadohogar.ca\/?post_type=product&#038;p=4410"},"modified":"2026-01-17T22:30:48","modified_gmt":"2026-01-17T22:30:48","slug":"estacion-de-energia-portatil-jackery","status":"publish","type":"product","link":"https:\/\/mercadohogar.ca\/es\/product\/estacion-de-energia-portatil-jackery\/","title":{"rendered":"Estaci\u00f3n de energ\u00eda port\u00e1til Jackery"},"content":{"rendered":"<p>\ud835\udc0b\ud835\udc1a\ud835\udc2b\ud835\udc20\ud835\udc1a \ud835\udc03\ud835\udc2e\ud835\udc2b\ud835\udc1a\ud835\udc1c\ud835\udc22\u00f3\ud835\udc27: La estaci\u00f3n de energ\u00eda port\u00e1til Explorer 500 est\u00e1 construida con una bater\u00eda de iones de litio, en una estructura de marco dise\u00f1ada de forma segura para maximizar y prolongar la energ\u00eda para cada uso individual de aventuras al aire libre y respaldo en el hogar.<\/p>\n<p>\ud835\udc0b\ud835\udc1a \ud835\udc02\ud835\udc1a\ud835\udc29\ud835\udc1a\ud835\udc1c\ud835\udc22\ud835\udc1d\ud835\udc1a\ud835\udc1d \ud835\udc0f\ud835\udc1e\ud835\udc2b\ud835\udc1f\ud835\udc1e\ud835\udc1c\ud835\udc2d\ud835\udc1a: Con una capacidad de 518 vatios-hora (24 Ah, 21,6 V), est\u00e1 lista para alimentar muchos electrodom\u00e9sticos: mini nevera, ventilador, bomba de aire, proyector, l\u00e1mpara y TV.<\/p>\n<p>\ud835\udc12\ud835\udc28\ud835\udc29\ud835\udc28\ud835\udc2b\ud835\udc2d\ud835\udc1a \ud835\udc02\ud835\udc1a\ud835\udc2b\ud835\udc20\ud835\udc1a \ud835\udc03\ud835\udc22\ud835\udc2b\ud835\udc1e\ud835\udc1c\ud835\udc2d\ud835\udc1a: Esta estaci\u00f3n de energ\u00eda cuenta con 1* toma de CA (110 V 500 W 1000 W pico), 3* puertos USB-A, 2* puertos de CC y 1* puerto para coche. Su sistema de gesti\u00f3n de bater\u00eda controla cada celda individual, mejorando el ciclo de vida de la bater\u00eda mientras se carga directamente. <br \/>\ud835\udc03\ud835\udc22\ud835\udc2c\ud835\udc1e\u00f1\ud835\udc1a\ud835\udc1d\ud835\udc1a \ud835\udc0f\ud835\udc1a\ud835\udc2b\ud835\udc1a \ud835\udc0b\ud835\udc1a \ud835\udc0f\ud835\udc28\ud835\udc2b\ud835\udc2d\ud835\udc1a\ud835\udc1b\ud835\udc22\ud835\udc25\ud835\udc22\ud835\udc1d\ud835\udc1a\ud835\udc1d: Del mismo tama\u00f1o que una pelota de baloncesto, esta Explorer 500 es f\u00e1cil de transportar con su asa s\u00f3lida, lo que la convierte en una opci\u00f3n compacta y confiable para acampar, viajes por carretera, veh\u00edculos recreativos y respaldo en el hogar.<\/p>\n","protected":false},"excerpt":{"rendered":"<p>\ud835\udc0b\ud835\udc1a\ud835\udc2b\ud835\udc20\ud835\udc1a \ud835\udc03\ud835\udc2e\ud835\udc2b\ud835\udc1a\ud835\udc1c\ud835\udc22\u00f3\ud835\udc27: La estaci\u00f3n de energ\u00eda port\u00e1til Explorer 500 est\u00e1 construida con una bater\u00eda de iones de litio, en una estructura de marco dise\u00f1ada de forma segura para maximizar y&hellip;<\/p>\n","protected":false},"featured_media":2670,"template":"","meta":[],"product_brand":[],"product_cat":[997],"product_tag":[],"class_list":{"0":"post-4410","1":"product","2":"type-product","3":"status-publish","4":"has-post-thumbnail","6":"product_cat-generadores-y-soluciones-de-energia-alternativa","7":"product_shipping_class-aerovaradero-dg-grande","9":"first","10":"instock","11":"shipping-taxable","12":"purchasable","13":"product-type-simple"},"_links":{"self":[{"href":"https:\/\/mercadohogar.ca\/es\/wp-json\/wp\/v2\/product\/4410","targetHints":{"allow":["GET"]}}],"collection":[{"href":"https:\/\/mercadohogar.ca\/es\/wp-json\/wp\/v2\/product"}],"about":[{"href":"https:\/\/mercadohogar.ca\/es\/wp-json\/wp\/v2\/types\/product"}],"version-history":[{"count":1,"href":"https:\/\/mercadohogar.ca\/es\/wp-json\/wp\/v2\/product\/4410\/revisions"}],"predecessor-version":[{"id":4463,"href":"https:\/\/mercadohogar.ca\/es\/wp-json\/wp\/v2\/product\/4410\/revisions\/4463"}],"wp:featuredmedia":[{"embeddable":true,"href":"https:\/\/mercadohogar.ca\/es\/wp-json\/wp\/v2\/media\/2670"}],"wp:attachment":[{"href":"https:\/\/mercadohogar.ca\/es\/wp-json\/wp\/v2\/media?parent=4410"}],"wp:term":[{"taxonomy":"product_brand","embeddable":true,"href":"https:\/\/mercadohogar.ca\/es\/wp-json\/wp\/v2\/product_brand?post=4410"},{"taxonomy":"product_cat","embeddable":true,"href":"https:\/\/mercadohogar.ca\/es\/wp-json\/wp\/v2\/product_cat?post=4410"},{"taxonomy":"product_tag","embeddable":true,"href":"https:\/\/mercadohogar.ca\/es\/wp-json\/wp\/v2\/product_tag?post=4410"}],"curies":[{"name":"wp","href":"https:\/\/api.w.org\/{rel}","templated":true}]}}