{"id":4411,"date":"2026-01-07T19:55:37","date_gmt":"2026-01-07T19:55:37","guid":{"rendered":"https:\/\/mercadohogar.ca\/?post_type=product&#038;p=4411"},"modified":"2026-01-17T22:30:47","modified_gmt":"2026-01-17T22:30:47","slug":"bateria-externa-portatil-jackery-explorer-300-plus","status":"publish","type":"product","link":"https:\/\/mercadohogar.ca\/es\/product\/bateria-externa-portatil-jackery-explorer-300-plus\/","title":{"rendered":"Bater\u00eda Externa Port\u00e1til Jackery Explorer 300 Plus"},"content":{"rendered":"<ul>\n<li><span class=\"a-list-item\">Energ\u00eda sobre la marcha: Con un peso de tan solo 3,75 kg, la bater\u00eda externa port\u00e1til Jackery Explorer 300 Plus es ligera de transportar, ideal para acampadas, viajes por carretera y mucho m\u00e1s. Tambi\u00e9n es f\u00e1cil de usar con un inicio de un solo bot\u00f3n, y c\u00f3moda de instalar y guardar con paneles solares plegables del tama\u00f1o de una tablet.  <\/span><\/li>\n<li><span class=\"a-list-item\">Seguridad integral: Al adoptar la avanzada tecnolog\u00eda de litio, la bater\u00eda externa port\u00e1til Explorer 300 Plus es altamente resistente a la temperatura: las celdas funcionan de manera eficiente y segura, incluso a 45 \u2103. Se logra la m\u00e1xima seguridad, con 52 mecanismos de protecci\u00f3n, 12 algoritmos BMS y 4 tipos de protecci\u00f3n f\u00edsica.  <\/span><\/li>\n<li><span class=\"a-list-item\">Fiabilidad superior: La protecci\u00f3n IP68 a prueba de agua y polvo del panel solar permite su uso, incluso en condiciones clim\u00e1ticas adversas. Liderando la industria, el Explorer 300 Plus cumple con los principales est\u00e1ndares de seguridad internacionales, y cuenta con certificaci\u00f3n FCC\/CE, UL 94V-0 ign\u00edfugo, Clase 9 resistente a impactos y certificaci\u00f3n UL.  <\/span><\/li>\n<li><span class=\"a-list-item\">Vida \u00fatil prolongada: Gracias a la innovadora tecnolog\u00eda ChargeShield de Jackery, la duraci\u00f3n de la bater\u00eda de la bater\u00eda externa port\u00e1til Explorer 300 Plus se incrementa en un 50 %. Las duraderas bater\u00edas LFP (LiFePO4), junto con las protecciones BMS, garantizan hasta 10 a\u00f1os de uso, incluso cuando se recargan cada 3 d\u00edas, lo que la convierte en una excelente inversi\u00f3n para vivir fuera de la red el\u00e9ctrica.  <\/span><\/li>\n<li><span class=\"a-list-item\">Vida \u00fatil prolongada: Gracias a la innovadora tecnolog\u00eda ChargeShield de Jackery, la duraci\u00f3n de la bater\u00eda de la bater\u00eda externa port\u00e1til Explorer 300 Plus se incrementa en un 50 %. Las duraderas bater\u00edas LFP (LiFePO4), junto con las protecciones BMS, garantizan hasta 10 a\u00f1os de uso, incluso cuando se recargan cada 3 d\u00edas, lo que la convierte en una excelente inversi\u00f3n para vivir fuera de la red el\u00e9ctrica.  <\/span><\/li>\n<li><span class=\"a-list-item\">Control inteligente de la aplicaci\u00f3n: Administre f\u00e1cilmente su generador solar Explorer 300 Plus a trav\u00e9s de Wi-Fi o Bluetooth: puede controlar completamente el nivel de bater\u00eda restante y m\u00e1s en la aplicaci\u00f3n. Adem\u00e1s, se pueden personalizar m\u00faltiples configuraciones avanzadas para satisfacer las necesidades individuales, al tiempo que se garantiza el control de la energ\u00eda las 24 horas del d\u00eda. <\/span><\/li>\n<\/ul>\n","protected":false},"excerpt":{"rendered":"<p>Energ\u00eda sobre la marcha: Con un peso de tan solo 3,75 kg, la bater\u00eda externa port\u00e1til Jackery Explorer 300 Plus es ligera de transportar, ideal para acampadas, viajes por carretera&hellip;<\/p>\n","protected":false},"featured_media":2667,"template":"","meta":[],"product_brand":[],"product_cat":[997],"product_tag":[],"class_list":{"0":"post-4411","1":"product","2":"type-product","3":"status-publish","4":"has-post-thumbnail","6":"product_cat-generadores-y-soluciones-de-energia-alternativa","7":"product_shipping_class-aerovaradero-dg-grande","9":"first","10":"instock","11":"shipping-taxable","12":"purchasable","13":"product-type-simple"},"_links":{"self":[{"href":"https:\/\/mercadohogar.ca\/es\/wp-json\/wp\/v2\/product\/4411","targetHints":{"allow":["GET"]}}],"collection":[{"href":"https:\/\/mercadohogar.ca\/es\/wp-json\/wp\/v2\/product"}],"about":[{"href":"https:\/\/mercadohogar.ca\/es\/wp-json\/wp\/v2\/types\/product"}],"version-history":[{"count":1,"href":"https:\/\/mercadohogar.ca\/es\/wp-json\/wp\/v2\/product\/4411\/revisions"}],"predecessor-version":[{"id":4464,"href":"https:\/\/mercadohogar.ca\/es\/wp-json\/wp\/v2\/product\/4411\/revisions\/4464"}],"wp:featuredmedia":[{"embeddable":true,"href":"https:\/\/mercadohogar.ca\/es\/wp-json\/wp\/v2\/media\/2667"}],"wp:attachment":[{"href":"https:\/\/mercadohogar.ca\/es\/wp-json\/wp\/v2\/media?parent=4411"}],"wp:term":[{"taxonomy":"product_brand","embeddable":true,"href":"https:\/\/mercadohogar.ca\/es\/wp-json\/wp\/v2\/product_brand?post=4411"},{"taxonomy":"product_cat","embeddable":true,"href":"https:\/\/mercadohogar.ca\/es\/wp-json\/wp\/v2\/product_cat?post=4411"},{"taxonomy":"product_tag","embeddable":true,"href":"https:\/\/mercadohogar.ca\/es\/wp-json\/wp\/v2\/product_tag?post=4411"}],"curies":[{"name":"wp","href":"https:\/\/api.w.org\/{rel}","templated":true}]}}