{"id":4412,"date":"2026-01-12T15:31:40","date_gmt":"2026-01-12T15:31:40","guid":{"rendered":"https:\/\/mercadohogar.ca\/?post_type=product&#038;p=4412"},"modified":"2026-01-17T23:14:10","modified_gmt":"2026-01-17T23:14:10","slug":"jbl-partybox-stage-320-altavoz-de-fiesta-portatil-con-asa-telescopica","status":"publish","type":"product","link":"https:\/\/mercadohogar.ca\/es\/producto\/jbl-partybox-stage-320-altavoz-de-fiesta-portatil-con-asa-telescopica\/","title":{"rendered":"JBL PartyBox Stage 320: altavoz de fiesta port\u00e1til con asa telesc\u00f3pica"},"content":{"rendered":"<p>Potente sonido JBL Pro: Disfruta a tope con el potente sonido JBL Pro de dos woofers de 6,5&#8243; que ofrecen unos graves limpios, precisos y profundos incluso al m\u00e1ximo volumen, y un par de tweeters de c\u00fapula de 25 mm que producen unos agudos n\u00edtidos. Tanto en interiores como en exteriores, puedes llenar de m\u00fasica un espacio del tama\u00f1o de una cancha de tenis. Espect\u00e1culo de luces futurista: A todo ese sonido, a\u00f1ade un emocionante espect\u00e1culo de luces con luces estrelladas, estelas de luz y efectos estrobosc\u00f3picos, todo sincronizado con tu ritmo. Hasta 18 horas de tiempo de reproducci\u00f3n: Disfruta de la fiesta desde el anochecer hasta el amanecer con hasta 18 horas de tiempo de reproducci\u00f3n con una sola carga. Y si eso no es suficiente, simplemente cambia la bater\u00eda reemplazable* y sigue bailando. O si solo necesitas un impulso adicional, una carga r\u00e1pida de 10 minutos te proporciona 2 horas extra de tiempo de reproducci\u00f3n. *Bater\u00eda de repuesto a la venta por separado. Asa telesc\u00f3pica y ruedas anchas y robustas: Llega a la fiesta con unas ruedas anchas y robustas y un asa f\u00e1cil de agarrar que se extiende telesc\u00f3picamente cuando la necesitas y se pliega cuando no. Resistente a las salpicaduras: Tanto si est\u00e1s de fiesta con amigos en el parque como en la playa, la JBL PartyBox Stage 320 tiene un dise\u00f1o IPX4 a prueba de salpicaduras, lo que significa que un poco de lluvia no detendr\u00e1 la diversi\u00f3n. Entradas dobles de micr\u00f3fono y guitarra: Incorpora talento en vivo a la mezcla. Es f\u00e1cil cantar y tocar con la guitarra y las entradas dobles de micr\u00f3fono. Con la sintonizaci\u00f3n de ecualizaci\u00f3n de karaoke y el espect\u00e1culo de luces incorporado, todo el mundo sonar\u00e1, y se ver\u00e1, como una superestrella. Conexi\u00f3n multisaltavoz mediante Auracast: \u00bfQuieres un sonido JBL Pro Original a\u00fan m\u00e1s potente? Empareja dos altavoces en est\u00e9reo para obtener un escenario de sonido m\u00e1s amplio. Para tus eventos m\u00e1s grandes, se pueden conectar de forma inal\u00e1mbrica varias PartyBox con Auracast mediante Auracast.             <\/p>\n","protected":false},"excerpt":{"rendered":"<p>Potente sonido JBL Pro: Disfruta a tope con el potente sonido JBL Pro de dos woofers de 6,5&#8243; que ofrecen unos graves limpios, precisos y profundos incluso al m\u00e1ximo volumen, y un par de tweeters de c\u00fapula de 25 mm que producen unos agudos n\u00edtidos. Tanto en interiores como en exteriores, puedes llenar de m\u00fasica un espacio del tama\u00f1o de [&hellip;]<\/p>\n","protected":false},"featured_media":2679,"template":"","meta":{"_coblocks_attr":"","_coblocks_dimensions":"","_coblocks_responsive_height":"","_coblocks_accordion_ie_support":"","postBodyCss":"","postBodyMargin":[],"postBodyPadding":[],"postBodyBackground":{"backgroundType":"classic","gradient":""}},"product_brand":[],"product_cat":[905],"product_tag":[],"class_list":{"0":"post-4412","1":"product","2":"type-product","3":"status-publish","4":"has-post-thumbnail","6":"product_cat-home-improvements","7":"product_shipping_class-aerovaradero-general","9":"first","10":"instock","11":"taxable","12":"shipping-taxable","13":"purchasable","14":"product-type-simple"},"yoast_head":"<!-- This site is optimized with the Yoast SEO plugin v27.4 - https:\/\/yoast.com\/product\/yoast-seo-wordpress\/ -->\n<title>JBL PartyBox Stage 320: altavoz de fiesta port\u00e1til con asa telesc\u00f3pica - Mercado Hogar<\/title>\n<meta name=\"robots\" content=\"index, follow, max-snippet:-1, max-image-preview:large, max-video-preview:-1\" \/>\n<link rel=\"canonical\" href=\"https:\/\/mercadohogar.ca\/es\/producto\/jbl-partybox-stage-320-altavoz-de-fiesta-portatil-con-asa-telescopica\/\" \/>\n<meta property=\"og:locale\" content=\"es_ES\" \/>\n<meta property=\"og:type\" content=\"article\" \/>\n<meta property=\"og:title\" content=\"JBL PartyBox Stage 320: altavoz de fiesta port\u00e1til con asa telesc\u00f3pica - Mercado Hogar\" \/>\n<meta property=\"og:description\" content=\"Potente sonido JBL Pro: Disfruta a tope con el potente sonido JBL Pro de dos woofers de 6,5&#8243; que ofrecen unos graves limpios, precisos y profundos incluso al m\u00e1ximo volumen, y un par de tweeters de c\u00fapula de 25 mm que producen unos agudos n\u00edtidos. Tanto en interiores como en exteriores, puedes llenar de m\u00fasica un espacio del tama\u00f1o de [&hellip;]\" \/>\n<meta property=\"og:url\" content=\"https:\/\/mercadohogar.ca\/es\/producto\/jbl-partybox-stage-320-altavoz-de-fiesta-portatil-con-asa-telescopica\/\" \/>\n<meta property=\"og:site_name\" content=\"Mercado Hogar\" \/>\n<meta property=\"article:modified_time\" content=\"2026-01-17T23:14:10+00:00\" \/>\n<meta property=\"og:image\" content=\"https:\/\/mercadohogar.ca\/wp-content\/uploads\/2026\/01\/wp-image-7848260520.jpg\" \/>\n\t<meta property=\"og:image:width\" content=\"559\" \/>\n\t<meta property=\"og:image:height\" content=\"1372\" \/>\n\t<meta property=\"og:image:type\" content=\"image\/jpeg\" \/>\n<meta name=\"twitter:card\" content=\"summary_large_image\" \/>\n<meta name=\"twitter:label1\" content=\"Tiempo de lectura\" \/>\n\t<meta name=\"twitter:data1\" content=\"2 minutos\" \/>\n<script type=\"application\/ld+json\" class=\"yoast-schema-graph\">{\"@context\":\"https:\\\/\\\/schema.org\",\"@graph\":[{\"@type\":\"WebPage\",\"@id\":\"https:\\\/\\\/mercadohogar.ca\\\/es\\\/producto\\\/jbl-partybox-stage-320-altavoz-de-fiesta-portatil-con-asa-telescopica\\\/\",\"url\":\"https:\\\/\\\/mercadohogar.ca\\\/es\\\/producto\\\/jbl-partybox-stage-320-altavoz-de-fiesta-portatil-con-asa-telescopica\\\/\",\"name\":\"JBL PartyBox Stage 320: altavoz de fiesta port\u00e1til con asa telesc\u00f3pica - Mercado Hogar\",\"isPartOf\":{\"@id\":\"https:\\\/\\\/mercadohogar.ca\\\/es\\\/#website\"},\"primaryImageOfPage\":{\"@id\":\"https:\\\/\\\/mercadohogar.ca\\\/es\\\/producto\\\/jbl-partybox-stage-320-altavoz-de-fiesta-portatil-con-asa-telescopica\\\/#primaryimage\"},\"image\":{\"@id\":\"https:\\\/\\\/mercadohogar.ca\\\/es\\\/producto\\\/jbl-partybox-stage-320-altavoz-de-fiesta-portatil-con-asa-telescopica\\\/#primaryimage\"},\"thumbnailUrl\":\"https:\\\/\\\/mercadohogar.ca\\\/wp-content\\\/uploads\\\/2026\\\/01\\\/wp-image-7848260520.jpg\",\"datePublished\":\"2026-01-12T15:31:40+00:00\",\"dateModified\":\"2026-01-17T23:14:10+00:00\",\"breadcrumb\":{\"@id\":\"https:\\\/\\\/mercadohogar.ca\\\/es\\\/producto\\\/jbl-partybox-stage-320-altavoz-de-fiesta-portatil-con-asa-telescopica\\\/#breadcrumb\"},\"inLanguage\":\"es\",\"potentialAction\":[{\"@type\":\"ReadAction\",\"target\":[\"https:\\\/\\\/mercadohogar.ca\\\/es\\\/producto\\\/jbl-partybox-stage-320-altavoz-de-fiesta-portatil-con-asa-telescopica\\\/\"]}]},{\"@type\":\"ImageObject\",\"inLanguage\":\"es\",\"@id\":\"https:\\\/\\\/mercadohogar.ca\\\/es\\\/producto\\\/jbl-partybox-stage-320-altavoz-de-fiesta-portatil-con-asa-telescopica\\\/#primaryimage\",\"url\":\"https:\\\/\\\/mercadohogar.ca\\\/wp-content\\\/uploads\\\/2026\\\/01\\\/wp-image-7848260520.jpg\",\"contentUrl\":\"https:\\\/\\\/mercadohogar.ca\\\/wp-content\\\/uploads\\\/2026\\\/01\\\/wp-image-7848260520.jpg\",\"width\":559,\"height\":1372},{\"@type\":\"BreadcrumbList\",\"@id\":\"https:\\\/\\\/mercadohogar.ca\\\/es\\\/producto\\\/jbl-partybox-stage-320-altavoz-de-fiesta-portatil-con-asa-telescopica\\\/#breadcrumb\",\"itemListElement\":[{\"@type\":\"ListItem\",\"position\":1,\"name\":\"Home\",\"item\":\"https:\\\/\\\/mercadohogar.ca\\\/es\\\/\"},{\"@type\":\"ListItem\",\"position\":2,\"name\":\"Tienda\",\"item\":\"https:\\\/\\\/mercadohogar.ca\\\/es\\\/tienda-2\\\/\"},{\"@type\":\"ListItem\",\"position\":3,\"name\":\"JBL PartyBox Stage 320: altavoz de fiesta port\u00e1til con asa telesc\u00f3pica\"}]},{\"@type\":\"WebSite\",\"@id\":\"https:\\\/\\\/mercadohogar.ca\\\/es\\\/#website\",\"url\":\"https:\\\/\\\/mercadohogar.ca\\\/es\\\/\",\"name\":\"Mercado Hogar\",\"description\":\"Mercado Hogar\",\"publisher\":{\"@id\":\"https:\\\/\\\/mercadohogar.ca\\\/es\\\/#organization\"},\"potentialAction\":[{\"@type\":\"SearchAction\",\"target\":{\"@type\":\"EntryPoint\",\"urlTemplate\":\"https:\\\/\\\/mercadohogar.ca\\\/es\\\/?s={search_term_string}\"},\"query-input\":{\"@type\":\"PropertyValueSpecification\",\"valueRequired\":true,\"valueName\":\"search_term_string\"}}],\"inLanguage\":\"es\"},{\"@type\":\"Organization\",\"@id\":\"https:\\\/\\\/mercadohogar.ca\\\/es\\\/#organization\",\"name\":\"Mercado Hogar\",\"url\":\"https:\\\/\\\/mercadohogar.ca\\\/es\\\/\",\"logo\":{\"@type\":\"ImageObject\",\"inLanguage\":\"es\",\"@id\":\"https:\\\/\\\/mercadohogar.ca\\\/es\\\/#\\\/schema\\\/logo\\\/image\\\/\",\"url\":\"https:\\\/\\\/mercadohogar.ca\\\/wp-content\\\/uploads\\\/2025\\\/12\\\/MH-LOGO.png\",\"contentUrl\":\"https:\\\/\\\/mercadohogar.ca\\\/wp-content\\\/uploads\\\/2025\\\/12\\\/MH-LOGO.png\",\"width\":1200,\"height\":1200,\"caption\":\"Mercado Hogar\"},\"image\":{\"@id\":\"https:\\\/\\\/mercadohogar.ca\\\/es\\\/#\\\/schema\\\/logo\\\/image\\\/\"}}]}<\/script>\n<!-- \/ Yoast SEO plugin. -->","yoast_head_json":{"title":"JBL PartyBox Stage 320: altavoz de fiesta port\u00e1til con asa telesc\u00f3pica - Mercado Hogar","robots":{"index":"index","follow":"follow","max-snippet":"max-snippet:-1","max-image-preview":"max-image-preview:large","max-video-preview":"max-video-preview:-1"},"canonical":"https:\/\/mercadohogar.ca\/es\/producto\/jbl-partybox-stage-320-altavoz-de-fiesta-portatil-con-asa-telescopica\/","og_locale":"es_ES","og_type":"article","og_title":"JBL PartyBox Stage 320: altavoz de fiesta port\u00e1til con asa telesc\u00f3pica - Mercado Hogar","og_description":"Potente sonido JBL Pro: Disfruta a tope con el potente sonido JBL Pro de dos woofers de 6,5&#8243; que ofrecen unos graves limpios, precisos y profundos incluso al m\u00e1ximo volumen, y un par de tweeters de c\u00fapula de 25 mm que producen unos agudos n\u00edtidos. Tanto en interiores como en exteriores, puedes llenar de m\u00fasica un espacio del tama\u00f1o de [&hellip;]","og_url":"https:\/\/mercadohogar.ca\/es\/producto\/jbl-partybox-stage-320-altavoz-de-fiesta-portatil-con-asa-telescopica\/","og_site_name":"Mercado Hogar","article_modified_time":"2026-01-17T23:14:10+00:00","og_image":[{"width":559,"height":1372,"url":"https:\/\/mercadohogar.ca\/wp-content\/uploads\/2026\/01\/wp-image-7848260520.jpg","type":"image\/jpeg"}],"twitter_card":"summary_large_image","twitter_misc":{"Tiempo de lectura":"2 minutos"},"schema":{"@context":"https:\/\/schema.org","@graph":[{"@type":"WebPage","@id":"https:\/\/mercadohogar.ca\/es\/producto\/jbl-partybox-stage-320-altavoz-de-fiesta-portatil-con-asa-telescopica\/","url":"https:\/\/mercadohogar.ca\/es\/producto\/jbl-partybox-stage-320-altavoz-de-fiesta-portatil-con-asa-telescopica\/","name":"JBL PartyBox Stage 320: altavoz de fiesta port\u00e1til con asa telesc\u00f3pica - Mercado Hogar","isPartOf":{"@id":"https:\/\/mercadohogar.ca\/es\/#website"},"primaryImageOfPage":{"@id":"https:\/\/mercadohogar.ca\/es\/producto\/jbl-partybox-stage-320-altavoz-de-fiesta-portatil-con-asa-telescopica\/#primaryimage"},"image":{"@id":"https:\/\/mercadohogar.ca\/es\/producto\/jbl-partybox-stage-320-altavoz-de-fiesta-portatil-con-asa-telescopica\/#primaryimage"},"thumbnailUrl":"https:\/\/mercadohogar.ca\/wp-content\/uploads\/2026\/01\/wp-image-7848260520.jpg","datePublished":"2026-01-12T15:31:40+00:00","dateModified":"2026-01-17T23:14:10+00:00","breadcrumb":{"@id":"https:\/\/mercadohogar.ca\/es\/producto\/jbl-partybox-stage-320-altavoz-de-fiesta-portatil-con-asa-telescopica\/#breadcrumb"},"inLanguage":"es","potentialAction":[{"@type":"ReadAction","target":["https:\/\/mercadohogar.ca\/es\/producto\/jbl-partybox-stage-320-altavoz-de-fiesta-portatil-con-asa-telescopica\/"]}]},{"@type":"ImageObject","inLanguage":"es","@id":"https:\/\/mercadohogar.ca\/es\/producto\/jbl-partybox-stage-320-altavoz-de-fiesta-portatil-con-asa-telescopica\/#primaryimage","url":"https:\/\/mercadohogar.ca\/wp-content\/uploads\/2026\/01\/wp-image-7848260520.jpg","contentUrl":"https:\/\/mercadohogar.ca\/wp-content\/uploads\/2026\/01\/wp-image-7848260520.jpg","width":559,"height":1372},{"@type":"BreadcrumbList","@id":"https:\/\/mercadohogar.ca\/es\/producto\/jbl-partybox-stage-320-altavoz-de-fiesta-portatil-con-asa-telescopica\/#breadcrumb","itemListElement":[{"@type":"ListItem","position":1,"name":"Home","item":"https:\/\/mercadohogar.ca\/es\/"},{"@type":"ListItem","position":2,"name":"Tienda","item":"https:\/\/mercadohogar.ca\/es\/tienda-2\/"},{"@type":"ListItem","position":3,"name":"JBL PartyBox Stage 320: altavoz de fiesta port\u00e1til con asa telesc\u00f3pica"}]},{"@type":"WebSite","@id":"https:\/\/mercadohogar.ca\/es\/#website","url":"https:\/\/mercadohogar.ca\/es\/","name":"Mercado Hogar","description":"Mercado Hogar","publisher":{"@id":"https:\/\/mercadohogar.ca\/es\/#organization"},"potentialAction":[{"@type":"SearchAction","target":{"@type":"EntryPoint","urlTemplate":"https:\/\/mercadohogar.ca\/es\/?s={search_term_string}"},"query-input":{"@type":"PropertyValueSpecification","valueRequired":true,"valueName":"search_term_string"}}],"inLanguage":"es"},{"@type":"Organization","@id":"https:\/\/mercadohogar.ca\/es\/#organization","name":"Mercado Hogar","url":"https:\/\/mercadohogar.ca\/es\/","logo":{"@type":"ImageObject","inLanguage":"es","@id":"https:\/\/mercadohogar.ca\/es\/#\/schema\/logo\/image\/","url":"https:\/\/mercadohogar.ca\/wp-content\/uploads\/2025\/12\/MH-LOGO.png","contentUrl":"https:\/\/mercadohogar.ca\/wp-content\/uploads\/2025\/12\/MH-LOGO.png","width":1200,"height":1200,"caption":"Mercado Hogar"},"image":{"@id":"https:\/\/mercadohogar.ca\/es\/#\/schema\/logo\/image\/"}}]}},"jetpack_sharing_enabled":true,"_links":{"self":[{"href":"https:\/\/mercadohogar.ca\/es\/wp-json\/wp\/v2\/product\/4412","targetHints":{"allow":["GET"]}}],"collection":[{"href":"https:\/\/mercadohogar.ca\/es\/wp-json\/wp\/v2\/product"}],"about":[{"href":"https:\/\/mercadohogar.ca\/es\/wp-json\/wp\/v2\/types\/product"}],"version-history":[{"count":1,"href":"https:\/\/mercadohogar.ca\/es\/wp-json\/wp\/v2\/product\/4412\/revisions"}],"predecessor-version":[{"id":4847,"href":"https:\/\/mercadohogar.ca\/es\/wp-json\/wp\/v2\/product\/4412\/revisions\/4847"}],"wp:featuredmedia":[{"embeddable":true,"href":"https:\/\/mercadohogar.ca\/es\/wp-json\/wp\/v2\/media\/2679"}],"wp:attachment":[{"href":"https:\/\/mercadohogar.ca\/es\/wp-json\/wp\/v2\/media?parent=4412"}],"wp:term":[{"taxonomy":"product_brand","embeddable":true,"href":"https:\/\/mercadohogar.ca\/es\/wp-json\/wp\/v2\/product_brand?post=4412"},{"taxonomy":"product_cat","embeddable":true,"href":"https:\/\/mercadohogar.ca\/es\/wp-json\/wp\/v2\/product_cat?post=4412"},{"taxonomy":"product_tag","embeddable":true,"href":"https:\/\/mercadohogar.ca\/es\/wp-json\/wp\/v2\/product_tag?post=4412"}],"curies":[{"name":"wp","href":"https:\/\/api.w.org\/{rel}","templated":true}]}}