{"id":4413,"date":"2026-01-12T15:31:04","date_gmt":"2026-01-12T15:31:04","guid":{"rendered":"https:\/\/mercadohogar.ca\/?post_type=product&#038;p=4413"},"modified":"2026-01-17T23:14:49","modified_gmt":"2026-01-17T23:14:49","slug":"kit-de-cabezas-plomadas-red-wolf-100-unidades","status":"publish","type":"product","link":"https:\/\/mercadohogar.ca\/es\/product\/kit-de-cabezas-plomadas-red-wolf-100-unidades\/","title":{"rendered":"Kit de cabezas plomadas Red Wolf, 100 unidades"},"content":{"rendered":"<p>El kit de cabezas plomadas Red Wolf, de 100 unidades, tiene todo lo que necesitas para pescar una gran variedad de especies de peces. Con 100 cabezas plomadas en una amplia gama de pesos, desde 3,5 gramos hasta 10,5 gramos, y m\u00faltiples opciones de color, este kit cubre todas tus necesidades de pesca vertical. Las cabezas plomadas est\u00e1n empaquetadas en una caja de herramientas reutilizable que ayuda a mantener tu equipo organizado, para que est\u00e9s preparado para pescar sin importar las condiciones. Tanto si pescas truchas, lubinas o peces planos, este completo surtido de cabezas plomadas tendr\u00e1 el se\u00f1uelo adecuado para el trabajo.   <\/p>\n","protected":false},"excerpt":{"rendered":"<p>El kit de cabezas plomadas Red Wolf, de 100 unidades, tiene todo lo que necesitas para pescar una gran variedad de especies de peces. Con 100 cabezas plomadas en una&hellip;<\/p>\n","protected":false},"featured_media":2897,"template":"","meta":[],"product_brand":[],"product_cat":[991],"product_tag":[],"class_list":{"0":"post-4413","1":"product","2":"type-product","3":"status-publish","4":"has-post-thumbnail","6":"product_cat-pasatiempo","7":"product_shipping_class-aerovaradero-general","9":"first","10":"instock","11":"shipping-taxable","12":"purchasable","13":"product-type-simple"},"_links":{"self":[{"href":"https:\/\/mercadohogar.ca\/es\/wp-json\/wp\/v2\/product\/4413","targetHints":{"allow":["GET"]}}],"collection":[{"href":"https:\/\/mercadohogar.ca\/es\/wp-json\/wp\/v2\/product"}],"about":[{"href":"https:\/\/mercadohogar.ca\/es\/wp-json\/wp\/v2\/types\/product"}],"version-history":[{"count":1,"href":"https:\/\/mercadohogar.ca\/es\/wp-json\/wp\/v2\/product\/4413\/revisions"}],"predecessor-version":[{"id":4798,"href":"https:\/\/mercadohogar.ca\/es\/wp-json\/wp\/v2\/product\/4413\/revisions\/4798"}],"wp:featuredmedia":[{"embeddable":true,"href":"https:\/\/mercadohogar.ca\/es\/wp-json\/wp\/v2\/media\/2897"}],"wp:attachment":[{"href":"https:\/\/mercadohogar.ca\/es\/wp-json\/wp\/v2\/media?parent=4413"}],"wp:term":[{"taxonomy":"product_brand","embeddable":true,"href":"https:\/\/mercadohogar.ca\/es\/wp-json\/wp\/v2\/product_brand?post=4413"},{"taxonomy":"product_cat","embeddable":true,"href":"https:\/\/mercadohogar.ca\/es\/wp-json\/wp\/v2\/product_cat?post=4413"},{"taxonomy":"product_tag","embeddable":true,"href":"https:\/\/mercadohogar.ca\/es\/wp-json\/wp\/v2\/product_tag?post=4413"}],"curies":[{"name":"wp","href":"https:\/\/api.w.org\/{rel}","templated":true}]}}