{"id":4414,"date":"2026-01-07T19:55:30","date_gmt":"2026-01-07T19:55:30","guid":{"rendered":"https:\/\/mercadohogar.ca\/?post_type=product&#038;p=4414"},"modified":"2026-01-17T22:30:49","modified_gmt":"2026-01-17T22:30:49","slug":"kit-generador-solar-jackery-explorer-300-plus","status":"publish","type":"product","link":"https:\/\/mercadohogar.ca\/es\/product\/kit-generador-solar-jackery-explorer-300-plus\/","title":{"rendered":"Kit generador solar Jackery Explorer 300 Plus"},"content":{"rendered":"<p>Energ\u00eda para llevar: Con un peso de solo 5 kg, la estaci\u00f3n de energ\u00eda port\u00e1til Jackery Explorer 300 Plus, con paneles solares de 40 W, es ligera de transportar, con un peso total equivalente a 2 Macbooks. Es ideal para acampar, viajes por carretera y m\u00e1s. Tambi\u00e9n es f\u00e1cil de operar con un inicio de un solo bot\u00f3n y conveniente de configurar y almacenar con paneles solares plegables del tama\u00f1o de una almohadilla.  <\/p>\n<p>Seguridad integral: Al adoptar la tecnolog\u00eda avanzada de litio, el Explorer 300 Plus es altamente resistente a la temperatura: las celdas funcionan de manera eficiente y segura, incluso a 45 \u2103. Se logra la m\u00e1xima seguridad, con 52 mecanismos de protecci\u00f3n, 12 algoritmos BMS y 4 tipos de protecci\u00f3n f\u00edsica. <\/p>\n<p>Fiabilidad superior: La protecci\u00f3n IP68 a prueba de agua y polvo del panel solar permite su uso, incluso en condiciones clim\u00e1ticas adversas. Liderando la industria, el Explorer 300 Plus cumple con los principales est\u00e1ndares de seguridad internacionales y cuenta con certificaci\u00f3n FCC\/CE, UL 94V-0 ign\u00edfugo, clase 9 resistente a impactos y certificaci\u00f3n UL. <\/p>\n<p>Vida \u00fatil prolongada: Gracias a la innovadora tecnolog\u00eda ChargeShield de Jackery, la duraci\u00f3n de la bater\u00eda de la estaci\u00f3n de energ\u00eda port\u00e1til Explorer 300 Plus se incrementa en un 50 %. Las duraderas bater\u00edas LFP (LiFePO4), junto con las protecciones BMS, garantizan hasta 10 a\u00f1os de uso, incluso cuando se recargan cada 3 d\u00edas, lo que la convierte en una excelente inversi\u00f3n para vivir fuera de la red. <\/p>\n<p>Carga diversa y r\u00e1pida: Carga desde el sol lo m\u00e1s r\u00e1pido posible. Solo se necesitan 4 horas para que el generador solar se cargue por completo, a trav\u00e9s de una conexi\u00f3n conveniente a los paneles solares SolarSaga de 100 W. Adem\u00e1s, los puertos USB-C bidireccionales PD100 W permiten una carga r\u00e1pida para sus m\u00faltiples dispositivos simult\u00e1neamente.  <\/p>\n<p>Control inteligente de la aplicaci\u00f3n: Administre f\u00e1cilmente su generador solar Explorer 300 Plus a trav\u00e9s de Wi-Fi o Bluetooth: puede controlar completamente el nivel de bater\u00eda restante y m\u00e1s en la aplicaci\u00f3n. Adem\u00e1s, se pueden personalizar m\u00faltiples configuraciones avanzadas para satisfacer las necesidades individuales, al tiempo que se garantiza el control de la energ\u00eda las 24 horas del d\u00eda. <\/p>\n","protected":false},"excerpt":{"rendered":"<p>Energ\u00eda para llevar: Con un peso de solo 5 kg, la estaci\u00f3n de energ\u00eda port\u00e1til Jackery Explorer 300 Plus, con paneles solares de 40 W, es ligera de transportar, con&hellip;<\/p>\n","protected":false},"featured_media":2675,"template":"","meta":[],"product_brand":[],"product_cat":[997],"product_tag":[],"class_list":{"0":"post-4414","1":"product","2":"type-product","3":"status-publish","4":"has-post-thumbnail","6":"product_cat-generadores-y-soluciones-de-energia-alternativa","7":"product_shipping_class-aerovaradero-dg-grande","9":"first","10":"instock","11":"shipping-taxable","12":"purchasable","13":"product-type-simple"},"_links":{"self":[{"href":"https:\/\/mercadohogar.ca\/es\/wp-json\/wp\/v2\/product\/4414","targetHints":{"allow":["GET"]}}],"collection":[{"href":"https:\/\/mercadohogar.ca\/es\/wp-json\/wp\/v2\/product"}],"about":[{"href":"https:\/\/mercadohogar.ca\/es\/wp-json\/wp\/v2\/types\/product"}],"version-history":[{"count":1,"href":"https:\/\/mercadohogar.ca\/es\/wp-json\/wp\/v2\/product\/4414\/revisions"}],"predecessor-version":[{"id":4458,"href":"https:\/\/mercadohogar.ca\/es\/wp-json\/wp\/v2\/product\/4414\/revisions\/4458"}],"wp:featuredmedia":[{"embeddable":true,"href":"https:\/\/mercadohogar.ca\/es\/wp-json\/wp\/v2\/media\/2675"}],"wp:attachment":[{"href":"https:\/\/mercadohogar.ca\/es\/wp-json\/wp\/v2\/media?parent=4414"}],"wp:term":[{"taxonomy":"product_brand","embeddable":true,"href":"https:\/\/mercadohogar.ca\/es\/wp-json\/wp\/v2\/product_brand?post=4414"},{"taxonomy":"product_cat","embeddable":true,"href":"https:\/\/mercadohogar.ca\/es\/wp-json\/wp\/v2\/product_cat?post=4414"},{"taxonomy":"product_tag","embeddable":true,"href":"https:\/\/mercadohogar.ca\/es\/wp-json\/wp\/v2\/product_tag?post=4414"}],"curies":[{"name":"wp","href":"https:\/\/api.w.org\/{rel}","templated":true}]}}