{"id":4415,"date":"2026-01-07T19:55:31","date_gmt":"2026-01-07T19:55:31","guid":{"rendered":"https:\/\/mercadohogar.ca\/?post_type=product&#038;p=4415"},"modified":"2026-01-17T22:30:48","modified_gmt":"2026-01-17T22:30:48","slug":"jackery-solar-generator-2000-v2-con-2-paneles-solares-solar-saga-de-100-w","status":"publish","type":"product","link":"https:\/\/mercadohogar.ca\/es\/product\/jackery-solar-generator-2000-v2-con-2-paneles-solares-solar-saga-de-100-w\/","title":{"rendered":"Jackery Solar Generator 2000 v2 con 2 paneles solares Solar Saga de 100 W"},"content":{"rendered":"<div style=\"display: inline !important\">\n<ul>\n<li>La central el\u00e9ctrica de 2 kWh m\u00e1s peque\u00f1a y ligera: El Jackery Solar Generator 2000 v2, con un peso de 26,5 kg, es un 41 % m\u00e1s ligero y un 34 % m\u00e1s peque\u00f1o que las centrales el\u00e9ctricas port\u00e1tiles LiFePo4 convencionales. Mejorado con la tecnolog\u00eda CTB (Cell-to-Body), utilizada por los veh\u00edculos el\u00e9ctricos, maximiza la eficiencia del espacio y ofrece una estructura compacta y m\u00e1s segura con una estabilidad y seguridad superiores. <\/li>\n<li>Potente y vers\u00e1til: Dise\u00f1ado para satisfacer las demandas de energ\u00eda para copias de seguridad dom\u00e9sticas, viajes de camping y peque\u00f1as empresas, el Jackery Solar Generator 2000 v2 tiene 3 puertos de CA con una potente salida de 2200 W y una impresionante capacidad de 2042 Wh. Adem\u00e1s, el puerto USB-C PD de 100 W activa una carga eficiente y ultrarr\u00e1pida para tus dispositivos electr\u00f3nicos: no se necesitan adaptadores adicionales. <\/li>\n<\/ul>\n<ul>\n<li>Carga flexible y eficiente: Carga el Solar Generator 2000 v2 hasta el 80 % en solo 67 minutos con la carga de CA, o consigue una carga completa en 82 minutos con el modo de carga s\u00faper r\u00e1pida de emergencia activado por la aplicaci\u00f3n. La carga solar tarda 6 horas con paneles de 400 W, mientras que el modo de carga silenciosa proporciona una carga completa en 5 horas a solo 30 dB, lo que te permite trabajar o dormir sin interrupciones. <\/li>\n<\/ul>\n<ul>\n<li>Fuente de alimentaci\u00f3n ininterrumpida: Con una conmutaci\u00f3n perfecta de 20 ms, esta central el\u00e9ctrica port\u00e1til est\u00e1 construida para hacer frente a interrupciones de energ\u00eda inesperadas, manteniendo tu energ\u00eda encendida durante cortes de energ\u00eda desde problemas de red hasta desastres naturales como huracanes y tormentas. Con certificaci\u00f3n UL1778 para sistemas de alimentaci\u00f3n ininterrumpida, garantiza una alimentaci\u00f3n de reserva fiable y protege tus dispositivos cr\u00edticos dentro o fuera de tu hogar. <\/li>\n<\/ul>\n<\/div>\n<div><\/div>\n<div>Durabilidad y seguridad mejoradas: El Jackery Solar Generator 2000 v2 viene con un sistema avanzado de control de temperatura que minimiza el ruido del ventilador para un funcionamiento m\u00e1s silencioso. Su duradera bater\u00eda LiFePo4 proporciona hasta 10 a\u00f1os de rendimiento, lo que la hace ideal para uso en interiores. Funciona silenciosamente y no produce humos, ofreciendo una alternativa limpia, segura y ecol\u00f3gica a los generadores de gasolina.  <\/div>\n","protected":false},"excerpt":{"rendered":"<p>La central el\u00e9ctrica de 2 kWh m\u00e1s peque\u00f1a y ligera: El Jackery Solar Generator 2000 v2, con un peso de 26,5 kg, es un 41 % m\u00e1s ligero y un&hellip;<\/p>\n","protected":false},"featured_media":2673,"template":"","meta":[],"product_brand":[],"product_cat":[997],"product_tag":[],"class_list":{"0":"post-4415","1":"product","2":"type-product","3":"status-publish","4":"has-post-thumbnail","6":"product_cat-generadores-y-soluciones-de-energia-alternativa","7":"product_shipping_class-aerovaradero-dg-grande","9":"first","10":"instock","11":"shipping-taxable","12":"purchasable","13":"product-type-simple"},"_links":{"self":[{"href":"https:\/\/mercadohogar.ca\/es\/wp-json\/wp\/v2\/product\/4415","targetHints":{"allow":["GET"]}}],"collection":[{"href":"https:\/\/mercadohogar.ca\/es\/wp-json\/wp\/v2\/product"}],"about":[{"href":"https:\/\/mercadohogar.ca\/es\/wp-json\/wp\/v2\/types\/product"}],"version-history":[{"count":1,"href":"https:\/\/mercadohogar.ca\/es\/wp-json\/wp\/v2\/product\/4415\/revisions"}],"predecessor-version":[{"id":4460,"href":"https:\/\/mercadohogar.ca\/es\/wp-json\/wp\/v2\/product\/4415\/revisions\/4460"}],"wp:featuredmedia":[{"embeddable":true,"href":"https:\/\/mercadohogar.ca\/es\/wp-json\/wp\/v2\/media\/2673"}],"wp:attachment":[{"href":"https:\/\/mercadohogar.ca\/es\/wp-json\/wp\/v2\/media?parent=4415"}],"wp:term":[{"taxonomy":"product_brand","embeddable":true,"href":"https:\/\/mercadohogar.ca\/es\/wp-json\/wp\/v2\/product_brand?post=4415"},{"taxonomy":"product_cat","embeddable":true,"href":"https:\/\/mercadohogar.ca\/es\/wp-json\/wp\/v2\/product_cat?post=4415"},{"taxonomy":"product_tag","embeddable":true,"href":"https:\/\/mercadohogar.ca\/es\/wp-json\/wp\/v2\/product_tag?post=4415"}],"curies":[{"name":"wp","href":"https:\/\/api.w.org\/{rel}","templated":true}]}}