{"id":4416,"date":"2026-01-12T15:31:39","date_gmt":"2026-01-12T15:31:39","guid":{"rendered":"https:\/\/mercadohogar.ca\/?post_type=product&#038;p=4416"},"modified":"2026-01-17T23:14:11","modified_gmt":"2026-01-17T23:14:11","slug":"juego-de-ollas-y-sartenes-jeetee-bateria-de-cocina-antiadherente","status":"publish","type":"product","link":"https:\/\/mercadohogar.ca\/es\/product\/juego-de-ollas-y-sartenes-jeetee-bateria-de-cocina-antiadherente\/","title":{"rendered":"Juego de ollas y sartenes JEETEE, bater\u00eda de cocina antiadherente"},"content":{"rendered":"<ul>\n<li>El juego de bater\u00eda de cocina Jeetee incluye: sart\u00e9n de 20 cm, 24 cm y 28 cm \/ cazo de 1,4 litros y 2,4 litros con tapa \/ plancha de 24 cm \/ plancha cuadrada de 28 cm \/ sart\u00e9n para saltear de 2,8 litros con tapa \/ cacerola de 4,2 litros con tapa \/ 10 protectores para ollas y sartenes.<\/li>\n<li>Revestimiento ultra antiadherente: la bater\u00eda de cocina antiadherente de granito es 100 % libre de PFOA, plomo y cadmio.<\/li>\n<li>S\u00faper f\u00e1cil de limpiar: el dise\u00f1o todo en uno y la superficie antiadherente evitan que los alimentos se peguen a nuestra bater\u00eda de cocina. Se recomienda lavar a mano para proteger los revestimientos. <\/li>\n<li>Fogones compatibles: la bater\u00eda de cocina es compatible con todo tipo de fogones, incluidos los de inducci\u00f3n, vitrocer\u00e1mica, gas y el\u00e9ctricos.<\/li>\n<li>Cocina platos incre\u00edbles: ideal para huevos fritos, tortitas, tortillas, filetes, salsas, sopas y mucho m\u00e1s con un juego completo de ollas y sartenes antiadherentes para satisfacer tus necesidades culinarias.<\/li>\n<\/ul>\n","protected":false},"excerpt":{"rendered":"<p>El juego de bater\u00eda de cocina Jeetee incluye: sart\u00e9n de 20 cm, 24 cm y 28 cm \/ cazo de 1,4 litros y 2,4 litros con tapa \/ plancha de&hellip;<\/p>\n","protected":false},"featured_media":2693,"template":"","meta":[],"product_brand":[],"product_cat":[992],"product_tag":[],"class_list":{"0":"post-4416","1":"product","2":"type-product","3":"status-publish","4":"has-post-thumbnail","6":"product_cat-mejoras-en-el-hogar","7":"product_shipping_class-aerovaradero-general","9":"first","10":"instock","11":"shipping-taxable","12":"purchasable","13":"product-type-simple"},"_links":{"self":[{"href":"https:\/\/mercadohogar.ca\/es\/wp-json\/wp\/v2\/product\/4416","targetHints":{"allow":["GET"]}}],"collection":[{"href":"https:\/\/mercadohogar.ca\/es\/wp-json\/wp\/v2\/product"}],"about":[{"href":"https:\/\/mercadohogar.ca\/es\/wp-json\/wp\/v2\/types\/product"}],"version-history":[{"count":1,"href":"https:\/\/mercadohogar.ca\/es\/wp-json\/wp\/v2\/product\/4416\/revisions"}],"predecessor-version":[{"id":4845,"href":"https:\/\/mercadohogar.ca\/es\/wp-json\/wp\/v2\/product\/4416\/revisions\/4845"}],"wp:featuredmedia":[{"embeddable":true,"href":"https:\/\/mercadohogar.ca\/es\/wp-json\/wp\/v2\/media\/2693"}],"wp:attachment":[{"href":"https:\/\/mercadohogar.ca\/es\/wp-json\/wp\/v2\/media?parent=4416"}],"wp:term":[{"taxonomy":"product_brand","embeddable":true,"href":"https:\/\/mercadohogar.ca\/es\/wp-json\/wp\/v2\/product_brand?post=4416"},{"taxonomy":"product_cat","embeddable":true,"href":"https:\/\/mercadohogar.ca\/es\/wp-json\/wp\/v2\/product_cat?post=4416"},{"taxonomy":"product_tag","embeddable":true,"href":"https:\/\/mercadohogar.ca\/es\/wp-json\/wp\/v2\/product_tag?post=4416"}],"curies":[{"name":"wp","href":"https:\/\/api.w.org\/{rel}","templated":true}]}}