{"id":4418,"date":"2026-01-12T15:31:32","date_gmt":"2026-01-12T15:31:32","guid":{"rendered":"https:\/\/mercadohogar.ca\/?post_type=product&#038;p=4418"},"modified":"2026-01-22T03:13:51","modified_gmt":"2026-01-22T03:13:51","slug":"sistema-de-coccion-ninja-crispi-4-en-1-con-freidora-de-aire-portatil-de-cristal-2","status":"publish","type":"product","link":"https:\/\/mercadohogar.ca\/es\/product\/sistema-de-coccion-ninja-crispi-4-en-1-con-freidora-de-aire-portatil-de-cristal-2\/","title":{"rendered":"Sistema de cocci\u00f3n Ninja Crispi 4 en 1 con freidora de aire port\u00e1til de cristal"},"content":{"rendered":"<ul>\n<li>El sistema de cocci\u00f3n tiene una capacidad de 4 cuartos de gal\u00f3n y una cesta extra\u00edble para que puedas cocinar hasta 4 kg de comida de una sola vez para grandes reuniones<\/li>\n<li>Compacto y port\u00e1til, para que puedas llevarlo contigo a donde quieras<\/li>\n<li>El recipiente de seis tazas te ayuda a preparar una comida individual en solo siete minutos, mientras que el recipiente TempWare de 4 qt puede contener un pollo de 1,8 kg con verduras  <\/li>\n<li>La potencia de 1500 W permite una cocci\u00f3n eficiente y una preparaci\u00f3n r\u00e1pida de las comidas<\/li>\n<li>Ofrece funcionalidades cuatro en uno como Max Crisp, Bake, Air Fry y Recrisp para que puedas cocinar una variedad de platos<\/li>\n<li>Los pies fijos permanentemente resistentes al calor te permiten colocarlo de forma segura sobre granito, laminado, cuarzo, madera, m\u00e1rmol y m\u00e1s<\/li>\n<li>Los recipientes, las placas para fre\u00edr y las tapas son aptos para el lavavajillas para facilitar la limpieza<\/li>\n<li>Incluye Ninja Crispi PowerPod, recipientes de cristal TempWare de 4 qt y seis tazas, dos tapas de almacenamiento<\/li>\n<\/ul>\n","protected":false},"excerpt":{"rendered":"<p>El sistema de cocci\u00f3n tiene una capacidad de 4 cuartos de gal\u00f3n y una cesta extra\u00edble para que puedas cocinar hasta 4 kg de comida de una sola vez para&hellip;<\/p>\n","protected":false},"featured_media":2790,"template":"","meta":[],"product_brand":[],"product_cat":[988],"product_tag":[],"class_list":{"0":"post-4418","1":"product","2":"type-product","3":"status-publish","4":"has-post-thumbnail","6":"product_cat-electrodomesticos","7":"product_shipping_class-aerovaradero-general","9":"first","10":"instock","11":"shipping-taxable","12":"purchasable","13":"product-type-simple"},"_links":{"self":[{"href":"https:\/\/mercadohogar.ca\/es\/wp-json\/wp\/v2\/product\/4418","targetHints":{"allow":["GET"]}}],"collection":[{"href":"https:\/\/mercadohogar.ca\/es\/wp-json\/wp\/v2\/product"}],"about":[{"href":"https:\/\/mercadohogar.ca\/es\/wp-json\/wp\/v2\/types\/product"}],"version-history":[{"count":1,"href":"https:\/\/mercadohogar.ca\/es\/wp-json\/wp\/v2\/product\/4418\/revisions"}],"predecessor-version":[{"id":4836,"href":"https:\/\/mercadohogar.ca\/es\/wp-json\/wp\/v2\/product\/4418\/revisions\/4836"}],"wp:featuredmedia":[{"embeddable":true,"href":"https:\/\/mercadohogar.ca\/es\/wp-json\/wp\/v2\/media\/2790"}],"wp:attachment":[{"href":"https:\/\/mercadohogar.ca\/es\/wp-json\/wp\/v2\/media?parent=4418"}],"wp:term":[{"taxonomy":"product_brand","embeddable":true,"href":"https:\/\/mercadohogar.ca\/es\/wp-json\/wp\/v2\/product_brand?post=4418"},{"taxonomy":"product_cat","embeddable":true,"href":"https:\/\/mercadohogar.ca\/es\/wp-json\/wp\/v2\/product_cat?post=4418"},{"taxonomy":"product_tag","embeddable":true,"href":"https:\/\/mercadohogar.ca\/es\/wp-json\/wp\/v2\/product_tag?post=4418"}],"curies":[{"name":"wp","href":"https:\/\/api.w.org\/{rel}","templated":true}]}}