{"id":4422,"date":"2026-01-07T19:55:27","date_gmt":"2026-01-07T19:55:27","guid":{"rendered":"https:\/\/mercadohogar.ca\/?post_type=product&#038;p=4422"},"modified":"2026-01-17T22:23:03","modified_gmt":"2026-01-17T22:23:03","slug":"ventilador-portatil-recargable-koonie-de-10000-mah","status":"publish","type":"product","link":"https:\/\/mercadohogar.ca\/es\/product\/ventilador-portatil-recargable-koonie-de-10000-mah\/","title":{"rendered":"Ventilador port\u00e1til recargable Koonie de 10000 mAh"},"content":{"rendered":"<p>Potente capacidad de bater\u00eda Con los \u00faltimos avances en investigaci\u00f3n, este ventilador port\u00e1til recargable viene con una bater\u00eda de 10000 mAh que puede durar hasta 24 horas con una carga, lo que brinda una gran comodidad para que nunca tenga que preocuparse por cables.<\/p>\n<p>Ventilador 2 en 1 Este peque\u00f1o ventilador port\u00e1til combina un ventilador con clip y un ventilador de escritorio. Con una abrazadera resistente de 7,6 cm que le permite sujetarse a lugares inusuales, como el borde de un escritorio, el marco de una cinta de correr, un cochecito, un carrito de golf o incluso una mesita de noche para aquellos que tienden a sobrecalentarse. <\/p>\n<p>Supertecnolog\u00eda Con tecnolog\u00eda especial, este ventilador recargable de 20 cm alimentado por bater\u00eda est\u00e1 equipado con tres aspas que giran m\u00e1s r\u00e1pido y hacen que el ventilador USB recargable emita un flujo de aire s\u00faper fuerte y silencioso cuando funciona, incluso a alta velocidad, ya sea cuando su beb\u00e9 est\u00e1 durmiendo o usted est\u00e1 trabajando.<\/p>\n<p>Carga r\u00e1pida Este ventilador con bater\u00eda admite carga r\u00e1pida de 5 V-2 A (10 W), lo que permite que la bater\u00eda de 10000 mAh se cargue por completo en 6 horas. Y el ventilador USB no solo es compatible con el puerto de carga tipo C, sino que su puerto de carga tambi\u00e9n es compatible con m\u00faltiples dispositivos, incluidos ordenadores port\u00e1tiles, adaptadores de tel\u00e9fono, bater\u00edas externas y cargadores USB. <\/p>\n<p>Ajuste flexible El ventilador con clip de 20 cm tiene un cabezal \u00e1gil que puede girar 360 grados vertical y horizontalmente. El ventilador port\u00e1til recargable tiene 4 configuraciones de velocidad, incluida 1 configuraci\u00f3n de ahorro de energ\u00eda para que pueda configurar la velocidad del viento de forma aut\u00f3noma como desee. <\/p>\n<p>Potente capacidad de bater\u00eda Con los \u00faltimos avances en investigaci\u00f3n, este ventilador port\u00e1til recargable viene con una bater\u00eda de 10000 mAh que puede durar hasta 24 horas con una carga, lo que brinda una gran comodidad para que nunca tenga que preocuparse por cables o cordones.<\/p>\n","protected":false},"excerpt":{"rendered":"<p>Potente capacidad de bater\u00eda Con los \u00faltimos avances en investigaci\u00f3n, este ventilador port\u00e1til recargable viene con una bater\u00eda de 10000 mAh que puede durar hasta 24 horas con una carga,&hellip;<\/p>\n","protected":false},"featured_media":2708,"template":"","meta":[],"product_brand":[],"product_cat":[997,992],"product_tag":[],"class_list":{"0":"post-4422","1":"product","2":"type-product","3":"status-publish","4":"has-post-thumbnail","6":"product_cat-generadores-y-soluciones-de-energia-alternativa","7":"product_cat-mejoras-en-el-hogar","8":"product_shipping_class-aerovaradero-general","10":"first","11":"instock","12":"shipping-taxable","13":"purchasable","14":"product-type-simple"},"_links":{"self":[{"href":"https:\/\/mercadohogar.ca\/es\/wp-json\/wp\/v2\/product\/4422","targetHints":{"allow":["GET"]}}],"collection":[{"href":"https:\/\/mercadohogar.ca\/es\/wp-json\/wp\/v2\/product"}],"about":[{"href":"https:\/\/mercadohogar.ca\/es\/wp-json\/wp\/v2\/types\/product"}],"version-history":[{"count":1,"href":"https:\/\/mercadohogar.ca\/es\/wp-json\/wp\/v2\/product\/4422\/revisions"}],"predecessor-version":[{"id":4423,"href":"https:\/\/mercadohogar.ca\/es\/wp-json\/wp\/v2\/product\/4422\/revisions\/4423"}],"wp:featuredmedia":[{"embeddable":true,"href":"https:\/\/mercadohogar.ca\/es\/wp-json\/wp\/v2\/media\/2708"}],"wp:attachment":[{"href":"https:\/\/mercadohogar.ca\/es\/wp-json\/wp\/v2\/media?parent=4422"}],"wp:term":[{"taxonomy":"product_brand","embeddable":true,"href":"https:\/\/mercadohogar.ca\/es\/wp-json\/wp\/v2\/product_brand?post=4422"},{"taxonomy":"product_cat","embeddable":true,"href":"https:\/\/mercadohogar.ca\/es\/wp-json\/wp\/v2\/product_cat?post=4422"},{"taxonomy":"product_tag","embeddable":true,"href":"https:\/\/mercadohogar.ca\/es\/wp-json\/wp\/v2\/product_tag?post=4422"}],"curies":[{"name":"wp","href":"https:\/\/api.w.org\/{rel}","templated":true}]}}