{"id":4425,"date":"2026-01-07T19:55:25","date_gmt":"2026-01-07T19:55:25","guid":{"rendered":"https:\/\/mercadohogar.ca\/?post_type=product&#038;p=4425"},"modified":"2026-01-17T22:23:04","modified_gmt":"2026-01-17T22:23:04","slug":"inversor-hibrido-aislado-todo-en-uno-luxpower-de-6000-w-con-disyuntor-controlador-de-carga-solar-mppt-dual-de-200-a-48-v-50-a-240-v-120-v","status":"publish","type":"product","link":"https:\/\/mercadohogar.ca\/es\/product\/inversor-hibrido-aislado-todo-en-uno-luxpower-de-6000-w-con-disyuntor-controlador-de-carga-solar-mppt-dual-de-200-a-48-v-50-a-240-v-120-v\/","title":{"rendered":"Inversor h\u00edbrido aislado todo en uno Luxpower de 6000 W (con disyuntor) \u2013 Controlador de carga solar MPPT dual de 200 A 48 V 50 A, 240 V\/120 V"},"content":{"rendered":"<p>Acerca de este art\u00edculo<\/p>\n<div>Potencia nominal de 6 kW con factor de potencia 1: Luxpower SNA-US 6K (tambi\u00e9n conocido como EG4 6000XP) ofrece una salida de potencia eficiente para kits solares aislados. Ideal para configuraciones de generadores solares, de bater\u00edas y de inversores, proporcionando soluciones de energ\u00eda fiables para uso residencial o comercial. <\/div>\n<div>Controlador de carga solar MPPT dual: Maximiza la eficiencia de la energ\u00eda solar, funcionando como un inversor de cargador solar todo en uno para sistemas aislados con bater\u00edas. Perfecto para configuraciones de cargadores de bater\u00edas solares, lo que garantiza una gesti\u00f3n \u00f3ptima de la energ\u00eda y un rendimiento mejorado. <\/div>\n<div>Admite el funcionamiento en paralelo de hasta 16 unidades: Ampl\u00ede su sistema conectando hasta 16 inversores h\u00edbridos, ofreciendo soluciones de energ\u00eda escalables para grandes kits solares aislados con configuraciones de bater\u00edas e inversores. Ideal para las crecientes demandas de energ\u00eda y los sistemas aislados. <\/div>\n<div>Control remoto del generador: Permite la gesti\u00f3n remota y c\u00f3moda de los generadores solares y los sistemas de generadores inversores, lo que lo hace vers\u00e1til para las instalaciones de inversores h\u00edbridos. Perfecto para configuraciones aisladas que requieren un control f\u00e1cil y flexible de los sistemas de energ\u00eda. <\/div>\n<div>Compatible con las principales marcas de bater\u00edas (48 V): Funciona a la perfecci\u00f3n con las principales marcas de bater\u00edas de 48 V como EG4, Maple Leaf Solar, PYTES, Eco Worthy y muchas m\u00e1s, integr\u00e1ndose en configuraciones de cargadores de CC y cargadores de bater\u00edas solares para sistemas eficientes de energ\u00eda solar todo en uno e inversores h\u00edbridos.<\/div>\n","protected":false},"excerpt":{"rendered":"<p>Acerca de este art\u00edculo Potencia nominal de 6 kW con factor de potencia 1: Luxpower SNA-US 6K (tambi\u00e9n conocido como EG4 6000XP) ofrece una salida de potencia eficiente para kits&hellip;<\/p>\n","protected":false},"featured_media":2719,"template":"","meta":[],"product_brand":[],"product_cat":[997],"product_tag":[],"class_list":{"0":"post-4425","1":"product","2":"type-product","3":"status-publish","4":"has-post-thumbnail","6":"product_cat-generadores-y-soluciones-de-energia-alternativa","7":"product_shipping_class-aerovaradero-dg-pequeno","9":"first","10":"instock","11":"shipping-taxable","12":"purchasable","13":"product-type-simple"},"_links":{"self":[{"href":"https:\/\/mercadohogar.ca\/es\/wp-json\/wp\/v2\/product\/4425","targetHints":{"allow":["GET"]}}],"collection":[{"href":"https:\/\/mercadohogar.ca\/es\/wp-json\/wp\/v2\/product"}],"about":[{"href":"https:\/\/mercadohogar.ca\/es\/wp-json\/wp\/v2\/types\/product"}],"version-history":[{"count":1,"href":"https:\/\/mercadohogar.ca\/es\/wp-json\/wp\/v2\/product\/4425\/revisions"}],"predecessor-version":[{"id":4454,"href":"https:\/\/mercadohogar.ca\/es\/wp-json\/wp\/v2\/product\/4425\/revisions\/4454"}],"wp:featuredmedia":[{"embeddable":true,"href":"https:\/\/mercadohogar.ca\/es\/wp-json\/wp\/v2\/media\/2719"}],"wp:attachment":[{"href":"https:\/\/mercadohogar.ca\/es\/wp-json\/wp\/v2\/media?parent=4425"}],"wp:term":[{"taxonomy":"product_brand","embeddable":true,"href":"https:\/\/mercadohogar.ca\/es\/wp-json\/wp\/v2\/product_brand?post=4425"},{"taxonomy":"product_cat","embeddable":true,"href":"https:\/\/mercadohogar.ca\/es\/wp-json\/wp\/v2\/product_cat?post=4425"},{"taxonomy":"product_tag","embeddable":true,"href":"https:\/\/mercadohogar.ca\/es\/wp-json\/wp\/v2\/product_tag?post=4425"}],"curies":[{"name":"wp","href":"https:\/\/api.w.org\/{rel}","templated":true}]}}