{"id":4432,"date":"2026-01-12T15:31:23","date_gmt":"2026-01-12T15:31:23","guid":{"rendered":"https:\/\/mercadohogar.ca\/?post_type=product&#038;p=4432"},"modified":"2026-01-17T23:14:27","modified_gmt":"2026-01-17T23:14:27","slug":"piscina-desmontable-con-estructura-metalica-244-m-x-51-cm","status":"publish","type":"product","link":"https:\/\/mercadohogar.ca\/es\/product\/piscina-desmontable-con-estructura-metalica-244-m-x-51-cm\/","title":{"rendered":"Piscina desmontable con estructura met\u00e1lica: 2,44 m x 51 cm"},"content":{"rendered":"<ul>\n<li>La piscina con estructura met\u00e1lica trae diversi\u00f3n y relajaci\u00f3n veraniega para todos<\/li>\n<li>Las fuertes estructuras de acero est\u00e1n recubiertas con pintura en polvo para evitar la oxidaci\u00f3n<\/li>\n<li>Las paredes laterales reforzadas y resistentes est\u00e1n laminadas y utilizan una banda perimetral para mantener las patas de la estructura en su lugar<\/li>\n<li>Lista para llenarse de agua en 30 minutos o menos<\/li>\n<li>Fabricada con material de 3 capas resistente a los pinchazos para una m\u00e1xima durabilidad<\/li>\n<\/ul>\n","protected":false},"excerpt":{"rendered":"<p>La piscina con estructura met\u00e1lica trae diversi\u00f3n y relajaci\u00f3n veraniega para todos Las fuertes estructuras de acero est\u00e1n recubiertas con pintura en polvo para evitar la oxidaci\u00f3n Las paredes laterales&hellip;<\/p>\n","protected":false},"featured_media":2747,"template":"","meta":[],"product_brand":[],"product_cat":[992,991],"product_tag":[],"class_list":{"0":"post-4432","1":"product","2":"type-product","3":"status-publish","4":"has-post-thumbnail","6":"product_cat-mejoras-en-el-hogar","7":"product_cat-pasatiempo","8":"product_shipping_class-aerovaradero-general","10":"first","11":"instock","12":"shipping-taxable","13":"purchasable","14":"product-type-simple"},"_links":{"self":[{"href":"https:\/\/mercadohogar.ca\/es\/wp-json\/wp\/v2\/product\/4432","targetHints":{"allow":["GET"]}}],"collection":[{"href":"https:\/\/mercadohogar.ca\/es\/wp-json\/wp\/v2\/product"}],"about":[{"href":"https:\/\/mercadohogar.ca\/es\/wp-json\/wp\/v2\/types\/product"}],"version-history":[{"count":1,"href":"https:\/\/mercadohogar.ca\/es\/wp-json\/wp\/v2\/product\/4432\/revisions"}],"predecessor-version":[{"id":4824,"href":"https:\/\/mercadohogar.ca\/es\/wp-json\/wp\/v2\/product\/4432\/revisions\/4824"}],"wp:featuredmedia":[{"embeddable":true,"href":"https:\/\/mercadohogar.ca\/es\/wp-json\/wp\/v2\/media\/2747"}],"wp:attachment":[{"href":"https:\/\/mercadohogar.ca\/es\/wp-json\/wp\/v2\/media?parent=4432"}],"wp:term":[{"taxonomy":"product_brand","embeddable":true,"href":"https:\/\/mercadohogar.ca\/es\/wp-json\/wp\/v2\/product_brand?post=4432"},{"taxonomy":"product_cat","embeddable":true,"href":"https:\/\/mercadohogar.ca\/es\/wp-json\/wp\/v2\/product_cat?post=4432"},{"taxonomy":"product_tag","embeddable":true,"href":"https:\/\/mercadohogar.ca\/es\/wp-json\/wp\/v2\/product_tag?post=4432"}],"curies":[{"name":"wp","href":"https:\/\/api.w.org\/{rel}","templated":true}]}}