{"id":4433,"date":"2026-01-12T15:31:24","date_gmt":"2026-01-12T15:31:24","guid":{"rendered":"https:\/\/mercadohogar.ca\/?post_type=product&#038;p=4433"},"modified":"2026-01-17T23:14:26","modified_gmt":"2026-01-17T23:14:26","slug":"kit-de-senuelos-variados-mepps-williams-para-lucio-y-walleye-4-unidades","status":"publish","type":"product","link":"https:\/\/mercadohogar.ca\/es\/product\/kit-de-senuelos-variados-mepps-williams-para-lucio-y-walleye-4-unidades\/","title":{"rendered":"Kit de se\u00f1uelos variados Mepps &amp; Williams para lucio y walleye, 4 unidades"},"content":{"rendered":"<p>El kit de se\u00f1uelos variados Mepps &amp; Williams para lucio y walleye re\u00fane se\u00f1uelos probados de dos de las marcas favoritas de Canad\u00e1 en un solo paquete, ideal para pescadores que buscan m\u00faltiples especies. Recibir\u00e1s cuatro se\u00f1uelos seleccionados en tama\u00f1os y colores variados, adecuados para lucio, walleye, trucha y m\u00e1s. Ya sean crankbaits, cucharas u spinners, los se\u00f1uelos elegidos representan estilos que han demostrado ser efectivos, para que puedas pasar tu tiempo recogiendo peces en lugar de buscar el se\u00f1uelo adecuado. El kit ofrece un punto de partida conveniente para una tarde en el agua.   <\/p>\n","protected":false},"excerpt":{"rendered":"<p>El kit de se\u00f1uelos variados Mepps &amp; Williams para lucio y walleye re\u00fane se\u00f1uelos probados de dos de las marcas favoritas de Canad\u00e1 en un solo paquete, ideal para pescadores&hellip;<\/p>\n","protected":false},"featured_media":2745,"template":"","meta":[],"product_brand":[],"product_cat":[991],"product_tag":[],"class_list":{"0":"post-4433","1":"product","2":"type-product","3":"status-publish","4":"has-post-thumbnail","6":"product_cat-pasatiempo","7":"product_shipping_class-aerovaradero-general","9":"first","10":"instock","11":"shipping-taxable","12":"purchasable","13":"product-type-simple"},"_links":{"self":[{"href":"https:\/\/mercadohogar.ca\/es\/wp-json\/wp\/v2\/product\/4433","targetHints":{"allow":["GET"]}}],"collection":[{"href":"https:\/\/mercadohogar.ca\/es\/wp-json\/wp\/v2\/product"}],"about":[{"href":"https:\/\/mercadohogar.ca\/es\/wp-json\/wp\/v2\/types\/product"}],"version-history":[{"count":1,"href":"https:\/\/mercadohogar.ca\/es\/wp-json\/wp\/v2\/product\/4433\/revisions"}],"predecessor-version":[{"id":4826,"href":"https:\/\/mercadohogar.ca\/es\/wp-json\/wp\/v2\/product\/4433\/revisions\/4826"}],"wp:featuredmedia":[{"embeddable":true,"href":"https:\/\/mercadohogar.ca\/es\/wp-json\/wp\/v2\/media\/2745"}],"wp:attachment":[{"href":"https:\/\/mercadohogar.ca\/es\/wp-json\/wp\/v2\/media?parent=4433"}],"wp:term":[{"taxonomy":"product_brand","embeddable":true,"href":"https:\/\/mercadohogar.ca\/es\/wp-json\/wp\/v2\/product_brand?post=4433"},{"taxonomy":"product_cat","embeddable":true,"href":"https:\/\/mercadohogar.ca\/es\/wp-json\/wp\/v2\/product_cat?post=4433"},{"taxonomy":"product_tag","embeddable":true,"href":"https:\/\/mercadohogar.ca\/es\/wp-json\/wp\/v2\/product_tag?post=4433"}],"curies":[{"name":"wp","href":"https:\/\/api.w.org\/{rel}","templated":true}]}}