{"id":4434,"date":"2026-01-12T15:31:22","date_gmt":"2026-01-12T15:31:22","guid":{"rendered":"https:\/\/mercadohogar.ca\/?post_type=product&#038;p=4434"},"modified":"2026-01-17T23:14:29","modified_gmt":"2026-01-17T23:14:29","slug":"bicicleta-de-montana-hombre-mujer","status":"publish","type":"product","link":"https:\/\/mercadohogar.ca\/es\/product\/bicicleta-de-montana-hombre-mujer\/","title":{"rendered":"Bicicleta de Monta\u00f1a, Hombre Mujer"},"content":{"rendered":"<p>CUADRO ROBUSTO PARA ADULTOS \u2013 El cuadro de acero de alto carbono garantiza la durabilidad de las bicicletas de monta\u00f1a para adultos, con una horquilla de suspensi\u00f3n delantera reforzada para una absorci\u00f3n \u00f3ptima de los baches, proporcionando un control absoluto.<\/p>\n<p>TRANSMISI\u00d3N VERS\u00c1TIL DE 21 VELOCIDADES \u2013 Equipada con un sistema de 21 velocidades, las bicicletas para adultos ofrecen una gran variedad de opciones de velocidad para una experiencia de conducci\u00f3n flexible. Ajusta f\u00e1cilmente las marchas seg\u00fan tus preferencias. <\/p>\n<p>Desplazamientos Suaves por la Ciudad \u2013 Esta bicicleta de monta\u00f1a para adultos es tu compa\u00f1era fiable, ideal para desplazamientos relajados por la ciudad y agradables paseos por senderos ligeros. Transita a la perfecci\u00f3n entre calles urbanas y senderos esc\u00e9nicos, ofreciendo un viaje suave y agradable para los que se desplazan por la ciudad. <\/p>\n","protected":false},"excerpt":{"rendered":"<p>CUADRO ROBUSTO PARA ADULTOS \u2013 El cuadro de acero de alto carbono garantiza la durabilidad de las bicicletas de monta\u00f1a para adultos, con una horquilla de suspensi\u00f3n delantera reforzada para&hellip;<\/p>\n","protected":false},"featured_media":2762,"template":"","meta":[],"product_brand":[],"product_cat":[991],"product_tag":[],"class_list":{"0":"post-4434","1":"product","2":"type-product","3":"status-publish","4":"has-post-thumbnail","6":"product_cat-pasatiempo","7":"product_shipping_class-aerovaradero-general","9":"first","10":"instock","11":"shipping-taxable","12":"purchasable","13":"product-type-simple"},"_links":{"self":[{"href":"https:\/\/mercadohogar.ca\/es\/wp-json\/wp\/v2\/product\/4434","targetHints":{"allow":["GET"]}}],"collection":[{"href":"https:\/\/mercadohogar.ca\/es\/wp-json\/wp\/v2\/product"}],"about":[{"href":"https:\/\/mercadohogar.ca\/es\/wp-json\/wp\/v2\/types\/product"}],"version-history":[{"count":1,"href":"https:\/\/mercadohogar.ca\/es\/wp-json\/wp\/v2\/product\/4434\/revisions"}],"predecessor-version":[{"id":4822,"href":"https:\/\/mercadohogar.ca\/es\/wp-json\/wp\/v2\/product\/4434\/revisions\/4822"}],"wp:featuredmedia":[{"embeddable":true,"href":"https:\/\/mercadohogar.ca\/es\/wp-json\/wp\/v2\/media\/2762"}],"wp:attachment":[{"href":"https:\/\/mercadohogar.ca\/es\/wp-json\/wp\/v2\/media?parent=4434"}],"wp:term":[{"taxonomy":"product_brand","embeddable":true,"href":"https:\/\/mercadohogar.ca\/es\/wp-json\/wp\/v2\/product_brand?post=4434"},{"taxonomy":"product_cat","embeddable":true,"href":"https:\/\/mercadohogar.ca\/es\/wp-json\/wp\/v2\/product_cat?post=4434"},{"taxonomy":"product_tag","embeddable":true,"href":"https:\/\/mercadohogar.ca\/es\/wp-json\/wp\/v2\/product_tag?post=4434"}],"curies":[{"name":"wp","href":"https:\/\/api.w.org\/{rel}","templated":true}]}}