{"id":4436,"date":"2026-01-12T15:31:19","date_gmt":"2026-01-12T15:31:19","guid":{"rendered":"https:\/\/mercadohogar.ca\/?post_type=product&#038;p=4436"},"modified":"2026-01-17T23:14:32","modified_gmt":"2026-01-17T23:14:32","slug":"pienso-natural-seco-para-perros-pollo-de-granja-y-cebada-integral","status":"publish","type":"product","link":"https:\/\/mercadohogar.ca\/es\/producto\/pienso-natural-seco-para-perros-pollo-de-granja-y-cebada-integral\/","title":{"rendered":"Pienso natural seco para perros, pollo de granja y cebada integral"},"content":{"rendered":"<p>Este pienso para perros de ingredientes limitados proporciona solo la nutrici\u00f3n que tu perro necesita<\/p>\n<div>Elaborado sin ma\u00edz, soja ni trigo<\/div>\n<div>No contiene conservantes ni aromas artificiales<\/div>\n<div>Contiene ingredientes naturales para perros que proporcionan fuentes ricas de energ\u00eda y \u00e1cidos grasos esenciales<\/div>\n<div>Elaborado en nuestras instalaciones norteamericanas<\/div>\n<div>Nutrici\u00f3n 100 % completa y equilibrada para perros adultos<\/div>\n<p>Se puede rastrear cada ingrediente hasta nuestras fuentes de confianza<\/p>\n","protected":false},"excerpt":{"rendered":"<p>Este pienso para perros de ingredientes limitados proporciona solo la nutrici\u00f3n que tu perro necesita Elaborado sin ma\u00edz, soja ni trigo No contiene conservantes ni aromas artificiales Contiene ingredientes naturales para perros que proporcionan fuentes ricas de energ\u00eda y \u00e1cidos grasos esenciales Elaborado en nuestras instalaciones norteamericanas Nutrici\u00f3n 100 % completa y equilibrada para perros adultos Se puede rastrear cada [&hellip;]<\/p>\n","protected":false},"featured_media":2781,"template":"","meta":{"_coblocks_attr":"","_coblocks_dimensions":"","_coblocks_responsive_height":"","_coblocks_accordion_ie_support":"","postBodyCss":"","postBodyMargin":[],"postBodyPadding":[],"postBodyBackground":{"backgroundType":"classic","gradient":""}},"product_brand":[],"product_cat":[931],"product_tag":[],"class_list":{"0":"post-4436","1":"product","2":"type-product","3":"status-publish","4":"has-post-thumbnail","6":"product_cat-pet-supplies","7":"product_shipping_class-aerovaradero-general","9":"first","10":"instock","11":"taxable","12":"shipping-taxable","13":"purchasable","14":"product-type-simple"},"yoast_head":"<!-- This site is optimized with the Yoast SEO plugin v27.4 - https:\/\/yoast.com\/product\/yoast-seo-wordpress\/ -->\n<title>Pienso natural seco para perros, pollo de granja y cebada integral - Mercado Hogar<\/title>\n<meta name=\"robots\" content=\"index, follow, max-snippet:-1, max-image-preview:large, max-video-preview:-1\" \/>\n<link rel=\"canonical\" href=\"https:\/\/mercadohogar.ca\/es\/producto\/pienso-natural-seco-para-perros-pollo-de-granja-y-cebada-integral\/\" \/>\n<meta property=\"og:locale\" content=\"es_ES\" \/>\n<meta property=\"og:type\" content=\"article\" \/>\n<meta property=\"og:title\" content=\"Pienso natural seco para perros, pollo de granja y cebada integral - Mercado Hogar\" \/>\n<meta property=\"og:description\" content=\"Este pienso para perros de ingredientes limitados proporciona solo la nutrici\u00f3n que tu perro necesita Elaborado sin ma\u00edz, soja ni trigo No contiene conservantes ni aromas artificiales Contiene ingredientes naturales para perros que proporcionan fuentes ricas de energ\u00eda y \u00e1cidos grasos esenciales Elaborado en nuestras instalaciones norteamericanas Nutrici\u00f3n 100 % completa y equilibrada para perros adultos Se puede rastrear cada [&hellip;]\" \/>\n<meta property=\"og:url\" content=\"https:\/\/mercadohogar.ca\/es\/producto\/pienso-natural-seco-para-perros-pollo-de-granja-y-cebada-integral\/\" \/>\n<meta property=\"og:site_name\" content=\"Mercado Hogar\" \/>\n<meta property=\"article:modified_time\" content=\"2026-01-17T23:14:32+00:00\" \/>\n<meta property=\"og:image\" content=\"https:\/\/mercadohogar.ca\/wp-content\/uploads\/2026\/01\/wp-image-7321426820.jpg\" \/>\n\t<meta property=\"og:image:width\" content=\"872\" \/>\n\t<meta property=\"og:image:height\" content=\"1500\" \/>\n\t<meta property=\"og:image:type\" content=\"image\/jpeg\" \/>\n<meta name=\"twitter:card\" content=\"summary_large_image\" \/>\n<script type=\"application\/ld+json\" class=\"yoast-schema-graph\">{\"@context\":\"https:\\\/\\\/schema.org\",\"@graph\":[{\"@type\":\"WebPage\",\"@id\":\"https:\\\/\\\/mercadohogar.ca\\\/es\\\/producto\\\/pienso-natural-seco-para-perros-pollo-de-granja-y-cebada-integral\\\/\",\"url\":\"https:\\\/\\\/mercadohogar.ca\\\/es\\\/producto\\\/pienso-natural-seco-para-perros-pollo-de-granja-y-cebada-integral\\\/\",\"name\":\"Pienso natural seco para perros, pollo de granja y cebada integral - Mercado Hogar\",\"isPartOf\":{\"@id\":\"https:\\\/\\\/mercadohogar.ca\\\/es\\\/#website\"},\"primaryImageOfPage\":{\"@id\":\"https:\\\/\\\/mercadohogar.ca\\\/es\\\/producto\\\/pienso-natural-seco-para-perros-pollo-de-granja-y-cebada-integral\\\/#primaryimage\"},\"image\":{\"@id\":\"https:\\\/\\\/mercadohogar.ca\\\/es\\\/producto\\\/pienso-natural-seco-para-perros-pollo-de-granja-y-cebada-integral\\\/#primaryimage\"},\"thumbnailUrl\":\"https:\\\/\\\/mercadohogar.ca\\\/wp-content\\\/uploads\\\/2026\\\/01\\\/wp-image-7321426820.jpg\",\"datePublished\":\"2026-01-12T15:31:19+00:00\",\"dateModified\":\"2026-01-17T23:14:32+00:00\",\"breadcrumb\":{\"@id\":\"https:\\\/\\\/mercadohogar.ca\\\/es\\\/producto\\\/pienso-natural-seco-para-perros-pollo-de-granja-y-cebada-integral\\\/#breadcrumb\"},\"inLanguage\":\"es\",\"potentialAction\":[{\"@type\":\"ReadAction\",\"target\":[\"https:\\\/\\\/mercadohogar.ca\\\/es\\\/producto\\\/pienso-natural-seco-para-perros-pollo-de-granja-y-cebada-integral\\\/\"]}]},{\"@type\":\"ImageObject\",\"inLanguage\":\"es\",\"@id\":\"https:\\\/\\\/mercadohogar.ca\\\/es\\\/producto\\\/pienso-natural-seco-para-perros-pollo-de-granja-y-cebada-integral\\\/#primaryimage\",\"url\":\"https:\\\/\\\/mercadohogar.ca\\\/wp-content\\\/uploads\\\/2026\\\/01\\\/wp-image-7321426820.jpg\",\"contentUrl\":\"https:\\\/\\\/mercadohogar.ca\\\/wp-content\\\/uploads\\\/2026\\\/01\\\/wp-image-7321426820.jpg\",\"width\":872,\"height\":1500},{\"@type\":\"BreadcrumbList\",\"@id\":\"https:\\\/\\\/mercadohogar.ca\\\/es\\\/producto\\\/pienso-natural-seco-para-perros-pollo-de-granja-y-cebada-integral\\\/#breadcrumb\",\"itemListElement\":[{\"@type\":\"ListItem\",\"position\":1,\"name\":\"Home\",\"item\":\"https:\\\/\\\/mercadohogar.ca\\\/es\\\/\"},{\"@type\":\"ListItem\",\"position\":2,\"name\":\"Tienda\",\"item\":\"https:\\\/\\\/mercadohogar.ca\\\/es\\\/tienda-2\\\/\"},{\"@type\":\"ListItem\",\"position\":3,\"name\":\"Pienso natural seco para perros, pollo de granja y cebada integral\"}]},{\"@type\":\"WebSite\",\"@id\":\"https:\\\/\\\/mercadohogar.ca\\\/es\\\/#website\",\"url\":\"https:\\\/\\\/mercadohogar.ca\\\/es\\\/\",\"name\":\"Mercado Hogar\",\"description\":\"Mercado Hogar\",\"publisher\":{\"@id\":\"https:\\\/\\\/mercadohogar.ca\\\/es\\\/#organization\"},\"potentialAction\":[{\"@type\":\"SearchAction\",\"target\":{\"@type\":\"EntryPoint\",\"urlTemplate\":\"https:\\\/\\\/mercadohogar.ca\\\/es\\\/?s={search_term_string}\"},\"query-input\":{\"@type\":\"PropertyValueSpecification\",\"valueRequired\":true,\"valueName\":\"search_term_string\"}}],\"inLanguage\":\"es\"},{\"@type\":\"Organization\",\"@id\":\"https:\\\/\\\/mercadohogar.ca\\\/es\\\/#organization\",\"name\":\"Mercado Hogar\",\"url\":\"https:\\\/\\\/mercadohogar.ca\\\/es\\\/\",\"logo\":{\"@type\":\"ImageObject\",\"inLanguage\":\"es\",\"@id\":\"https:\\\/\\\/mercadohogar.ca\\\/es\\\/#\\\/schema\\\/logo\\\/image\\\/\",\"url\":\"https:\\\/\\\/mercadohogar.ca\\\/wp-content\\\/uploads\\\/2025\\\/12\\\/MH-LOGO.png\",\"contentUrl\":\"https:\\\/\\\/mercadohogar.ca\\\/wp-content\\\/uploads\\\/2025\\\/12\\\/MH-LOGO.png\",\"width\":1200,\"height\":1200,\"caption\":\"Mercado Hogar\"},\"image\":{\"@id\":\"https:\\\/\\\/mercadohogar.ca\\\/es\\\/#\\\/schema\\\/logo\\\/image\\\/\"}}]}<\/script>\n<!-- \/ Yoast SEO plugin. -->","yoast_head_json":{"title":"Pienso natural seco para perros, pollo de granja y cebada integral - Mercado Hogar","robots":{"index":"index","follow":"follow","max-snippet":"max-snippet:-1","max-image-preview":"max-image-preview:large","max-video-preview":"max-video-preview:-1"},"canonical":"https:\/\/mercadohogar.ca\/es\/producto\/pienso-natural-seco-para-perros-pollo-de-granja-y-cebada-integral\/","og_locale":"es_ES","og_type":"article","og_title":"Pienso natural seco para perros, pollo de granja y cebada integral - Mercado Hogar","og_description":"Este pienso para perros de ingredientes limitados proporciona solo la nutrici\u00f3n que tu perro necesita Elaborado sin ma\u00edz, soja ni trigo No contiene conservantes ni aromas artificiales Contiene ingredientes naturales para perros que proporcionan fuentes ricas de energ\u00eda y \u00e1cidos grasos esenciales Elaborado en nuestras instalaciones norteamericanas Nutrici\u00f3n 100 % completa y equilibrada para perros adultos Se puede rastrear cada [&hellip;]","og_url":"https:\/\/mercadohogar.ca\/es\/producto\/pienso-natural-seco-para-perros-pollo-de-granja-y-cebada-integral\/","og_site_name":"Mercado Hogar","article_modified_time":"2026-01-17T23:14:32+00:00","og_image":[{"width":872,"height":1500,"url":"https:\/\/mercadohogar.ca\/wp-content\/uploads\/2026\/01\/wp-image-7321426820.jpg","type":"image\/jpeg"}],"twitter_card":"summary_large_image","schema":{"@context":"https:\/\/schema.org","@graph":[{"@type":"WebPage","@id":"https:\/\/mercadohogar.ca\/es\/producto\/pienso-natural-seco-para-perros-pollo-de-granja-y-cebada-integral\/","url":"https:\/\/mercadohogar.ca\/es\/producto\/pienso-natural-seco-para-perros-pollo-de-granja-y-cebada-integral\/","name":"Pienso natural seco para perros, pollo de granja y cebada integral - Mercado Hogar","isPartOf":{"@id":"https:\/\/mercadohogar.ca\/es\/#website"},"primaryImageOfPage":{"@id":"https:\/\/mercadohogar.ca\/es\/producto\/pienso-natural-seco-para-perros-pollo-de-granja-y-cebada-integral\/#primaryimage"},"image":{"@id":"https:\/\/mercadohogar.ca\/es\/producto\/pienso-natural-seco-para-perros-pollo-de-granja-y-cebada-integral\/#primaryimage"},"thumbnailUrl":"https:\/\/mercadohogar.ca\/wp-content\/uploads\/2026\/01\/wp-image-7321426820.jpg","datePublished":"2026-01-12T15:31:19+00:00","dateModified":"2026-01-17T23:14:32+00:00","breadcrumb":{"@id":"https:\/\/mercadohogar.ca\/es\/producto\/pienso-natural-seco-para-perros-pollo-de-granja-y-cebada-integral\/#breadcrumb"},"inLanguage":"es","potentialAction":[{"@type":"ReadAction","target":["https:\/\/mercadohogar.ca\/es\/producto\/pienso-natural-seco-para-perros-pollo-de-granja-y-cebada-integral\/"]}]},{"@type":"ImageObject","inLanguage":"es","@id":"https:\/\/mercadohogar.ca\/es\/producto\/pienso-natural-seco-para-perros-pollo-de-granja-y-cebada-integral\/#primaryimage","url":"https:\/\/mercadohogar.ca\/wp-content\/uploads\/2026\/01\/wp-image-7321426820.jpg","contentUrl":"https:\/\/mercadohogar.ca\/wp-content\/uploads\/2026\/01\/wp-image-7321426820.jpg","width":872,"height":1500},{"@type":"BreadcrumbList","@id":"https:\/\/mercadohogar.ca\/es\/producto\/pienso-natural-seco-para-perros-pollo-de-granja-y-cebada-integral\/#breadcrumb","itemListElement":[{"@type":"ListItem","position":1,"name":"Home","item":"https:\/\/mercadohogar.ca\/es\/"},{"@type":"ListItem","position":2,"name":"Tienda","item":"https:\/\/mercadohogar.ca\/es\/tienda-2\/"},{"@type":"ListItem","position":3,"name":"Pienso natural seco para perros, pollo de granja y cebada integral"}]},{"@type":"WebSite","@id":"https:\/\/mercadohogar.ca\/es\/#website","url":"https:\/\/mercadohogar.ca\/es\/","name":"Mercado Hogar","description":"Mercado Hogar","publisher":{"@id":"https:\/\/mercadohogar.ca\/es\/#organization"},"potentialAction":[{"@type":"SearchAction","target":{"@type":"EntryPoint","urlTemplate":"https:\/\/mercadohogar.ca\/es\/?s={search_term_string}"},"query-input":{"@type":"PropertyValueSpecification","valueRequired":true,"valueName":"search_term_string"}}],"inLanguage":"es"},{"@type":"Organization","@id":"https:\/\/mercadohogar.ca\/es\/#organization","name":"Mercado Hogar","url":"https:\/\/mercadohogar.ca\/es\/","logo":{"@type":"ImageObject","inLanguage":"es","@id":"https:\/\/mercadohogar.ca\/es\/#\/schema\/logo\/image\/","url":"https:\/\/mercadohogar.ca\/wp-content\/uploads\/2025\/12\/MH-LOGO.png","contentUrl":"https:\/\/mercadohogar.ca\/wp-content\/uploads\/2025\/12\/MH-LOGO.png","width":1200,"height":1200,"caption":"Mercado Hogar"},"image":{"@id":"https:\/\/mercadohogar.ca\/es\/#\/schema\/logo\/image\/"}}]}},"jetpack_sharing_enabled":true,"_links":{"self":[{"href":"https:\/\/mercadohogar.ca\/es\/wp-json\/wp\/v2\/product\/4436","targetHints":{"allow":["GET"]}}],"collection":[{"href":"https:\/\/mercadohogar.ca\/es\/wp-json\/wp\/v2\/product"}],"about":[{"href":"https:\/\/mercadohogar.ca\/es\/wp-json\/wp\/v2\/types\/product"}],"version-history":[{"count":1,"href":"https:\/\/mercadohogar.ca\/es\/wp-json\/wp\/v2\/product\/4436\/revisions"}],"predecessor-version":[{"id":4818,"href":"https:\/\/mercadohogar.ca\/es\/wp-json\/wp\/v2\/product\/4436\/revisions\/4818"}],"wp:featuredmedia":[{"embeddable":true,"href":"https:\/\/mercadohogar.ca\/es\/wp-json\/wp\/v2\/media\/2781"}],"wp:attachment":[{"href":"https:\/\/mercadohogar.ca\/es\/wp-json\/wp\/v2\/media?parent=4436"}],"wp:term":[{"taxonomy":"product_brand","embeddable":true,"href":"https:\/\/mercadohogar.ca\/es\/wp-json\/wp\/v2\/product_brand?post=4436"},{"taxonomy":"product_cat","embeddable":true,"href":"https:\/\/mercadohogar.ca\/es\/wp-json\/wp\/v2\/product_cat?post=4436"},{"taxonomy":"product_tag","embeddable":true,"href":"https:\/\/mercadohogar.ca\/es\/wp-json\/wp\/v2\/product_tag?post=4436"}],"curies":[{"name":"wp","href":"https:\/\/api.w.org\/{rel}","templated":true}]}}