{"id":4437,"date":"2026-01-12T15:31:16","date_gmt":"2026-01-12T15:31:16","guid":{"rendered":"https:\/\/mercadohogar.ca\/?post_type=product&#038;p=4437"},"modified":"2026-01-17T23:14:35","modified_gmt":"2026-01-17T23:14:35","slug":"conjunto-de-muebles-de-ratan-para-exterior","status":"publish","type":"product","link":"https:\/\/mercadohogar.ca\/es\/product\/conjunto-de-muebles-de-ratan-para-exterior\/","title":{"rendered":"Conjunto de muebles de rat\u00e1n para exterior"},"content":{"rendered":"<div>\n<p>Este conjunto de asientos para exterior de 8 piezas es ideal para crear un ambiente acogedor alrededor de un brasero con familiares y amigos. Fabricado con una estructura de acero resistente y un elegante revestimiento de mimbre, este conjunto desprende un aire relajado que se integra sin esfuerzo en cualquier espacio exterior. Los cojines y almohadas est\u00e1n tapizados en un lujoso tejido relleno de espuma, lo que garantiza una comodidad \u00f3ptima mientras te relajas. La elegante mesa de cristal a\u00f1ade un toque de sofisticaci\u00f3n y las fundas de coj\u00edn extra\u00edbles facilitan el mantenimiento, garantizando una durabilidad prolongada. Incluye una mesa con brasero que proporciona calor constante y un brillo relajante, lo que la convierte en la pieza central ideal para que familiares y amigos disfruten de la comida y de buenos momentos juntos.    <\/p>\n<p>\u00bfQu\u00e9 incluye?<\/p>\n<p>6 Cojines<\/p>\n<p>1 Mesa<\/p>\n<p>Seccionales<\/p>\n<p>Caracter\u00edsticas<\/p>\n<p>Ya sea que te re\u00fanas alrededor de un brasero o descanses en el asiento, cada pieza de este conjunto se puede reorganizar y configurar f\u00e1cilmente para adaptarse a tus necesidades. Por lo tanto, puedes crear tu propia disposici\u00f3n de asientos \u00fanica en tu patio, jard\u00edn, terraza o balc\u00f3n. <\/p>\n<p>Fabricado con mimbre de rat\u00e1n y una estructura de acero resistente, es duradero y ligero. Los cojines de asiento engrosados (10 cm) est\u00e1n rellenos de esponja de alta densidad para una mayor suavidad, y el tejido antideslizante garantiza que los cojines permanezcan firmemente en su sitio para una excelente experiencia de asiento. <\/p>\n<p>En comparaci\u00f3n con los braseros de le\u00f1a tradicionales, un brasero de gas para exteriores es m\u00e1s c\u00f3modo y pr\u00e1ctico. Sin la molestia del humo, las cenizas, la suciedad o el transporte de pesados haces de le\u00f1a, esta mesa con certificaci\u00f3n CSA puede alcanzar hasta 55000 BTU y proporcionar un ambiente c\u00e1lido. <\/p>\n<p>Viene con instrucciones claras y todos los accesorios necesarios para un montaje sin problemas. Si tienes alguna pregunta, no dudes en ponerte en contacto con nosotros. <\/p>\n<p>Lo que obtienes: 2 Asientos de esquina: 75 x 75 x 63 cm, 4*Asientos sin brazos: 75 x 65 x 63 cm, 1*Mesa auxiliar: 65 x 65 x 33 cm, 1 Mesa con brasero: 109 x 56 x 62 cm<\/p>\n<\/div>\n<div>\n<div>\n<div><\/div>\n<\/div>\n<\/div>\n","protected":false},"excerpt":{"rendered":"<p>Este conjunto de asientos para exterior de 8 piezas es ideal para crear un ambiente acogedor alrededor de un brasero con familiares y amigos. Fabricado con una estructura de acero&hellip;<\/p>\n","protected":false},"featured_media":2815,"template":"","meta":[],"product_brand":[],"product_cat":[992],"product_tag":[],"class_list":{"0":"post-4437","1":"product","2":"type-product","3":"status-publish","4":"has-post-thumbnail","6":"product_cat-mejoras-en-el-hogar","7":"product_shipping_class-aerovaradero-general","9":"first","10":"instock","11":"shipping-taxable","12":"purchasable","13":"product-type-simple"},"_links":{"self":[{"href":"https:\/\/mercadohogar.ca\/es\/wp-json\/wp\/v2\/product\/4437","targetHints":{"allow":["GET"]}}],"collection":[{"href":"https:\/\/mercadohogar.ca\/es\/wp-json\/wp\/v2\/product"}],"about":[{"href":"https:\/\/mercadohogar.ca\/es\/wp-json\/wp\/v2\/types\/product"}],"version-history":[{"count":1,"href":"https:\/\/mercadohogar.ca\/es\/wp-json\/wp\/v2\/product\/4437\/revisions"}],"predecessor-version":[{"id":4814,"href":"https:\/\/mercadohogar.ca\/es\/wp-json\/wp\/v2\/product\/4437\/revisions\/4814"}],"wp:featuredmedia":[{"embeddable":true,"href":"https:\/\/mercadohogar.ca\/es\/wp-json\/wp\/v2\/media\/2815"}],"wp:attachment":[{"href":"https:\/\/mercadohogar.ca\/es\/wp-json\/wp\/v2\/media?parent=4437"}],"wp:term":[{"taxonomy":"product_brand","embeddable":true,"href":"https:\/\/mercadohogar.ca\/es\/wp-json\/wp\/v2\/product_brand?post=4437"},{"taxonomy":"product_cat","embeddable":true,"href":"https:\/\/mercadohogar.ca\/es\/wp-json\/wp\/v2\/product_cat?post=4437"},{"taxonomy":"product_tag","embeddable":true,"href":"https:\/\/mercadohogar.ca\/es\/wp-json\/wp\/v2\/product_tag?post=4437"}],"curies":[{"name":"wp","href":"https:\/\/api.w.org\/{rel}","templated":true}]}}