{"id":4438,"date":"2026-01-12T15:31:17","date_gmt":"2026-01-12T15:31:17","guid":{"rendered":"https:\/\/mercadohogar.ca\/?post_type=product&#038;p=4438"},"modified":"2026-01-17T23:14:33","modified_gmt":"2026-01-17T23:14:33","slug":"nintendo-switch-con-joy%e2%80%91con-azul-neon-y-rojo-neon","status":"publish","type":"product","link":"https:\/\/mercadohogar.ca\/es\/product\/nintendo-switch-con-joy%e2%80%91con-azul-neon-y-rojo-neon\/","title":{"rendered":"Nintendo Switch\u2122 con Joy\u2011Con\u2122 azul ne\u00f3n y rojo ne\u00f3n"},"content":{"rendered":"<p> La Nintendo Switch combina la movilidad de una consola port\u00e1til con la potencia de un sistema de videojuegos dom\u00e9stico, ofreciendo experiencias de juego y entretenimiento sin precedentes<\/p>\n<p>La Nintendo Switch y su base conectan el sistema al televisor y te permiten jugar con tu familia y amigos en la comodidad de tu sal\u00f3n.<br \/>Con una pantalla brillante de alta definici\u00f3n, Nintendo Switch te permite llevar tu experiencia de juego en casa a cualquier parte: al parque, en un avi\u00f3n, en un coche&#8230; a cualquier lugar<\/p>\n<p>Acopla los mandos Joy-Con a ambos lados de la Nintendo Switch para jugar solo mientras te desplazas o sep\u00e1ralos de la Switch y utiliza un mando Joy-Con en cada mano<\/p>\n<p>Con varios mandos Joy-Con de varios sistemas (cada uno se vende por separado), muchas personas pueden reunirse para disfrutar de una variedad de opciones de juego<\/p>\n","protected":false},"excerpt":{"rendered":"<p>La Nintendo Switch combina la movilidad de una consola port\u00e1til con la potencia de un sistema de videojuegos dom\u00e9stico, ofreciendo experiencias de juego y entretenimiento sin precedentes La Nintendo Switch&hellip;<\/p>\n","protected":false},"featured_media":2808,"template":"","meta":[],"product_brand":[],"product_cat":[992],"product_tag":[],"class_list":{"0":"post-4438","1":"product","2":"type-product","3":"status-publish","4":"has-post-thumbnail","6":"product_cat-mejoras-en-el-hogar","7":"product_shipping_class-aerovaradero-general","9":"first","10":"instock","11":"shipping-taxable","12":"purchasable","13":"product-type-simple"},"_links":{"self":[{"href":"https:\/\/mercadohogar.ca\/es\/wp-json\/wp\/v2\/product\/4438","targetHints":{"allow":["GET"]}}],"collection":[{"href":"https:\/\/mercadohogar.ca\/es\/wp-json\/wp\/v2\/product"}],"about":[{"href":"https:\/\/mercadohogar.ca\/es\/wp-json\/wp\/v2\/types\/product"}],"version-history":[{"count":1,"href":"https:\/\/mercadohogar.ca\/es\/wp-json\/wp\/v2\/product\/4438\/revisions"}],"predecessor-version":[{"id":4816,"href":"https:\/\/mercadohogar.ca\/es\/wp-json\/wp\/v2\/product\/4438\/revisions\/4816"}],"wp:featuredmedia":[{"embeddable":true,"href":"https:\/\/mercadohogar.ca\/es\/wp-json\/wp\/v2\/media\/2808"}],"wp:attachment":[{"href":"https:\/\/mercadohogar.ca\/es\/wp-json\/wp\/v2\/media?parent=4438"}],"wp:term":[{"taxonomy":"product_brand","embeddable":true,"href":"https:\/\/mercadohogar.ca\/es\/wp-json\/wp\/v2\/product_brand?post=4438"},{"taxonomy":"product_cat","embeddable":true,"href":"https:\/\/mercadohogar.ca\/es\/wp-json\/wp\/v2\/product_cat?post=4438"},{"taxonomy":"product_tag","embeddable":true,"href":"https:\/\/mercadohogar.ca\/es\/wp-json\/wp\/v2\/product_tag?post=4438"}],"curies":[{"name":"wp","href":"https:\/\/api.w.org\/{rel}","templated":true}]}}