{"id":4439,"date":"2026-01-07T19:55:22","date_gmt":"2026-01-07T19:55:22","guid":{"rendered":"https:\/\/mercadohogar.ca\/?post_type=product&#038;p=4439"},"modified":"2026-01-17T22:30:52","modified_gmt":"2026-01-17T22:30:52","slug":"bateria-de-litio-lifepo4-mfuzop-de-12-v-y-100-ah","status":"publish","type":"product","link":"https:\/\/mercadohogar.ca\/es\/producto\/bateria-de-litio-lifepo4-mfuzop-de-12-v-y-100-ah\/","title":{"rendered":"Bater\u00eda de litio LiFePO4 MFUZOP de 12 V y 100 Ah"},"content":{"rendered":"<ul>\n<li>Nuestra bater\u00eda LiFePO4 MFUZOP de 12 V y 100 Ah tiene un sistema de gesti\u00f3n de bater\u00eda (BMS) de 100 A integrado que proporciona la mejor protecci\u00f3n contra sobrecargas, sobredescargas, cortocircuitos y alta corriente, lo que garantiza que tu energ\u00eda sea lo m\u00e1s segura y fiable posible. Adem\u00e1s, tiene caracter\u00edsticas de baja autodescarga, lo que garantiza que tu bater\u00eda est\u00e9 siempre lista para usar. <\/li>\n<li>Ligera, compacta y vers\u00e1til. Con un peso de solo 12,6 kg (27 lbs), esta bater\u00eda ofrece una gran potencia sin ser voluminosa. Su dise\u00f1o compacto la hace adecuada para una variedad de aplicaciones, incluyendo veh\u00edculos recreativos, embarcaciones marinas, sistemas solares aislados de la red y sistemas de almacenamiento de energ\u00eda residenciales. Ahorra espacio y se puede instalar de forma flexible incluso en espacios reducidos, a la vez que proporciona suficiente energ\u00eda para mantener tus dispositivos en funcionamiento.  <\/li>\n<li>Duradera y eficiente. Con una vida \u00fatil de hasta 10 a\u00f1os, esta bater\u00eda de litio no afectar\u00e1 al rendimiento incluso despu\u00e9s de haber sido completamente descargada, proporcionando una excelente eficiencia energ\u00e9tica y fiabilidad a largo plazo. Olv\u00eddate de las molestias de las frecuentes sustituciones de bater\u00edas: es una inversi\u00f3n inteligente que garantiza a\u00f1os de rendimiento fiable. <\/li>\n<li>Carga r\u00e1pida, sin efecto memoria. Disfruta de una carga y descarga r\u00e1pidas, sin efecto memoria, y puedes cargarla y usarla. Nuestras bater\u00edas cuentan con celdas de alta densidad energ\u00e9tica, salida estable y una larga vida \u00fatil, lo que las hace ideales para el almacenamiento de energ\u00eda, los veh\u00edculos el\u00e9ctricos y las aplicaciones de energ\u00eda port\u00e1til. <\/li>\n<li>Ideal para una variedad de usos. La tecnolog\u00eda de fosfato de hierro y litio (LiFePO4) proporciona soluciones seguras y fiables para una variedad de usos, incluyendo energ\u00eda de respaldo de emergencia, sistemas solares aislados de la red, iluminaci\u00f3n, scooters el\u00e9ctricos, carros de golf, routers, sistemas SAI y mucho m\u00e1s. Es la primera opci\u00f3n para cualquiera que busque una soluci\u00f3n energ\u00e9tica fiable, eficiente y segura. <\/li>\n<\/ul>\n","protected":false},"excerpt":{"rendered":"<p>Nuestra bater\u00eda LiFePO4 MFUZOP de 12 V y 100 Ah tiene un sistema de gesti\u00f3n de bater\u00eda (BMS) de 100 A integrado que proporciona la mejor protecci\u00f3n contra sobrecargas, sobredescargas, cortocircuitos y alta corriente, lo que garantiza que tu energ\u00eda sea lo m\u00e1s segura y fiable posible. Adem\u00e1s, tiene caracter\u00edsticas de baja autodescarga, lo que garantiza que tu bater\u00eda est\u00e9 [&hellip;]<\/p>\n","protected":false},"featured_media":2754,"template":"","meta":{"_coblocks_attr":"","_coblocks_dimensions":"","_coblocks_responsive_height":"","_coblocks_accordion_ie_support":"","postBodyCss":"","postBodyMargin":[],"postBodyPadding":[],"postBodyBackground":{"backgroundType":"classic","gradient":""}},"product_brand":[],"product_cat":[899],"product_tag":[],"class_list":{"0":"post-4439","1":"product","2":"type-product","3":"status-publish","4":"has-post-thumbnail","6":"product_cat-generators-alternative-power-solutions","7":"product_shipping_class-aerovaradero-dg-grande","9":"first","10":"instock","11":"taxable","12":"shipping-taxable","13":"purchasable","14":"product-type-simple"},"yoast_head":"<!-- This site is optimized with the Yoast SEO plugin v27.4 - https:\/\/yoast.com\/product\/yoast-seo-wordpress\/ -->\n<title>Bater\u00eda de litio LiFePO4 MFUZOP de 12 V y 100 Ah - Mercado Hogar<\/title>\n<meta name=\"robots\" content=\"index, follow, max-snippet:-1, max-image-preview:large, max-video-preview:-1\" \/>\n<link rel=\"canonical\" href=\"https:\/\/mercadohogar.ca\/es\/producto\/bateria-de-litio-lifepo4-mfuzop-de-12-v-y-100-ah\/\" \/>\n<meta property=\"og:locale\" content=\"es_ES\" \/>\n<meta property=\"og:type\" content=\"article\" \/>\n<meta property=\"og:title\" content=\"Bater\u00eda de litio LiFePO4 MFUZOP de 12 V y 100 Ah - Mercado Hogar\" \/>\n<meta property=\"og:description\" content=\"Nuestra bater\u00eda LiFePO4 MFUZOP de 12 V y 100 Ah tiene un sistema de gesti\u00f3n de bater\u00eda (BMS) de 100 A integrado que proporciona la mejor protecci\u00f3n contra sobrecargas, sobredescargas, cortocircuitos y alta corriente, lo que garantiza que tu energ\u00eda sea lo m\u00e1s segura y fiable posible. Adem\u00e1s, tiene caracter\u00edsticas de baja autodescarga, lo que garantiza que tu bater\u00eda est\u00e9 [&hellip;]\" \/>\n<meta property=\"og:url\" content=\"https:\/\/mercadohogar.ca\/es\/producto\/bateria-de-litio-lifepo4-mfuzop-de-12-v-y-100-ah\/\" \/>\n<meta property=\"og:site_name\" content=\"Mercado Hogar\" \/>\n<meta property=\"article:modified_time\" content=\"2026-01-17T22:30:52+00:00\" \/>\n<meta property=\"og:image\" content=\"https:\/\/mercadohogar.ca\/wp-content\/uploads\/2026\/01\/wp-image-7865089260.webp\" \/>\n\t<meta property=\"og:image:width\" content=\"800\" \/>\n\t<meta property=\"og:image:height\" content=\"800\" \/>\n\t<meta property=\"og:image:type\" content=\"image\/webp\" \/>\n<meta name=\"twitter:card\" content=\"summary_large_image\" \/>\n<meta name=\"twitter:label1\" content=\"Tiempo de lectura\" \/>\n\t<meta name=\"twitter:data1\" content=\"2 minutos\" \/>\n<script type=\"application\/ld+json\" class=\"yoast-schema-graph\">{\"@context\":\"https:\\\/\\\/schema.org\",\"@graph\":[{\"@type\":\"WebPage\",\"@id\":\"https:\\\/\\\/mercadohogar.ca\\\/es\\\/producto\\\/bateria-de-litio-lifepo4-mfuzop-de-12-v-y-100-ah\\\/\",\"url\":\"https:\\\/\\\/mercadohogar.ca\\\/es\\\/producto\\\/bateria-de-litio-lifepo4-mfuzop-de-12-v-y-100-ah\\\/\",\"name\":\"Bater\u00eda de litio LiFePO4 MFUZOP de 12 V y 100 Ah - Mercado Hogar\",\"isPartOf\":{\"@id\":\"https:\\\/\\\/mercadohogar.ca\\\/es\\\/#website\"},\"primaryImageOfPage\":{\"@id\":\"https:\\\/\\\/mercadohogar.ca\\\/es\\\/producto\\\/bateria-de-litio-lifepo4-mfuzop-de-12-v-y-100-ah\\\/#primaryimage\"},\"image\":{\"@id\":\"https:\\\/\\\/mercadohogar.ca\\\/es\\\/producto\\\/bateria-de-litio-lifepo4-mfuzop-de-12-v-y-100-ah\\\/#primaryimage\"},\"thumbnailUrl\":\"https:\\\/\\\/mercadohogar.ca\\\/wp-content\\\/uploads\\\/2026\\\/01\\\/wp-image-7865089260.webp\",\"datePublished\":\"2026-01-07T19:55:22+00:00\",\"dateModified\":\"2026-01-17T22:30:52+00:00\",\"breadcrumb\":{\"@id\":\"https:\\\/\\\/mercadohogar.ca\\\/es\\\/producto\\\/bateria-de-litio-lifepo4-mfuzop-de-12-v-y-100-ah\\\/#breadcrumb\"},\"inLanguage\":\"es\",\"potentialAction\":[{\"@type\":\"ReadAction\",\"target\":[\"https:\\\/\\\/mercadohogar.ca\\\/es\\\/producto\\\/bateria-de-litio-lifepo4-mfuzop-de-12-v-y-100-ah\\\/\"]}]},{\"@type\":\"ImageObject\",\"inLanguage\":\"es\",\"@id\":\"https:\\\/\\\/mercadohogar.ca\\\/es\\\/producto\\\/bateria-de-litio-lifepo4-mfuzop-de-12-v-y-100-ah\\\/#primaryimage\",\"url\":\"https:\\\/\\\/mercadohogar.ca\\\/wp-content\\\/uploads\\\/2026\\\/01\\\/wp-image-7865089260.webp\",\"contentUrl\":\"https:\\\/\\\/mercadohogar.ca\\\/wp-content\\\/uploads\\\/2026\\\/01\\\/wp-image-7865089260.webp\",\"width\":800,\"height\":800},{\"@type\":\"BreadcrumbList\",\"@id\":\"https:\\\/\\\/mercadohogar.ca\\\/es\\\/producto\\\/bateria-de-litio-lifepo4-mfuzop-de-12-v-y-100-ah\\\/#breadcrumb\",\"itemListElement\":[{\"@type\":\"ListItem\",\"position\":1,\"name\":\"Home\",\"item\":\"https:\\\/\\\/mercadohogar.ca\\\/es\\\/\"},{\"@type\":\"ListItem\",\"position\":2,\"name\":\"Tienda\",\"item\":\"https:\\\/\\\/mercadohogar.ca\\\/es\\\/tienda-2\\\/\"},{\"@type\":\"ListItem\",\"position\":3,\"name\":\"Bater\u00eda de litio LiFePO4 MFUZOP de 12 V y 100 Ah\"}]},{\"@type\":\"WebSite\",\"@id\":\"https:\\\/\\\/mercadohogar.ca\\\/es\\\/#website\",\"url\":\"https:\\\/\\\/mercadohogar.ca\\\/es\\\/\",\"name\":\"Mercado Hogar\",\"description\":\"Mercado Hogar\",\"publisher\":{\"@id\":\"https:\\\/\\\/mercadohogar.ca\\\/es\\\/#organization\"},\"potentialAction\":[{\"@type\":\"SearchAction\",\"target\":{\"@type\":\"EntryPoint\",\"urlTemplate\":\"https:\\\/\\\/mercadohogar.ca\\\/es\\\/?s={search_term_string}\"},\"query-input\":{\"@type\":\"PropertyValueSpecification\",\"valueRequired\":true,\"valueName\":\"search_term_string\"}}],\"inLanguage\":\"es\"},{\"@type\":\"Organization\",\"@id\":\"https:\\\/\\\/mercadohogar.ca\\\/es\\\/#organization\",\"name\":\"Mercado Hogar\",\"url\":\"https:\\\/\\\/mercadohogar.ca\\\/es\\\/\",\"logo\":{\"@type\":\"ImageObject\",\"inLanguage\":\"es\",\"@id\":\"https:\\\/\\\/mercadohogar.ca\\\/es\\\/#\\\/schema\\\/logo\\\/image\\\/\",\"url\":\"https:\\\/\\\/mercadohogar.ca\\\/wp-content\\\/uploads\\\/2025\\\/12\\\/MH-LOGO.png\",\"contentUrl\":\"https:\\\/\\\/mercadohogar.ca\\\/wp-content\\\/uploads\\\/2025\\\/12\\\/MH-LOGO.png\",\"width\":1200,\"height\":1200,\"caption\":\"Mercado Hogar\"},\"image\":{\"@id\":\"https:\\\/\\\/mercadohogar.ca\\\/es\\\/#\\\/schema\\\/logo\\\/image\\\/\"}}]}<\/script>\n<!-- \/ Yoast SEO plugin. -->","yoast_head_json":{"title":"Bater\u00eda de litio LiFePO4 MFUZOP de 12 V y 100 Ah - Mercado Hogar","robots":{"index":"index","follow":"follow","max-snippet":"max-snippet:-1","max-image-preview":"max-image-preview:large","max-video-preview":"max-video-preview:-1"},"canonical":"https:\/\/mercadohogar.ca\/es\/producto\/bateria-de-litio-lifepo4-mfuzop-de-12-v-y-100-ah\/","og_locale":"es_ES","og_type":"article","og_title":"Bater\u00eda de litio LiFePO4 MFUZOP de 12 V y 100 Ah - Mercado Hogar","og_description":"Nuestra bater\u00eda LiFePO4 MFUZOP de 12 V y 100 Ah tiene un sistema de gesti\u00f3n de bater\u00eda (BMS) de 100 A integrado que proporciona la mejor protecci\u00f3n contra sobrecargas, sobredescargas, cortocircuitos y alta corriente, lo que garantiza que tu energ\u00eda sea lo m\u00e1s segura y fiable posible. Adem\u00e1s, tiene caracter\u00edsticas de baja autodescarga, lo que garantiza que tu bater\u00eda est\u00e9 [&hellip;]","og_url":"https:\/\/mercadohogar.ca\/es\/producto\/bateria-de-litio-lifepo4-mfuzop-de-12-v-y-100-ah\/","og_site_name":"Mercado Hogar","article_modified_time":"2026-01-17T22:30:52+00:00","og_image":[{"width":800,"height":800,"url":"https:\/\/mercadohogar.ca\/wp-content\/uploads\/2026\/01\/wp-image-7865089260.webp","type":"image\/webp"}],"twitter_card":"summary_large_image","twitter_misc":{"Tiempo de lectura":"2 minutos"},"schema":{"@context":"https:\/\/schema.org","@graph":[{"@type":"WebPage","@id":"https:\/\/mercadohogar.ca\/es\/producto\/bateria-de-litio-lifepo4-mfuzop-de-12-v-y-100-ah\/","url":"https:\/\/mercadohogar.ca\/es\/producto\/bateria-de-litio-lifepo4-mfuzop-de-12-v-y-100-ah\/","name":"Bater\u00eda de litio LiFePO4 MFUZOP de 12 V y 100 Ah - Mercado Hogar","isPartOf":{"@id":"https:\/\/mercadohogar.ca\/es\/#website"},"primaryImageOfPage":{"@id":"https:\/\/mercadohogar.ca\/es\/producto\/bateria-de-litio-lifepo4-mfuzop-de-12-v-y-100-ah\/#primaryimage"},"image":{"@id":"https:\/\/mercadohogar.ca\/es\/producto\/bateria-de-litio-lifepo4-mfuzop-de-12-v-y-100-ah\/#primaryimage"},"thumbnailUrl":"https:\/\/mercadohogar.ca\/wp-content\/uploads\/2026\/01\/wp-image-7865089260.webp","datePublished":"2026-01-07T19:55:22+00:00","dateModified":"2026-01-17T22:30:52+00:00","breadcrumb":{"@id":"https:\/\/mercadohogar.ca\/es\/producto\/bateria-de-litio-lifepo4-mfuzop-de-12-v-y-100-ah\/#breadcrumb"},"inLanguage":"es","potentialAction":[{"@type":"ReadAction","target":["https:\/\/mercadohogar.ca\/es\/producto\/bateria-de-litio-lifepo4-mfuzop-de-12-v-y-100-ah\/"]}]},{"@type":"ImageObject","inLanguage":"es","@id":"https:\/\/mercadohogar.ca\/es\/producto\/bateria-de-litio-lifepo4-mfuzop-de-12-v-y-100-ah\/#primaryimage","url":"https:\/\/mercadohogar.ca\/wp-content\/uploads\/2026\/01\/wp-image-7865089260.webp","contentUrl":"https:\/\/mercadohogar.ca\/wp-content\/uploads\/2026\/01\/wp-image-7865089260.webp","width":800,"height":800},{"@type":"BreadcrumbList","@id":"https:\/\/mercadohogar.ca\/es\/producto\/bateria-de-litio-lifepo4-mfuzop-de-12-v-y-100-ah\/#breadcrumb","itemListElement":[{"@type":"ListItem","position":1,"name":"Home","item":"https:\/\/mercadohogar.ca\/es\/"},{"@type":"ListItem","position":2,"name":"Tienda","item":"https:\/\/mercadohogar.ca\/es\/tienda-2\/"},{"@type":"ListItem","position":3,"name":"Bater\u00eda de litio LiFePO4 MFUZOP de 12 V y 100 Ah"}]},{"@type":"WebSite","@id":"https:\/\/mercadohogar.ca\/es\/#website","url":"https:\/\/mercadohogar.ca\/es\/","name":"Mercado Hogar","description":"Mercado Hogar","publisher":{"@id":"https:\/\/mercadohogar.ca\/es\/#organization"},"potentialAction":[{"@type":"SearchAction","target":{"@type":"EntryPoint","urlTemplate":"https:\/\/mercadohogar.ca\/es\/?s={search_term_string}"},"query-input":{"@type":"PropertyValueSpecification","valueRequired":true,"valueName":"search_term_string"}}],"inLanguage":"es"},{"@type":"Organization","@id":"https:\/\/mercadohogar.ca\/es\/#organization","name":"Mercado Hogar","url":"https:\/\/mercadohogar.ca\/es\/","logo":{"@type":"ImageObject","inLanguage":"es","@id":"https:\/\/mercadohogar.ca\/es\/#\/schema\/logo\/image\/","url":"https:\/\/mercadohogar.ca\/wp-content\/uploads\/2025\/12\/MH-LOGO.png","contentUrl":"https:\/\/mercadohogar.ca\/wp-content\/uploads\/2025\/12\/MH-LOGO.png","width":1200,"height":1200,"caption":"Mercado Hogar"},"image":{"@id":"https:\/\/mercadohogar.ca\/es\/#\/schema\/logo\/image\/"}}]}},"jetpack_sharing_enabled":true,"_links":{"self":[{"href":"https:\/\/mercadohogar.ca\/es\/wp-json\/wp\/v2\/product\/4439","targetHints":{"allow":["GET"]}}],"collection":[{"href":"https:\/\/mercadohogar.ca\/es\/wp-json\/wp\/v2\/product"}],"about":[{"href":"https:\/\/mercadohogar.ca\/es\/wp-json\/wp\/v2\/types\/product"}],"version-history":[{"count":1,"href":"https:\/\/mercadohogar.ca\/es\/wp-json\/wp\/v2\/product\/4439\/revisions"}],"predecessor-version":[{"id":4452,"href":"https:\/\/mercadohogar.ca\/es\/wp-json\/wp\/v2\/product\/4439\/revisions\/4452"}],"wp:featuredmedia":[{"embeddable":true,"href":"https:\/\/mercadohogar.ca\/es\/wp-json\/wp\/v2\/media\/2754"}],"wp:attachment":[{"href":"https:\/\/mercadohogar.ca\/es\/wp-json\/wp\/v2\/media?parent=4439"}],"wp:term":[{"taxonomy":"product_brand","embeddable":true,"href":"https:\/\/mercadohogar.ca\/es\/wp-json\/wp\/v2\/product_brand?post=4439"},{"taxonomy":"product_cat","embeddable":true,"href":"https:\/\/mercadohogar.ca\/es\/wp-json\/wp\/v2\/product_cat?post=4439"},{"taxonomy":"product_tag","embeddable":true,"href":"https:\/\/mercadohogar.ca\/es\/wp-json\/wp\/v2\/product_tag?post=4439"}],"curies":[{"name":"wp","href":"https:\/\/api.w.org\/{rel}","templated":true}]}}