{"id":4440,"date":"2026-01-07T19:55:20","date_gmt":"2026-01-07T19:55:20","guid":{"rendered":"https:\/\/mercadohogar.ca\/?post_type=product&#038;p=4440"},"modified":"2026-01-17T22:23:05","modified_gmt":"2026-01-17T22:23:05","slug":"interruptor-de-transferencia-de-doble-potencia-motrin","status":"publish","type":"product","link":"https:\/\/mercadohogar.ca\/es\/product\/interruptor-de-transferencia-de-doble-potencia-motrin\/","title":{"rendered":"Interruptor de transferencia de doble potencia MOTRIN"},"content":{"rendered":"<p>PC y plata: El conmutador est\u00e1 hecho de material de PC ign\u00edfugo, con buen aislamiento y alta temperatura, y plata antienvejecimiento, seguro, fiable y antiinterferencias.<\/p>\n<div>Modo de funcionamiento: El interruptor de transferencia autom\u00e1tica de doble potencia puede funcionar de forma autom\u00e1tica o manual, ampliamente utilizado en varios lugares donde no se permite el fallo continuo de alimentaci\u00f3n. Especialmente utilizado para la caja de distribuci\u00f3n de energ\u00eda PZ30. <\/div>\n<div>Principio de funcionamiento: Cuando funciona el interruptor de transferencia autom\u00e1tico, cuando la fuente de alimentaci\u00f3n normal es anormal, la fuente de alimentaci\u00f3n de reserva funciona inmediatamente. Cuando se enciende la fuente de alimentaci\u00f3n normal, volver\u00e1 autom\u00e1ticamente a la fuente de alimentaci\u00f3n normal desde la fuente de alimentaci\u00f3n de reserva, lo que garantiza una fuente de alimentaci\u00f3n continua y fiable. <\/div>\n<div>Transmisi\u00f3n fiable: Este interruptor de transferencia autom\u00e1tico es adecuado para un sistema de alimentaci\u00f3n de emergencia de 50 o 60 Hz CA nominal de 110 V 100 A con estructura compacta, transmisi\u00f3n fiable, montaje en carril est\u00e1ndar de 35 mm y f\u00e1cil instalaci\u00f3n y mantenimiento.<\/div>\n<div>Autotransferencia y autorretorno: El interruptor de transferencia autom\u00e1tico de doble potencia es de tipo autotransferencia y autorretorno, ampliamente utilizado en familias, f\u00e1bricas, laboratorios, granjas, etc.<\/div>\n","protected":false},"excerpt":{"rendered":"<p>PC y plata: El conmutador est\u00e1 hecho de material de PC ign\u00edfugo, con buen aislamiento y alta temperatura, y plata antienvejecimiento, seguro, fiable y antiinterferencias. Modo de funcionamiento: El interruptor&hellip;<\/p>\n","protected":false},"featured_media":2758,"template":"","meta":[],"product_brand":[],"product_cat":[997],"product_tag":[],"class_list":{"0":"post-4440","1":"product","2":"type-product","3":"status-publish","4":"has-post-thumbnail","6":"product_cat-generadores-y-soluciones-de-energia-alternativa","7":"product_shipping_class-aerovaradero-general","9":"first","10":"instock","11":"shipping-taxable","12":"purchasable","13":"product-type-simple"},"_links":{"self":[{"href":"https:\/\/mercadohogar.ca\/es\/wp-json\/wp\/v2\/product\/4440","targetHints":{"allow":["GET"]}}],"collection":[{"href":"https:\/\/mercadohogar.ca\/es\/wp-json\/wp\/v2\/product"}],"about":[{"href":"https:\/\/mercadohogar.ca\/es\/wp-json\/wp\/v2\/types\/product"}],"version-history":[{"count":1,"href":"https:\/\/mercadohogar.ca\/es\/wp-json\/wp\/v2\/product\/4440\/revisions"}],"predecessor-version":[{"id":4441,"href":"https:\/\/mercadohogar.ca\/es\/wp-json\/wp\/v2\/product\/4440\/revisions\/4441"}],"wp:featuredmedia":[{"embeddable":true,"href":"https:\/\/mercadohogar.ca\/es\/wp-json\/wp\/v2\/media\/2758"}],"wp:attachment":[{"href":"https:\/\/mercadohogar.ca\/es\/wp-json\/wp\/v2\/media?parent=4440"}],"wp:term":[{"taxonomy":"product_brand","embeddable":true,"href":"https:\/\/mercadohogar.ca\/es\/wp-json\/wp\/v2\/product_brand?post=4440"},{"taxonomy":"product_cat","embeddable":true,"href":"https:\/\/mercadohogar.ca\/es\/wp-json\/wp\/v2\/product_cat?post=4440"},{"taxonomy":"product_tag","embeddable":true,"href":"https:\/\/mercadohogar.ca\/es\/wp-json\/wp\/v2\/product_tag?post=4440"}],"curies":[{"name":"wp","href":"https:\/\/api.w.org\/{rel}","templated":true}]}}