{"id":4445,"date":"2026-01-12T15:31:09","date_gmt":"2026-01-12T15:31:09","guid":{"rendered":"https:\/\/mercadohogar.ca\/?post_type=product&#038;p=4445"},"modified":"2026-01-17T23:14:42","modified_gmt":"2026-01-17T23:14:42","slug":"cobertor-para-piscina-para-piscinas-easy-set-redondas-de-244-m","status":"publish","type":"product","link":"https:\/\/mercadohogar.ca\/es\/product\/cobertor-para-piscina-para-piscinas-easy-set-redondas-de-244-m\/","title":{"rendered":"Cobertor para piscina: para piscinas Easy Set redondas de 2,44 m"},"content":{"rendered":"<ul>\n<li>F\u00c1CIL DE USAR: La instalaci\u00f3n es muy sencilla gracias al voladizo de 30 cm y la cuerda incluida para asegurar el cobertor alrededor de la parte superior del anillo inflable, evitando que el cobertor se vuele con el viento.<\/li>\n<li>PROTEGE LA PISCINA DE LA SUCIEDAD: Dise\u00f1ado para una piscina redonda de 2,44 m, este cobertor de piscina minimizar\u00e1 la entrada de suciedad, hojas y basura en tu piscina, a la vez que la protege del sol, la nieve y los da\u00f1os causados por el hielo.<\/li>\n<\/ul>\n<div style=\"display: inline !important\">\n<ul>\n<li>S\u00daPER RESISTENTE: Fabricado con material de PVC resistente a los pinchazos y orificios de drenaje para evitar la acumulaci\u00f3n de agua, este cobertor est\u00e1 dise\u00f1ado para durar varios veranos y ayudar a mantener tu piscina libre de suciedad.<\/li>\n<\/ul>\n<ul>\n<li>SEGURIDAD, CALIDAD Y VALOR: Intex dise\u00f1a, construye y prueba todos sus productos con los m\u00e1s altos est\u00e1ndares, siendo la seguridad lo primero; nuestros productos asequibles e innovadores est\u00e1n construidos para durar, al igual que los recuerdos creados por las personas que los usan.<\/li>\n<\/ul>\n<\/div>\n","protected":false},"excerpt":{"rendered":"<p>F\u00c1CIL DE USAR: La instalaci\u00f3n es muy sencilla gracias al voladizo de 30 cm y la cuerda incluida para asegurar el cobertor alrededor de la parte superior del anillo inflable,&hellip;<\/p>\n","protected":false},"featured_media":2832,"template":"","meta":[],"product_brand":[],"product_cat":[992,991],"product_tag":[],"class_list":{"0":"post-4445","1":"product","2":"type-product","3":"status-publish","4":"has-post-thumbnail","6":"product_cat-mejoras-en-el-hogar","7":"product_cat-pasatiempo","8":"product_shipping_class-aerovaradero-general","10":"first","11":"instock","12":"shipping-taxable","13":"purchasable","14":"product-type-simple"},"_links":{"self":[{"href":"https:\/\/mercadohogar.ca\/es\/wp-json\/wp\/v2\/product\/4445","targetHints":{"allow":["GET"]}}],"collection":[{"href":"https:\/\/mercadohogar.ca\/es\/wp-json\/wp\/v2\/product"}],"about":[{"href":"https:\/\/mercadohogar.ca\/es\/wp-json\/wp\/v2\/types\/product"}],"version-history":[{"count":1,"href":"https:\/\/mercadohogar.ca\/es\/wp-json\/wp\/v2\/product\/4445\/revisions"}],"predecessor-version":[{"id":4805,"href":"https:\/\/mercadohogar.ca\/es\/wp-json\/wp\/v2\/product\/4445\/revisions\/4805"}],"wp:featuredmedia":[{"embeddable":true,"href":"https:\/\/mercadohogar.ca\/es\/wp-json\/wp\/v2\/media\/2832"}],"wp:attachment":[{"href":"https:\/\/mercadohogar.ca\/es\/wp-json\/wp\/v2\/media?parent=4445"}],"wp:term":[{"taxonomy":"product_brand","embeddable":true,"href":"https:\/\/mercadohogar.ca\/es\/wp-json\/wp\/v2\/product_brand?post=4445"},{"taxonomy":"product_cat","embeddable":true,"href":"https:\/\/mercadohogar.ca\/es\/wp-json\/wp\/v2\/product_cat?post=4445"},{"taxonomy":"product_tag","embeddable":true,"href":"https:\/\/mercadohogar.ca\/es\/wp-json\/wp\/v2\/product_tag?post=4445"}],"curies":[{"name":"wp","href":"https:\/\/api.w.org\/{rel}","templated":true}]}}