{"id":4446,"date":"2026-01-12T15:31:15","date_gmt":"2026-01-12T15:31:15","guid":{"rendered":"https:\/\/mercadohogar.ca\/?post_type=product&#038;p=4446"},"modified":"2026-01-17T23:14:36","modified_gmt":"2026-01-17T23:14:36","slug":"playstation-4-1-tb-slim-edicion-consola","status":"publish","type":"product","link":"https:\/\/mercadohogar.ca\/es\/product\/playstation-4-1-tb-slim-edicion-consola\/","title":{"rendered":"PlayStation 4 \u2013 1 TB Slim \u2013 Edici\u00f3n Consola"},"content":{"rendered":"<p>Acerca de este art\u00edculo<\/p>\n<ul>\n<li>PS4 completamente nueva, m\u00e1s ligera y delgada<\/li>\n<li>Disco duro de 1 TB<\/li>\n<li>Los mejores juegos, TV, m\u00fasica y mucho m\u00e1s<\/li>\n<\/ul>\n","protected":false},"excerpt":{"rendered":"<p>Acerca de este art\u00edculo PS4 completamente nueva, m\u00e1s ligera y delgada Disco duro de 1 TB Los mejores juegos, TV, m\u00fasica y mucho m\u00e1s<\/p>\n","protected":false},"featured_media":2827,"template":"","meta":[],"product_brand":[],"product_cat":[992],"product_tag":[],"class_list":{"0":"post-4446","1":"product","2":"type-product","3":"status-publish","4":"has-post-thumbnail","6":"product_cat-mejoras-en-el-hogar","7":"product_shipping_class-aerovaradero-general","9":"first","10":"instock","11":"shipping-taxable","12":"purchasable","13":"product-type-simple"},"_links":{"self":[{"href":"https:\/\/mercadohogar.ca\/es\/wp-json\/wp\/v2\/product\/4446","targetHints":{"allow":["GET"]}}],"collection":[{"href":"https:\/\/mercadohogar.ca\/es\/wp-json\/wp\/v2\/product"}],"about":[{"href":"https:\/\/mercadohogar.ca\/es\/wp-json\/wp\/v2\/types\/product"}],"version-history":[{"count":1,"href":"https:\/\/mercadohogar.ca\/es\/wp-json\/wp\/v2\/product\/4446\/revisions"}],"predecessor-version":[{"id":4447,"href":"https:\/\/mercadohogar.ca\/es\/wp-json\/wp\/v2\/product\/4446\/revisions\/4447"}],"wp:featuredmedia":[{"embeddable":true,"href":"https:\/\/mercadohogar.ca\/es\/wp-json\/wp\/v2\/media\/2827"}],"wp:attachment":[{"href":"https:\/\/mercadohogar.ca\/es\/wp-json\/wp\/v2\/media?parent=4446"}],"wp:term":[{"taxonomy":"product_brand","embeddable":true,"href":"https:\/\/mercadohogar.ca\/es\/wp-json\/wp\/v2\/product_brand?post=4446"},{"taxonomy":"product_cat","embeddable":true,"href":"https:\/\/mercadohogar.ca\/es\/wp-json\/wp\/v2\/product_cat?post=4446"},{"taxonomy":"product_tag","embeddable":true,"href":"https:\/\/mercadohogar.ca\/es\/wp-json\/wp\/v2\/product_tag?post=4446"}],"curies":[{"name":"wp","href":"https:\/\/api.w.org\/{rel}","templated":true}]}}