{"id":4448,"date":"2026-01-12T15:31:08","date_gmt":"2026-01-12T15:31:08","guid":{"rendered":"https:\/\/mercadohogar.ca\/?post_type=product&#038;p=4448"},"modified":"2026-01-17T23:14:44","modified_gmt":"2026-01-17T23:14:44","slug":"ventilador-portatil-con-bateria-externa-de-4500-mah","status":"publish","type":"product","link":"https:\/\/mercadohogar.ca\/es\/product\/ventilador-portatil-con-bateria-externa-de-4500-mah\/","title":{"rendered":"Ventilador port\u00e1til con bater\u00eda externa de 4500 mAh"},"content":{"rendered":"<p>S\u00faper duraci\u00f3n y flujo de aire fuerte actualizado: Gracias a la tecnolog\u00eda avanzada, dura 46 horas a velocidad 1, 35 horas a velocidad 2 y 13 horas a velocidad 3 tras una carga completa de 3-4 horas. Con aspas m\u00e1s grandes, el viento aumenta un 30 % en comparaci\u00f3n con la versi\u00f3n original. La velocidad m\u00e1xima de rotaci\u00f3n del ventilador es de 3400 rpm, suficiente para uso personal y mantenerte fresco <\/p>\n<p>Dise\u00f1o plegable y tama\u00f1o mini: El dise\u00f1o plegable facilita su transporte y almacenamiento. Adem\u00e1s, con forma de c\u00e1psula (5,1*1,65*1,65 pulgadas, peso: 181 g), este ventilador recargable puede ocultar la aspa, es peque\u00f1o y f\u00e1cil de guardar en el bolsillo o el bolso <\/p>\n<p>Funci\u00f3n de bater\u00eda externa y funcionamiento silencioso: El puerto de salida USB de 5 V\/1 A convierte el mini ventilador en una bater\u00eda externa (4800 mAh) de emergencia, que suministra energ\u00eda para el tel\u00e9fono m\u00f3vil, MP3 o iPod, etc. Sin dise\u00f1o de marco, el ruido se reduce a 50 db, lo que no causa molestias durante el trabajo <\/p>\n<p>Linterna e incluye correa de mu\u00f1eca: Mant\u00e9n pulsado el bot\u00f3n de encendido para abrir la funci\u00f3n de linterna cuando el ventilador no est\u00e9 girando. La linterna es bastante brillante y puede ser \u00fatil en zonas oscuras o si se va la luz. Y con el cord\u00f3n incluido, puedes colgarlo en las manos o en la mochila de viaje  <\/p>\n<p>Seguridad: Las aspas t\u00e1ctiles, la protecci\u00f3n contra sobretensiones y cortocircuitos te mantienen a ti y a tu familia seguros<\/p>\n","protected":false},"excerpt":{"rendered":"<p>S\u00faper duraci\u00f3n y flujo de aire fuerte actualizado: Gracias a la tecnolog\u00eda avanzada, dura 46 horas a velocidad 1, 35 horas a velocidad 2 y 13 horas a velocidad 3&hellip;<\/p>\n","protected":false},"featured_media":2837,"template":"","meta":[],"product_brand":[],"product_cat":[992],"product_tag":[],"class_list":{"0":"post-4448","1":"product","2":"type-product","3":"status-publish","4":"has-post-thumbnail","6":"product_cat-mejoras-en-el-hogar","7":"product_shipping_class-aerovaradero-general","9":"first","10":"instock","11":"shipping-taxable","12":"purchasable","13":"product-type-simple"},"_links":{"self":[{"href":"https:\/\/mercadohogar.ca\/es\/wp-json\/wp\/v2\/product\/4448","targetHints":{"allow":["GET"]}}],"collection":[{"href":"https:\/\/mercadohogar.ca\/es\/wp-json\/wp\/v2\/product"}],"about":[{"href":"https:\/\/mercadohogar.ca\/es\/wp-json\/wp\/v2\/types\/product"}],"version-history":[{"count":1,"href":"https:\/\/mercadohogar.ca\/es\/wp-json\/wp\/v2\/product\/4448\/revisions"}],"predecessor-version":[{"id":4803,"href":"https:\/\/mercadohogar.ca\/es\/wp-json\/wp\/v2\/product\/4448\/revisions\/4803"}],"wp:featuredmedia":[{"embeddable":true,"href":"https:\/\/mercadohogar.ca\/es\/wp-json\/wp\/v2\/media\/2837"}],"wp:attachment":[{"href":"https:\/\/mercadohogar.ca\/es\/wp-json\/wp\/v2\/media?parent=4448"}],"wp:term":[{"taxonomy":"product_brand","embeddable":true,"href":"https:\/\/mercadohogar.ca\/es\/wp-json\/wp\/v2\/product_brand?post=4448"},{"taxonomy":"product_cat","embeddable":true,"href":"https:\/\/mercadohogar.ca\/es\/wp-json\/wp\/v2\/product_cat?post=4448"},{"taxonomy":"product_tag","embeddable":true,"href":"https:\/\/mercadohogar.ca\/es\/wp-json\/wp\/v2\/product_tag?post=4448"}],"curies":[{"name":"wp","href":"https:\/\/api.w.org\/{rel}","templated":true}]}}