{"id":4449,"date":"2026-01-12T15:31:06","date_gmt":"2026-01-12T15:31:06","guid":{"rendered":"https:\/\/mercadohogar.ca\/?post_type=product&#038;p=4449"},"modified":"2026-01-17T23:14:45","modified_gmt":"2026-01-17T23:14:45","slug":"sistema-de-altavoces-de-tres-vias-pyle-de-4-x-6","status":"publish","type":"product","link":"https:\/\/mercadohogar.ca\/es\/producto\/sistema-de-altavoces-de-tres-vias-pyle-de-4-x-6\/","title":{"rendered":"Sistema de altavoces de tres v\u00edas Pyle de 4\u00bb x 6\u00bb"},"content":{"rendered":"<ul>\n<li><strong><\/strong>SISTEMAS DE ALTAVOCES TRIAXIALES: El woofer cuenta con un llamativo cono de poliinyecci\u00f3n azul que ofrece mucha rigidez sin a\u00f1adir peso. La bobina de voz ASV de 1 pulgada est\u00e1 preparada para situaciones de alta temperatura y alta potencia.<\/li>\n<li><span class=\"a-list-item\">BAJA IMPEDANCIA: El altavoz de audio componente de 4 ohmios de Pyle compensa el cableado de tama\u00f1o insuficiente que se encuentra en muchos de los coches actuales. Tambi\u00e9n aprovecha al m\u00e1ximo los 240 vatios que puede ofrecer el est\u00e9reo de tu coche. <\/span><\/li>\n<li><span class=\"a-list-item\">TWEETER DE RANGO MEDIO: El sistema de altavoces de tres v\u00edas Pyle Pro tiene un rango medio de c\u00fapula de pel\u00edcula de neodimio de una pulgada y un tweeter piezoel\u00e9ctrico de 3\/4 de pulgada que completan el paquete. Ayuda a proporcionar un sonido suave, fuerte y detallado en cada par. <\/span><\/li>\n<li><span class=\"a-list-item\">ESTRUCTURA DEFINIDA: La estructura de im\u00e1n de 20 oz, el rango medio de c\u00fapula de pel\u00edcula de neodimio de 1&#8243; y el tweeter piezoel\u00e9ctrico de \u00be\u00bb son los que alimentan estos altavoces y permiten una respuesta de frecuencia de 95 Hz a 20 Khz. Adem\u00e1s, cuenta con un tama\u00f1o est\u00e1ndar de 4\u00bb X 6\u00bb que se adapta a las ubicaciones OEM. <\/span><\/li>\n<li><span class=\"a-list-item\">CARACTER\u00cdSTICAS POTENTES: El borde de goma de butilo no fatigante mantiene tus altavoces seguros y prolonga la vida \u00fatil del producto. Una bobina de voz ASV de 1&#8243; de alta temperatura proporciona el sonido m\u00e1s rico, asegurando una baja distorsi\u00f3n y proporcionando un escenario de sonido abierto. <\/span><\/li>\n<li><span class=\"a-list-item\">Bobina de voz ASV de 1 pulgada para alta temperatura <\/span><\/li>\n<li><span class=\"a-list-item\">Rango medio de c\u00fapula de pel\u00edcula de neodimio de 1 pulgada <\/span><\/li>\n<li><span class=\"a-list-item\">Incluye rejillas, cables y accesorios de montaje<\/span><\/li>\n<\/ul>\n","protected":false},"excerpt":{"rendered":"<p>SISTEMAS DE ALTAVOCES TRIAXIALES: El woofer cuenta con un llamativo cono de poliinyecci\u00f3n azul que ofrece mucha rigidez sin a\u00f1adir peso. La bobina de voz ASV de 1 pulgada est\u00e1 preparada para situaciones de alta temperatura y alta potencia. BAJA IMPEDANCIA: El altavoz de audio componente de 4 ohmios de Pyle compensa el cableado de tama\u00f1o insuficiente que se encuentra [&hellip;]<\/p>\n","protected":false},"featured_media":2890,"template":"","meta":{"_coblocks_attr":"","_coblocks_dimensions":"","_coblocks_responsive_height":"","_coblocks_accordion_ie_support":"","postBodyCss":"","postBodyMargin":[],"postBodyPadding":[],"postBodyBackground":{"backgroundType":"classic","gradient":""}},"product_brand":[],"product_cat":[907],"product_tag":[],"class_list":{"0":"post-4449","1":"product","2":"type-product","3":"status-publish","4":"has-post-thumbnail","6":"product_cat-hobby","7":"product_shipping_class-aerovaradero-general","9":"first","10":"instock","11":"taxable","12":"shipping-taxable","13":"purchasable","14":"product-type-simple"},"yoast_head":"<!-- This site is optimized with the Yoast SEO plugin v27.4 - https:\/\/yoast.com\/product\/yoast-seo-wordpress\/ -->\n<title>Sistema de altavoces de tres v\u00edas Pyle de 4&#039;&#039; x 6&#039;&#039; - Mercado Hogar<\/title>\n<meta name=\"robots\" content=\"index, follow, max-snippet:-1, max-image-preview:large, max-video-preview:-1\" \/>\n<link rel=\"canonical\" href=\"https:\/\/mercadohogar.ca\/es\/producto\/sistema-de-altavoces-de-tres-vias-pyle-de-4-x-6\/\" \/>\n<meta property=\"og:locale\" content=\"es_ES\" \/>\n<meta property=\"og:type\" content=\"article\" \/>\n<meta property=\"og:title\" content=\"Sistema de altavoces de tres v\u00edas Pyle de 4&#039;&#039; x 6&#039;&#039; - Mercado Hogar\" \/>\n<meta property=\"og:description\" content=\"SISTEMAS DE ALTAVOCES TRIAXIALES: El woofer cuenta con un llamativo cono de poliinyecci\u00f3n azul que ofrece mucha rigidez sin a\u00f1adir peso. La bobina de voz ASV de 1 pulgada est\u00e1 preparada para situaciones de alta temperatura y alta potencia. BAJA IMPEDANCIA: El altavoz de audio componente de 4 ohmios de Pyle compensa el cableado de tama\u00f1o insuficiente que se encuentra [&hellip;]\" \/>\n<meta property=\"og:url\" content=\"https:\/\/mercadohogar.ca\/es\/producto\/sistema-de-altavoces-de-tres-vias-pyle-de-4-x-6\/\" \/>\n<meta property=\"og:site_name\" content=\"Mercado Hogar\" \/>\n<meta property=\"article:modified_time\" content=\"2026-01-17T23:14:45+00:00\" \/>\n<meta property=\"og:image\" content=\"https:\/\/mercadohogar.ca\/wp-content\/uploads\/2026\/01\/wp-image-7872543260.jpg\" \/>\n\t<meta property=\"og:image:width\" content=\"1491\" \/>\n\t<meta property=\"og:image:height\" content=\"1132\" \/>\n\t<meta property=\"og:image:type\" content=\"image\/jpeg\" \/>\n<meta name=\"twitter:card\" content=\"summary_large_image\" \/>\n<meta name=\"twitter:label1\" content=\"Tiempo de lectura\" \/>\n\t<meta name=\"twitter:data1\" content=\"1 minuto\" \/>\n<script type=\"application\/ld+json\" class=\"yoast-schema-graph\">{\"@context\":\"https:\\\/\\\/schema.org\",\"@graph\":[{\"@type\":\"WebPage\",\"@id\":\"https:\\\/\\\/mercadohogar.ca\\\/es\\\/producto\\\/sistema-de-altavoces-de-tres-vias-pyle-de-4-x-6\\\/\",\"url\":\"https:\\\/\\\/mercadohogar.ca\\\/es\\\/producto\\\/sistema-de-altavoces-de-tres-vias-pyle-de-4-x-6\\\/\",\"name\":\"Sistema de altavoces de tres v\u00edas Pyle de 4'' x 6'' - Mercado Hogar\",\"isPartOf\":{\"@id\":\"https:\\\/\\\/mercadohogar.ca\\\/es\\\/#website\"},\"primaryImageOfPage\":{\"@id\":\"https:\\\/\\\/mercadohogar.ca\\\/es\\\/producto\\\/sistema-de-altavoces-de-tres-vias-pyle-de-4-x-6\\\/#primaryimage\"},\"image\":{\"@id\":\"https:\\\/\\\/mercadohogar.ca\\\/es\\\/producto\\\/sistema-de-altavoces-de-tres-vias-pyle-de-4-x-6\\\/#primaryimage\"},\"thumbnailUrl\":\"https:\\\/\\\/mercadohogar.ca\\\/wp-content\\\/uploads\\\/2026\\\/01\\\/wp-image-7872543260.jpg\",\"datePublished\":\"2026-01-12T15:31:06+00:00\",\"dateModified\":\"2026-01-17T23:14:45+00:00\",\"breadcrumb\":{\"@id\":\"https:\\\/\\\/mercadohogar.ca\\\/es\\\/producto\\\/sistema-de-altavoces-de-tres-vias-pyle-de-4-x-6\\\/#breadcrumb\"},\"inLanguage\":\"es\",\"potentialAction\":[{\"@type\":\"ReadAction\",\"target\":[\"https:\\\/\\\/mercadohogar.ca\\\/es\\\/producto\\\/sistema-de-altavoces-de-tres-vias-pyle-de-4-x-6\\\/\"]}]},{\"@type\":\"ImageObject\",\"inLanguage\":\"es\",\"@id\":\"https:\\\/\\\/mercadohogar.ca\\\/es\\\/producto\\\/sistema-de-altavoces-de-tres-vias-pyle-de-4-x-6\\\/#primaryimage\",\"url\":\"https:\\\/\\\/mercadohogar.ca\\\/wp-content\\\/uploads\\\/2026\\\/01\\\/wp-image-7872543260.jpg\",\"contentUrl\":\"https:\\\/\\\/mercadohogar.ca\\\/wp-content\\\/uploads\\\/2026\\\/01\\\/wp-image-7872543260.jpg\",\"width\":1491,\"height\":1132},{\"@type\":\"BreadcrumbList\",\"@id\":\"https:\\\/\\\/mercadohogar.ca\\\/es\\\/producto\\\/sistema-de-altavoces-de-tres-vias-pyle-de-4-x-6\\\/#breadcrumb\",\"itemListElement\":[{\"@type\":\"ListItem\",\"position\":1,\"name\":\"Home\",\"item\":\"https:\\\/\\\/mercadohogar.ca\\\/es\\\/\"},{\"@type\":\"ListItem\",\"position\":2,\"name\":\"Tienda\",\"item\":\"https:\\\/\\\/mercadohogar.ca\\\/es\\\/tienda-2\\\/\"},{\"@type\":\"ListItem\",\"position\":3,\"name\":\"Sistema de altavoces de tres v\u00edas Pyle de 4&#8221; x 6&#8221;\"}]},{\"@type\":\"WebSite\",\"@id\":\"https:\\\/\\\/mercadohogar.ca\\\/es\\\/#website\",\"url\":\"https:\\\/\\\/mercadohogar.ca\\\/es\\\/\",\"name\":\"Mercado Hogar\",\"description\":\"Mercado Hogar\",\"publisher\":{\"@id\":\"https:\\\/\\\/mercadohogar.ca\\\/es\\\/#organization\"},\"potentialAction\":[{\"@type\":\"SearchAction\",\"target\":{\"@type\":\"EntryPoint\",\"urlTemplate\":\"https:\\\/\\\/mercadohogar.ca\\\/es\\\/?s={search_term_string}\"},\"query-input\":{\"@type\":\"PropertyValueSpecification\",\"valueRequired\":true,\"valueName\":\"search_term_string\"}}],\"inLanguage\":\"es\"},{\"@type\":\"Organization\",\"@id\":\"https:\\\/\\\/mercadohogar.ca\\\/es\\\/#organization\",\"name\":\"Mercado Hogar\",\"url\":\"https:\\\/\\\/mercadohogar.ca\\\/es\\\/\",\"logo\":{\"@type\":\"ImageObject\",\"inLanguage\":\"es\",\"@id\":\"https:\\\/\\\/mercadohogar.ca\\\/es\\\/#\\\/schema\\\/logo\\\/image\\\/\",\"url\":\"https:\\\/\\\/mercadohogar.ca\\\/wp-content\\\/uploads\\\/2025\\\/12\\\/MH-LOGO.png\",\"contentUrl\":\"https:\\\/\\\/mercadohogar.ca\\\/wp-content\\\/uploads\\\/2025\\\/12\\\/MH-LOGO.png\",\"width\":1200,\"height\":1200,\"caption\":\"Mercado Hogar\"},\"image\":{\"@id\":\"https:\\\/\\\/mercadohogar.ca\\\/es\\\/#\\\/schema\\\/logo\\\/image\\\/\"}}]}<\/script>\n<!-- \/ Yoast SEO plugin. -->","yoast_head_json":{"title":"Sistema de altavoces de tres v\u00edas Pyle de 4'' x 6'' - Mercado Hogar","robots":{"index":"index","follow":"follow","max-snippet":"max-snippet:-1","max-image-preview":"max-image-preview:large","max-video-preview":"max-video-preview:-1"},"canonical":"https:\/\/mercadohogar.ca\/es\/producto\/sistema-de-altavoces-de-tres-vias-pyle-de-4-x-6\/","og_locale":"es_ES","og_type":"article","og_title":"Sistema de altavoces de tres v\u00edas Pyle de 4'' x 6'' - Mercado Hogar","og_description":"SISTEMAS DE ALTAVOCES TRIAXIALES: El woofer cuenta con un llamativo cono de poliinyecci\u00f3n azul que ofrece mucha rigidez sin a\u00f1adir peso. La bobina de voz ASV de 1 pulgada est\u00e1 preparada para situaciones de alta temperatura y alta potencia. BAJA IMPEDANCIA: El altavoz de audio componente de 4 ohmios de Pyle compensa el cableado de tama\u00f1o insuficiente que se encuentra [&hellip;]","og_url":"https:\/\/mercadohogar.ca\/es\/producto\/sistema-de-altavoces-de-tres-vias-pyle-de-4-x-6\/","og_site_name":"Mercado Hogar","article_modified_time":"2026-01-17T23:14:45+00:00","og_image":[{"width":1491,"height":1132,"url":"https:\/\/mercadohogar.ca\/wp-content\/uploads\/2026\/01\/wp-image-7872543260.jpg","type":"image\/jpeg"}],"twitter_card":"summary_large_image","twitter_misc":{"Tiempo de lectura":"1 minuto"},"schema":{"@context":"https:\/\/schema.org","@graph":[{"@type":"WebPage","@id":"https:\/\/mercadohogar.ca\/es\/producto\/sistema-de-altavoces-de-tres-vias-pyle-de-4-x-6\/","url":"https:\/\/mercadohogar.ca\/es\/producto\/sistema-de-altavoces-de-tres-vias-pyle-de-4-x-6\/","name":"Sistema de altavoces de tres v\u00edas Pyle de 4'' x 6'' - Mercado Hogar","isPartOf":{"@id":"https:\/\/mercadohogar.ca\/es\/#website"},"primaryImageOfPage":{"@id":"https:\/\/mercadohogar.ca\/es\/producto\/sistema-de-altavoces-de-tres-vias-pyle-de-4-x-6\/#primaryimage"},"image":{"@id":"https:\/\/mercadohogar.ca\/es\/producto\/sistema-de-altavoces-de-tres-vias-pyle-de-4-x-6\/#primaryimage"},"thumbnailUrl":"https:\/\/mercadohogar.ca\/wp-content\/uploads\/2026\/01\/wp-image-7872543260.jpg","datePublished":"2026-01-12T15:31:06+00:00","dateModified":"2026-01-17T23:14:45+00:00","breadcrumb":{"@id":"https:\/\/mercadohogar.ca\/es\/producto\/sistema-de-altavoces-de-tres-vias-pyle-de-4-x-6\/#breadcrumb"},"inLanguage":"es","potentialAction":[{"@type":"ReadAction","target":["https:\/\/mercadohogar.ca\/es\/producto\/sistema-de-altavoces-de-tres-vias-pyle-de-4-x-6\/"]}]},{"@type":"ImageObject","inLanguage":"es","@id":"https:\/\/mercadohogar.ca\/es\/producto\/sistema-de-altavoces-de-tres-vias-pyle-de-4-x-6\/#primaryimage","url":"https:\/\/mercadohogar.ca\/wp-content\/uploads\/2026\/01\/wp-image-7872543260.jpg","contentUrl":"https:\/\/mercadohogar.ca\/wp-content\/uploads\/2026\/01\/wp-image-7872543260.jpg","width":1491,"height":1132},{"@type":"BreadcrumbList","@id":"https:\/\/mercadohogar.ca\/es\/producto\/sistema-de-altavoces-de-tres-vias-pyle-de-4-x-6\/#breadcrumb","itemListElement":[{"@type":"ListItem","position":1,"name":"Home","item":"https:\/\/mercadohogar.ca\/es\/"},{"@type":"ListItem","position":2,"name":"Tienda","item":"https:\/\/mercadohogar.ca\/es\/tienda-2\/"},{"@type":"ListItem","position":3,"name":"Sistema de altavoces de tres v\u00edas Pyle de 4&#8221; x 6&#8221;"}]},{"@type":"WebSite","@id":"https:\/\/mercadohogar.ca\/es\/#website","url":"https:\/\/mercadohogar.ca\/es\/","name":"Mercado Hogar","description":"Mercado Hogar","publisher":{"@id":"https:\/\/mercadohogar.ca\/es\/#organization"},"potentialAction":[{"@type":"SearchAction","target":{"@type":"EntryPoint","urlTemplate":"https:\/\/mercadohogar.ca\/es\/?s={search_term_string}"},"query-input":{"@type":"PropertyValueSpecification","valueRequired":true,"valueName":"search_term_string"}}],"inLanguage":"es"},{"@type":"Organization","@id":"https:\/\/mercadohogar.ca\/es\/#organization","name":"Mercado Hogar","url":"https:\/\/mercadohogar.ca\/es\/","logo":{"@type":"ImageObject","inLanguage":"es","@id":"https:\/\/mercadohogar.ca\/es\/#\/schema\/logo\/image\/","url":"https:\/\/mercadohogar.ca\/wp-content\/uploads\/2025\/12\/MH-LOGO.png","contentUrl":"https:\/\/mercadohogar.ca\/wp-content\/uploads\/2025\/12\/MH-LOGO.png","width":1200,"height":1200,"caption":"Mercado Hogar"},"image":{"@id":"https:\/\/mercadohogar.ca\/es\/#\/schema\/logo\/image\/"}}]}},"jetpack_sharing_enabled":true,"_links":{"self":[{"href":"https:\/\/mercadohogar.ca\/es\/wp-json\/wp\/v2\/product\/4449","targetHints":{"allow":["GET"]}}],"collection":[{"href":"https:\/\/mercadohogar.ca\/es\/wp-json\/wp\/v2\/product"}],"about":[{"href":"https:\/\/mercadohogar.ca\/es\/wp-json\/wp\/v2\/types\/product"}],"version-history":[{"count":1,"href":"https:\/\/mercadohogar.ca\/es\/wp-json\/wp\/v2\/product\/4449\/revisions"}],"predecessor-version":[{"id":4450,"href":"https:\/\/mercadohogar.ca\/es\/wp-json\/wp\/v2\/product\/4449\/revisions\/4450"}],"wp:featuredmedia":[{"embeddable":true,"href":"https:\/\/mercadohogar.ca\/es\/wp-json\/wp\/v2\/media\/2890"}],"wp:attachment":[{"href":"https:\/\/mercadohogar.ca\/es\/wp-json\/wp\/v2\/media?parent=4449"}],"wp:term":[{"taxonomy":"product_brand","embeddable":true,"href":"https:\/\/mercadohogar.ca\/es\/wp-json\/wp\/v2\/product_brand?post=4449"},{"taxonomy":"product_cat","embeddable":true,"href":"https:\/\/mercadohogar.ca\/es\/wp-json\/wp\/v2\/product_cat?post=4449"},{"taxonomy":"product_tag","embeddable":true,"href":"https:\/\/mercadohogar.ca\/es\/wp-json\/wp\/v2\/product_tag?post=4449"}],"curies":[{"name":"wp","href":"https:\/\/api.w.org\/{rel}","templated":true}]}}