{"id":4462,"date":"2026-01-12T15:31:05","date_gmt":"2026-01-12T15:31:05","guid":{"rendered":"https:\/\/mercadohogar.ca\/?post_type=product&#038;p=4462"},"modified":"2026-01-17T23:14:47","modified_gmt":"2026-01-17T23:14:47","slug":"bomba-sumergible-para-pozo-profundo-de-4-pulgadas-rl12g05-3w2v-con-caja-de-control-1-2-hp","status":"publish","type":"product","link":"https:\/\/mercadohogar.ca\/es\/product\/bomba-sumergible-para-pozo-profundo-de-4-pulgadas-rl12g05-3w2v-con-caja-de-control-1-2-hp\/","title":{"rendered":"Bomba sumergible para pozo profundo de 4 pulgadas RL12G05-3W2V con caja de control, 1\/2 HP"},"content":{"rendered":"<ul>\n<li>BOMBA SUMERGIBLE PARA POZO PROFUNDO: La bomba para pozo de 3,9 pulgadas de di\u00e1metro se adapta a pozos perforados de 4 pulgadas de di\u00e1metro o m\u00e1s grandes; certificaci\u00f3n NSF\/ANSI 372 para agua potable<\/li>\n<li>ELEMENTOS INTEGRADOS: la v\u00e1lvula de retenci\u00f3n integrada ayuda a evitar el ciclo r\u00e1pido de la bomba y prolonga la vida \u00fatil del motor; el filtro de succi\u00f3n integrado ayuda a evitar que entren residuos, protegiendo los impulsores<\/li>\n<li>CLASIFICACI\u00d3N DE 12 GPM: a 30 PSI puede suministrar 12 GPM a una profundidad de 40 pies; corte a 212 pies<\/li>\n<li>CAJA DE CONTROL INCLUIDA: Red Lion\/VMC marca 1\/2 HP, 0,37 KW, 230 voltios, 60 Hz, 6,0 amperios de funcionamiento, monof\u00e1sico, carcasa 3 para uso en interiores\/exteriores, con certificaci\u00f3n UL en Canad\u00e1 y EE. UU.<\/li>\n<li>ESPECIFICACIONES: 1\/2 HP; 12 GPM; 3 hilos, 230 voltios, 6,0 amperios de funcionamiento; descarga FNPT de 1-1\/4 pulgadas; carcasa de acero inoxidable con descarga termopl\u00e1stica y soporte del motor<\/li>\n<\/ul>\n","protected":false},"excerpt":{"rendered":"<p>BOMBA SUMERGIBLE PARA POZO PROFUNDO: La bomba para pozo de 3,9 pulgadas de di\u00e1metro se adapta a pozos perforados de 4 pulgadas de di\u00e1metro o m\u00e1s grandes; certificaci\u00f3n NSF\/ANSI 372&hellip;<\/p>\n","protected":false},"featured_media":2902,"template":"","meta":[],"product_brand":[],"product_cat":[992],"product_tag":[],"class_list":{"0":"post-4462","1":"product","2":"type-product","3":"status-publish","4":"has-post-thumbnail","6":"product_cat-mejoras-en-el-hogar","7":"product_shipping_class-aerovaradero-general","9":"first","10":"instock","11":"shipping-taxable","12":"purchasable","13":"product-type-simple"},"_links":{"self":[{"href":"https:\/\/mercadohogar.ca\/es\/wp-json\/wp\/v2\/product\/4462","targetHints":{"allow":["GET"]}}],"collection":[{"href":"https:\/\/mercadohogar.ca\/es\/wp-json\/wp\/v2\/product"}],"about":[{"href":"https:\/\/mercadohogar.ca\/es\/wp-json\/wp\/v2\/types\/product"}],"version-history":[{"count":1,"href":"https:\/\/mercadohogar.ca\/es\/wp-json\/wp\/v2\/product\/4462\/revisions"}],"predecessor-version":[{"id":4800,"href":"https:\/\/mercadohogar.ca\/es\/wp-json\/wp\/v2\/product\/4462\/revisions\/4800"}],"wp:featuredmedia":[{"embeddable":true,"href":"https:\/\/mercadohogar.ca\/es\/wp-json\/wp\/v2\/media\/2902"}],"wp:attachment":[{"href":"https:\/\/mercadohogar.ca\/es\/wp-json\/wp\/v2\/media?parent=4462"}],"wp:term":[{"taxonomy":"product_brand","embeddable":true,"href":"https:\/\/mercadohogar.ca\/es\/wp-json\/wp\/v2\/product_brand?post=4462"},{"taxonomy":"product_cat","embeddable":true,"href":"https:\/\/mercadohogar.ca\/es\/wp-json\/wp\/v2\/product_cat?post=4462"},{"taxonomy":"product_tag","embeddable":true,"href":"https:\/\/mercadohogar.ca\/es\/wp-json\/wp\/v2\/product_tag?post=4462"}],"curies":[{"name":"wp","href":"https:\/\/api.w.org\/{rel}","templated":true}]}}