{"id":4468,"date":"2026-01-12T15:31:02","date_gmt":"2026-01-12T15:31:02","guid":{"rendered":"https:\/\/mercadohogar.ca\/?post_type=product&#038;p=4468"},"modified":"2026-01-17T23:14:50","modified_gmt":"2026-01-17T23:14:50","slug":"aspersor-de-tripode-giratorio-soporte-de-riego-giratorio-automatico-de-360-grados-aspersor-de-agua-de-tripode-para-cesped","status":"publish","type":"product","link":"https:\/\/mercadohogar.ca\/es\/product\/aspersor-de-tripode-giratorio-soporte-de-riego-giratorio-automatico-de-360-grados-aspersor-de-agua-de-tripode-para-cesped\/","title":{"rendered":"Aspersor de tr\u00edpode giratorio, soporte de riego giratorio autom\u00e1tico de 360 grados, aspersor de agua de tr\u00edpode para c\u00e9sped"},"content":{"rendered":"<p>Aspersor de tr\u00edpode giratorio 360: Riega tu jard\u00edn sin esfuerzo con este aspersor hermoso y eficaz. Los aspersores de tr\u00edpode cuentan con un dise\u00f1o de rotaci\u00f3n libre, lo que aumenta la absorci\u00f3n y el crecimiento de las plantas. <\/p>\n<div>Rotaci\u00f3n de 360 grados: El tr\u00edpode es para diferentes alturas, y puedes personalizar la distancia y el alcance del rociado, proporcionando un rango desde un semic\u00edrculo hasta un c\u00edrculo. El \u00e1ngulo de rotaci\u00f3n tambi\u00e9n se puede ajustar de 30 a 360 grados, lo cual es c\u00f3modo de usar. Ofrece riego a cada rinc\u00f3n de tu jard\u00edn.  <\/div>\n<div>Material de buena calidad: El aspersor de agua de tr\u00edpode est\u00e1 hecho de acero inoxidable y pl\u00e1stico duraderos. La robusta construcci\u00f3n del tr\u00edpode proporciona durabilidad y estabilidad. Este sistema de aspersores resistente y potente te servir\u00e1 durante muchos a\u00f1os. Refr\u00e9scate usando la funci\u00f3n de nebulizaci\u00f3n para aliviar los d\u00edas calurosos.   <\/div>\n<div>Ampliamente utilizado: Este aspersor de tr\u00edpode se puede utilizar para riego de viveros y c\u00e9sped, hogar, jard\u00edn, patio, carreteras, riego de invernaderos y . Las boquillas de riego giratorias cubren una gran \u00e1rea con agua para garantizar un riego eficiente para tu jard\u00edn o necesidades agr\u00edcolas. El vers\u00e1til aspersor puede incluso utilizarse como aspersor para mantener a los ni\u00f1os jugando y calmarlos en los d\u00edas calurosos y soleados.  <\/div>\n<div>F\u00e1cil de instalar: El aspersor de pie es compatible con casi todos los tipos de manguera, solo tienes que conectarlo a la manguera y abrir el agua. Se instala en cualquier lugar y el inteligente dise\u00f1o de tr\u00edpode antideslizante se mantiene en su sitio donde lo coloques. Este aspersor se puede ajustar para cubrir \u00e1reas espec\u00edficas y plantas circundantes.  <\/div>\n","protected":false},"excerpt":{"rendered":"<p>Aspersor de tr\u00edpode giratorio 360: Riega tu jard\u00edn sin esfuerzo con este aspersor hermoso y eficaz. Los aspersores de tr\u00edpode cuentan con un dise\u00f1o de rotaci\u00f3n libre, lo que aumenta&hellip;<\/p>\n","protected":false},"featured_media":2907,"template":"","meta":[],"product_brand":[],"product_cat":[992],"product_tag":[],"class_list":{"0":"post-4468","1":"product","2":"type-product","3":"status-publish","4":"has-post-thumbnail","6":"product_cat-mejoras-en-el-hogar","7":"product_shipping_class-aerovaradero-general","9":"first","10":"instock","11":"shipping-taxable","12":"purchasable","13":"product-type-simple"},"_links":{"self":[{"href":"https:\/\/mercadohogar.ca\/es\/wp-json\/wp\/v2\/product\/4468","targetHints":{"allow":["GET"]}}],"collection":[{"href":"https:\/\/mercadohogar.ca\/es\/wp-json\/wp\/v2\/product"}],"about":[{"href":"https:\/\/mercadohogar.ca\/es\/wp-json\/wp\/v2\/types\/product"}],"version-history":[{"count":1,"href":"https:\/\/mercadohogar.ca\/es\/wp-json\/wp\/v2\/product\/4468\/revisions"}],"predecessor-version":[{"id":4471,"href":"https:\/\/mercadohogar.ca\/es\/wp-json\/wp\/v2\/product\/4468\/revisions\/4471"}],"wp:featuredmedia":[{"embeddable":true,"href":"https:\/\/mercadohogar.ca\/es\/wp-json\/wp\/v2\/media\/2907"}],"wp:attachment":[{"href":"https:\/\/mercadohogar.ca\/es\/wp-json\/wp\/v2\/media?parent=4468"}],"wp:term":[{"taxonomy":"product_brand","embeddable":true,"href":"https:\/\/mercadohogar.ca\/es\/wp-json\/wp\/v2\/product_brand?post=4468"},{"taxonomy":"product_cat","embeddable":true,"href":"https:\/\/mercadohogar.ca\/es\/wp-json\/wp\/v2\/product_cat?post=4468"},{"taxonomy":"product_tag","embeddable":true,"href":"https:\/\/mercadohogar.ca\/es\/wp-json\/wp\/v2\/product_tag?post=4468"}],"curies":[{"name":"wp","href":"https:\/\/api.w.org\/{rel}","templated":true}]}}