{"id":4521,"date":"2026-01-07T19:55:46","date_gmt":"2026-01-07T19:55:46","guid":{"rendered":"https:\/\/mercadohogar.ca\/producto\/generador-solar-ef-ecoflow-delta-3-plus-con-panel-solar-bifacial-de-220-w\/"},"modified":"2026-01-17T22:30:44","modified_gmt":"2026-01-17T22:30:44","slug":"generador-solar-ef-ecoflow-delta-3-plus-con-panel-solar-bifacial-de-220-w","status":"publish","type":"product","link":"https:\/\/mercadohogar.ca\/es\/product\/generador-solar-ef-ecoflow-delta-3-plus-con-panel-solar-bifacial-de-220-w\/","title":{"rendered":"Generador solar EF ECOFLOW DELTA 3 Plus con panel solar bifacial de 220 W"},"content":{"rendered":"<ul>\n<li>5 opciones de carga r\u00e1pida. Con una entrada de CA de 1500 W, se carga al 80 % en 40 minutos. La carga solar alcanza el 80 % en 1 hora, el 100 % en 70 minutos. El alternador de 800 W se carga al 80 % en 1 hora, el 100 % en 1,3 horas. El generador inteligente EcoFlow se carga al 80 % en 40 minutos, el 100 % en 56 minutos. La carga h\u00edbrida (CA + solar) tambi\u00e9n alcanza el 80 % en 40 minutos, el 100 % en 56 minutos.     <\/li>\n<li><span class=\"a-list-item\">Duradero y fiable durante 10 a\u00f1os. Alimentado por celdas LiFePO4 (LFP), con 4000 ciclos hasta el 80 %, lo que ofrece un 25 % m\u00e1s de durabilidad que los est\u00e1ndares del sector. Disfrute de una vida \u00fatil de 10 a\u00f1os para el uso diario. La bater\u00eda IP65 proporciona una triple protecci\u00f3n: a prueba de salpicaduras, a prueba de polvo y a prueba de aceite.   <\/span><\/li>\n<li><span class=\"a-list-item\">Ajustable y vers\u00e1til. El panel solar bifacial de 220 W est\u00e1 dise\u00f1ado con un soporte de \u00e1ngulo ajustable de 30-60\u00b0 y una gu\u00eda de \u00e1ngulo solar integrada, para mantener la luz solar en un \u00e1ngulo de 90\u00b0 y capturar la mayor cantidad de energ\u00eda posible. <\/span><\/li>\n<li><span class=\"a-list-item\">Panel solar de alta eficiencia. Con el primer uso de la tecnolog\u00eda solar de tipo N en la industria de paneles solares port\u00e1tiles, hemos elevado el list\u00f3n en la eficiencia de conversi\u00f3n, alcanzando el 25 %. Carga m\u00e1s r\u00e1pido con un panel m\u00e1s compacto. Con su dise\u00f1o de doble cara, recolecta hasta un 28 % m\u00e1s de energ\u00eda, perfecto para acampar y otras actividades al aire libre.   <\/span><\/li>\n<li><span class=\"a-list-item\">*Central el\u00e9ctrica DELTA 3 Plus, bolsa impermeable DELTA 3 Plus, panel solar port\u00e1til de 220 W<\/span><\/li>\n<\/ul>\n","protected":false},"excerpt":{"rendered":"<p>5 opciones de carga r\u00e1pida. Con una entrada de CA de 1500 W, se carga al 80 % en 40 minutos. La carga solar alcanza el 80 % en 1&hellip;<\/p>\n","protected":false},"featured_media":2523,"template":"","meta":[],"product_brand":[],"product_cat":[997],"product_tag":[],"class_list":{"0":"post-4521","1":"product","2":"type-product","3":"status-publish","4":"has-post-thumbnail","6":"product_cat-generadores-y-soluciones-de-energia-alternativa","7":"product_shipping_class-aerovaradero-dg-grande","9":"first","10":"instock","11":"shipping-taxable","12":"purchasable","13":"product-type-simple"},"_links":{"self":[{"href":"https:\/\/mercadohogar.ca\/es\/wp-json\/wp\/v2\/product\/4521","targetHints":{"allow":["GET"]}}],"collection":[{"href":"https:\/\/mercadohogar.ca\/es\/wp-json\/wp\/v2\/product"}],"about":[{"href":"https:\/\/mercadohogar.ca\/es\/wp-json\/wp\/v2\/types\/product"}],"version-history":[{"count":1,"href":"https:\/\/mercadohogar.ca\/es\/wp-json\/wp\/v2\/product\/4521\/revisions"}],"predecessor-version":[{"id":5473,"href":"https:\/\/mercadohogar.ca\/es\/wp-json\/wp\/v2\/product\/4521\/revisions\/5473"}],"wp:featuredmedia":[{"embeddable":true,"href":"https:\/\/mercadohogar.ca\/es\/wp-json\/wp\/v2\/media\/2523"}],"wp:attachment":[{"href":"https:\/\/mercadohogar.ca\/es\/wp-json\/wp\/v2\/media?parent=4521"}],"wp:term":[{"taxonomy":"product_brand","embeddable":true,"href":"https:\/\/mercadohogar.ca\/es\/wp-json\/wp\/v2\/product_brand?post=4521"},{"taxonomy":"product_cat","embeddable":true,"href":"https:\/\/mercadohogar.ca\/es\/wp-json\/wp\/v2\/product_cat?post=4521"},{"taxonomy":"product_tag","embeddable":true,"href":"https:\/\/mercadohogar.ca\/es\/wp-json\/wp\/v2\/product_tag?post=4521"}],"curies":[{"name":"wp","href":"https:\/\/api.w.org\/{rel}","templated":true}]}}