{"id":4522,"date":"2026-01-07T19:55:48","date_gmt":"2026-01-07T19:55:48","guid":{"rendered":"https:\/\/mercadohogar.ca\/producto\/ef-ecoflow-estacion-de-energia-portatil-river-3-plus\/"},"modified":"2026-01-17T22:30:42","modified_gmt":"2026-01-17T22:30:42","slug":"ef-ecoflow-estacion-de-energia-portatil-river-3-plus","status":"publish","type":"product","link":"https:\/\/mercadohogar.ca\/es\/producto\/ef-ecoflow-estacion-de-energia-portatil-river-3-plus\/","title":{"rendered":"EF ECOFLOW Estaci\u00f3n de energ\u00eda port\u00e1til RIVER 3 Plus"},"content":{"rendered":"<ul>\n<li><span><\/span>&lt;SAI de 10 ms: -La estaci\u00f3n de energ\u00eda RIVER 3 Plus garantiza una conmutaci\u00f3n de &lt;10 ms para una protecci\u00f3n SAI superior, protegiendo tu oficina en casa y tus equipos de juego de las sobretensiones. Mantente informado con alertas LED, de la aplicaci\u00f3n y del software, y ten la seguridad de que los datos se guardan autom\u00e1ticamente cuando la bater\u00eda est\u00e1 baja, gracias a la interfaz compatible con PC\/NAS y al software EcoFlow. <\/li>\n<li>Alimenta hasta 1200 W: -La estaci\u00f3n de energ\u00eda port\u00e1til RIVER 3 Plus ofrece una potencia constante de 600 W y alcanza los 1200 W con X-Boost. Cuenta con 7 tomas de corriente, incluyendo 3 de CA compatibles con SAI, 2 USB-A, un USB-C de alta velocidad y una salida de cargador de coche, para alimentar todos los dispositivos de tu familia. Adem\u00e1s, la luz incorporada garantiza que nunca te quedes a oscuras.  <\/li>\n<li>2\u00d7 Tiempo de funcionamiento y ultrarruidosa: -El generador de bater\u00eda RIVER 3 Plus, alimentado por X-GaNPower, aumenta la eficiencia energ\u00e9tica, d\u00e1ndote el doble de tiempo de funcionamiento para los electrodom\u00e9sticos de menos de 100 W. Adem\u00e1s, es compacto y funciona a un nivel de ruido de tan solo 30 dB, por lo que no perturbar\u00e1 tu tranquilidad, incluso a 0,5 m de distancia. <\/li>\n<li>Potencia ampliable, experiencia sin esfuerzo: -Maximiza tu potencial de potencia con la RIVER 3 Plus y sus bater\u00edas adicionales compatibles. Elige la EB300 (286 Wh) o la EB600 (572 Wh) para acumular hasta unos impresionantes 858 Wh de energ\u00eda. Disfruta de la simplicidad de la tecnolog\u00eda Pogo Pin para la conexi\u00f3n inal\u00e1mbrica y el f\u00e1cil acoplamiento, mientras que la bater\u00eda adicional ofrece un puerto USB-C de 140 W para opciones adicionales de entrada y salida.  <\/li>\n<li>Recarga r\u00e1pida y solar: -Experimenta la carga de CA del 0 al 100 % en tan solo 1 hora con la tecnolog\u00eda X-Stream. O bien, aprovecha la energ\u00eda renovable limpia y ecol\u00f3gica para recargar el generador solar RIVER 3 Plus en tan solo 1,5 horas con una entrada solar de 220 W. <\/li>\n<li>Bater\u00eda LiFePO4 de larga duraci\u00f3n: -RIVER 3 Plus tiene una vida \u00fatil de 3000 ciclos de carga. Esto equivale a unos 10 a\u00f1os de uso diario antes de que su capacidad se reduzca al 80 %. Con la protecci\u00f3n de bater\u00eda IP54, los da\u00f1os por agua se minimizan. Su robusta carcasa ign\u00edfuga sobrevive a condiciones adversas. Incluso despu\u00e9s de una ca\u00edda de 1 m, la RIVER 3 Plus no se da\u00f1ar\u00e1.    <\/li>\n<li>Control inteligente de la aplicaci\u00f3n y port\u00e1til: -Disfruta de una conectividad perfecta con la RIVER 3 Plus a trav\u00e9s de Bluetooth y Wi-Fi, lo que permite el control remoto incluso cuando est\u00e1s fuera. La aplicaci\u00f3n, f\u00e1cil de usar, ofrece opciones de carga personalizadas como el control de velocidad, la carga programada, el modo de ahorro de energ\u00eda y las notificaciones de bater\u00eda baja. <\/li>\n<\/ul>\n","protected":false},"excerpt":{"rendered":"<p>&lt;SAI de 10 ms: -La estaci\u00f3n de energ\u00eda RIVER 3 Plus garantiza una conmutaci\u00f3n de &lt;10 ms para una protecci\u00f3n SAI superior, protegiendo tu oficina en casa y tus equipos de juego de las sobretensiones. Mantente informado con alertas LED, de la aplicaci\u00f3n y del software, y ten la seguridad de que los datos se guardan autom\u00e1ticamente cuando la bater\u00eda [&hellip;]<\/p>\n","protected":false},"featured_media":2512,"template":"","meta":{"_coblocks_attr":"","_coblocks_dimensions":"","_coblocks_responsive_height":"","_coblocks_accordion_ie_support":"","postBodyCss":"","postBodyMargin":[],"postBodyPadding":[],"postBodyBackground":{"backgroundType":"classic","gradient":""}},"product_brand":[],"product_cat":[899],"product_tag":[],"class_list":{"0":"post-4522","1":"product","2":"type-product","3":"status-publish","4":"has-post-thumbnail","6":"product_cat-generators-alternative-power-solutions","7":"product_shipping_class-aerovaradero-dg-grande","9":"first","10":"instock","11":"taxable","12":"shipping-taxable","13":"purchasable","14":"product-type-simple"},"yoast_head":"<!-- This site is optimized with the Yoast SEO plugin v27.4 - https:\/\/yoast.com\/product\/yoast-seo-wordpress\/ -->\n<title>EF ECOFLOW Estaci\u00f3n de energ\u00eda port\u00e1til RIVER 3 Plus - Mercado Hogar<\/title>\n<meta name=\"robots\" content=\"index, follow, max-snippet:-1, max-image-preview:large, max-video-preview:-1\" \/>\n<link rel=\"canonical\" href=\"https:\/\/mercadohogar.ca\/es\/producto\/ef-ecoflow-estacion-de-energia-portatil-river-3-plus\/\" \/>\n<meta property=\"og:locale\" content=\"es_ES\" \/>\n<meta property=\"og:type\" content=\"article\" \/>\n<meta property=\"og:title\" content=\"EF ECOFLOW Estaci\u00f3n de energ\u00eda port\u00e1til RIVER 3 Plus - Mercado Hogar\" \/>\n<meta property=\"og:description\" content=\"&lt;SAI de 10 ms: -La estaci\u00f3n de energ\u00eda RIVER 3 Plus garantiza una conmutaci\u00f3n de &lt;10 ms para una protecci\u00f3n SAI superior, protegiendo tu oficina en casa y tus equipos de juego de las sobretensiones. Mantente informado con alertas LED, de la aplicaci\u00f3n y del software, y ten la seguridad de que los datos se guardan autom\u00e1ticamente cuando la bater\u00eda [&hellip;]\" \/>\n<meta property=\"og:url\" content=\"https:\/\/mercadohogar.ca\/es\/producto\/ef-ecoflow-estacion-de-energia-portatil-river-3-plus\/\" \/>\n<meta property=\"og:site_name\" content=\"Mercado Hogar\" \/>\n<meta property=\"article:modified_time\" content=\"2026-01-17T22:30:42+00:00\" \/>\n<meta property=\"og:image\" content=\"https:\/\/mercadohogar.ca\/wp-content\/uploads\/2026\/01\/wp-image-7648396660.jpg\" \/>\n\t<meta property=\"og:image:width\" content=\"1500\" \/>\n\t<meta property=\"og:image:height\" content=\"835\" \/>\n\t<meta property=\"og:image:type\" content=\"image\/jpeg\" \/>\n<meta name=\"twitter:card\" content=\"summary_large_image\" \/>\n<meta name=\"twitter:label1\" content=\"Tiempo de lectura\" \/>\n\t<meta name=\"twitter:data1\" content=\"2 minutos\" \/>\n<script type=\"application\/ld+json\" class=\"yoast-schema-graph\">{\"@context\":\"https:\\\/\\\/schema.org\",\"@graph\":[{\"@type\":\"WebPage\",\"@id\":\"https:\\\/\\\/mercadohogar.ca\\\/es\\\/producto\\\/ef-ecoflow-estacion-de-energia-portatil-river-3-plus\\\/\",\"url\":\"https:\\\/\\\/mercadohogar.ca\\\/es\\\/producto\\\/ef-ecoflow-estacion-de-energia-portatil-river-3-plus\\\/\",\"name\":\"EF ECOFLOW Estaci\u00f3n de energ\u00eda port\u00e1til RIVER 3 Plus - Mercado Hogar\",\"isPartOf\":{\"@id\":\"https:\\\/\\\/mercadohogar.ca\\\/es\\\/#website\"},\"primaryImageOfPage\":{\"@id\":\"https:\\\/\\\/mercadohogar.ca\\\/es\\\/producto\\\/ef-ecoflow-estacion-de-energia-portatil-river-3-plus\\\/#primaryimage\"},\"image\":{\"@id\":\"https:\\\/\\\/mercadohogar.ca\\\/es\\\/producto\\\/ef-ecoflow-estacion-de-energia-portatil-river-3-plus\\\/#primaryimage\"},\"thumbnailUrl\":\"https:\\\/\\\/mercadohogar.ca\\\/wp-content\\\/uploads\\\/2026\\\/01\\\/wp-image-7648396660.jpg\",\"datePublished\":\"2026-01-07T19:55:48+00:00\",\"dateModified\":\"2026-01-17T22:30:42+00:00\",\"breadcrumb\":{\"@id\":\"https:\\\/\\\/mercadohogar.ca\\\/es\\\/producto\\\/ef-ecoflow-estacion-de-energia-portatil-river-3-plus\\\/#breadcrumb\"},\"inLanguage\":\"es\",\"potentialAction\":[{\"@type\":\"ReadAction\",\"target\":[\"https:\\\/\\\/mercadohogar.ca\\\/es\\\/producto\\\/ef-ecoflow-estacion-de-energia-portatil-river-3-plus\\\/\"]}]},{\"@type\":\"ImageObject\",\"inLanguage\":\"es\",\"@id\":\"https:\\\/\\\/mercadohogar.ca\\\/es\\\/producto\\\/ef-ecoflow-estacion-de-energia-portatil-river-3-plus\\\/#primaryimage\",\"url\":\"https:\\\/\\\/mercadohogar.ca\\\/wp-content\\\/uploads\\\/2026\\\/01\\\/wp-image-7648396660.jpg\",\"contentUrl\":\"https:\\\/\\\/mercadohogar.ca\\\/wp-content\\\/uploads\\\/2026\\\/01\\\/wp-image-7648396660.jpg\",\"width\":1500,\"height\":835},{\"@type\":\"BreadcrumbList\",\"@id\":\"https:\\\/\\\/mercadohogar.ca\\\/es\\\/producto\\\/ef-ecoflow-estacion-de-energia-portatil-river-3-plus\\\/#breadcrumb\",\"itemListElement\":[{\"@type\":\"ListItem\",\"position\":1,\"name\":\"Home\",\"item\":\"https:\\\/\\\/mercadohogar.ca\\\/es\\\/\"},{\"@type\":\"ListItem\",\"position\":2,\"name\":\"Tienda\",\"item\":\"https:\\\/\\\/mercadohogar.ca\\\/es\\\/tienda-2\\\/\"},{\"@type\":\"ListItem\",\"position\":3,\"name\":\"EF ECOFLOW Estaci\u00f3n de energ\u00eda port\u00e1til RIVER 3 Plus\"}]},{\"@type\":\"WebSite\",\"@id\":\"https:\\\/\\\/mercadohogar.ca\\\/es\\\/#website\",\"url\":\"https:\\\/\\\/mercadohogar.ca\\\/es\\\/\",\"name\":\"Mercado Hogar\",\"description\":\"Mercado Hogar\",\"publisher\":{\"@id\":\"https:\\\/\\\/mercadohogar.ca\\\/es\\\/#organization\"},\"potentialAction\":[{\"@type\":\"SearchAction\",\"target\":{\"@type\":\"EntryPoint\",\"urlTemplate\":\"https:\\\/\\\/mercadohogar.ca\\\/es\\\/?s={search_term_string}\"},\"query-input\":{\"@type\":\"PropertyValueSpecification\",\"valueRequired\":true,\"valueName\":\"search_term_string\"}}],\"inLanguage\":\"es\"},{\"@type\":\"Organization\",\"@id\":\"https:\\\/\\\/mercadohogar.ca\\\/es\\\/#organization\",\"name\":\"Mercado Hogar\",\"url\":\"https:\\\/\\\/mercadohogar.ca\\\/es\\\/\",\"logo\":{\"@type\":\"ImageObject\",\"inLanguage\":\"es\",\"@id\":\"https:\\\/\\\/mercadohogar.ca\\\/es\\\/#\\\/schema\\\/logo\\\/image\\\/\",\"url\":\"https:\\\/\\\/mercadohogar.ca\\\/wp-content\\\/uploads\\\/2025\\\/12\\\/MH-LOGO.png\",\"contentUrl\":\"https:\\\/\\\/mercadohogar.ca\\\/wp-content\\\/uploads\\\/2025\\\/12\\\/MH-LOGO.png\",\"width\":1200,\"height\":1200,\"caption\":\"Mercado Hogar\"},\"image\":{\"@id\":\"https:\\\/\\\/mercadohogar.ca\\\/es\\\/#\\\/schema\\\/logo\\\/image\\\/\"}}]}<\/script>\n<!-- \/ Yoast SEO plugin. -->","yoast_head_json":{"title":"EF ECOFLOW Estaci\u00f3n de energ\u00eda port\u00e1til RIVER 3 Plus - Mercado Hogar","robots":{"index":"index","follow":"follow","max-snippet":"max-snippet:-1","max-image-preview":"max-image-preview:large","max-video-preview":"max-video-preview:-1"},"canonical":"https:\/\/mercadohogar.ca\/es\/producto\/ef-ecoflow-estacion-de-energia-portatil-river-3-plus\/","og_locale":"es_ES","og_type":"article","og_title":"EF ECOFLOW Estaci\u00f3n de energ\u00eda port\u00e1til RIVER 3 Plus - Mercado Hogar","og_description":"&lt;SAI de 10 ms: -La estaci\u00f3n de energ\u00eda RIVER 3 Plus garantiza una conmutaci\u00f3n de &lt;10 ms para una protecci\u00f3n SAI superior, protegiendo tu oficina en casa y tus equipos de juego de las sobretensiones. Mantente informado con alertas LED, de la aplicaci\u00f3n y del software, y ten la seguridad de que los datos se guardan autom\u00e1ticamente cuando la bater\u00eda [&hellip;]","og_url":"https:\/\/mercadohogar.ca\/es\/producto\/ef-ecoflow-estacion-de-energia-portatil-river-3-plus\/","og_site_name":"Mercado Hogar","article_modified_time":"2026-01-17T22:30:42+00:00","og_image":[{"width":1500,"height":835,"url":"https:\/\/mercadohogar.ca\/wp-content\/uploads\/2026\/01\/wp-image-7648396660.jpg","type":"image\/jpeg"}],"twitter_card":"summary_large_image","twitter_misc":{"Tiempo de lectura":"2 minutos"},"schema":{"@context":"https:\/\/schema.org","@graph":[{"@type":"WebPage","@id":"https:\/\/mercadohogar.ca\/es\/producto\/ef-ecoflow-estacion-de-energia-portatil-river-3-plus\/","url":"https:\/\/mercadohogar.ca\/es\/producto\/ef-ecoflow-estacion-de-energia-portatil-river-3-plus\/","name":"EF ECOFLOW Estaci\u00f3n de energ\u00eda port\u00e1til RIVER 3 Plus - Mercado Hogar","isPartOf":{"@id":"https:\/\/mercadohogar.ca\/es\/#website"},"primaryImageOfPage":{"@id":"https:\/\/mercadohogar.ca\/es\/producto\/ef-ecoflow-estacion-de-energia-portatil-river-3-plus\/#primaryimage"},"image":{"@id":"https:\/\/mercadohogar.ca\/es\/producto\/ef-ecoflow-estacion-de-energia-portatil-river-3-plus\/#primaryimage"},"thumbnailUrl":"https:\/\/mercadohogar.ca\/wp-content\/uploads\/2026\/01\/wp-image-7648396660.jpg","datePublished":"2026-01-07T19:55:48+00:00","dateModified":"2026-01-17T22:30:42+00:00","breadcrumb":{"@id":"https:\/\/mercadohogar.ca\/es\/producto\/ef-ecoflow-estacion-de-energia-portatil-river-3-plus\/#breadcrumb"},"inLanguage":"es","potentialAction":[{"@type":"ReadAction","target":["https:\/\/mercadohogar.ca\/es\/producto\/ef-ecoflow-estacion-de-energia-portatil-river-3-plus\/"]}]},{"@type":"ImageObject","inLanguage":"es","@id":"https:\/\/mercadohogar.ca\/es\/producto\/ef-ecoflow-estacion-de-energia-portatil-river-3-plus\/#primaryimage","url":"https:\/\/mercadohogar.ca\/wp-content\/uploads\/2026\/01\/wp-image-7648396660.jpg","contentUrl":"https:\/\/mercadohogar.ca\/wp-content\/uploads\/2026\/01\/wp-image-7648396660.jpg","width":1500,"height":835},{"@type":"BreadcrumbList","@id":"https:\/\/mercadohogar.ca\/es\/producto\/ef-ecoflow-estacion-de-energia-portatil-river-3-plus\/#breadcrumb","itemListElement":[{"@type":"ListItem","position":1,"name":"Home","item":"https:\/\/mercadohogar.ca\/es\/"},{"@type":"ListItem","position":2,"name":"Tienda","item":"https:\/\/mercadohogar.ca\/es\/tienda-2\/"},{"@type":"ListItem","position":3,"name":"EF ECOFLOW Estaci\u00f3n de energ\u00eda port\u00e1til RIVER 3 Plus"}]},{"@type":"WebSite","@id":"https:\/\/mercadohogar.ca\/es\/#website","url":"https:\/\/mercadohogar.ca\/es\/","name":"Mercado Hogar","description":"Mercado Hogar","publisher":{"@id":"https:\/\/mercadohogar.ca\/es\/#organization"},"potentialAction":[{"@type":"SearchAction","target":{"@type":"EntryPoint","urlTemplate":"https:\/\/mercadohogar.ca\/es\/?s={search_term_string}"},"query-input":{"@type":"PropertyValueSpecification","valueRequired":true,"valueName":"search_term_string"}}],"inLanguage":"es"},{"@type":"Organization","@id":"https:\/\/mercadohogar.ca\/es\/#organization","name":"Mercado Hogar","url":"https:\/\/mercadohogar.ca\/es\/","logo":{"@type":"ImageObject","inLanguage":"es","@id":"https:\/\/mercadohogar.ca\/es\/#\/schema\/logo\/image\/","url":"https:\/\/mercadohogar.ca\/wp-content\/uploads\/2025\/12\/MH-LOGO.png","contentUrl":"https:\/\/mercadohogar.ca\/wp-content\/uploads\/2025\/12\/MH-LOGO.png","width":1200,"height":1200,"caption":"Mercado Hogar"},"image":{"@id":"https:\/\/mercadohogar.ca\/es\/#\/schema\/logo\/image\/"}}]}},"jetpack_sharing_enabled":true,"_links":{"self":[{"href":"https:\/\/mercadohogar.ca\/es\/wp-json\/wp\/v2\/product\/4522","targetHints":{"allow":["GET"]}}],"collection":[{"href":"https:\/\/mercadohogar.ca\/es\/wp-json\/wp\/v2\/product"}],"about":[{"href":"https:\/\/mercadohogar.ca\/es\/wp-json\/wp\/v2\/types\/product"}],"version-history":[{"count":1,"href":"https:\/\/mercadohogar.ca\/es\/wp-json\/wp\/v2\/product\/4522\/revisions"}],"predecessor-version":[{"id":5471,"href":"https:\/\/mercadohogar.ca\/es\/wp-json\/wp\/v2\/product\/4522\/revisions\/5471"}],"wp:featuredmedia":[{"embeddable":true,"href":"https:\/\/mercadohogar.ca\/es\/wp-json\/wp\/v2\/media\/2512"}],"wp:attachment":[{"href":"https:\/\/mercadohogar.ca\/es\/wp-json\/wp\/v2\/media?parent=4522"}],"wp:term":[{"taxonomy":"product_brand","embeddable":true,"href":"https:\/\/mercadohogar.ca\/es\/wp-json\/wp\/v2\/product_brand?post=4522"},{"taxonomy":"product_cat","embeddable":true,"href":"https:\/\/mercadohogar.ca\/es\/wp-json\/wp\/v2\/product_cat?post=4522"},{"taxonomy":"product_tag","embeddable":true,"href":"https:\/\/mercadohogar.ca\/es\/wp-json\/wp\/v2\/product_tag?post=4522"}],"curies":[{"name":"wp","href":"https:\/\/api.w.org\/{rel}","templated":true}]}}