{"id":4523,"date":"2026-01-07T19:55:47","date_gmt":"2026-01-07T19:55:47","guid":{"rendered":"https:\/\/mercadohogar.ca\/producto\/ef-ecoflow-river-2-max-generador-solar-512-wh-estacion-de-energia-portatil-panel-solar-de-160-w\/"},"modified":"2026-01-17T22:30:43","modified_gmt":"2026-01-17T22:30:43","slug":"ef-ecoflow-river-2-max-generador-solar-512-wh-estacion-de-energia-portatil-panel-solar-de-160-w","status":"publish","type":"product","link":"https:\/\/mercadohogar.ca\/es\/product\/ef-ecoflow-river-2-max-generador-solar-512-wh-estacion-de-energia-portatil-panel-solar-de-160-w\/","title":{"rendered":"EF ECOFLOW RIVER 2 Max Generador Solar 512 Wh Estaci\u00f3n de Energ\u00eda Port\u00e1til &amp; Panel Solar de 160 W"},"content":{"rendered":"<ul>\n<li><span><\/span>Carga en cualquier lugar: Sustituye tu generador de exterior por energ\u00eda limpia y renovable. Recarga RIVER 2 Max con este panel solar port\u00e1til y ligero dondequiera que vayas. Con una tasa de conversi\u00f3n l\u00edder en la industria, carga en cualquier lugar en tan solo 4 horas. Recarga usando una toma de CA en solo 60 minutos. Adem\u00e1s, recarga usando la toma de tu coche o incluso USB-C.    <\/li>\n<li>Alimenta el 80 % de los electrodom\u00e9sticos del hogar: Con una salida de hasta 1000 W, haz funcionar 11 dispositivos al mismo tiempo sin sobrecargar.<\/li>\n<li>Funciona durante a\u00f1os: La tecnolog\u00eda de bater\u00eda LiFePO4 proporciona a RIVER 2 Max m\u00e1s de 3000 ciclos de carga, para que puedas seguir alimentando dispositivos durante casi 10 a\u00f1os. La qu\u00edmica LFP es fiable, eficiente y segura incluso a altas temperaturas. Es la combinaci\u00f3n perfecta para nuestro panel solar duradero con certificaci\u00f3n IP68 de resistencia a la intemperie.  <\/li>\n<li>Energ\u00eda para llevar: Ligera y f\u00e1cil de transportar, la bater\u00eda port\u00e1til RIVER 2 Max y el panel solar plegable y autoestable de 160 W son los compa\u00f1eros de camping perfectos.<\/li>\n<\/ul>\n<ul>\n<li>Qu\u00e9 incluye: RIVER 2 Max, panel solar port\u00e1til de 160 W y funda con soporte, cable de carga solar, cable de carga de CA, cable de carga para coche, manual de usuario <\/li>\n<\/ul>\n","protected":false},"excerpt":{"rendered":"<p>Carga en cualquier lugar: Sustituye tu generador de exterior por energ\u00eda limpia y renovable. Recarga RIVER 2 Max con este panel solar port\u00e1til y ligero dondequiera que vayas. Con una&hellip;<\/p>\n","protected":false},"featured_media":2517,"template":"","meta":[],"product_brand":[],"product_cat":[997],"product_tag":[],"class_list":{"0":"post-4523","1":"product","2":"type-product","3":"status-publish","4":"has-post-thumbnail","6":"product_cat-generadores-y-soluciones-de-energia-alternativa","7":"product_shipping_class-aerovaradero-dg-grande","9":"first","10":"instock","11":"shipping-taxable","12":"purchasable","13":"product-type-simple"},"_links":{"self":[{"href":"https:\/\/mercadohogar.ca\/es\/wp-json\/wp\/v2\/product\/4523","targetHints":{"allow":["GET"]}}],"collection":[{"href":"https:\/\/mercadohogar.ca\/es\/wp-json\/wp\/v2\/product"}],"about":[{"href":"https:\/\/mercadohogar.ca\/es\/wp-json\/wp\/v2\/types\/product"}],"version-history":[{"count":1,"href":"https:\/\/mercadohogar.ca\/es\/wp-json\/wp\/v2\/product\/4523\/revisions"}],"predecessor-version":[{"id":5472,"href":"https:\/\/mercadohogar.ca\/es\/wp-json\/wp\/v2\/product\/4523\/revisions\/5472"}],"wp:featuredmedia":[{"embeddable":true,"href":"https:\/\/mercadohogar.ca\/es\/wp-json\/wp\/v2\/media\/2517"}],"wp:attachment":[{"href":"https:\/\/mercadohogar.ca\/es\/wp-json\/wp\/v2\/media?parent=4523"}],"wp:term":[{"taxonomy":"product_brand","embeddable":true,"href":"https:\/\/mercadohogar.ca\/es\/wp-json\/wp\/v2\/product_brand?post=4523"},{"taxonomy":"product_cat","embeddable":true,"href":"https:\/\/mercadohogar.ca\/es\/wp-json\/wp\/v2\/product_cat?post=4523"},{"taxonomy":"product_tag","embeddable":true,"href":"https:\/\/mercadohogar.ca\/es\/wp-json\/wp\/v2\/product_tag?post=4523"}],"curies":[{"name":"wp","href":"https:\/\/api.w.org\/{rel}","templated":true}]}}