{"id":4524,"date":"2026-01-07T19:55:45","date_gmt":"2026-01-07T19:55:45","guid":{"rendered":"https:\/\/mercadohogar.ca\/producto\/ventilador-de-suelo-plegable-10-recargable-y-portatil\/"},"modified":"2026-01-07T20:12:12","modified_gmt":"2026-01-07T20:12:12","slug":"ventilador-de-suelo-plegable-10-recargable-y-portatil","status":"publish","type":"product","link":"https:\/\/mercadohogar.ca\/es\/product\/ventilador-de-suelo-plegable-10-recargable-y-portatil\/","title":{"rendered":"Ventilador de suelo plegable, 10&#8243; recargable y port\u00e1til"},"content":{"rendered":"<p>Ventilador de pie plegable y ventilador de mesa port\u00e1til El ventilador plegable Quntis presenta un dise\u00f1o \u00fanico plegable y telesc\u00f3pico con 3 alturas (10&#8243;, 17&#8243; y 36&#8243; cuando est\u00e1 plegado\/extendido), por lo que nuestro ventilador port\u00e1til se puede utilizar como ventilador de suelo, ventilador de escritorio, ventilador de pedestal, ventilador de camping. Ideal para el hogar, el dormitorio, la oficina, el port\u00e1til, el gimnasio, el asiento trasero del coche, el aire libre, la pesca, la residencia de estudiantes, el camping, los viajes y cualquier lugar que necesite viento fresco. <\/p>\n<div>Ventilador de pie recargable con control remoto Este ventilador de suelo est\u00e1 equipado con un control remoto por infrarrojos, puede ajustar f\u00e1cilmente este ventilador de pie dentro de un rango de 4 m. Adem\u00e1s, la capacidad de la bater\u00eda de este ventilador recargable es de 7200 mAh, solo necesita 5 horas para pasar del 0% al 100%, cada carga completa se puede utilizar durante 4H-28H para 5 velocidades. <\/div>\n<div>Ventilador oscilante s\u00faper silencioso de 5 velocidades y con temporizador Este ventilador silencioso cuenta con 5 configuraciones de velocidad del viento, que satisfacen sus m\u00faltiples necesidades de flujo de aire. Gracias a su tecnolog\u00eda silenciosa \u00fanica, que hace que este ventilador silencioso solo tenga 25-50 dB, le permite disfrutar de un sue\u00f1o fresco y reparador en una calurosa noche de verano. Adem\u00e1s, nuestro ventilador port\u00e1til tiene 4 funciones de temporizaci\u00f3n (1 hora, 2 horas, 4 horas, 8 horas) que puede elegir arbitrariamente, esto puede ayudarle a ahorrar energ\u00eda.  <\/div>\n<div>Ventilador de pedestal de \u00e1ngulo ajustable y f\u00e1cil de limpiar Nuestro ventilador plegable se puede ajustar en m\u00faltiples \u00e1ngulos, puede girar autom\u00e1ticamente verticalmente 180\u00b0 y horizontalmente 90\u00b0, manteni\u00e9ndole fresco desde cualquier \u00e1ngulo. Adem\u00e1s, nuestro ventilador de pie silencioso tiene una cubierta de malla y aspas extra\u00edbles para facilitar el desmontaje y la limpieza. <\/div>\n","protected":false},"excerpt":{"rendered":"<p>Ventilador de pie plegable y ventilador de mesa port\u00e1til El ventilador plegable Quntis presenta un dise\u00f1o \u00fanico plegable y telesc\u00f3pico con 3 alturas (10&#8243;, 17&#8243; y 36&#8243; cuando est\u00e1 plegado\/extendido),&hellip;<\/p>\n","protected":false},"featured_media":2563,"template":"","meta":[],"product_brand":[],"product_cat":[997,992],"product_tag":[],"class_list":{"0":"post-4524","1":"product","2":"type-product","3":"status-publish","4":"has-post-thumbnail","6":"product_cat-generadores-y-soluciones-de-energia-alternativa","7":"product_cat-mejoras-en-el-hogar","8":"product_shipping_class-aerovaradero-general","10":"first","11":"instock","12":"shipping-taxable","13":"purchasable","14":"product-type-simple"},"_links":{"self":[{"href":"https:\/\/mercadohogar.ca\/es\/wp-json\/wp\/v2\/product\/4524","targetHints":{"allow":["GET"]}}],"collection":[{"href":"https:\/\/mercadohogar.ca\/es\/wp-json\/wp\/v2\/product"}],"about":[{"href":"https:\/\/mercadohogar.ca\/es\/wp-json\/wp\/v2\/types\/product"}],"version-history":[{"count":1,"href":"https:\/\/mercadohogar.ca\/es\/wp-json\/wp\/v2\/product\/4524\/revisions"}],"predecessor-version":[{"id":4528,"href":"https:\/\/mercadohogar.ca\/es\/wp-json\/wp\/v2\/product\/4524\/revisions\/4528"}],"wp:featuredmedia":[{"embeddable":true,"href":"https:\/\/mercadohogar.ca\/es\/wp-json\/wp\/v2\/media\/2563"}],"wp:attachment":[{"href":"https:\/\/mercadohogar.ca\/es\/wp-json\/wp\/v2\/media?parent=4524"}],"wp:term":[{"taxonomy":"product_brand","embeddable":true,"href":"https:\/\/mercadohogar.ca\/es\/wp-json\/wp\/v2\/product_brand?post=4524"},{"taxonomy":"product_cat","embeddable":true,"href":"https:\/\/mercadohogar.ca\/es\/wp-json\/wp\/v2\/product_cat?post=4524"},{"taxonomy":"product_tag","embeddable":true,"href":"https:\/\/mercadohogar.ca\/es\/wp-json\/wp\/v2\/product_tag?post=4524"}],"curies":[{"name":"wp","href":"https:\/\/api.w.org\/{rel}","templated":true}]}}