{"id":4525,"date":"2026-01-07T19:55:44","date_gmt":"2026-01-07T19:55:44","guid":{"rendered":"https:\/\/mercadohogar.ca\/producto\/panel-solar-grecell-de-100-w-para-estacion-de-energia-portatil\/"},"modified":"2026-01-17T22:23:02","modified_gmt":"2026-01-17T22:23:02","slug":"panel-solar-grecell-de-100-w-para-estacion-de-energia-portatil","status":"publish","type":"product","link":"https:\/\/mercadohogar.ca\/es\/product\/panel-solar-grecell-de-100-w-para-estacion-de-energia-portatil\/","title":{"rendered":"Panel solar GRECELL de 100 W para estaci\u00f3n de energ\u00eda port\u00e1til"},"content":{"rendered":"<p>\u2013 Hecho para generador solar: El panel solar GRECELL de 100 W viene con un conector (puede suministrar una corriente de 25 A (m\u00e1x.)), adaptador de CC de 8 mm\/5,5*2,5 mm\/3,5*1,35 mm\/5,5 mm*2,1 mm\/cable Anderson, compatible con la mayor\u00eda de los generadores solares\/estaciones de energ\u00eda port\u00e1tiles del mercado (Jackery, Goal Zero, Ecoflow, Bluetti, Paxcess, Suaoki, generador port\u00e1til Flashfish, etc.). Incluye diferentes tama\u00f1os de conectores perfectos para cargar nuestras estaciones de energ\u00eda port\u00e1tiles GRECELL como energ\u00eda de emergencia para acampada en veh\u00edculos recreativos. <\/p>\n<div>\u2013 Alta eficiencia de conversi\u00f3n: Convierte la luz solar en electricidad utilizando una potente matriz de c\u00e9lulas solares monocristalinas para generar hasta 100 W y 20 V de energ\u00eda sobre la marcha. Las c\u00e9lulas solares reciben la luz solar m\u00e1s eficaz, hasta un 23,5 % de eficiencia. El chip inteligente incorporado identifica de forma inteligente su dispositivo y maximiza su velocidad de carga mientras protege sus dispositivos de la sobrecarga, proporcionando m\u00e1s energ\u00eda y un ciclo de vida m\u00e1s largo que los paneles solares policristalinos convencionales.  <\/div>\n<div>\u2013 Plegable y port\u00e1til: Dise\u00f1ado para la portabilidad y la comodidad, el cargador solar de 100 W presenta un dise\u00f1o ligero y plegable con una bolsa de accesorios con cremallera incorporada. Una vez desplegado, dos soportes incorporados permiten una f\u00e1cil colocaci\u00f3n en cualquier superficie plana para brindarle una carga instant\u00e1nea de la luz solar. Las arandelas reforzadas brindan capacidades adicionales de montaje y amarre, se pueden colgar en su RV o tienda de campa\u00f1a. Cuando est\u00e1 plegado, parece un malet\u00edn f\u00e1cil de transportar y no ocupa mucho espacio.   <\/div>\n<div>\u2013 Combine dos paneles para obtener m\u00e1s energ\u00eda: El panel solar de 100 W admite conexiones en serie y en paralelo y puede ampliar su sistema de paneles solares para satisfacer todas las necesidades. Obtenga hasta el doble de potencia de salida combinando su panel solar con otro para acortar los tiempos de carga de las estaciones de energ\u00eda port\u00e1tiles. Emparejar paneles es f\u00e1cil con el cable de conexi\u00f3n en Y incluido.  <\/div>\n<div>\u2013 Duradero y de uso amplio: El cargador de bater\u00eda solar est\u00e1 hecho de tela Oxford impermeable duradera y est\u00e1 protegido por una capa de laminaci\u00f3n muy duradera que mejora el rendimiento de la celda y extiende la vida \u00fatil del panel solar de camping de 20 V. Resistente al polvo, resistente a altas temperaturas, ideal para actividades al aire libre como camping, senderismo, picnics, caravanas, veh\u00edculos recreativos, coches, barcos y cortes de energ\u00eda inesperados. <\/div>\n<div><\/div>\n","protected":false},"excerpt":{"rendered":"<p>\u2013 Hecho para generador solar: El panel solar GRECELL de 100 W viene con un conector (puede suministrar una corriente de 25 A (m\u00e1x.)), adaptador de CC de 8 mm\/5,5*2,5&hellip;<\/p>\n","protected":false},"featured_media":2590,"template":"","meta":[],"product_brand":[],"product_cat":[997],"product_tag":[],"class_list":{"0":"post-4525","1":"product","2":"type-product","3":"status-publish","4":"has-post-thumbnail","6":"product_cat-generadores-y-soluciones-de-energia-alternativa","7":"product_shipping_class-aerovaradero-general","9":"first","10":"instock","11":"shipping-taxable","12":"purchasable","13":"product-type-simple"},"_links":{"self":[{"href":"https:\/\/mercadohogar.ca\/es\/wp-json\/wp\/v2\/product\/4525","targetHints":{"allow":["GET"]}}],"collection":[{"href":"https:\/\/mercadohogar.ca\/es\/wp-json\/wp\/v2\/product"}],"about":[{"href":"https:\/\/mercadohogar.ca\/es\/wp-json\/wp\/v2\/types\/product"}],"version-history":[{"count":1,"href":"https:\/\/mercadohogar.ca\/es\/wp-json\/wp\/v2\/product\/4525\/revisions"}],"predecessor-version":[{"id":4526,"href":"https:\/\/mercadohogar.ca\/es\/wp-json\/wp\/v2\/product\/4525\/revisions\/4526"}],"wp:featuredmedia":[{"embeddable":true,"href":"https:\/\/mercadohogar.ca\/es\/wp-json\/wp\/v2\/media\/2590"}],"wp:attachment":[{"href":"https:\/\/mercadohogar.ca\/es\/wp-json\/wp\/v2\/media?parent=4525"}],"wp:term":[{"taxonomy":"product_brand","embeddable":true,"href":"https:\/\/mercadohogar.ca\/es\/wp-json\/wp\/v2\/product_brand?post=4525"},{"taxonomy":"product_cat","embeddable":true,"href":"https:\/\/mercadohogar.ca\/es\/wp-json\/wp\/v2\/product_cat?post=4525"},{"taxonomy":"product_tag","embeddable":true,"href":"https:\/\/mercadohogar.ca\/es\/wp-json\/wp\/v2\/product_tag?post=4525"}],"curies":[{"name":"wp","href":"https:\/\/api.w.org\/{rel}","templated":true}]}}