{"id":4527,"date":"2026-01-07T19:55:50","date_gmt":"2026-01-07T19:55:50","guid":{"rendered":"https:\/\/mercadohogar.ca\/producto\/ef-ecoflow-estacion-de-energia-portatil-river-2-max-bateria-lifep04-de-512-wh\/"},"modified":"2026-01-17T22:30:39","modified_gmt":"2026-01-17T22:30:39","slug":"ef-ecoflow-estacion-de-energia-portatil-river-2-max-bateria-lifep04-de-512-wh","status":"publish","type":"product","link":"https:\/\/mercadohogar.ca\/es\/product\/ef-ecoflow-estacion-de-energia-portatil-river-2-max-bateria-lifep04-de-512-wh\/","title":{"rendered":"EF ECOFLOW Estaci\u00f3n de energ\u00eda port\u00e1til River 2 Max, bater\u00eda LiFeP04 de 512 Wh"},"content":{"rendered":"<p>Recarga CA en 1 hora: Recarga completamente usando una toma de CA en solo 1 hora con la tecnolog\u00eda de carga r\u00e1pida X-Stream de EcoFlow.<\/p>\n<div>Alimenta todos tus elementos esenciales: Con una salida de hasta 1000 W, alimenta 11 electrodom\u00e9sticos esenciales simult\u00e1neamente sin preocuparte por la sobrecarga. Con una gran variedad de puertos, desde tomas de CA de 300 W hasta USB-C, tenemos cubiertas todas las conexiones de tus dispositivos. <\/div>\n<div>Bater\u00eda LiFeP04 de larga duraci\u00f3n: Utilizando celdas de bater\u00eda LFP, usa y recarga RIVER 2 Max m\u00e1s de 3000 veces antes de alcanzar el 80 %. Esto equivale a casi 10 a\u00f1os de uso regular. RIVER 2 Max incluye protecci\u00f3n BMS avanzada, que monitorea el voltaje, la corriente y la temperatura para mantener tu bater\u00eda LFP funcionando durante a\u00f1os.  <\/div>\n<div>Carga solar r\u00e1pida: Utiliza energ\u00eda renovable limpia y ecol\u00f3gica para recargar RIVER 2 Max, en tan solo 3 horas con una entrada solar de 220 W.<\/div>\n<div>Ligera y port\u00e1til: Con un peso ligero de solo 6 kg, RIVER 2 Max es el generador ideal para exteriores para todas tus aventuras fuera de la red. Con un asa incorporada, esta bater\u00eda port\u00e1til es f\u00e1cil y c\u00f3moda de llevar a cualquier lugar donde necesites energ\u00eda. <\/div>\n<div>Qu\u00e9 incluye: RIVER 2 Max, cable de carga de CA, cable de carga para coche, manual de usuario<\/div>\n","protected":false},"excerpt":{"rendered":"<p>Recarga CA en 1 hora: Recarga completamente usando una toma de CA en solo 1 hora con la tecnolog\u00eda de carga r\u00e1pida X-Stream de EcoFlow. Alimenta todos tus elementos esenciales:&hellip;<\/p>\n","protected":false},"featured_media":2501,"template":"","meta":[],"product_brand":[],"product_cat":[997],"product_tag":[],"class_list":{"0":"post-4527","1":"product","2":"type-product","3":"status-publish","4":"has-post-thumbnail","6":"product_cat-generadores-y-soluciones-de-energia-alternativa","7":"product_shipping_class-aerovaradero-dg-grande","9":"first","10":"instock","11":"shipping-taxable","12":"purchasable","13":"product-type-simple"},"_links":{"self":[{"href":"https:\/\/mercadohogar.ca\/es\/wp-json\/wp\/v2\/product\/4527","targetHints":{"allow":["GET"]}}],"collection":[{"href":"https:\/\/mercadohogar.ca\/es\/wp-json\/wp\/v2\/product"}],"about":[{"href":"https:\/\/mercadohogar.ca\/es\/wp-json\/wp\/v2\/types\/product"}],"version-history":[{"count":1,"href":"https:\/\/mercadohogar.ca\/es\/wp-json\/wp\/v2\/product\/4527\/revisions"}],"predecessor-version":[{"id":5469,"href":"https:\/\/mercadohogar.ca\/es\/wp-json\/wp\/v2\/product\/4527\/revisions\/5469"}],"wp:featuredmedia":[{"embeddable":true,"href":"https:\/\/mercadohogar.ca\/es\/wp-json\/wp\/v2\/media\/2501"}],"wp:attachment":[{"href":"https:\/\/mercadohogar.ca\/es\/wp-json\/wp\/v2\/media?parent=4527"}],"wp:term":[{"taxonomy":"product_brand","embeddable":true,"href":"https:\/\/mercadohogar.ca\/es\/wp-json\/wp\/v2\/product_brand?post=4527"},{"taxonomy":"product_cat","embeddable":true,"href":"https:\/\/mercadohogar.ca\/es\/wp-json\/wp\/v2\/product_cat?post=4527"},{"taxonomy":"product_tag","embeddable":true,"href":"https:\/\/mercadohogar.ca\/es\/wp-json\/wp\/v2\/product_tag?post=4527"}],"curies":[{"name":"wp","href":"https:\/\/api.w.org\/{rel}","templated":true}]}}