{"id":4529,"date":"2026-01-07T19:55:49","date_gmt":"2026-01-07T19:55:49","guid":{"rendered":"https:\/\/mercadohogar.ca\/producto\/ef-ecoflow-estacion-de-energia-portatil-river-2-pro-bateria-lifepo4-de-768-wh-carga-rapida-en-70-minutos\/"},"modified":"2026-01-17T22:30:40","modified_gmt":"2026-01-17T22:30:40","slug":"ef-ecoflow-estacion-de-energia-portatil-river-2-pro-bateria-lifepo4-de-768-wh-carga-rapida-en-70-minutos","status":"publish","type":"product","link":"https:\/\/mercadohogar.ca\/es\/product\/ef-ecoflow-estacion-de-energia-portatil-river-2-pro-bateria-lifepo4-de-768-wh-carga-rapida-en-70-minutos\/","title":{"rendered":"EF ECOFLOW Estaci\u00f3n de energ\u00eda port\u00e1til RIVER 2 Pro, bater\u00eda LiFePO4 de 768 Wh, carga r\u00e1pida en 70 minutos"},"content":{"rendered":"<p>\u2013 La carga m\u00e1s r\u00e1pida del sector: recarga completa con una toma de CA en solo 70 minutos con la tecnolog\u00eda de carga r\u00e1pida X-Stream de EcoFlow.<\/p>\n<p>\u2013 [Alimenta el 80 % de tus electrodom\u00e9sticos]: con una salida de hasta 1600 W, alimenta el 80 % de todos tus electrodom\u00e9sticos, incluso los de alta potencia. Con 11 salidas, desde tomas de CA de 800 W hasta USB-C, carga o alimenta simult\u00e1neamente todos tus dispositivos sin preocuparte por la sobrecarga. <\/p>\n<p>\u2013 Bater\u00eda LFP de larga duraci\u00f3n: utilizando celdas de bater\u00eda LFP, usa y recarga RIVER 2 Pro m\u00e1s de 3000 veces antes de alcanzar el 80 %. Esto equivale a casi 10 a\u00f1os de uso regular. RIVER 2 Pro incluye protecci\u00f3n BMS avanzada, monitorizaci\u00f3n de voltaje, corriente y temperatura para mantener tu bater\u00eda LFP funcionando durante a\u00f1os.  <\/p>\n<p>\u2013 Carga solar r\u00e1pida: utiliza energ\u00eda renovable limpia y ecol\u00f3gica para recargar RIVER 2 Pro, en tan solo 3,5 horas con una entrada solar de 220 W.<\/p>\n<p>\u2013 Ligera y port\u00e1til: con un peso de solo 7,8 kg, River 2 Pro es el generador de exterior ideal para todas tus aventuras fuera de la red. Con un asa integrada, esta bater\u00eda port\u00e1til es f\u00e1cil y c\u00f3moda de transportar a cualquier lugar donde necesites energ\u00eda. <\/p>\n<p>\u2013 Contenido del paquete: estaci\u00f3n de energ\u00eda port\u00e1til RIVER 2 Pro, cable de carga de CA, cable de carga para coche, cable de conexi\u00f3n DC5521, manual de usuario<\/p>\n","protected":false},"excerpt":{"rendered":"<p>\u2013 La carga m\u00e1s r\u00e1pida del sector: recarga completa con una toma de CA en solo 70 minutos con la tecnolog\u00eda de carga r\u00e1pida X-Stream de EcoFlow. \u2013 [Alimenta el&hellip;<\/p>\n","protected":false},"featured_media":2505,"template":"","meta":[],"product_brand":[],"product_cat":[997],"product_tag":[],"class_list":{"0":"post-4529","1":"product","2":"type-product","3":"status-publish","4":"has-post-thumbnail","6":"product_cat-generadores-y-soluciones-de-energia-alternativa","7":"product_shipping_class-aerovaradero-dg-grande","9":"first","10":"instock","11":"shipping-taxable","12":"purchasable","13":"product-type-simple"},"_links":{"self":[{"href":"https:\/\/mercadohogar.ca\/es\/wp-json\/wp\/v2\/product\/4529","targetHints":{"allow":["GET"]}}],"collection":[{"href":"https:\/\/mercadohogar.ca\/es\/wp-json\/wp\/v2\/product"}],"about":[{"href":"https:\/\/mercadohogar.ca\/es\/wp-json\/wp\/v2\/types\/product"}],"version-history":[{"count":1,"href":"https:\/\/mercadohogar.ca\/es\/wp-json\/wp\/v2\/product\/4529\/revisions"}],"predecessor-version":[{"id":5470,"href":"https:\/\/mercadohogar.ca\/es\/wp-json\/wp\/v2\/product\/4529\/revisions\/5470"}],"wp:featuredmedia":[{"embeddable":true,"href":"https:\/\/mercadohogar.ca\/es\/wp-json\/wp\/v2\/media\/2505"}],"wp:attachment":[{"href":"https:\/\/mercadohogar.ca\/es\/wp-json\/wp\/v2\/media?parent=4529"}],"wp:term":[{"taxonomy":"product_brand","embeddable":true,"href":"https:\/\/mercadohogar.ca\/es\/wp-json\/wp\/v2\/product_brand?post=4529"},{"taxonomy":"product_cat","embeddable":true,"href":"https:\/\/mercadohogar.ca\/es\/wp-json\/wp\/v2\/product_cat?post=4529"},{"taxonomy":"product_tag","embeddable":true,"href":"https:\/\/mercadohogar.ca\/es\/wp-json\/wp\/v2\/product_tag?post=4529"}],"curies":[{"name":"wp","href":"https:\/\/api.w.org\/{rel}","templated":true}]}}