{"id":4530,"date":"2026-01-07T19:55:52","date_gmt":"2026-01-07T19:55:52","guid":{"rendered":"https:\/\/mercadohogar.ca\/producto\/ef-ecoflow-estacion-de-energia-portatil-delta-3-1500-1536-wh\/"},"modified":"2026-01-17T22:30:37","modified_gmt":"2026-01-17T22:30:37","slug":"ef-ecoflow-estacion-de-energia-portatil-delta-3-1500-1536-wh","status":"publish","type":"product","link":"https:\/\/mercadohogar.ca\/es\/product\/ef-ecoflow-estacion-de-energia-portatil-delta-3-1500-1536-wh\/","title":{"rendered":"EF ECOFLOW Estaci\u00f3n de energ\u00eda port\u00e1til DELTA 3 1500, 1536 Wh"},"content":{"rendered":"<p>Con un tama\u00f1o casi id\u00e9ntico al de los productos de 1 kWh, este modelo ofrece 1,5 veces la capacidad, lo que permite que tus electrodom\u00e9sticos funcionen 1,5 veces m\u00e1s, todo ello manteniendo una c\u00f3moda portabilidad y un f\u00e1cil almacenamiento. Es la soluci\u00f3n perfecta para situaciones en las que \u00ab1 kWh no es suficiente, pero 2 kWh es demasiado\u00bb, ideal para viajes de camping de una o dos noches y mucho m\u00e1s. <\/p>\n","protected":false},"excerpt":{"rendered":"<p>Con un tama\u00f1o casi id\u00e9ntico al de los productos de 1 kWh, este modelo ofrece 1,5 veces la capacidad, lo que permite que tus electrodom\u00e9sticos funcionen 1,5 veces m\u00e1s, todo&hellip;<\/p>\n","protected":false},"featured_media":2492,"template":"","meta":[],"product_brand":[],"product_cat":[997],"product_tag":[],"class_list":{"0":"post-4530","1":"product","2":"type-product","3":"status-publish","4":"has-post-thumbnail","6":"product_cat-generadores-y-soluciones-de-energia-alternativa","7":"product_shipping_class-aerovaradero-dg-grande","9":"first","10":"instock","11":"shipping-taxable","12":"purchasable","13":"product-type-simple"},"_links":{"self":[{"href":"https:\/\/mercadohogar.ca\/es\/wp-json\/wp\/v2\/product\/4530","targetHints":{"allow":["GET"]}}],"collection":[{"href":"https:\/\/mercadohogar.ca\/es\/wp-json\/wp\/v2\/product"}],"about":[{"href":"https:\/\/mercadohogar.ca\/es\/wp-json\/wp\/v2\/types\/product"}],"version-history":[{"count":1,"href":"https:\/\/mercadohogar.ca\/es\/wp-json\/wp\/v2\/product\/4530\/revisions"}],"predecessor-version":[{"id":5467,"href":"https:\/\/mercadohogar.ca\/es\/wp-json\/wp\/v2\/product\/4530\/revisions\/5467"}],"wp:featuredmedia":[{"embeddable":true,"href":"https:\/\/mercadohogar.ca\/es\/wp-json\/wp\/v2\/media\/2492"}],"wp:attachment":[{"href":"https:\/\/mercadohogar.ca\/es\/wp-json\/wp\/v2\/media?parent=4530"}],"wp:term":[{"taxonomy":"product_brand","embeddable":true,"href":"https:\/\/mercadohogar.ca\/es\/wp-json\/wp\/v2\/product_brand?post=4530"},{"taxonomy":"product_cat","embeddable":true,"href":"https:\/\/mercadohogar.ca\/es\/wp-json\/wp\/v2\/product_cat?post=4530"},{"taxonomy":"product_tag","embeddable":true,"href":"https:\/\/mercadohogar.ca\/es\/wp-json\/wp\/v2\/product_tag?post=4530"}],"curies":[{"name":"wp","href":"https:\/\/api.w.org\/{rel}","templated":true}]}}