{"id":4531,"date":"2026-01-07T19:55:54","date_gmt":"2026-01-07T19:55:54","guid":{"rendered":"https:\/\/mercadohogar.ca\/producto\/ef-ecoflow-estacion-de-energia-portatil-3600-wh-delta-pro\/"},"modified":"2026-01-17T22:30:34","modified_gmt":"2026-01-17T22:30:34","slug":"ef-ecoflow-estacion-de-energia-portatil-3600-wh-delta-pro","status":"publish","type":"product","link":"https:\/\/mercadohogar.ca\/es\/product\/ef-ecoflow-estacion-de-energia-portatil-3600-wh-delta-pro\/","title":{"rendered":"EF ECOFLOW Estaci\u00f3n de energ\u00eda port\u00e1til 3600 Wh DELTA Pro"},"content":{"rendered":"<ul>\n<li>La primera bater\u00eda dom\u00e9stica port\u00e1til dise\u00f1ada para la copia de seguridad del hogar<\/li>\n<li>Capacidad ampliable de 3,6 a 25 kWh<\/li>\n<li>Salida de CA de 3600 W-7200 W para el 99 % de los electrodom\u00e9sticos<\/li>\n<li>Incre\u00edble MultiCharge de 6500 W, carga de CA de 2,7 horas<\/li>\n<li>Primero en la industria: recarga en miles de estaciones de carga de veh\u00edculos el\u00e9ctricos en todo el mundo<\/li>\n<\/ul>\n","protected":false},"excerpt":{"rendered":"<p>La primera bater\u00eda dom\u00e9stica port\u00e1til dise\u00f1ada para la copia de seguridad del hogar Capacidad ampliable de 3,6 a 25 kWh Salida de CA de 3600 W-7200 W para el 99&hellip;<\/p>\n","protected":false},"featured_media":2486,"template":"","meta":[],"product_brand":[],"product_cat":[997],"product_tag":[],"class_list":{"0":"post-4531","1":"product","2":"type-product","3":"status-publish","4":"has-post-thumbnail","6":"product_cat-generadores-y-soluciones-de-energia-alternativa","7":"product_shipping_class-aerovaradero-dg-grande","9":"first","10":"instock","11":"shipping-taxable","12":"purchasable","13":"product-type-simple"},"_links":{"self":[{"href":"https:\/\/mercadohogar.ca\/es\/wp-json\/wp\/v2\/product\/4531","targetHints":{"allow":["GET"]}}],"collection":[{"href":"https:\/\/mercadohogar.ca\/es\/wp-json\/wp\/v2\/product"}],"about":[{"href":"https:\/\/mercadohogar.ca\/es\/wp-json\/wp\/v2\/types\/product"}],"version-history":[{"count":1,"href":"https:\/\/mercadohogar.ca\/es\/wp-json\/wp\/v2\/product\/4531\/revisions"}],"predecessor-version":[{"id":5465,"href":"https:\/\/mercadohogar.ca\/es\/wp-json\/wp\/v2\/product\/4531\/revisions\/5465"}],"wp:featuredmedia":[{"embeddable":true,"href":"https:\/\/mercadohogar.ca\/es\/wp-json\/wp\/v2\/media\/2486"}],"wp:attachment":[{"href":"https:\/\/mercadohogar.ca\/es\/wp-json\/wp\/v2\/media?parent=4531"}],"wp:term":[{"taxonomy":"product_brand","embeddable":true,"href":"https:\/\/mercadohogar.ca\/es\/wp-json\/wp\/v2\/product_brand?post=4531"},{"taxonomy":"product_cat","embeddable":true,"href":"https:\/\/mercadohogar.ca\/es\/wp-json\/wp\/v2\/product_cat?post=4531"},{"taxonomy":"product_tag","embeddable":true,"href":"https:\/\/mercadohogar.ca\/es\/wp-json\/wp\/v2\/product_tag?post=4531"}],"curies":[{"name":"wp","href":"https:\/\/api.w.org\/{rel}","templated":true}]}}