{"id":4533,"date":"2026-01-07T19:55:53","date_gmt":"2026-01-07T19:55:53","guid":{"rendered":"https:\/\/mercadohogar.ca\/producto\/ef-ecoflow-estacion-de-energia-portatil-delta-2-max\/"},"modified":"2026-04-19T04:05:00","modified_gmt":"2026-04-19T04:05:00","slug":"ef-ecoflow-estacion-de-energia-portatil-delta-2-max","status":"publish","type":"product","link":"https:\/\/mercadohogar.ca\/es\/producto\/ef-ecoflow-estacion-de-energia-portatil-delta-2-max\/","title":{"rendered":"EF ECOFLOW Estaci\u00f3n de energ\u00eda port\u00e1til DELTA 2 Max"},"content":{"rendered":"<ul>\n<li>Carga hasta el 80 % en solo 43 minutos. Con la tecnolog\u00eda mejorada de DELTA 2 Max, combina hasta 1000 W de entrada solar con CA para obtener velocidades de carga l\u00edderes en el mundo. Obt\u00e9n una carga del 80 % en solo 43 minutos. O qu\u00e9date con CA para una carga del 80 % en una r\u00e1pida 1,1 hora.   <\/li>\n<li><span class=\"a-list-item\">Bater\u00eda LFP de larga duraci\u00f3n: 10 a\u00f1os. La qu\u00edmica de la bater\u00eda LFP proporciona 3000 ciclos hasta que se reduce al 80 % de su capacidad. Eso es 6 veces m\u00e1s ciclos que el promedio de la industria y m\u00e1s rentable. El generador el\u00e9ctrico EcoFlow DELTA 2 Max tambi\u00e9n viene con un servicio extendido de 5 a\u00f1os.   <\/span><\/li>\n<li><span class=\"a-list-item\">Capacidad ampliable de 2 kWh a 6 kWh. Triplica la capacidad de DELTA 2 Max con hasta 2 bater\u00edas adicionales con energ\u00eda solar. Personaliza tu energ\u00eda seg\u00fan tus necesidades. Con un dise\u00f1o plug-and-play, es m\u00e1s f\u00e1cil que nunca prepararse para los apagones.   <\/span><\/li>\n<li><span class=\"a-list-item\">Alimenta el 99 % de tus dispositivos dom\u00e9sticos. Ejecuta pr\u00e1cticamente cualquiera de tus electrodom\u00e9sticos con hasta 2400 W. Con 15 tomas de corriente, hay espacio para cualquier dispositivo y, utilizando el modo X-Boost, alimenta electrodom\u00e9sticos de alto voltaje con hasta 3400 W.  <\/span><\/li>\n<li><span class=\"a-list-item\">Carga silenciosa. Con niveles de volumen que comienzan desde solo 30 dB, el generador para exteriores DELTA 2 Max es perfecto para alimentar dispositivos durante la noche sin perturbar el sue\u00f1o. Usa la aplicaci\u00f3n EcoFlow para administrar tu uso de energ\u00eda, configurar automatizaciones y m\u00e1s.  <\/span><\/li>\n<\/ul>\n","protected":false},"excerpt":{"rendered":"<p>\u00bfLo encontraste m\u00e1s barato? Lo igualamos. Cont\u00e1ctanos por WhatsApp <\/p>\n","protected":false},"featured_media":2488,"template":"","meta":{"_coblocks_attr":"","_coblocks_dimensions":"","_coblocks_responsive_height":"","_coblocks_accordion_ie_support":"","postBodyCss":"","postBodyMargin":[],"postBodyPadding":[],"postBodyBackground":{"backgroundType":"classic","gradient":""}},"product_brand":[],"product_cat":[899],"product_tag":[],"class_list":{"0":"post-4533","1":"product","2":"type-product","3":"status-publish","4":"has-post-thumbnail","6":"product_cat-generators-alternative-power-solutions","7":"product_shipping_class-aerovaradero-dg-grande","9":"first","10":"instock","11":"taxable","12":"shipping-taxable","13":"purchasable","14":"product-type-simple"},"yoast_head":"<!-- This site is optimized with the Yoast SEO plugin v27.4 - https:\/\/yoast.com\/product\/yoast-seo-wordpress\/ -->\n<title>EF ECOFLOW Estaci\u00f3n de energ\u00eda port\u00e1til DELTA 2 Max - Mercado Hogar<\/title>\n<meta name=\"robots\" content=\"index, follow, max-snippet:-1, max-image-preview:large, max-video-preview:-1\" \/>\n<link rel=\"canonical\" href=\"https:\/\/mercadohogar.ca\/es\/producto\/ef-ecoflow-estacion-de-energia-portatil-delta-2-max\/\" \/>\n<meta property=\"og:locale\" content=\"es_ES\" \/>\n<meta property=\"og:type\" content=\"article\" \/>\n<meta property=\"og:title\" content=\"EF ECOFLOW Estaci\u00f3n de energ\u00eda port\u00e1til DELTA 2 Max - Mercado Hogar\" \/>\n<meta property=\"og:description\" content=\"\u00bfLo encontraste m\u00e1s barato? Lo igualamos. Cont\u00e1ctanos por WhatsApp\" \/>\n<meta property=\"og:url\" content=\"https:\/\/mercadohogar.ca\/es\/producto\/ef-ecoflow-estacion-de-energia-portatil-delta-2-max\/\" \/>\n<meta property=\"og:site_name\" content=\"Mercado Hogar\" \/>\n<meta property=\"article:modified_time\" content=\"2026-04-19T04:05:00+00:00\" \/>\n<meta property=\"og:image\" content=\"https:\/\/mercadohogar.ca\/wp-content\/uploads\/2026\/01\/wp-image-7747426470.jpg\" \/>\n\t<meta property=\"og:image:width\" content=\"1411\" \/>\n\t<meta property=\"og:image:height\" content=\"1500\" \/>\n\t<meta property=\"og:image:type\" content=\"image\/jpeg\" \/>\n<meta name=\"twitter:card\" content=\"summary_large_image\" \/>\n<meta name=\"twitter:label1\" content=\"Tiempo de lectura\" \/>\n\t<meta name=\"twitter:data1\" content=\"1 minuto\" \/>\n<script type=\"application\/ld+json\" class=\"yoast-schema-graph\">{\"@context\":\"https:\\\/\\\/schema.org\",\"@graph\":[{\"@type\":\"WebPage\",\"@id\":\"https:\\\/\\\/mercadohogar.ca\\\/es\\\/producto\\\/ef-ecoflow-estacion-de-energia-portatil-delta-2-max\\\/\",\"url\":\"https:\\\/\\\/mercadohogar.ca\\\/es\\\/producto\\\/ef-ecoflow-estacion-de-energia-portatil-delta-2-max\\\/\",\"name\":\"EF ECOFLOW Estaci\u00f3n de energ\u00eda port\u00e1til DELTA 2 Max - Mercado Hogar\",\"isPartOf\":{\"@id\":\"https:\\\/\\\/mercadohogar.ca\\\/es\\\/#website\"},\"primaryImageOfPage\":{\"@id\":\"https:\\\/\\\/mercadohogar.ca\\\/es\\\/producto\\\/ef-ecoflow-estacion-de-energia-portatil-delta-2-max\\\/#primaryimage\"},\"image\":{\"@id\":\"https:\\\/\\\/mercadohogar.ca\\\/es\\\/producto\\\/ef-ecoflow-estacion-de-energia-portatil-delta-2-max\\\/#primaryimage\"},\"thumbnailUrl\":\"https:\\\/\\\/mercadohogar.ca\\\/wp-content\\\/uploads\\\/2026\\\/01\\\/wp-image-7747426470.jpg\",\"datePublished\":\"2026-01-07T19:55:53+00:00\",\"dateModified\":\"2026-04-19T04:05:00+00:00\",\"breadcrumb\":{\"@id\":\"https:\\\/\\\/mercadohogar.ca\\\/es\\\/producto\\\/ef-ecoflow-estacion-de-energia-portatil-delta-2-max\\\/#breadcrumb\"},\"inLanguage\":\"es\",\"potentialAction\":[{\"@type\":\"ReadAction\",\"target\":[\"https:\\\/\\\/mercadohogar.ca\\\/es\\\/producto\\\/ef-ecoflow-estacion-de-energia-portatil-delta-2-max\\\/\"]}]},{\"@type\":\"ImageObject\",\"inLanguage\":\"es\",\"@id\":\"https:\\\/\\\/mercadohogar.ca\\\/es\\\/producto\\\/ef-ecoflow-estacion-de-energia-portatil-delta-2-max\\\/#primaryimage\",\"url\":\"https:\\\/\\\/mercadohogar.ca\\\/wp-content\\\/uploads\\\/2026\\\/01\\\/wp-image-7747426470.jpg\",\"contentUrl\":\"https:\\\/\\\/mercadohogar.ca\\\/wp-content\\\/uploads\\\/2026\\\/01\\\/wp-image-7747426470.jpg\",\"width\":1411,\"height\":1500},{\"@type\":\"BreadcrumbList\",\"@id\":\"https:\\\/\\\/mercadohogar.ca\\\/es\\\/producto\\\/ef-ecoflow-estacion-de-energia-portatil-delta-2-max\\\/#breadcrumb\",\"itemListElement\":[{\"@type\":\"ListItem\",\"position\":1,\"name\":\"Home\",\"item\":\"https:\\\/\\\/mercadohogar.ca\\\/es\\\/\"},{\"@type\":\"ListItem\",\"position\":2,\"name\":\"Tienda\",\"item\":\"https:\\\/\\\/mercadohogar.ca\\\/es\\\/tienda-2\\\/\"},{\"@type\":\"ListItem\",\"position\":3,\"name\":\"EF ECOFLOW Estaci\u00f3n de energ\u00eda port\u00e1til DELTA 2 Max\"}]},{\"@type\":\"WebSite\",\"@id\":\"https:\\\/\\\/mercadohogar.ca\\\/es\\\/#website\",\"url\":\"https:\\\/\\\/mercadohogar.ca\\\/es\\\/\",\"name\":\"Mercado Hogar\",\"description\":\"Mercado Hogar\",\"publisher\":{\"@id\":\"https:\\\/\\\/mercadohogar.ca\\\/es\\\/#organization\"},\"potentialAction\":[{\"@type\":\"SearchAction\",\"target\":{\"@type\":\"EntryPoint\",\"urlTemplate\":\"https:\\\/\\\/mercadohogar.ca\\\/es\\\/?s={search_term_string}\"},\"query-input\":{\"@type\":\"PropertyValueSpecification\",\"valueRequired\":true,\"valueName\":\"search_term_string\"}}],\"inLanguage\":\"es\"},{\"@type\":\"Organization\",\"@id\":\"https:\\\/\\\/mercadohogar.ca\\\/es\\\/#organization\",\"name\":\"Mercado Hogar\",\"url\":\"https:\\\/\\\/mercadohogar.ca\\\/es\\\/\",\"logo\":{\"@type\":\"ImageObject\",\"inLanguage\":\"es\",\"@id\":\"https:\\\/\\\/mercadohogar.ca\\\/es\\\/#\\\/schema\\\/logo\\\/image\\\/\",\"url\":\"https:\\\/\\\/mercadohogar.ca\\\/wp-content\\\/uploads\\\/2025\\\/12\\\/MH-LOGO.png\",\"contentUrl\":\"https:\\\/\\\/mercadohogar.ca\\\/wp-content\\\/uploads\\\/2025\\\/12\\\/MH-LOGO.png\",\"width\":1200,\"height\":1200,\"caption\":\"Mercado Hogar\"},\"image\":{\"@id\":\"https:\\\/\\\/mercadohogar.ca\\\/es\\\/#\\\/schema\\\/logo\\\/image\\\/\"}}]}<\/script>\n<!-- \/ Yoast SEO plugin. -->","yoast_head_json":{"title":"EF ECOFLOW Estaci\u00f3n de energ\u00eda port\u00e1til DELTA 2 Max - Mercado Hogar","robots":{"index":"index","follow":"follow","max-snippet":"max-snippet:-1","max-image-preview":"max-image-preview:large","max-video-preview":"max-video-preview:-1"},"canonical":"https:\/\/mercadohogar.ca\/es\/producto\/ef-ecoflow-estacion-de-energia-portatil-delta-2-max\/","og_locale":"es_ES","og_type":"article","og_title":"EF ECOFLOW Estaci\u00f3n de energ\u00eda port\u00e1til DELTA 2 Max - Mercado Hogar","og_description":"\u00bfLo encontraste m\u00e1s barato? Lo igualamos. Cont\u00e1ctanos por WhatsApp","og_url":"https:\/\/mercadohogar.ca\/es\/producto\/ef-ecoflow-estacion-de-energia-portatil-delta-2-max\/","og_site_name":"Mercado Hogar","article_modified_time":"2026-04-19T04:05:00+00:00","og_image":[{"width":1411,"height":1500,"url":"https:\/\/mercadohogar.ca\/wp-content\/uploads\/2026\/01\/wp-image-7747426470.jpg","type":"image\/jpeg"}],"twitter_card":"summary_large_image","twitter_misc":{"Tiempo de lectura":"1 minuto"},"schema":{"@context":"https:\/\/schema.org","@graph":[{"@type":"WebPage","@id":"https:\/\/mercadohogar.ca\/es\/producto\/ef-ecoflow-estacion-de-energia-portatil-delta-2-max\/","url":"https:\/\/mercadohogar.ca\/es\/producto\/ef-ecoflow-estacion-de-energia-portatil-delta-2-max\/","name":"EF ECOFLOW Estaci\u00f3n de energ\u00eda port\u00e1til DELTA 2 Max - Mercado Hogar","isPartOf":{"@id":"https:\/\/mercadohogar.ca\/es\/#website"},"primaryImageOfPage":{"@id":"https:\/\/mercadohogar.ca\/es\/producto\/ef-ecoflow-estacion-de-energia-portatil-delta-2-max\/#primaryimage"},"image":{"@id":"https:\/\/mercadohogar.ca\/es\/producto\/ef-ecoflow-estacion-de-energia-portatil-delta-2-max\/#primaryimage"},"thumbnailUrl":"https:\/\/mercadohogar.ca\/wp-content\/uploads\/2026\/01\/wp-image-7747426470.jpg","datePublished":"2026-01-07T19:55:53+00:00","dateModified":"2026-04-19T04:05:00+00:00","breadcrumb":{"@id":"https:\/\/mercadohogar.ca\/es\/producto\/ef-ecoflow-estacion-de-energia-portatil-delta-2-max\/#breadcrumb"},"inLanguage":"es","potentialAction":[{"@type":"ReadAction","target":["https:\/\/mercadohogar.ca\/es\/producto\/ef-ecoflow-estacion-de-energia-portatil-delta-2-max\/"]}]},{"@type":"ImageObject","inLanguage":"es","@id":"https:\/\/mercadohogar.ca\/es\/producto\/ef-ecoflow-estacion-de-energia-portatil-delta-2-max\/#primaryimage","url":"https:\/\/mercadohogar.ca\/wp-content\/uploads\/2026\/01\/wp-image-7747426470.jpg","contentUrl":"https:\/\/mercadohogar.ca\/wp-content\/uploads\/2026\/01\/wp-image-7747426470.jpg","width":1411,"height":1500},{"@type":"BreadcrumbList","@id":"https:\/\/mercadohogar.ca\/es\/producto\/ef-ecoflow-estacion-de-energia-portatil-delta-2-max\/#breadcrumb","itemListElement":[{"@type":"ListItem","position":1,"name":"Home","item":"https:\/\/mercadohogar.ca\/es\/"},{"@type":"ListItem","position":2,"name":"Tienda","item":"https:\/\/mercadohogar.ca\/es\/tienda-2\/"},{"@type":"ListItem","position":3,"name":"EF ECOFLOW Estaci\u00f3n de energ\u00eda port\u00e1til DELTA 2 Max"}]},{"@type":"WebSite","@id":"https:\/\/mercadohogar.ca\/es\/#website","url":"https:\/\/mercadohogar.ca\/es\/","name":"Mercado Hogar","description":"Mercado Hogar","publisher":{"@id":"https:\/\/mercadohogar.ca\/es\/#organization"},"potentialAction":[{"@type":"SearchAction","target":{"@type":"EntryPoint","urlTemplate":"https:\/\/mercadohogar.ca\/es\/?s={search_term_string}"},"query-input":{"@type":"PropertyValueSpecification","valueRequired":true,"valueName":"search_term_string"}}],"inLanguage":"es"},{"@type":"Organization","@id":"https:\/\/mercadohogar.ca\/es\/#organization","name":"Mercado Hogar","url":"https:\/\/mercadohogar.ca\/es\/","logo":{"@type":"ImageObject","inLanguage":"es","@id":"https:\/\/mercadohogar.ca\/es\/#\/schema\/logo\/image\/","url":"https:\/\/mercadohogar.ca\/wp-content\/uploads\/2025\/12\/MH-LOGO.png","contentUrl":"https:\/\/mercadohogar.ca\/wp-content\/uploads\/2025\/12\/MH-LOGO.png","width":1200,"height":1200,"caption":"Mercado Hogar"},"image":{"@id":"https:\/\/mercadohogar.ca\/es\/#\/schema\/logo\/image\/"}}]}},"jetpack_sharing_enabled":true,"_links":{"self":[{"href":"https:\/\/mercadohogar.ca\/es\/wp-json\/wp\/v2\/product\/4533","targetHints":{"allow":["GET"]}}],"collection":[{"href":"https:\/\/mercadohogar.ca\/es\/wp-json\/wp\/v2\/product"}],"about":[{"href":"https:\/\/mercadohogar.ca\/es\/wp-json\/wp\/v2\/types\/product"}],"version-history":[{"count":1,"href":"https:\/\/mercadohogar.ca\/es\/wp-json\/wp\/v2\/product\/4533\/revisions"}],"predecessor-version":[{"id":5466,"href":"https:\/\/mercadohogar.ca\/es\/wp-json\/wp\/v2\/product\/4533\/revisions\/5466"}],"wp:featuredmedia":[{"embeddable":true,"href":"https:\/\/mercadohogar.ca\/es\/wp-json\/wp\/v2\/media\/2488"}],"wp:attachment":[{"href":"https:\/\/mercadohogar.ca\/es\/wp-json\/wp\/v2\/media?parent=4533"}],"wp:term":[{"taxonomy":"product_brand","embeddable":true,"href":"https:\/\/mercadohogar.ca\/es\/wp-json\/wp\/v2\/product_brand?post=4533"},{"taxonomy":"product_cat","embeddable":true,"href":"https:\/\/mercadohogar.ca\/es\/wp-json\/wp\/v2\/product_cat?post=4533"},{"taxonomy":"product_tag","embeddable":true,"href":"https:\/\/mercadohogar.ca\/es\/wp-json\/wp\/v2\/product_tag?post=4533"}],"curies":[{"name":"wp","href":"https:\/\/api.w.org\/{rel}","templated":true}]}}